{"id":3716,"date":"2022-07-29T16:20:40","date_gmt":"2022-07-29T13:20:40","guid":{"rendered":"https:\/\/marketkibris.com\/?page_id=3716"},"modified":"2022-08-03T12:23:09","modified_gmt":"2022-08-03T09:23:09","slug":"about-us-2","status":"publish","type":"page","link":"https:\/\/marketkibris.com\/en\/about-us-2\/","title":{"rendered":"About us 2"},"content":{"rendered":"<div data-elementor-type=\"wp-page\" data-elementor-id=\"3716\" class=\"elementor elementor-3716\" data-elementor-settings=\"[]\">\n\t\t\t\t\t\t<div class=\"elementor-inner\">\n\t\t\t\t\t\t\t<div class=\"elementor-section-wrap\">\n\t\t\t\t\t\t\t<section class=\"elementor-section elementor-top-section elementor-element elementor-element-4c510a5 elementor-section-boxed elementor-section-height-default elementor-section-height-default\" data-id=\"4c510a5\" data-element_type=\"section\">\r\n\t\t\t\r\n\t\t\t\t\t\t\t\t\t<div class=\"elementor-container elementor-column-gap-default\">\r\n\t\t\t\t\t\t\t\t<div class=\"elementor-row\">\r\n\t\t\t\t\t\t\t<div class=\"elementor-column elementor-col-100 elementor-top-column elementor-element elementor-element-d94dda7\" data-id=\"d94dda7\" data-element_type=\"column\">\n\t\t\t<div class=\"elementor-column-wrap elementor-element-populated\">\n\t\t\t\t\t\t\t<div class=\"elementor-widget-wrap\">\n\t\t\t\t\t\t<div class=\"elementor-element elementor-element-05ab112 elementor-invisible elementor-widget elementor-widget-heading\" data-id=\"05ab112\" data-element_type=\"widget\" data-settings=\"{&quot;_animation&quot;:&quot;zoomIn&quot;}\" data-widget_type=\"heading.default\">\n\t\t\t\t<div class=\"elementor-widget-container\">\n\t\t\t<h1 class=\"elementor-heading-title elementor-size-xxl\"><br><br><br><br>ABOUT US<br>\n\n\n\n\n<\/h1>\t\t<\/div>\n\t\t\t\t<\/div>\n\t\t\t\t\t\t<\/div>\n\t\t\t\t\t<\/div>\n\t\t<\/div>\n\t\t\t\t\t\t<\/div>\r\n\t\t\t\t\t<\/div>\r\n\t\t\t\t<\/section>\r\n\t\t\t\t<section class=\"elementor-section elementor-top-section elementor-element elementor-element-0524906 elementor-section-boxed elementor-section-height-default elementor-section-height-default\" data-id=\"0524906\" data-element_type=\"section\">\r\n\t\t\t\r\n\t\t\t\t\t\t\t\t\t<div class=\"elementor-container elementor-column-gap-default\">\r\n\t\t\t\t\t\t\t\t<div class=\"elementor-row\">\r\n\t\t\t\t\t\t\t<div class=\"elementor-column elementor-col-100 elementor-top-column elementor-element elementor-element-89c0b8f\" data-id=\"89c0b8f\" data-element_type=\"column\">\n\t\t\t<div class=\"elementor-column-wrap elementor-element-populated\">\n\t\t\t\t\t\t\t<div class=\"elementor-widget-wrap\">\n\t\t\t\t\t\t<div class=\"elementor-element elementor-element-e250aad elementor-widget elementor-widget-text-editor\" data-id=\"e250aad\" data-element_type=\"widget\" data-widget_type=\"text-editor.default\">\n\t\t\t\t<div class=\"elementor-widget-container\">\n\t\t\t\t\t<div class=\"elementor-text-editor elementor-clearfix\"><p style=\"text-align: center;\"><span style=\"font-size: 18px;\">K\u0131br\u0131s&#8217;\u0131n bir numaral\u0131 elektronik e\u015fya e-ticaret sitesi olarak toplumumuza ve m\u00fc\u015fterilerimize olan ba\u011fl\u0131l\u0131\u011f\u0131m\u0131z ve sorumlulu\u011fumuz her zaman bizim \u00f6nceli\u011fimizdir.Gerek \u00fcr\u00fcnlerimizin uygunlu\u011fuyla, gerek m\u00fc\u015fteri hizmetlerimizle size servislerimizi iftiharla sunar\u0131z. Bunlar\u0131n yan\u0131s\u0131ra bizi se\u00e7menizin en b\u00fcy\u00fck sebebi \u00fccretsiz nakliye, 100% para iade garantisi ve 7\/24 \u00e7evrimi\u00e7i destektir.<\/span><\/p><\/div>\n\t\t\t\t<\/div>\n\t\t\t\t<\/div>\n\t\t\t\t\t\t<\/div>\n\t\t\t\t\t<\/div>\n\t\t<\/div>\n\t\t\t\t\t\t<\/div>\r\n\t\t\t\t\t<\/div>\r\n\t\t\t\t<\/section>\r\n\t\t\t\t<section class=\"elementor-section elementor-top-section elementor-element elementor-element-279064a elementor-section-boxed elementor-section-height-default elementor-section-height-default\" data-id=\"279064a\" data-element_type=\"section\" data-settings=\"{&quot;background_background&quot;:&quot;classic&quot;}\">\r\n\t\t\t\r\n\t\t\t\t\t\t\t\t\t<div class=\"elementor-container elementor-column-gap-default\">\r\n\t\t\t\t\t\t\t\t<div class=\"elementor-row\">\r\n\t\t\t\t\t\t\t<div class=\"elementor-column elementor-col-100 elementor-top-column elementor-element elementor-element-d542956\" data-id=\"d542956\" data-element_type=\"column\">\n\t\t\t<div class=\"elementor-column-wrap elementor-element-populated\">\n\t\t\t\t\t\t\t<div class=\"elementor-widget-wrap\">\n\t\t\t\t\t\t<div class=\"elementor-element elementor-element-131a9c3 elementor-widget elementor-widget-heading\" data-id=\"131a9c3\" data-element_type=\"widget\" data-widget_type=\"heading.default\">\n\t\t\t\t<div class=\"elementor-widget-container\">\n\t\t\t<h2 class=\"elementor-heading-title elementor-size-xl\">NEDEN B\u0130Z\u0130 SE\u00c7\u0130N<\/h2>\t\t<\/div>\n\t\t\t\t<\/div>\n\t\t\t\t<div class=\"elementor-element elementor-element-66c4dc2 elementor-arrows-position-inside elementor-pagination-position-outside elementor-widget elementor-widget-image-carousel\" data-id=\"66c4dc2\" data-element_type=\"widget\" data-settings=\"{&quot;slides_to_show&quot;:&quot;1&quot;,&quot;speed&quot;:1000,&quot;pause_on_interaction&quot;:&quot;no&quot;,&quot;autoplay_speed&quot;:3000,&quot;navigation&quot;:&quot;both&quot;,&quot;autoplay&quot;:&quot;yes&quot;,&quot;pause_on_hover&quot;:&quot;yes&quot;,&quot;infinite&quot;:&quot;yes&quot;,&quot;effect&quot;:&quot;slide&quot;}\" data-widget_type=\"image-carousel.default\">\n\t\t\t\t<div class=\"elementor-widget-container\">\n\t\t\t\t\t<div class=\"elementor-image-carousel-wrapper swiper-container\" dir=\"ltr\">\n\t\t\t<div class=\"elementor-image-carousel swiper-wrapper\">\n\t\t\t\t<div class=\"swiper-slide\"><figure class=\"swiper-slide-inner\"><img class=\"swiper-slide-image\" src=\"https:\/\/marketkibris.com\/wp-content\/uploads\/2022\/07\/money_back-removebg-preview-1-150x150.png\" alt=\"Para \u0130adesi Garantili:  Sat\u0131n ald\u0131\u011f\u0131n\u0131z herhangi bir \u00fcr\u00fcn\u00fcn kusuru oldu\u011fu takdirde iade garantimiz var\" \/><figcaption class=\"elementor-image-carousel-caption\">Para \u0130adesi Garantili: \n Sat\u0131n ald\u0131\u011f\u0131n\u0131z herhangi bir \u00fcr\u00fcn\u00fcn kusuru oldu\u011fu takdirde iade garantimiz var<\/figcaption><\/figure><\/div><div class=\"swiper-slide\"><figure class=\"swiper-slide-inner\"><img class=\"swiper-slide-image\" src=\"https:\/\/marketkibris.com\/wp-content\/uploads\/2022\/07\/free_shipping-removebg-preview-1-150x150.png\" alt=\"\u00dccretsiz kargo:  500 TL ve \u00fczeri \u00fcr\u00fcnler i\u00e7in sizden nakliye \u00fccreti almay\u0131z\" \/><figcaption class=\"elementor-image-carousel-caption\">\u00dccretsiz kargo:  500 TL ve \u00fczeri \u00fcr\u00fcnler i\u00e7in sizden nakliye \u00fccreti almay\u0131z<\/figcaption><\/figure><\/div><div class=\"swiper-slide\"><figure class=\"swiper-slide-inner\"><img class=\"swiper-slide-image\" src=\"https:\/\/marketkibris.com\/wp-content\/uploads\/2022\/07\/customer_service-removebg-preview-1-150x150.png\" alt=\"7\/24 \u00c7evrimi\u00e7i Destek:  Bir sorunla kar\u015f\u0131la\u015ft\u0131\u011f\u0131n\u0131zda sitemizde \u00fccretsiz olarak ve her saatte \u00e7evrimi\u00e7i hizmet destek alman\u0131z m\u00fcmk\u00fcnd\u00fcr\" \/><figcaption class=\"elementor-image-carousel-caption\">7\/24 \u00c7evrimi\u00e7i Destek:  Bir sorunla kar\u015f\u0131la\u015ft\u0131\u011f\u0131n\u0131zda sitemizde \u00fccretsiz olarak ve her saatte \u00e7evrimi\u00e7i hizmet destek alman\u0131z m\u00fcmk\u00fcnd\u00fcr<\/figcaption><\/figure><\/div>\t\t\t<\/div>\n\t\t\t\t\t\t\t\t\t\t\t\t<div class=\"swiper-pagination\"><\/div>\n\t\t\t\t\t\t\t\t\t\t\t\t\t<div class=\"elementor-swiper-button elementor-swiper-button-prev\">\n\t\t\t\t\t\t<i class=\"eicon-chevron-left\" aria-hidden=\"true\"><\/i>\n\t\t\t\t\t\t<span class=\"elementor-screen-only\">Previous<\/span>\n\t\t\t\t\t<\/div>\n\t\t\t\t\t<div class=\"elementor-swiper-button elementor-swiper-button-next\">\n\t\t\t\t\t\t<i class=\"eicon-chevron-right\" aria-hidden=\"true\"><\/i>\n\t\t\t\t\t\t<span class=\"elementor-screen-only\">Next<\/span>\n\t\t\t\t\t<\/div>\n\t\t\t\t\t\t\t\t\t<\/div>\n\t\t\t\t<\/div>\n\t\t\t\t<\/div>\n\t\t\t\t\t\t<\/div>\n\t\t\t\t\t<\/div>\n\t\t<\/div>\n\t\t\t\t\t\t<\/div>\r\n\t\t\t\t\t<\/div>\r\n\t\t\t\t<\/section>\r\n\t\t\t\t<section class=\"elementor-section elementor-top-section elementor-element elementor-element-5a96fdd elementor-section-boxed elementor-section-height-default elementor-section-height-default\" data-id=\"5a96fdd\" data-element_type=\"section\" data-settings=\"{&quot;background_background&quot;:&quot;gradient&quot;}\">\r\n\t\t\t\r\n\t\t\t\t\t\t\t\t\t<div class=\"elementor-container elementor-column-gap-default\">\r\n\t\t\t\t\t\t\t\t<div class=\"elementor-row\">\r\n\t\t\t\t\t\t\t<div class=\"elementor-column elementor-col-20 elementor-top-column elementor-element elementor-element-c2d1147\" data-id=\"c2d1147\" data-element_type=\"column\">\n\t\t\t<div class=\"elementor-column-wrap elementor-element-populated\">\n\t\t\t\t\t\t\t<div class=\"elementor-widget-wrap\">\n\t\t\t\t\t\t<div class=\"elementor-element elementor-element-bd08010 elementor-widget elementor-widget-porto_stat_counter\" data-id=\"bd08010\" data-element_type=\"widget\" data-widget_type=\"porto_stat_counter.default\">\n\t\t\t\t<div class=\"elementor-widget-container\">\n\t\t\t<div class=\"stats-block stats-top\"><div class=\"porto-sicon-top\"><div id=\"porto-icon-63201389669f3f99dddd33\" class=\"porto-just-icon-wrapper\" style=\"text-align:center;\"><div class=\"porto-icon none\" style=\"color:#333333;display:inline-block;\"><i class=\"Simple-Line-Icons-people\"><\/i><\/div><\/div><\/div><div class=\"stats-desc\"><div class=\"counter_prefix mycust\" style=\" \">+<\/div><div id=\"counter_152023439569f3f99dddd40\" data-id=\"counter_152023439569f3f99dddd40\" class=\"stats-number\" style=\" \" data-speed=\"1\" data-counter-value=\"200\" data-separator=\",\" data-decimal=\".\">0<\/div><div class=\"stats-text\" style=\"\">M\u0130LYON M\u00dc\u015eTER\u0130<\/div><\/div><\/div>\t\t<\/div>\n\t\t\t\t<\/div>\n\t\t\t\t\t\t<\/div>\n\t\t\t\t\t<\/div>\n\t\t<\/div>\n\t\t\t\t<div class=\"elementor-column elementor-col-20 elementor-top-column elementor-element elementor-element-3c5acc6\" data-id=\"3c5acc6\" data-element_type=\"column\">\n\t\t\t<div class=\"elementor-column-wrap elementor-element-populated\">\n\t\t\t\t\t\t\t<div class=\"elementor-widget-wrap\">\n\t\t\t\t\t\t<div class=\"elementor-element elementor-element-38eeac6 elementor-widget elementor-widget-porto_stat_counter\" data-id=\"38eeac6\" data-element_type=\"widget\" data-widget_type=\"porto_stat_counter.default\">\n\t\t\t\t<div class=\"elementor-widget-container\">\n\t\t\t<div class=\"stats-block stats-top\"><div class=\"porto-sicon-top\"><div id=\"porto-icon-164799856369f3f99de0d27\" class=\"porto-just-icon-wrapper\" style=\"text-align:center;\"><div class=\"porto-icon none\" style=\"color:#333333;display:inline-block;\"><i class=\"far fa-handshake\"><\/i><\/div><\/div><\/div><div class=\"stats-desc\"><div class=\"counter_prefix mycust\" style=\" \">+<\/div><div id=\"counter_129452896069f3f99de0d36\" data-id=\"counter_129452896069f3f99de0d36\" class=\"stats-number\" style=\" \" data-speed=\"1\" data-counter-value=\"1800\" data-separator=\",\" data-decimal=\".\">0<\/div><div class=\"stats-text\" style=\"\">TAKIM \u00dcYES\u0130<\/div><\/div><\/div>\t\t<\/div>\n\t\t\t\t<\/div>\n\t\t\t\t\t\t<\/div>\n\t\t\t\t\t<\/div>\n\t\t<\/div>\n\t\t\t\t<div class=\"elementor-column elementor-col-20 elementor-top-column elementor-element elementor-element-cd2f386\" data-id=\"cd2f386\" data-element_type=\"column\">\n\t\t\t<div class=\"elementor-column-wrap elementor-element-populated\">\n\t\t\t\t\t\t\t<div class=\"elementor-widget-wrap\">\n\t\t\t\t\t\t<div class=\"elementor-element elementor-element-30e1816 elementor-widget elementor-widget-porto_stat_counter\" data-id=\"30e1816\" data-element_type=\"widget\" data-widget_type=\"porto_stat_counter.default\">\n\t\t\t\t<div class=\"elementor-widget-container\">\n\t\t\t<div class=\"stats-block stats-top\"><div class=\"porto-sicon-top\"><div id=\"porto-icon-202794243769f3f99de135b\" class=\"porto-just-icon-wrapper\" style=\"text-align:center;\"><div class=\"porto-icon none\" style=\"color:#333333;display:inline-block;\"><i class=\"porto-icon-calendar\"><\/i><\/div><\/div><\/div><div class=\"stats-desc\"><div id=\"counter_211123954069f3f99de1365\" data-id=\"counter_211123954069f3f99de1365\" class=\"stats-number\" style=\" \" data-speed=\"1\" data-counter-value=\"24\" data-separator=\",\" data-decimal=\".\">0<\/div><div class=\"counter_suffix mycust\" style=\" \">saat<\/div><div class=\"stats-text\" style=\"\">DESTEK MEVCUT<\/div><\/div><\/div>\t\t<\/div>\n\t\t\t\t<\/div>\n\t\t\t\t\t\t<\/div>\n\t\t\t\t\t<\/div>\n\t\t<\/div>\n\t\t\t\t<div class=\"elementor-column elementor-col-20 elementor-top-column elementor-element elementor-element-7d98e51\" data-id=\"7d98e51\" data-element_type=\"column\">\n\t\t\t<div class=\"elementor-column-wrap elementor-element-populated\">\n\t\t\t\t\t\t\t<div class=\"elementor-widget-wrap\">\n\t\t\t\t\t\t<div class=\"elementor-element elementor-element-c8c0678 elementor-widget elementor-widget-porto_stat_counter\" data-id=\"c8c0678\" data-element_type=\"widget\" data-widget_type=\"porto_stat_counter.default\">\n\t\t\t\t<div class=\"elementor-widget-container\">\n\t\t\t<div class=\"stats-block stats-top\"><div class=\"porto-sicon-top\"><div id=\"porto-icon-102172656969f3f99de1903\" class=\"porto-just-icon-wrapper\" style=\"text-align:center;\"><div class=\"porto-icon none\" style=\"color:#333333;display:inline-block;\"><i class=\"fas fa-coffee\"><\/i><\/div><\/div><\/div><div class=\"stats-desc\"><div class=\"counter_prefix mycust\" style=\" \">+<\/div><div id=\"counter_93435552069f3f99de190d\" data-id=\"counter_93435552069f3f99de190d\" class=\"stats-number\" style=\" \" data-speed=\"1\" data-counter-value=\"265\" data-separator=\",\" data-decimal=\".\">0<\/div><div class=\"stats-text\" style=\"\">BARDAK KAHVE<\/div><\/div><\/div>\t\t<\/div>\n\t\t\t\t<\/div>\n\t\t\t\t\t\t<\/div>\n\t\t\t\t\t<\/div>\n\t\t<\/div>\n\t\t\t\t<div class=\"elementor-column elementor-col-20 elementor-top-column elementor-element elementor-element-6ac261b\" data-id=\"6ac261b\" data-element_type=\"column\">\n\t\t\t<div class=\"elementor-column-wrap elementor-element-populated\">\n\t\t\t\t\t\t\t<div class=\"elementor-widget-wrap\">\n\t\t\t\t\t\t<div class=\"elementor-element elementor-element-f2cec41 elementor-widget elementor-widget-porto_stat_counter\" data-id=\"f2cec41\" data-element_type=\"widget\" data-widget_type=\"porto_stat_counter.default\">\n\t\t\t\t<div class=\"elementor-widget-container\">\n\t\t\t<div class=\"stats-block stats-top\"><div class=\"porto-sicon-top\"><div id=\"porto-icon-115799180769f3f99de1e8f\" class=\"porto-just-icon-wrapper\" style=\"text-align:center;\"><div class=\"porto-icon none\" style=\"color:#333333;display:inline-block;\"><i class=\"far fa-thumbs-up\"><\/i><\/div><\/div><\/div><div class=\"stats-desc\"><div id=\"counter_183234049169f3f99de1e98\" data-id=\"counter_183234049169f3f99de1e98\" class=\"stats-number\" style=\" \" data-speed=\"1\" data-counter-value=\"99\" data-separator=\",\" data-decimal=\".\">0<\/div><div class=\"counter_suffix mycust\" style=\" \">%<\/div><div class=\"stats-text\" style=\"\">OLUMLU \u0130NCELEME<\/div><\/div><\/div>\t\t<\/div>\n\t\t\t\t<\/div>\n\t\t\t\t\t\t<\/div>\n\t\t\t\t\t<\/div>\n\t\t<\/div>\n\t\t\t\t\t\t<\/div>\r\n\t\t\t\t\t<\/div>\r\n\t\t\t\t<\/section>\r\n\t\t\t\t\t\t<\/div>\n\t\t\t\t\t\t<\/div>\n\t\t\t\t\t<\/div>","protected":false},"excerpt":{"rendered":"<p>HAKKIMIZDA K\u0131br\u0131s&#8217;\u0131n bir numaral\u0131 elektronik e\u015fya e-ticaret sitesi olarak toplumumuza ve m\u00fc\u015fterilerimize olan ba\u011fl\u0131l\u0131\u011f\u0131m\u0131z ve sorumlulu\u011fumuz her zaman bizim \u00f6nceli\u011fimizdir.Gerek \u00fcr\u00fcnlerimizin uygunlu\u011fuyla, gerek m\u00fc\u015fteri hizmetlerimizle size servislerimizi iftiharla sunar\u0131z. Bunlar\u0131n yan\u0131s\u0131ra bizi se\u00e7menizin en b\u00fcy\u00fck sebebi \u00fccretsiz nakliye, 100% para iade garantisi ve 7\/24 \u00e7evrimi\u00e7i destektir. NEDEN B\u0130Z\u0130 SE\u00c7\u0130N Para \u0130adesi Garantili: Sat\u0131n ald\u0131\u011f\u0131n\u0131z herhangi [&hellip;]<\/p>","protected":false},"author":3,"featured_media":0,"parent":0,"menu_order":0,"comment_status":"closed","ping_status":"closed","template":"","meta":{"_joinchat":[]},"yoast_head":"<!-- This site is optimized with the Yoast SEO plugin v19.2 - https:\/\/yoast.com\/wordpress\/plugins\/seo\/ -->\n<title>About us 2 - Market K\u0131br\u0131s<\/title>\n<meta name=\"robots\" content=\"index, follow, max-snippet:-1, max-image-preview:large, max-video-preview:-1\" \/>\n<link rel=\"canonical\" href=\"https:\/\/marketkibris.com\/en\/about-us-2\/\" \/>\n<meta property=\"og:locale\" content=\"en_GB\" \/>\n<meta property=\"og:type\" content=\"article\" \/>\n<meta property=\"og:title\" content=\"About us 2 - Market K\u0131br\u0131s\" \/>\n<meta property=\"og:description\" content=\"HAKKIMIZDA K\u0131br\u0131s&#8217;\u0131n bir numaral\u0131 elektronik e\u015fya e-ticaret sitesi olarak toplumumuza ve m\u00fc\u015fterilerimize olan ba\u011fl\u0131l\u0131\u011f\u0131m\u0131z ve sorumlulu\u011fumuz her zaman bizim \u00f6nceli\u011fimizdir.Gerek \u00fcr\u00fcnlerimizin uygunlu\u011fuyla, gerek m\u00fc\u015fteri hizmetlerimizle size servislerimizi iftiharla sunar\u0131z. Bunlar\u0131n yan\u0131s\u0131ra bizi se\u00e7menizin en b\u00fcy\u00fck sebebi \u00fccretsiz nakliye, 100% para iade garantisi ve 7\/24 \u00e7evrimi\u00e7i destektir. NEDEN B\u0130Z\u0130 SE\u00c7\u0130N Para \u0130adesi Garantili: Sat\u0131n ald\u0131\u011f\u0131n\u0131z herhangi [&hellip;]\" \/>\n<meta property=\"og:url\" content=\"https:\/\/marketkibris.com\/en\/about-us-2\/\" \/>\n<meta property=\"og:site_name\" content=\"Market K\u0131br\u0131s\" \/>\n<meta property=\"article:modified_time\" content=\"2022-08-03T09:23:09+00:00\" \/>\n<meta property=\"og:image\" content=\"https:\/\/marketkibris.com\/wp-content\/uploads\/2022\/07\/money_back-removebg-preview-1-150x150.png\" \/>\n<meta name=\"author\" content=\"fatima\" \/>\n<meta name=\"twitter:card\" content=\"summary_large_image\" \/>\n<meta name=\"twitter:label1\" content=\"Estimated reading time\" \/>\n\t<meta name=\"twitter:data1\" content=\"2 minutes\" \/>\n<script type=\"application\/ld+json\" class=\"yoast-schema-graph\">{\"@context\":\"https:\/\/schema.org\",\"@graph\":[{\"@type\":\"WebSite\",\"@id\":\"https:\/\/marketkibris.com\/#website\",\"url\":\"https:\/\/marketkibris.com\/\",\"name\":\"Market K\u0131br\u0131s\",\"description\":\"K\u0131br\u0131s&#039;\u0131n Bir numaral\u0131 Online Elektronik Marketi\",\"potentialAction\":[{\"@type\":\"SearchAction\",\"target\":{\"@type\":\"EntryPoint\",\"urlTemplate\":\"https:\/\/marketkibris.com\/?s={search_term_string}\"},\"query-input\":\"required name=search_term_string\"}],\"inLanguage\":\"en-GB\"},{\"@type\":\"ImageObject\",\"inLanguage\":\"en-GB\",\"@id\":\"https:\/\/marketkibris.com\/about-us-2\/#primaryimage\",\"url\":\"https:\/\/marketkibris.com\/wp-content\/uploads\/2022\/07\/money_back-removebg-preview-1.png\",\"contentUrl\":\"https:\/\/marketkibris.com\/wp-content\/uploads\/2022\/07\/money_back-removebg-preview-1.png\",\"width\":215,\"height\":211,\"caption\":\"Para \u0130adesi Garantili: Sat\u0131n ald\u0131\u011f\u0131n\u0131z herhangi bir \u00fcr\u00fcn\u00fcn kusuru oldu\u011fu takdirde iade garantimiz var\"},{\"@type\":\"WebPage\",\"@id\":\"https:\/\/marketkibris.com\/about-us-2\/#webpage\",\"url\":\"https:\/\/marketkibris.com\/about-us-2\/\",\"name\":\"About us 2 - Market K\u0131br\u0131s\",\"isPartOf\":{\"@id\":\"https:\/\/marketkibris.com\/#website\"},\"primaryImageOfPage\":{\"@id\":\"https:\/\/marketkibris.com\/about-us-2\/#primaryimage\"},\"datePublished\":\"2022-07-29T13:20:40+00:00\",\"dateModified\":\"2022-08-03T09:23:09+00:00\",\"breadcrumb\":{\"@id\":\"https:\/\/marketkibris.com\/about-us-2\/#breadcrumb\"},\"inLanguage\":\"en-GB\",\"potentialAction\":[{\"@type\":\"ReadAction\",\"target\":[\"https:\/\/marketkibris.com\/about-us-2\/\"]}]},{\"@type\":\"BreadcrumbList\",\"@id\":\"https:\/\/marketkibris.com\/about-us-2\/#breadcrumb\",\"itemListElement\":[{\"@type\":\"ListItem\",\"position\":1,\"name\":\"Anasayfa\",\"item\":\"https:\/\/marketkibris.com\/\"},{\"@type\":\"ListItem\",\"position\":2,\"name\":\"About us 2\"}]}]}<\/script>\n<!-- \/ Yoast SEO plugin. -->","yoast_head_json":{"title":"About us 2 - Market K\u0131br\u0131s","robots":{"index":"index","follow":"follow","max-snippet":"max-snippet:-1","max-image-preview":"max-image-preview:large","max-video-preview":"max-video-preview:-1"},"canonical":"https:\/\/marketkibris.com\/en\/about-us-2\/","og_locale":"en_GB","og_type":"article","og_title":"About us 2 - Market K\u0131br\u0131s","og_description":"HAKKIMIZDA K\u0131br\u0131s&#8217;\u0131n bir numaral\u0131 elektronik e\u015fya e-ticaret sitesi olarak toplumumuza ve m\u00fc\u015fterilerimize olan ba\u011fl\u0131l\u0131\u011f\u0131m\u0131z ve sorumlulu\u011fumuz her zaman bizim \u00f6nceli\u011fimizdir.Gerek \u00fcr\u00fcnlerimizin uygunlu\u011fuyla, gerek m\u00fc\u015fteri hizmetlerimizle size servislerimizi iftiharla sunar\u0131z. Bunlar\u0131n yan\u0131s\u0131ra bizi se\u00e7menizin en b\u00fcy\u00fck sebebi \u00fccretsiz nakliye, 100% para iade garantisi ve 7\/24 \u00e7evrimi\u00e7i destektir. NEDEN B\u0130Z\u0130 SE\u00c7\u0130N Para \u0130adesi Garantili: Sat\u0131n ald\u0131\u011f\u0131n\u0131z herhangi [&hellip;]","og_url":"https:\/\/marketkibris.com\/en\/about-us-2\/","og_site_name":"Market K\u0131br\u0131s","article_modified_time":"2022-08-03T09:23:09+00:00","og_image":[{"url":"https:\/\/marketkibris.com\/wp-content\/uploads\/2022\/07\/money_back-removebg-preview-1-150x150.png"}],"author":"fatima","twitter_card":"summary_large_image","twitter_misc":{"Estimated reading time":"2 minutes"},"schema":{"@context":"https:\/\/schema.org","@graph":[{"@type":"WebSite","@id":"https:\/\/marketkibris.com\/#website","url":"https:\/\/marketkibris.com\/","name":"Market K\u0131br\u0131s","description":"K\u0131br\u0131s&#039;\u0131n Bir numaral\u0131 Online Elektronik Marketi","potentialAction":[{"@type":"SearchAction","target":{"@type":"EntryPoint","urlTemplate":"https:\/\/marketkibris.com\/?s={search_term_string}"},"query-input":"required name=search_term_string"}],"inLanguage":"en-GB"},{"@type":"ImageObject","inLanguage":"en-GB","@id":"https:\/\/marketkibris.com\/about-us-2\/#primaryimage","url":"https:\/\/marketkibris.com\/wp-content\/uploads\/2022\/07\/money_back-removebg-preview-1.png","contentUrl":"https:\/\/marketkibris.com\/wp-content\/uploads\/2022\/07\/money_back-removebg-preview-1.png","width":215,"height":211,"caption":"Para \u0130adesi Garantili: Sat\u0131n ald\u0131\u011f\u0131n\u0131z herhangi bir \u00fcr\u00fcn\u00fcn kusuru oldu\u011fu takdirde iade garantimiz var"},{"@type":"WebPage","@id":"https:\/\/marketkibris.com\/about-us-2\/#webpage","url":"https:\/\/marketkibris.com\/about-us-2\/","name":"About us 2 - Market K\u0131br\u0131s","isPartOf":{"@id":"https:\/\/marketkibris.com\/#website"},"primaryImageOfPage":{"@id":"https:\/\/marketkibris.com\/about-us-2\/#primaryimage"},"datePublished":"2022-07-29T13:20:40+00:00","dateModified":"2022-08-03T09:23:09+00:00","breadcrumb":{"@id":"https:\/\/marketkibris.com\/about-us-2\/#breadcrumb"},"inLanguage":"en-GB","potentialAction":[{"@type":"ReadAction","target":["https:\/\/marketkibris.com\/about-us-2\/"]}]},{"@type":"BreadcrumbList","@id":"https:\/\/marketkibris.com\/about-us-2\/#breadcrumb","itemListElement":[{"@type":"ListItem","position":1,"name":"Anasayfa","item":"https:\/\/marketkibris.com\/"},{"@type":"ListItem","position":2,"name":"About us 2"}]}]}},"_links":{"self":[{"href":"https:\/\/marketkibris.com\/en\/wp-json\/wp\/v2\/pages\/3716"}],"collection":[{"href":"https:\/\/marketkibris.com\/en\/wp-json\/wp\/v2\/pages"}],"about":[{"href":"https:\/\/marketkibris.com\/en\/wp-json\/wp\/v2\/types\/page"}],"author":[{"embeddable":true,"href":"https:\/\/marketkibris.com\/en\/wp-json\/wp\/v2\/users\/3"}],"replies":[{"embeddable":true,"href":"https:\/\/marketkibris.com\/en\/wp-json\/wp\/v2\/comments?post=3716"}],"version-history":[{"count":357,"href":"https:\/\/marketkibris.com\/en\/wp-json\/wp\/v2\/pages\/3716\/revisions"}],"predecessor-version":[{"id":4338,"href":"https:\/\/marketkibris.com\/en\/wp-json\/wp\/v2\/pages\/3716\/revisions\/4338"}],"wp:attachment":[{"href":"https:\/\/marketkibris.com\/en\/wp-json\/wp\/v2\/media?parent=3716"}],"curies":[{"name":"wp","href":"https:\/\/api.w.org\/{rel}","templated":true}]}}