{"id":3099,"date":"2022-07-01T10:36:40","date_gmt":"2022-07-01T07:36:40","guid":{"rendered":"https:\/\/marketkibris.com\/?post_type=product&#038;p=3099"},"modified":"2022-07-01T15:03:27","modified_gmt":"2022-07-01T12:03:27","slug":"apple-iphone-11","status":"publish","type":"product","link":"https:\/\/marketkibris.com\/en\/product\/apple-iphone-11\/","title":{"rendered":"Apple iPhone 11 &#8211; 64 GB"},"content":{"rendered":"<div data-elementor-type=\"wp-post\" data-elementor-id=\"3099\" class=\"elementor elementor-3099\" data-elementor-settings=\"[]\">\n\t\t\t\t\t\t<div class=\"elementor-inner\">\n\t\t\t\t\t\t\t<div class=\"elementor-section-wrap\">\n\t\t\t\t\t\t\t<section class=\"elementor-section elementor-top-section elementor-element elementor-element-1a0b3739 elementor-section-boxed elementor-section-height-default elementor-section-height-default\" data-id=\"1a0b3739\" data-element_type=\"section\">\r\n\t\t\t\r\n\t\t\t\t\t\t\t\t\t<div class=\"elementor-container elementor-column-gap-default\">\r\n\t\t\t\t\t\t\t\t<div class=\"elementor-row\">\r\n\t\t\t\t\t\t\t<div class=\"elementor-column elementor-col-100 elementor-top-column elementor-element elementor-element-ebec80e\" data-id=\"ebec80e\" data-element_type=\"column\">\n\t\t\t<div class=\"elementor-column-wrap elementor-element-populated\">\n\t\t\t\t\t\t\t<div class=\"elementor-widget-wrap\">\n\t\t\t\t\t\t<div class=\"elementor-element elementor-element-32af39dd elementor-widget elementor-widget-text-editor\" data-id=\"32af39dd\" data-element_type=\"widget\" data-widget_type=\"text-editor.default\">\n\t\t\t\t<div class=\"elementor-widget-container\">\n\t\t\t\t\t<div class=\"elementor-text-editor elementor-clearfix\"><h1 class=\"a-size-base-plus a-text-bold\">Bu \u00fcr\u00fcn hakk\u0131nda<\/h1>\r\n<ul class=\"a-unordered-list a-vertical a-spacing-mini\">\r\n \t<li><span class=\"a-list-item\">6.1 in\u00e7 Liquid Retina HD LCD ekran<\/span><\/li>\r\n \t<li><span class=\"a-list-item\">Suya ve toza dayan\u0131kl\u0131l\u0131k (30 dakikaya kadar maksimum 2 metre derinlik, IP68)<\/span><\/li>\r\n \t<li><span class=\"a-list-item\">12 MP Ultra Geni\u015f ve Geni\u015f kameralara; Gece modu, Portre modu ve saniyede 60 kareye kadar 4K video kayd\u0131 \u00f6zelliklerine sahip \u00e7ift kamera sistemi<\/span><\/li>\r\n \t<li><span class=\"a-list-item\">Portre modu, 4K video kayd\u0131 ve a\u011f\u0131r \u00e7ekim \u00f6zelliklerine sahip 12 MP TrueDepth \u00f6n kamera<\/span><\/li>\r\n \t<li><span class=\"a-list-item\">G\u00fcvenli kimlik do\u011frulama i\u00e7in Face ID<\/span><\/li>\r\n \t<li><span class=\"a-list-item\">\u00dc\u00e7\u00fcnc\u00fc nesil Neural Engine birimine sahip A13 Bionic \u00e7ip<\/span><\/li>\r\n \t<li><span class=\"a-list-item\">H\u0131zl\u0131 \u015farj \u00f6zelli\u011fi<\/span><\/li>\r\n<\/ul>\r\n<div class=\"a-row a-expander-container a-expander-inline-container\">\r\n<div class=\"a-expander-content a-expander-extend-content a-expander-content-expanded\" aria-expanded=\"true\">\r\n<ul class=\"a-unordered-list a-vertical a-spacing-none\">\r\n \t<li><span class=\"a-list-item\">Kablosuz \u015farj<\/span><\/li>\r\n \t<li><span class=\"a-list-item\">iPhone ile her zamankinden daha fazlas\u0131n\u0131 yapman\u0131z\u0131 sa\u011flayan yeni \u00f6zelliklerle dolu iOS 15<\/span><\/li>\r\n<\/ul>\r\n<\/div>\r\n<\/div><\/div>\n\t\t\t\t<\/div>\n\t\t\t\t<\/div>\n\t\t\t\t\t\t<\/div>\n\t\t\t\t\t<\/div>\n\t\t<\/div>\n\t\t\t\t\t\t<\/div>\r\n\t\t\t\t\t<\/div>\r\n\t\t\t\t<\/section>\r\n\t\t\t\t\t\t<\/div>\n\t\t\t\t\t\t<\/div>\n\t\t\t\t\t<\/div>","protected":false},"excerpt":{"rendered":"<p>Bu \u00fcr\u00fcn hakk\u0131nda 6.1 in\u00e7 Liquid Retina HD LCD ekran Suya ve toza dayan\u0131kl\u0131l\u0131k (30 dakikaya kadar maksimum 2 metre derinlik, IP68) 12 MP Ultra Geni\u015f ve Geni\u015f kameralara; Gece modu, Portre modu ve saniyede 60 kareye kadar 4K video kayd\u0131 \u00f6zelliklerine sahip \u00e7ift kamera sistemi Portre modu, 4K video kayd\u0131 ve a\u011f\u0131r \u00e7ekim \u00f6zelliklerine [&hellip;]<\/p>","protected":false},"featured_media":3100,"comment_status":"open","ping_status":"closed","template":"","meta":{"_joinchat":[]},"yoast_head":"<!-- This site is optimized with the Yoast SEO plugin v19.2 - https:\/\/yoast.com\/wordpress\/plugins\/seo\/ -->\n<title>Apple iPhone 11 - 64 GB - Market K\u0131br\u0131s<\/title>\n<meta name=\"robots\" content=\"index, follow, max-snippet:-1, max-image-preview:large, max-video-preview:-1\" \/>\n<link rel=\"canonical\" href=\"https:\/\/marketkibris.com\/en\/product\/apple-iphone-11\/\" \/>\n<meta property=\"og:locale\" content=\"en_GB\" \/>\n<meta property=\"og:type\" content=\"article\" \/>\n<meta property=\"og:title\" content=\"Apple iPhone 11 - 64 GB - Market K\u0131br\u0131s\" \/>\n<meta property=\"og:description\" content=\"Bu \u00fcr\u00fcn hakk\u0131nda 6.1 in\u00e7 Liquid Retina HD LCD ekran Suya ve toza dayan\u0131kl\u0131l\u0131k (30 dakikaya kadar maksimum 2 metre derinlik, IP68) 12 MP Ultra Geni\u015f ve Geni\u015f kameralara; Gece modu, Portre modu ve saniyede 60 kareye kadar 4K video kayd\u0131 \u00f6zelliklerine sahip \u00e7ift kamera sistemi Portre modu, 4K video kayd\u0131 ve a\u011f\u0131r \u00e7ekim \u00f6zelliklerine [&hellip;]\" \/>\n<meta property=\"og:url\" content=\"https:\/\/marketkibris.com\/en\/product\/apple-iphone-11\/\" \/>\n<meta property=\"og:site_name\" content=\"Market K\u0131br\u0131s\" \/>\n<meta property=\"article:modified_time\" content=\"2022-07-01T12:03:27+00:00\" \/>\n<meta property=\"og:image\" content=\"https:\/\/marketkibris.com\/wp-content\/uploads\/2022\/07\/iphone_11_siyah.png\" \/>\n\t<meta property=\"og:image:width\" content=\"600\" \/>\n\t<meta property=\"og:image:height\" content=\"450\" \/>\n\t<meta property=\"og:image:type\" content=\"image\/png\" \/>\n<meta name=\"author\" content=\"admin\" \/>\n<meta name=\"twitter:card\" content=\"summary_large_image\" \/>\n<meta name=\"twitter:label1\" content=\"Estimated reading time\" \/>\n\t<meta name=\"twitter:data1\" content=\"1 minute\" \/>\n<script type=\"application\/ld+json\" class=\"yoast-schema-graph\">{\"@context\":\"https:\/\/schema.org\",\"@graph\":[{\"@type\":\"WebSite\",\"@id\":\"https:\/\/marketkibris.com\/#website\",\"url\":\"https:\/\/marketkibris.com\/\",\"name\":\"Market K\u0131br\u0131s\",\"description\":\"K\u0131br\u0131s&#039;\u0131n Bir numaral\u0131 Online Elektronik Marketi\",\"potentialAction\":[{\"@type\":\"SearchAction\",\"target\":{\"@type\":\"EntryPoint\",\"urlTemplate\":\"https:\/\/marketkibris.com\/?s={search_term_string}\"},\"query-input\":\"required name=search_term_string\"}],\"inLanguage\":\"en-GB\"},{\"@type\":\"ImageObject\",\"inLanguage\":\"en-GB\",\"@id\":\"https:\/\/marketkibris.com\/urun\/apple-iphone-11\/#primaryimage\",\"url\":\"https:\/\/marketkibris.com\/wp-content\/uploads\/2022\/07\/iphone_11_siyah.png\",\"contentUrl\":\"https:\/\/marketkibris.com\/wp-content\/uploads\/2022\/07\/iphone_11_siyah.png\",\"width\":600,\"height\":450,\"caption\":\"iphone_11_siyah\"},{\"@type\":\"WebPage\",\"@id\":\"https:\/\/marketkibris.com\/urun\/apple-iphone-11\/#webpage\",\"url\":\"https:\/\/marketkibris.com\/urun\/apple-iphone-11\/\",\"name\":\"Apple iPhone 11 - 64 GB - Market K\u0131br\u0131s\",\"isPartOf\":{\"@id\":\"https:\/\/marketkibris.com\/#website\"},\"primaryImageOfPage\":{\"@id\":\"https:\/\/marketkibris.com\/urun\/apple-iphone-11\/#primaryimage\"},\"datePublished\":\"2022-07-01T07:36:40+00:00\",\"dateModified\":\"2022-07-01T12:03:27+00:00\",\"breadcrumb\":{\"@id\":\"https:\/\/marketkibris.com\/urun\/apple-iphone-11\/#breadcrumb\"},\"inLanguage\":\"en-GB\",\"potentialAction\":[{\"@type\":\"ReadAction\",\"target\":[\"https:\/\/marketkibris.com\/urun\/apple-iphone-11\/\"]}]},{\"@type\":\"BreadcrumbList\",\"@id\":\"https:\/\/marketkibris.com\/urun\/apple-iphone-11\/#breadcrumb\",\"itemListElement\":[{\"@type\":\"ListItem\",\"position\":1,\"name\":\"Anasayfa\",\"item\":\"https:\/\/marketkibris.com\/\"},{\"@type\":\"ListItem\",\"position\":2,\"name\":\"Shop\",\"item\":\"https:\/\/marketkibris.com\/shop\/\"},{\"@type\":\"ListItem\",\"position\":3,\"name\":\"Apple iPhone 11 &#8211; 64 GB\"}]}]}<\/script>\n<!-- \/ Yoast SEO plugin. -->","yoast_head_json":{"title":"Apple iPhone 11 - 64 GB - Market K\u0131br\u0131s","robots":{"index":"index","follow":"follow","max-snippet":"max-snippet:-1","max-image-preview":"max-image-preview:large","max-video-preview":"max-video-preview:-1"},"canonical":"https:\/\/marketkibris.com\/en\/product\/apple-iphone-11\/","og_locale":"en_GB","og_type":"article","og_title":"Apple iPhone 11 - 64 GB - Market K\u0131br\u0131s","og_description":"Bu \u00fcr\u00fcn hakk\u0131nda 6.1 in\u00e7 Liquid Retina HD LCD ekran Suya ve toza dayan\u0131kl\u0131l\u0131k (30 dakikaya kadar maksimum 2 metre derinlik, IP68) 12 MP Ultra Geni\u015f ve Geni\u015f kameralara; Gece modu, Portre modu ve saniyede 60 kareye kadar 4K video kayd\u0131 \u00f6zelliklerine sahip \u00e7ift kamera sistemi Portre modu, 4K video kayd\u0131 ve a\u011f\u0131r \u00e7ekim \u00f6zelliklerine [&hellip;]","og_url":"https:\/\/marketkibris.com\/en\/product\/apple-iphone-11\/","og_site_name":"Market K\u0131br\u0131s","article_modified_time":"2022-07-01T12:03:27+00:00","og_image":[{"width":600,"height":450,"url":"https:\/\/marketkibris.com\/wp-content\/uploads\/2022\/07\/iphone_11_siyah.png","type":"image\/png"}],"author":"admin","twitter_card":"summary_large_image","twitter_misc":{"Estimated reading time":"1 minute"},"schema":{"@context":"https:\/\/schema.org","@graph":[{"@type":"WebSite","@id":"https:\/\/marketkibris.com\/#website","url":"https:\/\/marketkibris.com\/","name":"Market K\u0131br\u0131s","description":"K\u0131br\u0131s&#039;\u0131n Bir numaral\u0131 Online Elektronik Marketi","potentialAction":[{"@type":"SearchAction","target":{"@type":"EntryPoint","urlTemplate":"https:\/\/marketkibris.com\/?s={search_term_string}"},"query-input":"required name=search_term_string"}],"inLanguage":"en-GB"},{"@type":"ImageObject","inLanguage":"en-GB","@id":"https:\/\/marketkibris.com\/urun\/apple-iphone-11\/#primaryimage","url":"https:\/\/marketkibris.com\/wp-content\/uploads\/2022\/07\/iphone_11_siyah.png","contentUrl":"https:\/\/marketkibris.com\/wp-content\/uploads\/2022\/07\/iphone_11_siyah.png","width":600,"height":450,"caption":"iphone_11_siyah"},{"@type":"WebPage","@id":"https:\/\/marketkibris.com\/urun\/apple-iphone-11\/#webpage","url":"https:\/\/marketkibris.com\/urun\/apple-iphone-11\/","name":"Apple iPhone 11 - 64 GB - Market K\u0131br\u0131s","isPartOf":{"@id":"https:\/\/marketkibris.com\/#website"},"primaryImageOfPage":{"@id":"https:\/\/marketkibris.com\/urun\/apple-iphone-11\/#primaryimage"},"datePublished":"2022-07-01T07:36:40+00:00","dateModified":"2022-07-01T12:03:27+00:00","breadcrumb":{"@id":"https:\/\/marketkibris.com\/urun\/apple-iphone-11\/#breadcrumb"},"inLanguage":"en-GB","potentialAction":[{"@type":"ReadAction","target":["https:\/\/marketkibris.com\/urun\/apple-iphone-11\/"]}]},{"@type":"BreadcrumbList","@id":"https:\/\/marketkibris.com\/urun\/apple-iphone-11\/#breadcrumb","itemListElement":[{"@type":"ListItem","position":1,"name":"Anasayfa","item":"https:\/\/marketkibris.com\/"},{"@type":"ListItem","position":2,"name":"Shop","item":"https:\/\/marketkibris.com\/shop\/"},{"@type":"ListItem","position":3,"name":"Apple iPhone 11 &#8211; 64 GB"}]}]}},"_links":{"self":[{"href":"https:\/\/marketkibris.com\/en\/wp-json\/wp\/v2\/product\/3099"}],"collection":[{"href":"https:\/\/marketkibris.com\/en\/wp-json\/wp\/v2\/product"}],"about":[{"href":"https:\/\/marketkibris.com\/en\/wp-json\/wp\/v2\/types\/product"}],"replies":[{"embeddable":true,"href":"https:\/\/marketkibris.com\/en\/wp-json\/wp\/v2\/comments?post=3099"}],"version-history":[{"count":7,"href":"https:\/\/marketkibris.com\/en\/wp-json\/wp\/v2\/product\/3099\/revisions"}],"predecessor-version":[{"id":3145,"href":"https:\/\/marketkibris.com\/en\/wp-json\/wp\/v2\/product\/3099\/revisions\/3145"}],"wp:featuredmedia":[{"embeddable":true,"href":"https:\/\/marketkibris.com\/en\/wp-json\/wp\/v2\/media\/3100"}],"wp:attachment":[{"href":"https:\/\/marketkibris.com\/en\/wp-json\/wp\/v2\/media?parent=3099"}],"curies":[{"name":"wp","href":"https:\/\/api.w.org\/{rel}","templated":true}]}}