{"id":3126,"date":"2022-07-01T14:32:15","date_gmt":"2022-07-01T11:32:15","guid":{"rendered":"https:\/\/marketkibris.com\/?post_type=product&#038;p=3126"},"modified":"2022-07-01T15:03:58","modified_gmt":"2022-07-01T12:03:58","slug":"apple-iphone-13-pro-256-gb","status":"publish","type":"product","link":"https:\/\/marketkibris.com\/en\/product\/apple-iphone-13-pro-256-gb\/","title":{"rendered":"Apple iPhone 13 Pro &#8211; 256 GB"},"content":{"rendered":"<ul class=\"a-unordered-list a-vertical a-spacing-mini\">\n<li><span class=\"a-list-item\">Daha h\u0131zl\u0131 ve daha duyarl\u0131 bir deneyim sunan, ProMotion teknolojisine sahip<\/span><\/li>\n<li><span class=\"a-list-item\">6.1 in\u00e7 Super Retina XDR ekran<\/span><\/li>\n<li><span class=\"a-list-item\">Videolar\u0131n\u0131za s\u0131\u011f alan derinli\u011fi ekleyen ve otomatik olarak oda\u011f\u0131 kayd\u0131ran Sinematik mod<\/span><\/li>\n<li><span class=\"a-list-item\">Yeni 12 MP Telefoto, Geni\u015f ve Ultra Geni\u015f kameralara sahip Pro kamera sistemi; LiDAR Taray\u0131c\u0131s\u0131; 6 kat optik zoom aral\u0131\u011f\u0131; makro \u00e7ekim; Foto\u011frafik Stiller, ProRes video, Ak\u0131ll\u0131 HDR 4, Gece modu, Apple ProRAW, 4K Dolby Vision HDR kay\u0131t<\/span><\/li>\n<li><span class=\"a-list-item\">Gece moduna sahip 12 MP TrueDepth \u00f6n kamera, 4K Dolby Vision HDR kay\u0131t<\/span><\/li>\n<li><span class=\"a-list-item\">A15 Bionic \u00e7ip ile \u0131\u015f\u0131k h\u0131z\u0131nda performans<\/span><\/li>\n<li><span class=\"a-list-item\">22 saate kadar video oynatma<\/span><\/li>\n<\/ul>\n<div class=\"a-row a-expander-container a-expander-inline-container\">\n<div class=\"a-expander-content a-expander-extend-content a-expander-content-expanded\" aria-expanded=\"true\">\n<ul class=\"a-unordered-list a-vertical a-spacing-none\">\n<li><span class=\"a-list-item\">Ceramic Shield \u00f6zelli\u011fine sahip dayan\u0131kl\u0131 tasar\u0131m<\/span><\/li>\n<li><span class=\"a-list-item\">Sekt\u00f6r lideri IP68 suya dayan\u0131kl\u0131l\u0131k derecesi<\/span><\/li>\n<li><span class=\"a-list-item\">iPhone ile her zamankinden daha fazlas\u0131n\u0131 yapman\u0131z\u0131 sa\u011flayan yeni \u00f6zelliklerle dolu iOS 15. Kolayca tak\u0131lan ve daha h\u0131zl\u0131 kablosuz \u015farj imkan\u0131 sunan MagSafe aksesuarlar\u0131 i\u00e7in destek<\/span><\/li>\n<\/ul>\n<\/div>\n<\/div>","protected":false},"excerpt":{"rendered":"<p>Daha h\u0131zl\u0131 ve daha duyarl\u0131 bir deneyim sunan, ProMotion teknolojisine sahip 6.1 in\u00e7 Super Retina XDR ekran Videolar\u0131n\u0131za s\u0131\u011f alan derinli\u011fi ekleyen ve otomatik olarak oda\u011f\u0131 kayd\u0131ran Sinematik mod Yeni 12 MP Telefoto, Geni\u015f ve Ultra Geni\u015f kameralara sahip Pro kamera sistemi; LiDAR Taray\u0131c\u0131s\u0131; 6 kat optik zoom aral\u0131\u011f\u0131; makro \u00e7ekim; Foto\u011frafik Stiller, ProRes video, [&hellip;]<\/p>","protected":false},"featured_media":3119,"comment_status":"open","ping_status":"closed","template":"","meta":{"_joinchat":[]},"yoast_head":"<!-- This site is optimized with the Yoast SEO plugin v19.2 - https:\/\/yoast.com\/wordpress\/plugins\/seo\/ -->\n<title>Apple iPhone 13 Pro - 256 GB - Market K\u0131br\u0131s<\/title>\n<meta name=\"robots\" content=\"index, follow, max-snippet:-1, max-image-preview:large, max-video-preview:-1\" \/>\n<link rel=\"canonical\" href=\"https:\/\/marketkibris.com\/en\/product\/apple-iphone-13-pro-256-gb\/\" \/>\n<meta property=\"og:locale\" content=\"en_GB\" \/>\n<meta property=\"og:type\" content=\"article\" \/>\n<meta property=\"og:title\" content=\"Apple iPhone 13 Pro - 256 GB - Market K\u0131br\u0131s\" \/>\n<meta property=\"og:description\" content=\"Daha h\u0131zl\u0131 ve daha duyarl\u0131 bir deneyim sunan, ProMotion teknolojisine sahip 6.1 in\u00e7 Super Retina XDR ekran Videolar\u0131n\u0131za s\u0131\u011f alan derinli\u011fi ekleyen ve otomatik olarak oda\u011f\u0131 kayd\u0131ran Sinematik mod Yeni 12 MP Telefoto, Geni\u015f ve Ultra Geni\u015f kameralara sahip Pro kamera sistemi; LiDAR Taray\u0131c\u0131s\u0131; 6 kat optik zoom aral\u0131\u011f\u0131; makro \u00e7ekim; Foto\u011frafik Stiller, ProRes video, [&hellip;]\" \/>\n<meta property=\"og:url\" content=\"https:\/\/marketkibris.com\/en\/product\/apple-iphone-13-pro-256-gb\/\" \/>\n<meta property=\"og:site_name\" content=\"Market K\u0131br\u0131s\" \/>\n<meta property=\"article:modified_time\" content=\"2022-07-01T12:03:58+00:00\" \/>\n<meta property=\"og:image\" content=\"https:\/\/marketkibris.com\/wp-content\/uploads\/2022\/07\/iphone-13-pro-silver-tiny.jpg\" \/>\n\t<meta property=\"og:image:width\" content=\"1500\" \/>\n\t<meta property=\"og:image:height\" content=\"1500\" \/>\n\t<meta property=\"og:image:type\" content=\"image\/jpeg\" \/>\n<meta name=\"author\" content=\"erenus\" \/>\n<meta name=\"twitter:card\" content=\"summary_large_image\" \/>\n<meta name=\"twitter:label1\" content=\"Estimated reading time\" \/>\n\t<meta name=\"twitter:data1\" content=\"1 minute\" \/>\n<script type=\"application\/ld+json\" class=\"yoast-schema-graph\">{\"@context\":\"https:\/\/schema.org\",\"@graph\":[{\"@type\":\"WebSite\",\"@id\":\"https:\/\/marketkibris.com\/#website\",\"url\":\"https:\/\/marketkibris.com\/\",\"name\":\"Market K\u0131br\u0131s\",\"description\":\"K\u0131br\u0131s&#039;\u0131n Bir numaral\u0131 Online Elektronik Marketi\",\"potentialAction\":[{\"@type\":\"SearchAction\",\"target\":{\"@type\":\"EntryPoint\",\"urlTemplate\":\"https:\/\/marketkibris.com\/?s={search_term_string}\"},\"query-input\":\"required name=search_term_string\"}],\"inLanguage\":\"en-GB\"},{\"@type\":\"ImageObject\",\"inLanguage\":\"en-GB\",\"@id\":\"https:\/\/marketkibris.com\/urun\/apple-iphone-13-pro-256-gb\/#primaryimage\",\"url\":\"https:\/\/marketkibris.com\/wp-content\/uploads\/2022\/07\/iphone-13-pro-silver-tiny.jpg\",\"contentUrl\":\"https:\/\/marketkibris.com\/wp-content\/uploads\/2022\/07\/iphone-13-pro-silver-tiny.jpg\",\"width\":1500,\"height\":1500},{\"@type\":\"WebPage\",\"@id\":\"https:\/\/marketkibris.com\/urun\/apple-iphone-13-pro-256-gb\/#webpage\",\"url\":\"https:\/\/marketkibris.com\/urun\/apple-iphone-13-pro-256-gb\/\",\"name\":\"Apple iPhone 13 Pro - 256 GB - Market K\u0131br\u0131s\",\"isPartOf\":{\"@id\":\"https:\/\/marketkibris.com\/#website\"},\"primaryImageOfPage\":{\"@id\":\"https:\/\/marketkibris.com\/urun\/apple-iphone-13-pro-256-gb\/#primaryimage\"},\"datePublished\":\"2022-07-01T11:32:15+00:00\",\"dateModified\":\"2022-07-01T12:03:58+00:00\",\"breadcrumb\":{\"@id\":\"https:\/\/marketkibris.com\/urun\/apple-iphone-13-pro-256-gb\/#breadcrumb\"},\"inLanguage\":\"en-GB\",\"potentialAction\":[{\"@type\":\"ReadAction\",\"target\":[\"https:\/\/marketkibris.com\/urun\/apple-iphone-13-pro-256-gb\/\"]}]},{\"@type\":\"BreadcrumbList\",\"@id\":\"https:\/\/marketkibris.com\/urun\/apple-iphone-13-pro-256-gb\/#breadcrumb\",\"itemListElement\":[{\"@type\":\"ListItem\",\"position\":1,\"name\":\"Anasayfa\",\"item\":\"https:\/\/marketkibris.com\/\"},{\"@type\":\"ListItem\",\"position\":2,\"name\":\"Shop\",\"item\":\"https:\/\/marketkibris.com\/shop\/\"},{\"@type\":\"ListItem\",\"position\":3,\"name\":\"Apple iPhone 13 Pro &#8211; 256 GB\"}]}]}<\/script>\n<!-- \/ Yoast SEO plugin. -->","yoast_head_json":{"title":"Apple iPhone 13 Pro - 256 GB - Market K\u0131br\u0131s","robots":{"index":"index","follow":"follow","max-snippet":"max-snippet:-1","max-image-preview":"max-image-preview:large","max-video-preview":"max-video-preview:-1"},"canonical":"https:\/\/marketkibris.com\/en\/product\/apple-iphone-13-pro-256-gb\/","og_locale":"en_GB","og_type":"article","og_title":"Apple iPhone 13 Pro - 256 GB - Market K\u0131br\u0131s","og_description":"Daha h\u0131zl\u0131 ve daha duyarl\u0131 bir deneyim sunan, ProMotion teknolojisine sahip 6.1 in\u00e7 Super Retina XDR ekran Videolar\u0131n\u0131za s\u0131\u011f alan derinli\u011fi ekleyen ve otomatik olarak oda\u011f\u0131 kayd\u0131ran Sinematik mod Yeni 12 MP Telefoto, Geni\u015f ve Ultra Geni\u015f kameralara sahip Pro kamera sistemi; LiDAR Taray\u0131c\u0131s\u0131; 6 kat optik zoom aral\u0131\u011f\u0131; makro \u00e7ekim; Foto\u011frafik Stiller, ProRes video, [&hellip;]","og_url":"https:\/\/marketkibris.com\/en\/product\/apple-iphone-13-pro-256-gb\/","og_site_name":"Market K\u0131br\u0131s","article_modified_time":"2022-07-01T12:03:58+00:00","og_image":[{"width":1500,"height":1500,"url":"https:\/\/marketkibris.com\/wp-content\/uploads\/2022\/07\/iphone-13-pro-silver-tiny.jpg","type":"image\/jpeg"}],"author":"erenus","twitter_card":"summary_large_image","twitter_misc":{"Estimated reading time":"1 minute"},"schema":{"@context":"https:\/\/schema.org","@graph":[{"@type":"WebSite","@id":"https:\/\/marketkibris.com\/#website","url":"https:\/\/marketkibris.com\/","name":"Market K\u0131br\u0131s","description":"K\u0131br\u0131s&#039;\u0131n Bir numaral\u0131 Online Elektronik Marketi","potentialAction":[{"@type":"SearchAction","target":{"@type":"EntryPoint","urlTemplate":"https:\/\/marketkibris.com\/?s={search_term_string}"},"query-input":"required name=search_term_string"}],"inLanguage":"en-GB"},{"@type":"ImageObject","inLanguage":"en-GB","@id":"https:\/\/marketkibris.com\/urun\/apple-iphone-13-pro-256-gb\/#primaryimage","url":"https:\/\/marketkibris.com\/wp-content\/uploads\/2022\/07\/iphone-13-pro-silver-tiny.jpg","contentUrl":"https:\/\/marketkibris.com\/wp-content\/uploads\/2022\/07\/iphone-13-pro-silver-tiny.jpg","width":1500,"height":1500},{"@type":"WebPage","@id":"https:\/\/marketkibris.com\/urun\/apple-iphone-13-pro-256-gb\/#webpage","url":"https:\/\/marketkibris.com\/urun\/apple-iphone-13-pro-256-gb\/","name":"Apple iPhone 13 Pro - 256 GB - Market K\u0131br\u0131s","isPartOf":{"@id":"https:\/\/marketkibris.com\/#website"},"primaryImageOfPage":{"@id":"https:\/\/marketkibris.com\/urun\/apple-iphone-13-pro-256-gb\/#primaryimage"},"datePublished":"2022-07-01T11:32:15+00:00","dateModified":"2022-07-01T12:03:58+00:00","breadcrumb":{"@id":"https:\/\/marketkibris.com\/urun\/apple-iphone-13-pro-256-gb\/#breadcrumb"},"inLanguage":"en-GB","potentialAction":[{"@type":"ReadAction","target":["https:\/\/marketkibris.com\/urun\/apple-iphone-13-pro-256-gb\/"]}]},{"@type":"BreadcrumbList","@id":"https:\/\/marketkibris.com\/urun\/apple-iphone-13-pro-256-gb\/#breadcrumb","itemListElement":[{"@type":"ListItem","position":1,"name":"Anasayfa","item":"https:\/\/marketkibris.com\/"},{"@type":"ListItem","position":2,"name":"Shop","item":"https:\/\/marketkibris.com\/shop\/"},{"@type":"ListItem","position":3,"name":"Apple iPhone 13 Pro &#8211; 256 GB"}]}]}},"_links":{"self":[{"href":"https:\/\/marketkibris.com\/en\/wp-json\/wp\/v2\/product\/3126"}],"collection":[{"href":"https:\/\/marketkibris.com\/en\/wp-json\/wp\/v2\/product"}],"about":[{"href":"https:\/\/marketkibris.com\/en\/wp-json\/wp\/v2\/types\/product"}],"replies":[{"embeddable":true,"href":"https:\/\/marketkibris.com\/en\/wp-json\/wp\/v2\/comments?post=3126"}],"version-history":[{"count":3,"href":"https:\/\/marketkibris.com\/en\/wp-json\/wp\/v2\/product\/3126\/revisions"}],"predecessor-version":[{"id":3148,"href":"https:\/\/marketkibris.com\/en\/wp-json\/wp\/v2\/product\/3126\/revisions\/3148"}],"wp:featuredmedia":[{"embeddable":true,"href":"https:\/\/marketkibris.com\/en\/wp-json\/wp\/v2\/media\/3119"}],"wp:attachment":[{"href":"https:\/\/marketkibris.com\/en\/wp-json\/wp\/v2\/media?parent=3126"}],"curies":[{"name":"wp","href":"https:\/\/api.w.org\/{rel}","templated":true}]}}