{"id":3144,"date":"2022-07-01T15:16:44","date_gmt":"2022-07-01T12:16:44","guid":{"rendered":"https:\/\/marketkibris.com\/?post_type=product&#038;p=3144"},"modified":"2022-07-01T15:16:45","modified_gmt":"2022-07-01T12:16:45","slug":"apple-ipad-mini-6-wifi-64-gb","status":"publish","type":"product","link":"https:\/\/marketkibris.com\/en\/product\/apple-ipad-mini-6-wifi-64-gb\/","title":{"rendered":"Apple iPad Mini 6 WiFi &#8211; 64 GB"},"content":{"rendered":"<ul class=\"a-unordered-list a-vertical a-spacing-mini\">\n<li><span class=\"a-list-item\">True Tone ve geni\u015f renk yelpazesi \u00f6zelliklerine ev sahipli\u011fi yapan g\u00f6z al\u0131c\u0131 8.3 in\u00e7 Liquid Retina ekran<\/span><\/li>\n<li><span class=\"a-list-item\">Neural Engine birimine sahip A15 Bionic \u00e7ip<\/span><\/li>\n<li><span class=\"a-list-item\">G\u00fcvenli kimlik do\u011frulama i\u00e7in Touch ID<\/span><\/li>\n<li><span class=\"a-list-item\">12 MP Geni\u015f arka kamera, Ana Sahne \u00f6zellikli 12 MP Ultra Geni\u015f \u00f6n kamera<\/span><\/li>\n<li><span class=\"a-list-item\">Mor, Y\u0131ld\u0131z I\u015f\u0131\u011f\u0131, Pembe ve Uzay Grisi renk se\u00e7enekleri<\/span><\/li>\n<li><span class=\"a-list-item\">Yatay modda stereo ses sunan hoparl\u00f6rler<\/span><\/li>\n<li><span class=\"a-list-item\">Ultra h\u0131zl\u0131 Wi-Fi 6 ile ba\u011flant\u0131da kal\u0131n<\/span><\/li>\n<\/ul>\n<div class=\"a-row a-expander-container a-expander-inline-container\">\n<div class=\"a-expander-content a-expander-extend-content a-expander-content-expanded\" aria-expanded=\"true\">\n<ul class=\"a-unordered-list a-vertical a-spacing-none\">\n<li><span class=\"a-list-item\">10 saate kadar pil \u00f6mr\u00fc<\/span><\/li>\n<li><span class=\"a-list-item\">\u015earj ve aksesuar ba\u011flant\u0131s\u0131 i\u00e7in USB-C konnekt\u00f6r\u00fc<\/span><\/li>\n<li><span class=\"a-list-item\">Apple Pencil (2. nesil) ile uyumluluk. Aksesuarlar ayr\u0131 sat\u0131l\u0131r. Uyumluluk ayg\u0131t nesline g\u00f6re de\u011fi\u015fir.<\/span><\/li>\n<\/ul>\n<\/div>\n<\/div>","protected":false},"excerpt":{"rendered":"<p>True Tone ve geni\u015f renk yelpazesi \u00f6zelliklerine ev sahipli\u011fi yapan g\u00f6z al\u0131c\u0131 8.3 in\u00e7 Liquid Retina ekran Neural Engine birimine sahip A15 Bionic \u00e7ip G\u00fcvenli kimlik do\u011frulama i\u00e7in Touch ID 12 MP Geni\u015f arka kamera, Ana Sahne \u00f6zellikli 12 MP Ultra Geni\u015f \u00f6n kamera Mor, Y\u0131ld\u0131z I\u015f\u0131\u011f\u0131, Pembe ve Uzay Grisi renk se\u00e7enekleri Yatay modda [&hellip;]<\/p>","protected":false},"featured_media":3151,"comment_status":"open","ping_status":"closed","template":"","meta":{"_joinchat":[]},"yoast_head":"<!-- This site is optimized with the Yoast SEO plugin v19.2 - https:\/\/yoast.com\/wordpress\/plugins\/seo\/ -->\n<title>Apple iPad Mini 6 WiFi - 64 GB - Market K\u0131br\u0131s<\/title>\n<meta name=\"robots\" content=\"index, follow, max-snippet:-1, max-image-preview:large, max-video-preview:-1\" \/>\n<link rel=\"canonical\" href=\"https:\/\/marketkibris.com\/en\/product\/apple-ipad-mini-6-wifi-64-gb\/\" \/>\n<meta property=\"og:locale\" content=\"en_GB\" \/>\n<meta property=\"og:type\" content=\"article\" \/>\n<meta property=\"og:title\" content=\"Apple iPad Mini 6 WiFi - 64 GB - Market K\u0131br\u0131s\" \/>\n<meta property=\"og:description\" content=\"True Tone ve geni\u015f renk yelpazesi \u00f6zelliklerine ev sahipli\u011fi yapan g\u00f6z al\u0131c\u0131 8.3 in\u00e7 Liquid Retina ekran Neural Engine birimine sahip A15 Bionic \u00e7ip G\u00fcvenli kimlik do\u011frulama i\u00e7in Touch ID 12 MP Geni\u015f arka kamera, Ana Sahne \u00f6zellikli 12 MP Ultra Geni\u015f \u00f6n kamera Mor, Y\u0131ld\u0131z I\u015f\u0131\u011f\u0131, Pembe ve Uzay Grisi renk se\u00e7enekleri Yatay modda [&hellip;]\" \/>\n<meta property=\"og:url\" content=\"https:\/\/marketkibris.com\/en\/product\/apple-ipad-mini-6-wifi-64-gb\/\" \/>\n<meta property=\"og:site_name\" content=\"Market K\u0131br\u0131s\" \/>\n<meta property=\"article:modified_time\" content=\"2022-07-01T12:16:45+00:00\" \/>\n<meta property=\"og:image\" content=\"https:\/\/marketkibris.com\/wp-content\/uploads\/2022\/07\/iPad-mini-6-2021-gray-tiny.jpg\" \/>\n\t<meta property=\"og:image:width\" content=\"1203\" \/>\n\t<meta property=\"og:image:height\" content=\"1500\" \/>\n\t<meta property=\"og:image:type\" content=\"image\/jpeg\" \/>\n<meta name=\"author\" content=\"erenus\" \/>\n<meta name=\"twitter:card\" content=\"summary_large_image\" \/>\n<meta name=\"twitter:label1\" content=\"Estimated reading time\" \/>\n\t<meta name=\"twitter:data1\" content=\"1 minute\" \/>\n<script type=\"application\/ld+json\" class=\"yoast-schema-graph\">{\"@context\":\"https:\/\/schema.org\",\"@graph\":[{\"@type\":\"WebSite\",\"@id\":\"https:\/\/marketkibris.com\/#website\",\"url\":\"https:\/\/marketkibris.com\/\",\"name\":\"Market K\u0131br\u0131s\",\"description\":\"K\u0131br\u0131s&#039;\u0131n Bir numaral\u0131 Online Elektronik Marketi\",\"potentialAction\":[{\"@type\":\"SearchAction\",\"target\":{\"@type\":\"EntryPoint\",\"urlTemplate\":\"https:\/\/marketkibris.com\/?s={search_term_string}\"},\"query-input\":\"required name=search_term_string\"}],\"inLanguage\":\"en-GB\"},{\"@type\":\"ImageObject\",\"inLanguage\":\"en-GB\",\"@id\":\"https:\/\/marketkibris.com\/urun\/apple-ipad-mini-6-wifi-64-gb\/#primaryimage\",\"url\":\"https:\/\/marketkibris.com\/wp-content\/uploads\/2022\/07\/iPad-mini-6-2021-gray-tiny.jpg\",\"contentUrl\":\"https:\/\/marketkibris.com\/wp-content\/uploads\/2022\/07\/iPad-mini-6-2021-gray-tiny.jpg\",\"width\":1203,\"height\":1500},{\"@type\":\"WebPage\",\"@id\":\"https:\/\/marketkibris.com\/urun\/apple-ipad-mini-6-wifi-64-gb\/#webpage\",\"url\":\"https:\/\/marketkibris.com\/urun\/apple-ipad-mini-6-wifi-64-gb\/\",\"name\":\"Apple iPad Mini 6 WiFi - 64 GB - Market K\u0131br\u0131s\",\"isPartOf\":{\"@id\":\"https:\/\/marketkibris.com\/#website\"},\"primaryImageOfPage\":{\"@id\":\"https:\/\/marketkibris.com\/urun\/apple-ipad-mini-6-wifi-64-gb\/#primaryimage\"},\"datePublished\":\"2022-07-01T12:16:44+00:00\",\"dateModified\":\"2022-07-01T12:16:45+00:00\",\"breadcrumb\":{\"@id\":\"https:\/\/marketkibris.com\/urun\/apple-ipad-mini-6-wifi-64-gb\/#breadcrumb\"},\"inLanguage\":\"en-GB\",\"potentialAction\":[{\"@type\":\"ReadAction\",\"target\":[\"https:\/\/marketkibris.com\/urun\/apple-ipad-mini-6-wifi-64-gb\/\"]}]},{\"@type\":\"BreadcrumbList\",\"@id\":\"https:\/\/marketkibris.com\/urun\/apple-ipad-mini-6-wifi-64-gb\/#breadcrumb\",\"itemListElement\":[{\"@type\":\"ListItem\",\"position\":1,\"name\":\"Anasayfa\",\"item\":\"https:\/\/marketkibris.com\/\"},{\"@type\":\"ListItem\",\"position\":2,\"name\":\"Shop\",\"item\":\"https:\/\/marketkibris.com\/shop\/\"},{\"@type\":\"ListItem\",\"position\":3,\"name\":\"Apple iPad Mini 6 WiFi &#8211; 64 GB\"}]}]}<\/script>\n<!-- \/ Yoast SEO plugin. -->","yoast_head_json":{"title":"Apple iPad Mini 6 WiFi - 64 GB - Market K\u0131br\u0131s","robots":{"index":"index","follow":"follow","max-snippet":"max-snippet:-1","max-image-preview":"max-image-preview:large","max-video-preview":"max-video-preview:-1"},"canonical":"https:\/\/marketkibris.com\/en\/product\/apple-ipad-mini-6-wifi-64-gb\/","og_locale":"en_GB","og_type":"article","og_title":"Apple iPad Mini 6 WiFi - 64 GB - Market K\u0131br\u0131s","og_description":"True Tone ve geni\u015f renk yelpazesi \u00f6zelliklerine ev sahipli\u011fi yapan g\u00f6z al\u0131c\u0131 8.3 in\u00e7 Liquid Retina ekran Neural Engine birimine sahip A15 Bionic \u00e7ip G\u00fcvenli kimlik do\u011frulama i\u00e7in Touch ID 12 MP Geni\u015f arka kamera, Ana Sahne \u00f6zellikli 12 MP Ultra Geni\u015f \u00f6n kamera Mor, Y\u0131ld\u0131z I\u015f\u0131\u011f\u0131, Pembe ve Uzay Grisi renk se\u00e7enekleri Yatay modda [&hellip;]","og_url":"https:\/\/marketkibris.com\/en\/product\/apple-ipad-mini-6-wifi-64-gb\/","og_site_name":"Market K\u0131br\u0131s","article_modified_time":"2022-07-01T12:16:45+00:00","og_image":[{"width":1203,"height":1500,"url":"https:\/\/marketkibris.com\/wp-content\/uploads\/2022\/07\/iPad-mini-6-2021-gray-tiny.jpg","type":"image\/jpeg"}],"author":"erenus","twitter_card":"summary_large_image","twitter_misc":{"Estimated reading time":"1 minute"},"schema":{"@context":"https:\/\/schema.org","@graph":[{"@type":"WebSite","@id":"https:\/\/marketkibris.com\/#website","url":"https:\/\/marketkibris.com\/","name":"Market K\u0131br\u0131s","description":"K\u0131br\u0131s&#039;\u0131n Bir numaral\u0131 Online Elektronik Marketi","potentialAction":[{"@type":"SearchAction","target":{"@type":"EntryPoint","urlTemplate":"https:\/\/marketkibris.com\/?s={search_term_string}"},"query-input":"required name=search_term_string"}],"inLanguage":"en-GB"},{"@type":"ImageObject","inLanguage":"en-GB","@id":"https:\/\/marketkibris.com\/urun\/apple-ipad-mini-6-wifi-64-gb\/#primaryimage","url":"https:\/\/marketkibris.com\/wp-content\/uploads\/2022\/07\/iPad-mini-6-2021-gray-tiny.jpg","contentUrl":"https:\/\/marketkibris.com\/wp-content\/uploads\/2022\/07\/iPad-mini-6-2021-gray-tiny.jpg","width":1203,"height":1500},{"@type":"WebPage","@id":"https:\/\/marketkibris.com\/urun\/apple-ipad-mini-6-wifi-64-gb\/#webpage","url":"https:\/\/marketkibris.com\/urun\/apple-ipad-mini-6-wifi-64-gb\/","name":"Apple iPad Mini 6 WiFi - 64 GB - Market K\u0131br\u0131s","isPartOf":{"@id":"https:\/\/marketkibris.com\/#website"},"primaryImageOfPage":{"@id":"https:\/\/marketkibris.com\/urun\/apple-ipad-mini-6-wifi-64-gb\/#primaryimage"},"datePublished":"2022-07-01T12:16:44+00:00","dateModified":"2022-07-01T12:16:45+00:00","breadcrumb":{"@id":"https:\/\/marketkibris.com\/urun\/apple-ipad-mini-6-wifi-64-gb\/#breadcrumb"},"inLanguage":"en-GB","potentialAction":[{"@type":"ReadAction","target":["https:\/\/marketkibris.com\/urun\/apple-ipad-mini-6-wifi-64-gb\/"]}]},{"@type":"BreadcrumbList","@id":"https:\/\/marketkibris.com\/urun\/apple-ipad-mini-6-wifi-64-gb\/#breadcrumb","itemListElement":[{"@type":"ListItem","position":1,"name":"Anasayfa","item":"https:\/\/marketkibris.com\/"},{"@type":"ListItem","position":2,"name":"Shop","item":"https:\/\/marketkibris.com\/shop\/"},{"@type":"ListItem","position":3,"name":"Apple iPad Mini 6 WiFi &#8211; 64 GB"}]}]}},"_links":{"self":[{"href":"https:\/\/marketkibris.com\/en\/wp-json\/wp\/v2\/product\/3144"}],"collection":[{"href":"https:\/\/marketkibris.com\/en\/wp-json\/wp\/v2\/product"}],"about":[{"href":"https:\/\/marketkibris.com\/en\/wp-json\/wp\/v2\/types\/product"}],"replies":[{"embeddable":true,"href":"https:\/\/marketkibris.com\/en\/wp-json\/wp\/v2\/comments?post=3144"}],"version-history":[{"count":1,"href":"https:\/\/marketkibris.com\/en\/wp-json\/wp\/v2\/product\/3144\/revisions"}],"predecessor-version":[{"id":3153,"href":"https:\/\/marketkibris.com\/en\/wp-json\/wp\/v2\/product\/3144\/revisions\/3153"}],"wp:featuredmedia":[{"embeddable":true,"href":"https:\/\/marketkibris.com\/en\/wp-json\/wp\/v2\/media\/3151"}],"wp:attachment":[{"href":"https:\/\/marketkibris.com\/en\/wp-json\/wp\/v2\/media?parent=3144"}],"curies":[{"name":"wp","href":"https:\/\/api.w.org\/{rel}","templated":true}]}}