{"id":3154,"date":"2022-07-01T15:34:20","date_gmt":"2022-07-01T12:34:20","guid":{"rendered":"https:\/\/marketkibris.com\/?post_type=product&#038;p=3154"},"modified":"2022-07-01T15:34:20","modified_gmt":"2022-07-01T12:34:20","slug":"apple-ipad-9-nesil-wifi-64-gb","status":"publish","type":"product","link":"https:\/\/marketkibris.com\/en\/product\/apple-ipad-9-nesil-wifi-64-gb\/","title":{"rendered":"Apple iPad 9. Nesil WiFi &#8211; 64 GB"},"content":{"rendered":"<ul class=\"a-unordered-list a-vertical a-spacing-mini\">\n<li><span class=\"a-list-item\">True Tone \u00f6zelli\u011fine sahip b\u00fcy\u00fcleyici 10.2 in\u00e7 Retina ekran<\/span><\/li>\n<li><span class=\"a-list-item\">Neural Engine birimine sahip A13 Bionic \u00e7ip<\/span><\/li>\n<li><span class=\"a-list-item\">8 MP Geni\u015f arka kamera, Ana Sahne \u00f6zellikli 12 MP Ultra Geni\u015f \u00f6n kamera<\/span><\/li>\n<li><span class=\"a-list-item\">256 GB\u2019a kadar depolama kapasitesi<\/span><\/li>\n<li><span class=\"a-list-item\">Stereo hoparl\u00f6rler<\/span><\/li>\n<li><span class=\"a-list-item\">G\u00fcvenli kimlik do\u011frulama i\u00e7in Touch ID<\/span><\/li>\n<li><span class=\"a-list-item\">802.11ac Wi-Fi<\/span><\/li>\n<\/ul>\n<div class=\"a-row a-expander-container a-expander-inline-container\">\n<div class=\"a-expander-content a-expander-extend-content a-expander-content-expanded\" aria-expanded=\"true\">\n<ul class=\"a-unordered-list a-vertical a-spacing-none\">\n<li><span class=\"a-list-item\">10 saate kadar pil \u00f6mr\u00fc<\/span><\/li>\n<li><span class=\"a-list-item\">\u015earj ve aksesuar ba\u011flant\u0131s\u0131 i\u00e7in Lightning konnekt\u00f6r\u00fc<\/span><\/li>\n<li><span class=\"a-list-item\">Apple Pencil (1. nesil) ve Smart Keyboard ile uyumluluk. Aksesuarlar ayr\u0131 sat\u0131l\u0131r. Uyumluluk ayg\u0131t nesline g\u00f6re de\u011fi\u015fir.<\/span><\/li>\n<\/ul>\n<\/div>\n<\/div>","protected":false},"excerpt":{"rendered":"<p>True Tone \u00f6zelli\u011fine sahip b\u00fcy\u00fcleyici 10.2 in\u00e7 Retina ekran Neural Engine birimine sahip A13 Bionic \u00e7ip 8 MP Geni\u015f arka kamera, Ana Sahne \u00f6zellikli 12 MP Ultra Geni\u015f \u00f6n kamera 256 GB\u2019a kadar depolama kapasitesi Stereo hoparl\u00f6rler G\u00fcvenli kimlik do\u011frulama i\u00e7in Touch ID 802.11ac Wi-Fi 10 saate kadar pil \u00f6mr\u00fc \u015earj ve aksesuar ba\u011flant\u0131s\u0131 i\u00e7in [&hellip;]<\/p>","protected":false},"featured_media":3155,"comment_status":"open","ping_status":"closed","template":"","meta":{"_joinchat":[]},"yoast_head":"<!-- This site is optimized with the Yoast SEO plugin v19.2 - https:\/\/yoast.com\/wordpress\/plugins\/seo\/ -->\n<title>Apple iPad 9. Nesil WiFi - 64 GB - Market K\u0131br\u0131s<\/title>\n<meta name=\"robots\" content=\"index, follow, max-snippet:-1, max-image-preview:large, max-video-preview:-1\" \/>\n<link rel=\"canonical\" href=\"https:\/\/marketkibris.com\/en\/product\/apple-ipad-9-nesil-wifi-64-gb\/\" \/>\n<meta property=\"og:locale\" content=\"en_GB\" \/>\n<meta property=\"og:type\" content=\"article\" \/>\n<meta property=\"og:title\" content=\"Apple iPad 9. Nesil WiFi - 64 GB - Market K\u0131br\u0131s\" \/>\n<meta property=\"og:description\" content=\"True Tone \u00f6zelli\u011fine sahip b\u00fcy\u00fcleyici 10.2 in\u00e7 Retina ekran Neural Engine birimine sahip A13 Bionic \u00e7ip 8 MP Geni\u015f arka kamera, Ana Sahne \u00f6zellikli 12 MP Ultra Geni\u015f \u00f6n kamera 256 GB\u2019a kadar depolama kapasitesi Stereo hoparl\u00f6rler G\u00fcvenli kimlik do\u011frulama i\u00e7in Touch ID 802.11ac Wi-Fi 10 saate kadar pil \u00f6mr\u00fc \u015earj ve aksesuar ba\u011flant\u0131s\u0131 i\u00e7in [&hellip;]\" \/>\n<meta property=\"og:url\" content=\"https:\/\/marketkibris.com\/en\/product\/apple-ipad-9-nesil-wifi-64-gb\/\" \/>\n<meta property=\"og:site_name\" content=\"Market K\u0131br\u0131s\" \/>\n<meta property=\"og:image\" content=\"https:\/\/marketkibris.com\/wp-content\/uploads\/2022\/07\/ipad-9th-gen-white-tiny.jpg\" \/>\n\t<meta property=\"og:image:width\" content=\"1650\" \/>\n\t<meta property=\"og:image:height\" content=\"1650\" \/>\n\t<meta property=\"og:image:type\" content=\"image\/jpeg\" \/>\n<meta name=\"author\" content=\"erenus\" \/>\n<meta name=\"twitter:card\" content=\"summary_large_image\" \/>\n<meta name=\"twitter:label1\" content=\"Estimated reading time\" \/>\n\t<meta name=\"twitter:data1\" content=\"1 minute\" \/>\n<script type=\"application\/ld+json\" class=\"yoast-schema-graph\">{\"@context\":\"https:\/\/schema.org\",\"@graph\":[{\"@type\":\"WebSite\",\"@id\":\"https:\/\/marketkibris.com\/#website\",\"url\":\"https:\/\/marketkibris.com\/\",\"name\":\"Market K\u0131br\u0131s\",\"description\":\"K\u0131br\u0131s&#039;\u0131n Bir numaral\u0131 Online Elektronik Marketi\",\"potentialAction\":[{\"@type\":\"SearchAction\",\"target\":{\"@type\":\"EntryPoint\",\"urlTemplate\":\"https:\/\/marketkibris.com\/?s={search_term_string}\"},\"query-input\":\"required name=search_term_string\"}],\"inLanguage\":\"en-GB\"},{\"@type\":\"ImageObject\",\"inLanguage\":\"en-GB\",\"@id\":\"https:\/\/marketkibris.com\/urun\/apple-ipad-9-nesil-wifi-64-gb\/#primaryimage\",\"url\":\"https:\/\/marketkibris.com\/wp-content\/uploads\/2022\/07\/ipad-9th-gen-white-tiny.jpg\",\"contentUrl\":\"https:\/\/marketkibris.com\/wp-content\/uploads\/2022\/07\/ipad-9th-gen-white-tiny.jpg\",\"width\":1650,\"height\":1650},{\"@type\":\"WebPage\",\"@id\":\"https:\/\/marketkibris.com\/urun\/apple-ipad-9-nesil-wifi-64-gb\/#webpage\",\"url\":\"https:\/\/marketkibris.com\/urun\/apple-ipad-9-nesil-wifi-64-gb\/\",\"name\":\"Apple iPad 9. Nesil WiFi - 64 GB - Market K\u0131br\u0131s\",\"isPartOf\":{\"@id\":\"https:\/\/marketkibris.com\/#website\"},\"primaryImageOfPage\":{\"@id\":\"https:\/\/marketkibris.com\/urun\/apple-ipad-9-nesil-wifi-64-gb\/#primaryimage\"},\"datePublished\":\"2022-07-01T12:34:20+00:00\",\"dateModified\":\"2022-07-01T12:34:20+00:00\",\"breadcrumb\":{\"@id\":\"https:\/\/marketkibris.com\/urun\/apple-ipad-9-nesil-wifi-64-gb\/#breadcrumb\"},\"inLanguage\":\"en-GB\",\"potentialAction\":[{\"@type\":\"ReadAction\",\"target\":[\"https:\/\/marketkibris.com\/urun\/apple-ipad-9-nesil-wifi-64-gb\/\"]}]},{\"@type\":\"BreadcrumbList\",\"@id\":\"https:\/\/marketkibris.com\/urun\/apple-ipad-9-nesil-wifi-64-gb\/#breadcrumb\",\"itemListElement\":[{\"@type\":\"ListItem\",\"position\":1,\"name\":\"Anasayfa\",\"item\":\"https:\/\/marketkibris.com\/\"},{\"@type\":\"ListItem\",\"position\":2,\"name\":\"Shop\",\"item\":\"https:\/\/marketkibris.com\/shop\/\"},{\"@type\":\"ListItem\",\"position\":3,\"name\":\"Apple iPad 9. Nesil WiFi &#8211; 64 GB\"}]}]}<\/script>\n<!-- \/ Yoast SEO plugin. -->","yoast_head_json":{"title":"Apple iPad 9. Nesil WiFi - 64 GB - Market K\u0131br\u0131s","robots":{"index":"index","follow":"follow","max-snippet":"max-snippet:-1","max-image-preview":"max-image-preview:large","max-video-preview":"max-video-preview:-1"},"canonical":"https:\/\/marketkibris.com\/en\/product\/apple-ipad-9-nesil-wifi-64-gb\/","og_locale":"en_GB","og_type":"article","og_title":"Apple iPad 9. Nesil WiFi - 64 GB - Market K\u0131br\u0131s","og_description":"True Tone \u00f6zelli\u011fine sahip b\u00fcy\u00fcleyici 10.2 in\u00e7 Retina ekran Neural Engine birimine sahip A13 Bionic \u00e7ip 8 MP Geni\u015f arka kamera, Ana Sahne \u00f6zellikli 12 MP Ultra Geni\u015f \u00f6n kamera 256 GB\u2019a kadar depolama kapasitesi Stereo hoparl\u00f6rler G\u00fcvenli kimlik do\u011frulama i\u00e7in Touch ID 802.11ac Wi-Fi 10 saate kadar pil \u00f6mr\u00fc \u015earj ve aksesuar ba\u011flant\u0131s\u0131 i\u00e7in [&hellip;]","og_url":"https:\/\/marketkibris.com\/en\/product\/apple-ipad-9-nesil-wifi-64-gb\/","og_site_name":"Market K\u0131br\u0131s","og_image":[{"width":1650,"height":1650,"url":"https:\/\/marketkibris.com\/wp-content\/uploads\/2022\/07\/ipad-9th-gen-white-tiny.jpg","type":"image\/jpeg"}],"author":"erenus","twitter_card":"summary_large_image","twitter_misc":{"Estimated reading time":"1 minute"},"schema":{"@context":"https:\/\/schema.org","@graph":[{"@type":"WebSite","@id":"https:\/\/marketkibris.com\/#website","url":"https:\/\/marketkibris.com\/","name":"Market K\u0131br\u0131s","description":"K\u0131br\u0131s&#039;\u0131n Bir numaral\u0131 Online Elektronik Marketi","potentialAction":[{"@type":"SearchAction","target":{"@type":"EntryPoint","urlTemplate":"https:\/\/marketkibris.com\/?s={search_term_string}"},"query-input":"required name=search_term_string"}],"inLanguage":"en-GB"},{"@type":"ImageObject","inLanguage":"en-GB","@id":"https:\/\/marketkibris.com\/urun\/apple-ipad-9-nesil-wifi-64-gb\/#primaryimage","url":"https:\/\/marketkibris.com\/wp-content\/uploads\/2022\/07\/ipad-9th-gen-white-tiny.jpg","contentUrl":"https:\/\/marketkibris.com\/wp-content\/uploads\/2022\/07\/ipad-9th-gen-white-tiny.jpg","width":1650,"height":1650},{"@type":"WebPage","@id":"https:\/\/marketkibris.com\/urun\/apple-ipad-9-nesil-wifi-64-gb\/#webpage","url":"https:\/\/marketkibris.com\/urun\/apple-ipad-9-nesil-wifi-64-gb\/","name":"Apple iPad 9. Nesil WiFi - 64 GB - Market K\u0131br\u0131s","isPartOf":{"@id":"https:\/\/marketkibris.com\/#website"},"primaryImageOfPage":{"@id":"https:\/\/marketkibris.com\/urun\/apple-ipad-9-nesil-wifi-64-gb\/#primaryimage"},"datePublished":"2022-07-01T12:34:20+00:00","dateModified":"2022-07-01T12:34:20+00:00","breadcrumb":{"@id":"https:\/\/marketkibris.com\/urun\/apple-ipad-9-nesil-wifi-64-gb\/#breadcrumb"},"inLanguage":"en-GB","potentialAction":[{"@type":"ReadAction","target":["https:\/\/marketkibris.com\/urun\/apple-ipad-9-nesil-wifi-64-gb\/"]}]},{"@type":"BreadcrumbList","@id":"https:\/\/marketkibris.com\/urun\/apple-ipad-9-nesil-wifi-64-gb\/#breadcrumb","itemListElement":[{"@type":"ListItem","position":1,"name":"Anasayfa","item":"https:\/\/marketkibris.com\/"},{"@type":"ListItem","position":2,"name":"Shop","item":"https:\/\/marketkibris.com\/shop\/"},{"@type":"ListItem","position":3,"name":"Apple iPad 9. Nesil WiFi &#8211; 64 GB"}]}]}},"_links":{"self":[{"href":"https:\/\/marketkibris.com\/en\/wp-json\/wp\/v2\/product\/3154"}],"collection":[{"href":"https:\/\/marketkibris.com\/en\/wp-json\/wp\/v2\/product"}],"about":[{"href":"https:\/\/marketkibris.com\/en\/wp-json\/wp\/v2\/types\/product"}],"replies":[{"embeddable":true,"href":"https:\/\/marketkibris.com\/en\/wp-json\/wp\/v2\/comments?post=3154"}],"version-history":[{"count":1,"href":"https:\/\/marketkibris.com\/en\/wp-json\/wp\/v2\/product\/3154\/revisions"}],"predecessor-version":[{"id":3159,"href":"https:\/\/marketkibris.com\/en\/wp-json\/wp\/v2\/product\/3154\/revisions\/3159"}],"wp:featuredmedia":[{"embeddable":true,"href":"https:\/\/marketkibris.com\/en\/wp-json\/wp\/v2\/media\/3155"}],"wp:attachment":[{"href":"https:\/\/marketkibris.com\/en\/wp-json\/wp\/v2\/media?parent=3154"}],"curies":[{"name":"wp","href":"https:\/\/api.w.org\/{rel}","templated":true}]}}