{"id":3170,"date":"2022-07-01T16:07:48","date_gmt":"2022-07-01T13:07:48","guid":{"rendered":"https:\/\/marketkibris.com\/?post_type=product&#038;p=3170"},"modified":"2022-07-01T16:10:08","modified_gmt":"2022-07-01T13:10:08","slug":"apple-ipad-pro-12-9-m1-wifi-256-gb","status":"publish","type":"product","link":"https:\/\/marketkibris.com\/en\/product\/apple-ipad-pro-12-9-m1-wifi-256-gb\/","title":{"rendered":"Apple iPad Pro 12.9&#8243; M1 WiFi &#8211; 256 GB"},"content":{"rendered":"<ul class=\"a-unordered-list a-vertical a-spacing-mini\">\n<li><span class=\"a-list-item\">\u00dcst d\u00fczey performans i\u00e7in Apple M1 \u00e7ip<\/span><\/li>\n<li><span class=\"a-list-item\">ProMotion, True Tone ve P3 geni\u015f renk yelpazesi \u00f6zelliklerine sahip g\u00f6z al\u0131c\u0131 12.9 in\u00e7 Liquid Retina XDR ekran<\/span><\/li>\n<li><span class=\"a-list-item\">Ana Sahne \u00f6zellikli Ultra Geni\u015f kameraya sahip TrueDepth kamera sistemi<\/span><\/li>\n<li><span class=\"a-list-item\">12 MP Geni\u015f kamera, 10 MP Ultra Geni\u015f kamera ve etkileyici AR deneyimleri i\u00e7in LiDAR Taray\u0131c\u0131s\u0131<\/span><\/li>\n<li><span class=\"a-list-item\">Ultra h\u0131zl\u0131 Wi-Fi 6 ile ba\u011flant\u0131da kal\u0131n<\/span><\/li>\n<li><span class=\"a-list-item\">T\u00fcm g\u00fcn s\u00fcren pil \u00f6mr\u00fcyle daha \u00e7ok \u015fey ba\u015far\u0131n<\/span><\/li>\n<li><span class=\"a-list-item\">H\u0131zl\u0131 harici depolama ayg\u0131tlar\u0131na, ekranlara ve dock\u2019lara ba\u011flanmak i\u00e7in Thunderbolt ba\u011flant\u0131 noktas\u0131<\/span><\/li>\n<\/ul>\n<div class=\"a-row a-expander-container a-expander-inline-container\">\n<div class=\"a-expander-content a-expander-extend-content a-expander-content-expanded\" aria-expanded=\"true\">\n<ul class=\"a-unordered-list a-vertical a-spacing-none\">\n<li><span class=\"a-list-item\">G\u00fcvenli kimlik do\u011frulama i\u00e7in Face ID<\/span><\/li>\n<li><span class=\"a-list-item\">D\u00f6rt hoparl\u00f6rl\u00fc ses sistemi ve st\u00fcdyo kalitesinde be\u015f mikrofon<\/span><\/li>\n<li><span class=\"a-list-item\">Apple Pencil (2. nesil), Magic Keyboard ve Smart Keyboard Folio ile uyumluluk. Aksesuarlar ayr\u0131 sat\u0131l\u0131r. Uyumluluk ayg\u0131t nesline g\u00f6re de\u011fi\u015fir.<\/span><\/li>\n<\/ul>\n<\/div>\n<\/div>","protected":false},"excerpt":{"rendered":"<p>\u00dcst d\u00fczey performans i\u00e7in Apple M1 \u00e7ip ProMotion, True Tone ve P3 geni\u015f renk yelpazesi \u00f6zelliklerine sahip g\u00f6z al\u0131c\u0131 12.9 in\u00e7 Liquid Retina XDR ekran Ana Sahne \u00f6zellikli Ultra Geni\u015f kameraya sahip TrueDepth kamera sistemi 12 MP Geni\u015f kamera, 10 MP Ultra Geni\u015f kamera ve etkileyici AR deneyimleri i\u00e7in LiDAR Taray\u0131c\u0131s\u0131 Ultra h\u0131zl\u0131 Wi-Fi 6 [&hellip;]<\/p>","protected":false},"featured_media":3166,"comment_status":"open","ping_status":"closed","template":"","meta":{"_joinchat":[]},"yoast_head":"<!-- This site is optimized with the Yoast SEO plugin v19.2 - https:\/\/yoast.com\/wordpress\/plugins\/seo\/ -->\n<title>Apple iPad Pro 12.9&quot; M1 WiFi - 256 GB - Market K\u0131br\u0131s<\/title>\n<meta name=\"robots\" content=\"index, follow, max-snippet:-1, max-image-preview:large, max-video-preview:-1\" \/>\n<link rel=\"canonical\" href=\"https:\/\/marketkibris.com\/en\/product\/apple-ipad-pro-12-9-m1-wifi-256-gb\/\" \/>\n<meta property=\"og:locale\" content=\"en_GB\" \/>\n<meta property=\"og:type\" content=\"article\" \/>\n<meta property=\"og:title\" content=\"Apple iPad Pro 12.9&quot; M1 WiFi - 256 GB - Market K\u0131br\u0131s\" \/>\n<meta property=\"og:description\" content=\"\u00dcst d\u00fczey performans i\u00e7in Apple M1 \u00e7ip ProMotion, True Tone ve P3 geni\u015f renk yelpazesi \u00f6zelliklerine sahip g\u00f6z al\u0131c\u0131 12.9 in\u00e7 Liquid Retina XDR ekran Ana Sahne \u00f6zellikli Ultra Geni\u015f kameraya sahip TrueDepth kamera sistemi 12 MP Geni\u015f kamera, 10 MP Ultra Geni\u015f kamera ve etkileyici AR deneyimleri i\u00e7in LiDAR Taray\u0131c\u0131s\u0131 Ultra h\u0131zl\u0131 Wi-Fi 6 [&hellip;]\" \/>\n<meta property=\"og:url\" content=\"https:\/\/marketkibris.com\/en\/product\/apple-ipad-pro-12-9-m1-wifi-256-gb\/\" \/>\n<meta property=\"og:site_name\" content=\"Market K\u0131br\u0131s\" \/>\n<meta property=\"article:modified_time\" content=\"2022-07-01T13:10:08+00:00\" \/>\n<meta property=\"og:image\" content=\"https:\/\/marketkibris.com\/wp-content\/uploads\/2022\/07\/iPad-Pro-2021-12.9-inch-white-tiny.jpg\" \/>\n\t<meta property=\"og:image:width\" content=\"1945\" \/>\n\t<meta property=\"og:image:height\" content=\"2000\" \/>\n\t<meta property=\"og:image:type\" content=\"image\/jpeg\" \/>\n<meta name=\"author\" content=\"erenus\" \/>\n<meta name=\"twitter:card\" content=\"summary_large_image\" \/>\n<meta name=\"twitter:label1\" content=\"Estimated reading time\" \/>\n\t<meta name=\"twitter:data1\" content=\"1 minute\" \/>\n<script type=\"application\/ld+json\" class=\"yoast-schema-graph\">{\"@context\":\"https:\/\/schema.org\",\"@graph\":[{\"@type\":\"WebSite\",\"@id\":\"https:\/\/marketkibris.com\/#website\",\"url\":\"https:\/\/marketkibris.com\/\",\"name\":\"Market K\u0131br\u0131s\",\"description\":\"K\u0131br\u0131s&#039;\u0131n Bir numaral\u0131 Online Elektronik Marketi\",\"potentialAction\":[{\"@type\":\"SearchAction\",\"target\":{\"@type\":\"EntryPoint\",\"urlTemplate\":\"https:\/\/marketkibris.com\/?s={search_term_string}\"},\"query-input\":\"required name=search_term_string\"}],\"inLanguage\":\"en-GB\"},{\"@type\":\"ImageObject\",\"inLanguage\":\"en-GB\",\"@id\":\"https:\/\/marketkibris.com\/urun\/apple-ipad-pro-12-9-m1-wifi-256-gb\/#primaryimage\",\"url\":\"https:\/\/marketkibris.com\/wp-content\/uploads\/2022\/07\/iPad-Pro-2021-12.9-inch-white-tiny.jpg\",\"contentUrl\":\"https:\/\/marketkibris.com\/wp-content\/uploads\/2022\/07\/iPad-Pro-2021-12.9-inch-white-tiny.jpg\",\"width\":1945,\"height\":2000},{\"@type\":\"WebPage\",\"@id\":\"https:\/\/marketkibris.com\/urun\/apple-ipad-pro-12-9-m1-wifi-256-gb\/#webpage\",\"url\":\"https:\/\/marketkibris.com\/urun\/apple-ipad-pro-12-9-m1-wifi-256-gb\/\",\"name\":\"Apple iPad Pro 12.9\\\" M1 WiFi - 256 GB - Market K\u0131br\u0131s\",\"isPartOf\":{\"@id\":\"https:\/\/marketkibris.com\/#website\"},\"primaryImageOfPage\":{\"@id\":\"https:\/\/marketkibris.com\/urun\/apple-ipad-pro-12-9-m1-wifi-256-gb\/#primaryimage\"},\"datePublished\":\"2022-07-01T13:07:48+00:00\",\"dateModified\":\"2022-07-01T13:10:08+00:00\",\"breadcrumb\":{\"@id\":\"https:\/\/marketkibris.com\/urun\/apple-ipad-pro-12-9-m1-wifi-256-gb\/#breadcrumb\"},\"inLanguage\":\"en-GB\",\"potentialAction\":[{\"@type\":\"ReadAction\",\"target\":[\"https:\/\/marketkibris.com\/urun\/apple-ipad-pro-12-9-m1-wifi-256-gb\/\"]}]},{\"@type\":\"BreadcrumbList\",\"@id\":\"https:\/\/marketkibris.com\/urun\/apple-ipad-pro-12-9-m1-wifi-256-gb\/#breadcrumb\",\"itemListElement\":[{\"@type\":\"ListItem\",\"position\":1,\"name\":\"Anasayfa\",\"item\":\"https:\/\/marketkibris.com\/\"},{\"@type\":\"ListItem\",\"position\":2,\"name\":\"Shop\",\"item\":\"https:\/\/marketkibris.com\/shop\/\"},{\"@type\":\"ListItem\",\"position\":3,\"name\":\"Apple iPad Pro 12.9&#8243; M1 WiFi &#8211; 256 GB\"}]}]}<\/script>\n<!-- \/ Yoast SEO plugin. -->","yoast_head_json":{"title":"Apple iPad Pro 12.9\" M1 WiFi - 256 GB - Market K\u0131br\u0131s","robots":{"index":"index","follow":"follow","max-snippet":"max-snippet:-1","max-image-preview":"max-image-preview:large","max-video-preview":"max-video-preview:-1"},"canonical":"https:\/\/marketkibris.com\/en\/product\/apple-ipad-pro-12-9-m1-wifi-256-gb\/","og_locale":"en_GB","og_type":"article","og_title":"Apple iPad Pro 12.9\" M1 WiFi - 256 GB - Market K\u0131br\u0131s","og_description":"\u00dcst d\u00fczey performans i\u00e7in Apple M1 \u00e7ip ProMotion, True Tone ve P3 geni\u015f renk yelpazesi \u00f6zelliklerine sahip g\u00f6z al\u0131c\u0131 12.9 in\u00e7 Liquid Retina XDR ekran Ana Sahne \u00f6zellikli Ultra Geni\u015f kameraya sahip TrueDepth kamera sistemi 12 MP Geni\u015f kamera, 10 MP Ultra Geni\u015f kamera ve etkileyici AR deneyimleri i\u00e7in LiDAR Taray\u0131c\u0131s\u0131 Ultra h\u0131zl\u0131 Wi-Fi 6 [&hellip;]","og_url":"https:\/\/marketkibris.com\/en\/product\/apple-ipad-pro-12-9-m1-wifi-256-gb\/","og_site_name":"Market K\u0131br\u0131s","article_modified_time":"2022-07-01T13:10:08+00:00","og_image":[{"width":1945,"height":2000,"url":"https:\/\/marketkibris.com\/wp-content\/uploads\/2022\/07\/iPad-Pro-2021-12.9-inch-white-tiny.jpg","type":"image\/jpeg"}],"author":"erenus","twitter_card":"summary_large_image","twitter_misc":{"Estimated reading time":"1 minute"},"schema":{"@context":"https:\/\/schema.org","@graph":[{"@type":"WebSite","@id":"https:\/\/marketkibris.com\/#website","url":"https:\/\/marketkibris.com\/","name":"Market K\u0131br\u0131s","description":"K\u0131br\u0131s&#039;\u0131n Bir numaral\u0131 Online Elektronik Marketi","potentialAction":[{"@type":"SearchAction","target":{"@type":"EntryPoint","urlTemplate":"https:\/\/marketkibris.com\/?s={search_term_string}"},"query-input":"required name=search_term_string"}],"inLanguage":"en-GB"},{"@type":"ImageObject","inLanguage":"en-GB","@id":"https:\/\/marketkibris.com\/urun\/apple-ipad-pro-12-9-m1-wifi-256-gb\/#primaryimage","url":"https:\/\/marketkibris.com\/wp-content\/uploads\/2022\/07\/iPad-Pro-2021-12.9-inch-white-tiny.jpg","contentUrl":"https:\/\/marketkibris.com\/wp-content\/uploads\/2022\/07\/iPad-Pro-2021-12.9-inch-white-tiny.jpg","width":1945,"height":2000},{"@type":"WebPage","@id":"https:\/\/marketkibris.com\/urun\/apple-ipad-pro-12-9-m1-wifi-256-gb\/#webpage","url":"https:\/\/marketkibris.com\/urun\/apple-ipad-pro-12-9-m1-wifi-256-gb\/","name":"Apple iPad Pro 12.9\" M1 WiFi - 256 GB - Market K\u0131br\u0131s","isPartOf":{"@id":"https:\/\/marketkibris.com\/#website"},"primaryImageOfPage":{"@id":"https:\/\/marketkibris.com\/urun\/apple-ipad-pro-12-9-m1-wifi-256-gb\/#primaryimage"},"datePublished":"2022-07-01T13:07:48+00:00","dateModified":"2022-07-01T13:10:08+00:00","breadcrumb":{"@id":"https:\/\/marketkibris.com\/urun\/apple-ipad-pro-12-9-m1-wifi-256-gb\/#breadcrumb"},"inLanguage":"en-GB","potentialAction":[{"@type":"ReadAction","target":["https:\/\/marketkibris.com\/urun\/apple-ipad-pro-12-9-m1-wifi-256-gb\/"]}]},{"@type":"BreadcrumbList","@id":"https:\/\/marketkibris.com\/urun\/apple-ipad-pro-12-9-m1-wifi-256-gb\/#breadcrumb","itemListElement":[{"@type":"ListItem","position":1,"name":"Anasayfa","item":"https:\/\/marketkibris.com\/"},{"@type":"ListItem","position":2,"name":"Shop","item":"https:\/\/marketkibris.com\/shop\/"},{"@type":"ListItem","position":3,"name":"Apple iPad Pro 12.9&#8243; M1 WiFi &#8211; 256 GB"}]}]}},"_links":{"self":[{"href":"https:\/\/marketkibris.com\/en\/wp-json\/wp\/v2\/product\/3170"}],"collection":[{"href":"https:\/\/marketkibris.com\/en\/wp-json\/wp\/v2\/product"}],"about":[{"href":"https:\/\/marketkibris.com\/en\/wp-json\/wp\/v2\/types\/product"}],"replies":[{"embeddable":true,"href":"https:\/\/marketkibris.com\/en\/wp-json\/wp\/v2\/comments?post=3170"}],"version-history":[{"count":1,"href":"https:\/\/marketkibris.com\/en\/wp-json\/wp\/v2\/product\/3170\/revisions"}],"predecessor-version":[{"id":3171,"href":"https:\/\/marketkibris.com\/en\/wp-json\/wp\/v2\/product\/3170\/revisions\/3171"}],"wp:featuredmedia":[{"embeddable":true,"href":"https:\/\/marketkibris.com\/en\/wp-json\/wp\/v2\/media\/3166"}],"wp:attachment":[{"href":"https:\/\/marketkibris.com\/en\/wp-json\/wp\/v2\/media?parent=3170"}],"curies":[{"name":"wp","href":"https:\/\/api.w.org\/{rel}","templated":true}]}}