{"id":3172,"date":"2022-07-01T16:48:19","date_gmt":"2022-07-01T13:48:19","guid":{"rendered":"https:\/\/marketkibris.com\/?post_type=product&#038;p=3172"},"modified":"2022-07-01T16:48:19","modified_gmt":"2022-07-01T13:48:19","slug":"apple-ipad-air-5-nesil-64-gb","status":"publish","type":"product","link":"https:\/\/marketkibris.com\/en\/product\/apple-ipad-air-5-nesil-64-gb\/","title":{"rendered":"Apple iPad Air 5. Nesil &#8211; 64 GB"},"content":{"rendered":"<ul class=\"a-unordered-list a-vertical a-spacing-mini\">\n<li><span class=\"a-list-item\">10.9-in\u00e7 True Tone, P3 geni\u015f renk, ve anti-yans\u0131tma kaplamas\u0131yla S\u0131v\u0131 Retina display<\/span><\/li>\n<li><span class=\"a-list-item\">Apple M1 \u00e7ipli Neural Engine<\/span><\/li>\n<li><span class=\"a-list-item\">12MP Geni\u015f kamera<\/span><\/li>\n<li><span class=\"a-list-item\">12MP \u00d6n Sahneli Ultra Geni\u015f \u00f6n kamera<\/span><\/li>\n<li><span class=\"a-list-item\">Mavi, mor, pembe, starlight, ve uzay grisi renkleriyle mevcut<\/span><\/li>\n<li><span class=\"a-list-item\">Stereo manzara hoparl\u00f6rleri<\/span><\/li>\n<\/ul>\n<div class=\"a-row a-expander-container a-expander-inline-container\">\n<div class=\"a-expander-content a-expander-extend-content a-expander-content-expanded\" aria-expanded=\"true\">\n<ul class=\"a-unordered-list a-vertical a-spacing-none\">\n<li><span class=\"a-list-item\">G\u00fcvenli kimlik do\u011frulama i\u00e7in Dokunmatik ID ve Apple Pay<\/span><\/li>\n<li><span class=\"a-list-item\">T\u00fcm g\u00fcn pil \u00f6mr\u00fc<\/span><\/li>\n<li><span class=\"a-list-item\">5G kabiliyetli<\/span><\/li>\n<\/ul>\n<\/div>\n<\/div>","protected":false},"excerpt":{"rendered":"<p>10.9-in\u00e7 True Tone, P3 geni\u015f renk, ve anti-yans\u0131tma kaplamas\u0131yla S\u0131v\u0131 Retina display Apple M1 \u00e7ipli Neural Engine 12MP Geni\u015f kamera 12MP \u00d6n Sahneli Ultra Geni\u015f \u00f6n kamera Mavi, mor, pembe, starlight, ve uzay grisi renkleriyle mevcut Stereo manzara hoparl\u00f6rleri G\u00fcvenli kimlik do\u011frulama i\u00e7in Dokunmatik ID ve Apple Pay T\u00fcm g\u00fcn pil \u00f6mr\u00fc 5G kabiliyetli<\/p>","protected":false},"featured_media":3173,"comment_status":"open","ping_status":"closed","template":"","meta":{"_joinchat":[]},"yoast_head":"<!-- This site is optimized with the Yoast SEO plugin v19.2 - https:\/\/yoast.com\/wordpress\/plugins\/seo\/ -->\n<title>Apple iPad Air 5. Nesil - 64 GB - Market K\u0131br\u0131s<\/title>\n<meta name=\"robots\" content=\"index, follow, max-snippet:-1, max-image-preview:large, max-video-preview:-1\" \/>\n<link rel=\"canonical\" href=\"https:\/\/marketkibris.com\/en\/product\/apple-ipad-air-5-nesil-64-gb\/\" \/>\n<meta property=\"og:locale\" content=\"en_GB\" \/>\n<meta property=\"og:type\" content=\"article\" \/>\n<meta property=\"og:title\" content=\"Apple iPad Air 5. Nesil - 64 GB - Market K\u0131br\u0131s\" \/>\n<meta property=\"og:description\" content=\"10.9-in\u00e7 True Tone, P3 geni\u015f renk, ve anti-yans\u0131tma kaplamas\u0131yla S\u0131v\u0131 Retina display Apple M1 \u00e7ipli Neural Engine 12MP Geni\u015f kamera 12MP \u00d6n Sahneli Ultra Geni\u015f \u00f6n kamera Mavi, mor, pembe, starlight, ve uzay grisi renkleriyle mevcut Stereo manzara hoparl\u00f6rleri G\u00fcvenli kimlik do\u011frulama i\u00e7in Dokunmatik ID ve Apple Pay T\u00fcm g\u00fcn pil \u00f6mr\u00fc 5G kabiliyetli\" \/>\n<meta property=\"og:url\" content=\"https:\/\/marketkibris.com\/en\/product\/apple-ipad-air-5-nesil-64-gb\/\" \/>\n<meta property=\"og:site_name\" content=\"Market K\u0131br\u0131s\" \/>\n<meta property=\"og:image\" content=\"https:\/\/marketkibris.com\/wp-content\/uploads\/2022\/07\/iPad-Air-white-tiny.jpg\" \/>\n\t<meta property=\"og:image:width\" content=\"1765\" \/>\n\t<meta property=\"og:image:height\" content=\"2000\" \/>\n\t<meta property=\"og:image:type\" content=\"image\/jpeg\" \/>\n<meta name=\"author\" content=\"erenus\" \/>\n<meta name=\"twitter:card\" content=\"summary_large_image\" \/>\n<meta name=\"twitter:label1\" content=\"Estimated reading time\" \/>\n\t<meta name=\"twitter:data1\" content=\"1 minute\" \/>\n<script type=\"application\/ld+json\" class=\"yoast-schema-graph\">{\"@context\":\"https:\/\/schema.org\",\"@graph\":[{\"@type\":\"WebSite\",\"@id\":\"https:\/\/marketkibris.com\/#website\",\"url\":\"https:\/\/marketkibris.com\/\",\"name\":\"Market K\u0131br\u0131s\",\"description\":\"K\u0131br\u0131s&#039;\u0131n Bir numaral\u0131 Online Elektronik Marketi\",\"potentialAction\":[{\"@type\":\"SearchAction\",\"target\":{\"@type\":\"EntryPoint\",\"urlTemplate\":\"https:\/\/marketkibris.com\/?s={search_term_string}\"},\"query-input\":\"required name=search_term_string\"}],\"inLanguage\":\"en-GB\"},{\"@type\":\"ImageObject\",\"inLanguage\":\"en-GB\",\"@id\":\"https:\/\/marketkibris.com\/urun\/apple-ipad-air-5-nesil-64-gb\/#primaryimage\",\"url\":\"https:\/\/marketkibris.com\/wp-content\/uploads\/2022\/07\/iPad-Air-white-tiny.jpg\",\"contentUrl\":\"https:\/\/marketkibris.com\/wp-content\/uploads\/2022\/07\/iPad-Air-white-tiny.jpg\",\"width\":1765,\"height\":2000},{\"@type\":\"WebPage\",\"@id\":\"https:\/\/marketkibris.com\/urun\/apple-ipad-air-5-nesil-64-gb\/#webpage\",\"url\":\"https:\/\/marketkibris.com\/urun\/apple-ipad-air-5-nesil-64-gb\/\",\"name\":\"Apple iPad Air 5. Nesil - 64 GB - Market K\u0131br\u0131s\",\"isPartOf\":{\"@id\":\"https:\/\/marketkibris.com\/#website\"},\"primaryImageOfPage\":{\"@id\":\"https:\/\/marketkibris.com\/urun\/apple-ipad-air-5-nesil-64-gb\/#primaryimage\"},\"datePublished\":\"2022-07-01T13:48:19+00:00\",\"dateModified\":\"2022-07-01T13:48:19+00:00\",\"breadcrumb\":{\"@id\":\"https:\/\/marketkibris.com\/urun\/apple-ipad-air-5-nesil-64-gb\/#breadcrumb\"},\"inLanguage\":\"en-GB\",\"potentialAction\":[{\"@type\":\"ReadAction\",\"target\":[\"https:\/\/marketkibris.com\/urun\/apple-ipad-air-5-nesil-64-gb\/\"]}]},{\"@type\":\"BreadcrumbList\",\"@id\":\"https:\/\/marketkibris.com\/urun\/apple-ipad-air-5-nesil-64-gb\/#breadcrumb\",\"itemListElement\":[{\"@type\":\"ListItem\",\"position\":1,\"name\":\"Anasayfa\",\"item\":\"https:\/\/marketkibris.com\/\"},{\"@type\":\"ListItem\",\"position\":2,\"name\":\"Shop\",\"item\":\"https:\/\/marketkibris.com\/shop\/\"},{\"@type\":\"ListItem\",\"position\":3,\"name\":\"Apple iPad Air 5. Nesil &#8211; 64 GB\"}]}]}<\/script>\n<!-- \/ Yoast SEO plugin. -->","yoast_head_json":{"title":"Apple iPad Air 5. Nesil - 64 GB - Market K\u0131br\u0131s","robots":{"index":"index","follow":"follow","max-snippet":"max-snippet:-1","max-image-preview":"max-image-preview:large","max-video-preview":"max-video-preview:-1"},"canonical":"https:\/\/marketkibris.com\/en\/product\/apple-ipad-air-5-nesil-64-gb\/","og_locale":"en_GB","og_type":"article","og_title":"Apple iPad Air 5. Nesil - 64 GB - Market K\u0131br\u0131s","og_description":"10.9-in\u00e7 True Tone, P3 geni\u015f renk, ve anti-yans\u0131tma kaplamas\u0131yla S\u0131v\u0131 Retina display Apple M1 \u00e7ipli Neural Engine 12MP Geni\u015f kamera 12MP \u00d6n Sahneli Ultra Geni\u015f \u00f6n kamera Mavi, mor, pembe, starlight, ve uzay grisi renkleriyle mevcut Stereo manzara hoparl\u00f6rleri G\u00fcvenli kimlik do\u011frulama i\u00e7in Dokunmatik ID ve Apple Pay T\u00fcm g\u00fcn pil \u00f6mr\u00fc 5G kabiliyetli","og_url":"https:\/\/marketkibris.com\/en\/product\/apple-ipad-air-5-nesil-64-gb\/","og_site_name":"Market K\u0131br\u0131s","og_image":[{"width":1765,"height":2000,"url":"https:\/\/marketkibris.com\/wp-content\/uploads\/2022\/07\/iPad-Air-white-tiny.jpg","type":"image\/jpeg"}],"author":"erenus","twitter_card":"summary_large_image","twitter_misc":{"Estimated reading time":"1 minute"},"schema":{"@context":"https:\/\/schema.org","@graph":[{"@type":"WebSite","@id":"https:\/\/marketkibris.com\/#website","url":"https:\/\/marketkibris.com\/","name":"Market K\u0131br\u0131s","description":"K\u0131br\u0131s&#039;\u0131n Bir numaral\u0131 Online Elektronik Marketi","potentialAction":[{"@type":"SearchAction","target":{"@type":"EntryPoint","urlTemplate":"https:\/\/marketkibris.com\/?s={search_term_string}"},"query-input":"required name=search_term_string"}],"inLanguage":"en-GB"},{"@type":"ImageObject","inLanguage":"en-GB","@id":"https:\/\/marketkibris.com\/urun\/apple-ipad-air-5-nesil-64-gb\/#primaryimage","url":"https:\/\/marketkibris.com\/wp-content\/uploads\/2022\/07\/iPad-Air-white-tiny.jpg","contentUrl":"https:\/\/marketkibris.com\/wp-content\/uploads\/2022\/07\/iPad-Air-white-tiny.jpg","width":1765,"height":2000},{"@type":"WebPage","@id":"https:\/\/marketkibris.com\/urun\/apple-ipad-air-5-nesil-64-gb\/#webpage","url":"https:\/\/marketkibris.com\/urun\/apple-ipad-air-5-nesil-64-gb\/","name":"Apple iPad Air 5. Nesil - 64 GB - Market K\u0131br\u0131s","isPartOf":{"@id":"https:\/\/marketkibris.com\/#website"},"primaryImageOfPage":{"@id":"https:\/\/marketkibris.com\/urun\/apple-ipad-air-5-nesil-64-gb\/#primaryimage"},"datePublished":"2022-07-01T13:48:19+00:00","dateModified":"2022-07-01T13:48:19+00:00","breadcrumb":{"@id":"https:\/\/marketkibris.com\/urun\/apple-ipad-air-5-nesil-64-gb\/#breadcrumb"},"inLanguage":"en-GB","potentialAction":[{"@type":"ReadAction","target":["https:\/\/marketkibris.com\/urun\/apple-ipad-air-5-nesil-64-gb\/"]}]},{"@type":"BreadcrumbList","@id":"https:\/\/marketkibris.com\/urun\/apple-ipad-air-5-nesil-64-gb\/#breadcrumb","itemListElement":[{"@type":"ListItem","position":1,"name":"Anasayfa","item":"https:\/\/marketkibris.com\/"},{"@type":"ListItem","position":2,"name":"Shop","item":"https:\/\/marketkibris.com\/shop\/"},{"@type":"ListItem","position":3,"name":"Apple iPad Air 5. Nesil &#8211; 64 GB"}]}]}},"_links":{"self":[{"href":"https:\/\/marketkibris.com\/en\/wp-json\/wp\/v2\/product\/3172"}],"collection":[{"href":"https:\/\/marketkibris.com\/en\/wp-json\/wp\/v2\/product"}],"about":[{"href":"https:\/\/marketkibris.com\/en\/wp-json\/wp\/v2\/types\/product"}],"replies":[{"embeddable":true,"href":"https:\/\/marketkibris.com\/en\/wp-json\/wp\/v2\/comments?post=3172"}],"version-history":[{"count":1,"href":"https:\/\/marketkibris.com\/en\/wp-json\/wp\/v2\/product\/3172\/revisions"}],"predecessor-version":[{"id":3178,"href":"https:\/\/marketkibris.com\/en\/wp-json\/wp\/v2\/product\/3172\/revisions\/3178"}],"wp:featuredmedia":[{"embeddable":true,"href":"https:\/\/marketkibris.com\/en\/wp-json\/wp\/v2\/media\/3173"}],"wp:attachment":[{"href":"https:\/\/marketkibris.com\/en\/wp-json\/wp\/v2\/media?parent=3172"}],"curies":[{"name":"wp","href":"https:\/\/api.w.org\/{rel}","templated":true}]}}