{"id":3187,"date":"2022-07-04T10:08:52","date_gmt":"2022-07-04T07:08:52","guid":{"rendered":"https:\/\/marketkibris.com\/?post_type=product&#038;p=3187"},"modified":"2022-07-04T10:09:31","modified_gmt":"2022-07-04T07:09:31","slug":"macbook-pro-m1-mkgq3-14","status":"publish","type":"product","link":"https:\/\/marketkibris.com\/en\/product\/macbook-pro-m1-mkgq3-14\/","title":{"rendered":"Apple Macbook Pro M1 MKGQ3 14&#8243;"},"content":{"rendered":"<ul class=\"a-unordered-list a-vertical a-spacing-mini\">\n<li><span class=\"a-list-item\">CPU, GPU ve yapay \u00f6\u011frenme performans\u0131nda b\u00fcy\u00fck bir art\u0131\u015f i\u00e7in Apple M1 Pro veya M1 Max \u00e7ip<\/span><\/li>\n<li><span class=\"a-list-item\">Pro i\u015f ak\u0131\u015flar\u0131n\u0131 her zamankinden de h\u0131zl\u0131 tamamlayabilmeniz i\u00e7in 10 adede kadar \u00e7ekirdekle yap\u0131land\u0131r\u0131labilen CPU ile 3,7 kata kadar daha h\u0131zl\u0131 performans<\/span><\/li>\n<li><span class=\"a-list-item\">32 adede kadar \u00e7ekirdekle yap\u0131land\u0131r\u0131labilen GPU ile yo\u011fun grafiklere sahip uygulamalarda ve oyunlarda 13 kata kadar daha h\u0131zl\u0131 performans<\/span><\/li>\n<li><span class=\"a-list-item\">11 kata kadar daha h\u0131zl\u0131 yapay \u00f6\u011frenme performans\u0131 i\u00e7in 16 \u00e7ekirdekli Neural Engine<\/span><\/li>\n<li><span class=\"a-list-item\">17 saate varan daha uzun pil \u00f6mr\u00fc<\/span><\/li>\n<li><span class=\"a-list-item\">Her \u015feyi h\u0131zl\u0131 ve ak\u0131c\u0131 bir \u015fekilde yapabilmeniz i\u00e7in 64 GB&#8217;a kadar birle\u015fik bellek<\/span><\/li>\n<li><span class=\"a-list-item\">Uygulamalar\u0131 ve dosyalar\u0131 an\u0131nda a\u00e7abilmenizi sa\u011flayan 8 TB\u2019a kadar s\u00fcper h\u0131zl\u0131 SSD depolama<\/span><\/li>\n<\/ul>\n<div class=\"a-row a-expander-container a-expander-inline-container\">\n<div class=\"a-expander-content a-expander-extend-content a-expander-content-expanded\" aria-expanded=\"true\">\n<ul class=\"a-unordered-list a-vertical a-spacing-none\">\n<li><span class=\"a-list-item\">Extreme Dynamic Range teknolojisine ve ola\u011fan\u00fcst\u00fc kontrast oran\u0131na sahip b\u00fcy\u00fcleyici 14 in\u00e7 Liquid Retina XDR ekran<\/span><\/li>\n<li><span class=\"a-list-item\">Daha net g\u00f6r\u00fcnt\u00fcl\u00fc aramalar i\u00e7in geli\u015fmi\u015f g\u00f6r\u00fcnt\u00fc sinyali i\u015flemcisine sahip 1080p FaceTime HD kamera<\/span><\/li>\n<li><span class=\"a-list-item\">Force-cancelling\u00a0\u00f6zellikli woofer\u2019lara\u00a0sahip alt\u0131 hoparl\u00f6rl\u00fc ses sistemi<\/span><\/li>\n<\/ul>\n<\/div>\n<\/div>","protected":false},"excerpt":{"rendered":"<p>CPU, GPU ve yapay \u00f6\u011frenme performans\u0131nda b\u00fcy\u00fck bir art\u0131\u015f i\u00e7in Apple M1 Pro veya M1 Max \u00e7ip Pro i\u015f ak\u0131\u015flar\u0131n\u0131 her zamankinden de h\u0131zl\u0131 tamamlayabilmeniz i\u00e7in 10 adede kadar \u00e7ekirdekle yap\u0131land\u0131r\u0131labilen CPU ile 3,7 kata kadar daha h\u0131zl\u0131 performans 32 adede kadar \u00e7ekirdekle yap\u0131land\u0131r\u0131labilen GPU ile yo\u011fun grafiklere sahip uygulamalarda ve oyunlarda 13 kata kadar [&hellip;]<\/p>","protected":false},"featured_media":3188,"comment_status":"open","ping_status":"closed","template":"","meta":{"_joinchat":[]},"yoast_head":"<!-- This site is optimized with the Yoast SEO plugin v19.2 - https:\/\/yoast.com\/wordpress\/plugins\/seo\/ -->\n<title>Apple Macbook Pro M1 MKGQ3 14&quot; - Market K\u0131br\u0131s<\/title>\n<meta name=\"robots\" content=\"index, follow, max-snippet:-1, max-image-preview:large, max-video-preview:-1\" \/>\n<link rel=\"canonical\" href=\"https:\/\/marketkibris.com\/en\/product\/macbook-pro-m1-mkgq3-14\/\" \/>\n<meta property=\"og:locale\" content=\"en_GB\" \/>\n<meta property=\"og:type\" content=\"article\" \/>\n<meta property=\"og:title\" content=\"Apple Macbook Pro M1 MKGQ3 14&quot; - Market K\u0131br\u0131s\" \/>\n<meta property=\"og:description\" content=\"CPU, GPU ve yapay \u00f6\u011frenme performans\u0131nda b\u00fcy\u00fck bir art\u0131\u015f i\u00e7in Apple M1 Pro veya M1 Max \u00e7ip Pro i\u015f ak\u0131\u015flar\u0131n\u0131 her zamankinden de h\u0131zl\u0131 tamamlayabilmeniz i\u00e7in 10 adede kadar \u00e7ekirdekle yap\u0131land\u0131r\u0131labilen CPU ile 3,7 kata kadar daha h\u0131zl\u0131 performans 32 adede kadar \u00e7ekirdekle yap\u0131land\u0131r\u0131labilen GPU ile yo\u011fun grafiklere sahip uygulamalarda ve oyunlarda 13 kata kadar [&hellip;]\" \/>\n<meta property=\"og:url\" content=\"https:\/\/marketkibris.com\/en\/product\/macbook-pro-m1-mkgq3-14\/\" \/>\n<meta property=\"og:site_name\" content=\"Market K\u0131br\u0131s\" \/>\n<meta property=\"article:modified_time\" content=\"2022-07-04T07:09:31+00:00\" \/>\n<meta property=\"og:image\" content=\"https:\/\/marketkibris.com\/wp-content\/uploads\/2022\/07\/macbook-pro-m1-mkgq3-14inch-01.jpg\" \/>\n\t<meta property=\"og:image:width\" content=\"2500\" \/>\n\t<meta property=\"og:image:height\" content=\"2500\" \/>\n\t<meta property=\"og:image:type\" content=\"image\/jpeg\" \/>\n<meta name=\"author\" content=\"erenus\" \/>\n<meta name=\"twitter:card\" content=\"summary_large_image\" \/>\n<meta name=\"twitter:label1\" content=\"Estimated reading time\" \/>\n\t<meta name=\"twitter:data1\" content=\"1 minute\" \/>\n<script type=\"application\/ld+json\" class=\"yoast-schema-graph\">{\"@context\":\"https:\/\/schema.org\",\"@graph\":[{\"@type\":\"WebSite\",\"@id\":\"https:\/\/marketkibris.com\/#website\",\"url\":\"https:\/\/marketkibris.com\/\",\"name\":\"Market K\u0131br\u0131s\",\"description\":\"K\u0131br\u0131s&#039;\u0131n Bir numaral\u0131 Online Elektronik Marketi\",\"potentialAction\":[{\"@type\":\"SearchAction\",\"target\":{\"@type\":\"EntryPoint\",\"urlTemplate\":\"https:\/\/marketkibris.com\/?s={search_term_string}\"},\"query-input\":\"required name=search_term_string\"}],\"inLanguage\":\"en-GB\"},{\"@type\":\"ImageObject\",\"inLanguage\":\"en-GB\",\"@id\":\"https:\/\/marketkibris.com\/urun\/macbook-pro-m1-mkgq3-14\/#primaryimage\",\"url\":\"https:\/\/marketkibris.com\/wp-content\/uploads\/2022\/07\/macbook-pro-m1-mkgq3-14inch-01.jpg\",\"contentUrl\":\"https:\/\/marketkibris.com\/wp-content\/uploads\/2022\/07\/macbook-pro-m1-mkgq3-14inch-01.jpg\",\"width\":2500,\"height\":2500},{\"@type\":\"WebPage\",\"@id\":\"https:\/\/marketkibris.com\/urun\/macbook-pro-m1-mkgq3-14\/#webpage\",\"url\":\"https:\/\/marketkibris.com\/urun\/macbook-pro-m1-mkgq3-14\/\",\"name\":\"Apple Macbook Pro M1 MKGQ3 14\\\" - Market K\u0131br\u0131s\",\"isPartOf\":{\"@id\":\"https:\/\/marketkibris.com\/#website\"},\"primaryImageOfPage\":{\"@id\":\"https:\/\/marketkibris.com\/urun\/macbook-pro-m1-mkgq3-14\/#primaryimage\"},\"datePublished\":\"2022-07-04T07:08:52+00:00\",\"dateModified\":\"2022-07-04T07:09:31+00:00\",\"breadcrumb\":{\"@id\":\"https:\/\/marketkibris.com\/urun\/macbook-pro-m1-mkgq3-14\/#breadcrumb\"},\"inLanguage\":\"en-GB\",\"potentialAction\":[{\"@type\":\"ReadAction\",\"target\":[\"https:\/\/marketkibris.com\/urun\/macbook-pro-m1-mkgq3-14\/\"]}]},{\"@type\":\"BreadcrumbList\",\"@id\":\"https:\/\/marketkibris.com\/urun\/macbook-pro-m1-mkgq3-14\/#breadcrumb\",\"itemListElement\":[{\"@type\":\"ListItem\",\"position\":1,\"name\":\"Anasayfa\",\"item\":\"https:\/\/marketkibris.com\/\"},{\"@type\":\"ListItem\",\"position\":2,\"name\":\"Shop\",\"item\":\"https:\/\/marketkibris.com\/shop\/\"},{\"@type\":\"ListItem\",\"position\":3,\"name\":\"Apple Macbook Pro M1 MKGQ3 14&#8243;\"}]}]}<\/script>\n<!-- \/ Yoast SEO plugin. -->","yoast_head_json":{"title":"Apple Macbook Pro M1 MKGQ3 14\" - Market K\u0131br\u0131s","robots":{"index":"index","follow":"follow","max-snippet":"max-snippet:-1","max-image-preview":"max-image-preview:large","max-video-preview":"max-video-preview:-1"},"canonical":"https:\/\/marketkibris.com\/en\/product\/macbook-pro-m1-mkgq3-14\/","og_locale":"en_GB","og_type":"article","og_title":"Apple Macbook Pro M1 MKGQ3 14\" - Market K\u0131br\u0131s","og_description":"CPU, GPU ve yapay \u00f6\u011frenme performans\u0131nda b\u00fcy\u00fck bir art\u0131\u015f i\u00e7in Apple M1 Pro veya M1 Max \u00e7ip Pro i\u015f ak\u0131\u015flar\u0131n\u0131 her zamankinden de h\u0131zl\u0131 tamamlayabilmeniz i\u00e7in 10 adede kadar \u00e7ekirdekle yap\u0131land\u0131r\u0131labilen CPU ile 3,7 kata kadar daha h\u0131zl\u0131 performans 32 adede kadar \u00e7ekirdekle yap\u0131land\u0131r\u0131labilen GPU ile yo\u011fun grafiklere sahip uygulamalarda ve oyunlarda 13 kata kadar [&hellip;]","og_url":"https:\/\/marketkibris.com\/en\/product\/macbook-pro-m1-mkgq3-14\/","og_site_name":"Market K\u0131br\u0131s","article_modified_time":"2022-07-04T07:09:31+00:00","og_image":[{"width":2500,"height":2500,"url":"https:\/\/marketkibris.com\/wp-content\/uploads\/2022\/07\/macbook-pro-m1-mkgq3-14inch-01.jpg","type":"image\/jpeg"}],"author":"erenus","twitter_card":"summary_large_image","twitter_misc":{"Estimated reading time":"1 minute"},"schema":{"@context":"https:\/\/schema.org","@graph":[{"@type":"WebSite","@id":"https:\/\/marketkibris.com\/#website","url":"https:\/\/marketkibris.com\/","name":"Market K\u0131br\u0131s","description":"K\u0131br\u0131s&#039;\u0131n Bir numaral\u0131 Online Elektronik Marketi","potentialAction":[{"@type":"SearchAction","target":{"@type":"EntryPoint","urlTemplate":"https:\/\/marketkibris.com\/?s={search_term_string}"},"query-input":"required name=search_term_string"}],"inLanguage":"en-GB"},{"@type":"ImageObject","inLanguage":"en-GB","@id":"https:\/\/marketkibris.com\/urun\/macbook-pro-m1-mkgq3-14\/#primaryimage","url":"https:\/\/marketkibris.com\/wp-content\/uploads\/2022\/07\/macbook-pro-m1-mkgq3-14inch-01.jpg","contentUrl":"https:\/\/marketkibris.com\/wp-content\/uploads\/2022\/07\/macbook-pro-m1-mkgq3-14inch-01.jpg","width":2500,"height":2500},{"@type":"WebPage","@id":"https:\/\/marketkibris.com\/urun\/macbook-pro-m1-mkgq3-14\/#webpage","url":"https:\/\/marketkibris.com\/urun\/macbook-pro-m1-mkgq3-14\/","name":"Apple Macbook Pro M1 MKGQ3 14\" - Market K\u0131br\u0131s","isPartOf":{"@id":"https:\/\/marketkibris.com\/#website"},"primaryImageOfPage":{"@id":"https:\/\/marketkibris.com\/urun\/macbook-pro-m1-mkgq3-14\/#primaryimage"},"datePublished":"2022-07-04T07:08:52+00:00","dateModified":"2022-07-04T07:09:31+00:00","breadcrumb":{"@id":"https:\/\/marketkibris.com\/urun\/macbook-pro-m1-mkgq3-14\/#breadcrumb"},"inLanguage":"en-GB","potentialAction":[{"@type":"ReadAction","target":["https:\/\/marketkibris.com\/urun\/macbook-pro-m1-mkgq3-14\/"]}]},{"@type":"BreadcrumbList","@id":"https:\/\/marketkibris.com\/urun\/macbook-pro-m1-mkgq3-14\/#breadcrumb","itemListElement":[{"@type":"ListItem","position":1,"name":"Anasayfa","item":"https:\/\/marketkibris.com\/"},{"@type":"ListItem","position":2,"name":"Shop","item":"https:\/\/marketkibris.com\/shop\/"},{"@type":"ListItem","position":3,"name":"Apple Macbook Pro M1 MKGQ3 14&#8243;"}]}]}},"_links":{"self":[{"href":"https:\/\/marketkibris.com\/en\/wp-json\/wp\/v2\/product\/3187"}],"collection":[{"href":"https:\/\/marketkibris.com\/en\/wp-json\/wp\/v2\/product"}],"about":[{"href":"https:\/\/marketkibris.com\/en\/wp-json\/wp\/v2\/types\/product"}],"replies":[{"embeddable":true,"href":"https:\/\/marketkibris.com\/en\/wp-json\/wp\/v2\/comments?post=3187"}],"version-history":[{"count":2,"href":"https:\/\/marketkibris.com\/en\/wp-json\/wp\/v2\/product\/3187\/revisions"}],"predecessor-version":[{"id":3191,"href":"https:\/\/marketkibris.com\/en\/wp-json\/wp\/v2\/product\/3187\/revisions\/3191"}],"wp:featuredmedia":[{"embeddable":true,"href":"https:\/\/marketkibris.com\/en\/wp-json\/wp\/v2\/media\/3188"}],"wp:attachment":[{"href":"https:\/\/marketkibris.com\/en\/wp-json\/wp\/v2\/media?parent=3187"}],"curies":[{"name":"wp","href":"https:\/\/api.w.org\/{rel}","templated":true}]}}