{"id":3196,"date":"2022-07-04T10:45:11","date_gmt":"2022-07-04T07:45:11","guid":{"rendered":"https:\/\/marketkibris.com\/?post_type=product&#038;p=3196"},"modified":"2022-07-04T10:52:46","modified_gmt":"2022-07-04T07:52:46","slug":"apple-macbook-pro-m1-2020-myd92","status":"publish","type":"product","link":"https:\/\/marketkibris.com\/en\/product\/apple-macbook-pro-m1-2020-myd92\/","title":{"rendered":"Apple Macbook Pro M1 (2020) MYD92"},"content":{"rendered":"<ul class=\"a-unordered-list a-vertical a-spacing-mini\">\n<li><span class=\"a-list-item\">CPU, GPU ve yapay \u00f6\u011frenme performans\u0131nda inan\u0131lmaz bir art\u0131\u015f sa\u011flayan M1 \u00e7ip<\/span><\/li>\n<li><span class=\"a-list-item\">20 saatten fazla pil \u00f6mr\u00fcyle \u00e7ok daha fazlas\u0131n\u0131 yap\u0131n<\/span><\/li>\n<li><span class=\"a-list-item\">2,8 kata kadar daha h\u0131zl\u0131 performans sunan 8 \u00e7ekirdekli CPU ile i\u015f ak\u0131\u015flar\u0131n\u0131 her zamankinden de h\u0131zl\u0131 tamamlay\u0131n<\/span><\/li>\n<li><span class=\"a-list-item\">Yo\u011fun grafiklere sahip uygulamalar ve oyunlar i\u00e7in 5 kata kadar daha h\u0131zl\u0131 grafik performans\u0131 sunan 8 \u00e7ekirdekli CPU<\/span><\/li>\n<li><span class=\"a-list-item\">Geli\u015fmi\u015f yapay \u00f6\u011frenme i\u00e7in 16 \u00e7ekirdekli Neural Engine<\/span><\/li>\n<li><span class=\"a-list-item\">Her \u015feyi h\u0131zl\u0131 ve ak\u0131c\u0131 bir \u015fekilde yapabilmeniz i\u00e7in 8 GB birle\u015fik bellek<\/span><\/li>\n<li><span class=\"a-list-item\">Uygulamalar\u0131 ve dosyalar\u0131 an\u0131nda a\u00e7abilmek i\u00e7in s\u00fcper h\u0131zl\u0131 SSD<\/span><\/li>\n<\/ul>\n<div class=\"a-row a-expander-container a-expander-inline-container\">\n<div class=\"a-expander-content a-expander-extend-content a-expander-content-expanded\" aria-expanded=\"true\">\n<ul class=\"a-unordered-list a-vertical a-spacing-none\">\n<li><span class=\"a-list-item\">Ola\u011fan\u00fcst\u00fc performans\u0131 m\u00fcmk\u00fcn k\u0131lan aktif so\u011futma sistemi<\/span><\/li>\n<li><span class=\"a-list-item\">Canl\u0131 renkler ve ola\u011fan\u00fcst\u00fc ayr\u0131nt\u0131l\u0131 g\u00f6r\u00fcnt\u00fcler i\u00e7in 500 nit parlakl\u0131\u011fa sahip 13.3 in\u00e7 Retina ekran<\/span><\/li>\n<li><span class=\"a-list-item\">Daha net ve berrak g\u00f6r\u00fcnt\u00fcl\u00fc aramalar i\u00e7in geli\u015fmi\u015f g\u00f6r\u00fcnt\u00fc sinyali i\u015flemcisine sahip FaceTime HD kamera<\/span><\/li>\n<\/ul>\n<\/div>\n<\/div>","protected":false},"excerpt":{"rendered":"<p>CPU, GPU ve yapay \u00f6\u011frenme performans\u0131nda inan\u0131lmaz bir art\u0131\u015f sa\u011flayan M1 \u00e7ip 20 saatten fazla pil \u00f6mr\u00fcyle \u00e7ok daha fazlas\u0131n\u0131 yap\u0131n 2,8 kata kadar daha h\u0131zl\u0131 performans sunan 8 \u00e7ekirdekli CPU ile i\u015f ak\u0131\u015flar\u0131n\u0131 her zamankinden de h\u0131zl\u0131 tamamlay\u0131n Yo\u011fun grafiklere sahip uygulamalar ve oyunlar i\u00e7in 5 kata kadar daha h\u0131zl\u0131 grafik performans\u0131 sunan 8 [&hellip;]<\/p>","protected":false},"featured_media":3193,"comment_status":"open","ping_status":"closed","template":"","meta":{"_joinchat":[]},"yoast_head":"<!-- This site is optimized with the Yoast SEO plugin v19.2 - https:\/\/yoast.com\/wordpress\/plugins\/seo\/ -->\n<title>Apple Macbook Pro M1 (2020) MYD92 - Market K\u0131br\u0131s<\/title>\n<meta name=\"robots\" content=\"index, follow, max-snippet:-1, max-image-preview:large, max-video-preview:-1\" \/>\n<link rel=\"canonical\" href=\"https:\/\/marketkibris.com\/en\/product\/apple-macbook-pro-m1-2020-myd92\/\" \/>\n<meta property=\"og:locale\" content=\"en_GB\" \/>\n<meta property=\"og:type\" content=\"article\" \/>\n<meta property=\"og:title\" content=\"Apple Macbook Pro M1 (2020) MYD92 - Market K\u0131br\u0131s\" \/>\n<meta property=\"og:description\" content=\"CPU, GPU ve yapay \u00f6\u011frenme performans\u0131nda inan\u0131lmaz bir art\u0131\u015f sa\u011flayan M1 \u00e7ip 20 saatten fazla pil \u00f6mr\u00fcyle \u00e7ok daha fazlas\u0131n\u0131 yap\u0131n 2,8 kata kadar daha h\u0131zl\u0131 performans sunan 8 \u00e7ekirdekli CPU ile i\u015f ak\u0131\u015flar\u0131n\u0131 her zamankinden de h\u0131zl\u0131 tamamlay\u0131n Yo\u011fun grafiklere sahip uygulamalar ve oyunlar i\u00e7in 5 kata kadar daha h\u0131zl\u0131 grafik performans\u0131 sunan 8 [&hellip;]\" \/>\n<meta property=\"og:url\" content=\"https:\/\/marketkibris.com\/en\/product\/apple-macbook-pro-m1-2020-myd92\/\" \/>\n<meta property=\"og:site_name\" content=\"Market K\u0131br\u0131s\" \/>\n<meta property=\"article:modified_time\" content=\"2022-07-04T07:52:46+00:00\" \/>\n<meta property=\"og:image\" content=\"https:\/\/marketkibris.com\/wp-content\/uploads\/2022\/07\/macbook-pro-m1-2020-myd82-01.jpg\" \/>\n\t<meta property=\"og:image:width\" content=\"2150\" \/>\n\t<meta property=\"og:image:height\" content=\"2150\" \/>\n\t<meta property=\"og:image:type\" content=\"image\/jpeg\" \/>\n<meta name=\"author\" content=\"erenus\" \/>\n<meta name=\"twitter:card\" content=\"summary_large_image\" \/>\n<meta name=\"twitter:label1\" content=\"Estimated reading time\" \/>\n\t<meta name=\"twitter:data1\" content=\"1 minute\" \/>\n<script type=\"application\/ld+json\" class=\"yoast-schema-graph\">{\"@context\":\"https:\/\/schema.org\",\"@graph\":[{\"@type\":\"WebSite\",\"@id\":\"https:\/\/marketkibris.com\/#website\",\"url\":\"https:\/\/marketkibris.com\/\",\"name\":\"Market K\u0131br\u0131s\",\"description\":\"K\u0131br\u0131s&#039;\u0131n Bir numaral\u0131 Online Elektronik Marketi\",\"potentialAction\":[{\"@type\":\"SearchAction\",\"target\":{\"@type\":\"EntryPoint\",\"urlTemplate\":\"https:\/\/marketkibris.com\/?s={search_term_string}\"},\"query-input\":\"required name=search_term_string\"}],\"inLanguage\":\"en-GB\"},{\"@type\":\"ImageObject\",\"inLanguage\":\"en-GB\",\"@id\":\"https:\/\/marketkibris.com\/urun\/apple-macbook-pro-m1-2020-myd92\/#primaryimage\",\"url\":\"https:\/\/marketkibris.com\/wp-content\/uploads\/2022\/07\/macbook-pro-m1-2020-myd82-01.jpg\",\"contentUrl\":\"https:\/\/marketkibris.com\/wp-content\/uploads\/2022\/07\/macbook-pro-m1-2020-myd82-01.jpg\",\"width\":2150,\"height\":2150},{\"@type\":\"WebPage\",\"@id\":\"https:\/\/marketkibris.com\/urun\/apple-macbook-pro-m1-2020-myd92\/#webpage\",\"url\":\"https:\/\/marketkibris.com\/urun\/apple-macbook-pro-m1-2020-myd92\/\",\"name\":\"Apple Macbook Pro M1 (2020) MYD92 - Market K\u0131br\u0131s\",\"isPartOf\":{\"@id\":\"https:\/\/marketkibris.com\/#website\"},\"primaryImageOfPage\":{\"@id\":\"https:\/\/marketkibris.com\/urun\/apple-macbook-pro-m1-2020-myd92\/#primaryimage\"},\"datePublished\":\"2022-07-04T07:45:11+00:00\",\"dateModified\":\"2022-07-04T07:52:46+00:00\",\"breadcrumb\":{\"@id\":\"https:\/\/marketkibris.com\/urun\/apple-macbook-pro-m1-2020-myd92\/#breadcrumb\"},\"inLanguage\":\"en-GB\",\"potentialAction\":[{\"@type\":\"ReadAction\",\"target\":[\"https:\/\/marketkibris.com\/urun\/apple-macbook-pro-m1-2020-myd92\/\"]}]},{\"@type\":\"BreadcrumbList\",\"@id\":\"https:\/\/marketkibris.com\/urun\/apple-macbook-pro-m1-2020-myd92\/#breadcrumb\",\"itemListElement\":[{\"@type\":\"ListItem\",\"position\":1,\"name\":\"Anasayfa\",\"item\":\"https:\/\/marketkibris.com\/\"},{\"@type\":\"ListItem\",\"position\":2,\"name\":\"Shop\",\"item\":\"https:\/\/marketkibris.com\/shop\/\"},{\"@type\":\"ListItem\",\"position\":3,\"name\":\"Apple Macbook Pro M1 (2020) MYD92\"}]}]}<\/script>\n<!-- \/ Yoast SEO plugin. -->","yoast_head_json":{"title":"Apple Macbook Pro M1 (2020) MYD92 - Market K\u0131br\u0131s","robots":{"index":"index","follow":"follow","max-snippet":"max-snippet:-1","max-image-preview":"max-image-preview:large","max-video-preview":"max-video-preview:-1"},"canonical":"https:\/\/marketkibris.com\/en\/product\/apple-macbook-pro-m1-2020-myd92\/","og_locale":"en_GB","og_type":"article","og_title":"Apple Macbook Pro M1 (2020) MYD92 - Market K\u0131br\u0131s","og_description":"CPU, GPU ve yapay \u00f6\u011frenme performans\u0131nda inan\u0131lmaz bir art\u0131\u015f sa\u011flayan M1 \u00e7ip 20 saatten fazla pil \u00f6mr\u00fcyle \u00e7ok daha fazlas\u0131n\u0131 yap\u0131n 2,8 kata kadar daha h\u0131zl\u0131 performans sunan 8 \u00e7ekirdekli CPU ile i\u015f ak\u0131\u015flar\u0131n\u0131 her zamankinden de h\u0131zl\u0131 tamamlay\u0131n Yo\u011fun grafiklere sahip uygulamalar ve oyunlar i\u00e7in 5 kata kadar daha h\u0131zl\u0131 grafik performans\u0131 sunan 8 [&hellip;]","og_url":"https:\/\/marketkibris.com\/en\/product\/apple-macbook-pro-m1-2020-myd92\/","og_site_name":"Market K\u0131br\u0131s","article_modified_time":"2022-07-04T07:52:46+00:00","og_image":[{"width":2150,"height":2150,"url":"https:\/\/marketkibris.com\/wp-content\/uploads\/2022\/07\/macbook-pro-m1-2020-myd82-01.jpg","type":"image\/jpeg"}],"author":"erenus","twitter_card":"summary_large_image","twitter_misc":{"Estimated reading time":"1 minute"},"schema":{"@context":"https:\/\/schema.org","@graph":[{"@type":"WebSite","@id":"https:\/\/marketkibris.com\/#website","url":"https:\/\/marketkibris.com\/","name":"Market K\u0131br\u0131s","description":"K\u0131br\u0131s&#039;\u0131n Bir numaral\u0131 Online Elektronik Marketi","potentialAction":[{"@type":"SearchAction","target":{"@type":"EntryPoint","urlTemplate":"https:\/\/marketkibris.com\/?s={search_term_string}"},"query-input":"required name=search_term_string"}],"inLanguage":"en-GB"},{"@type":"ImageObject","inLanguage":"en-GB","@id":"https:\/\/marketkibris.com\/urun\/apple-macbook-pro-m1-2020-myd92\/#primaryimage","url":"https:\/\/marketkibris.com\/wp-content\/uploads\/2022\/07\/macbook-pro-m1-2020-myd82-01.jpg","contentUrl":"https:\/\/marketkibris.com\/wp-content\/uploads\/2022\/07\/macbook-pro-m1-2020-myd82-01.jpg","width":2150,"height":2150},{"@type":"WebPage","@id":"https:\/\/marketkibris.com\/urun\/apple-macbook-pro-m1-2020-myd92\/#webpage","url":"https:\/\/marketkibris.com\/urun\/apple-macbook-pro-m1-2020-myd92\/","name":"Apple Macbook Pro M1 (2020) MYD92 - Market K\u0131br\u0131s","isPartOf":{"@id":"https:\/\/marketkibris.com\/#website"},"primaryImageOfPage":{"@id":"https:\/\/marketkibris.com\/urun\/apple-macbook-pro-m1-2020-myd92\/#primaryimage"},"datePublished":"2022-07-04T07:45:11+00:00","dateModified":"2022-07-04T07:52:46+00:00","breadcrumb":{"@id":"https:\/\/marketkibris.com\/urun\/apple-macbook-pro-m1-2020-myd92\/#breadcrumb"},"inLanguage":"en-GB","potentialAction":[{"@type":"ReadAction","target":["https:\/\/marketkibris.com\/urun\/apple-macbook-pro-m1-2020-myd92\/"]}]},{"@type":"BreadcrumbList","@id":"https:\/\/marketkibris.com\/urun\/apple-macbook-pro-m1-2020-myd92\/#breadcrumb","itemListElement":[{"@type":"ListItem","position":1,"name":"Anasayfa","item":"https:\/\/marketkibris.com\/"},{"@type":"ListItem","position":2,"name":"Shop","item":"https:\/\/marketkibris.com\/shop\/"},{"@type":"ListItem","position":3,"name":"Apple Macbook Pro M1 (2020) MYD92"}]}]}},"_links":{"self":[{"href":"https:\/\/marketkibris.com\/en\/wp-json\/wp\/v2\/product\/3196"}],"collection":[{"href":"https:\/\/marketkibris.com\/en\/wp-json\/wp\/v2\/product"}],"about":[{"href":"https:\/\/marketkibris.com\/en\/wp-json\/wp\/v2\/types\/product"}],"replies":[{"embeddable":true,"href":"https:\/\/marketkibris.com\/en\/wp-json\/wp\/v2\/comments?post=3196"}],"version-history":[{"count":1,"href":"https:\/\/marketkibris.com\/en\/wp-json\/wp\/v2\/product\/3196\/revisions"}],"predecessor-version":[{"id":3197,"href":"https:\/\/marketkibris.com\/en\/wp-json\/wp\/v2\/product\/3196\/revisions\/3197"}],"wp:featuredmedia":[{"embeddable":true,"href":"https:\/\/marketkibris.com\/en\/wp-json\/wp\/v2\/media\/3193"}],"wp:attachment":[{"href":"https:\/\/marketkibris.com\/en\/wp-json\/wp\/v2\/media?parent=3196"}],"curies":[{"name":"wp","href":"https:\/\/api.w.org\/{rel}","templated":true}]}}