{"id":3202,"date":"2022-07-04T11:31:27","date_gmt":"2022-07-04T08:31:27","guid":{"rendered":"https:\/\/marketkibris.com\/?post_type=product&#038;p=3202"},"modified":"2022-07-06T10:20:02","modified_gmt":"2022-07-06T07:20:02","slug":"apple-imac-24-mgtf3","status":"publish","type":"product","link":"https:\/\/marketkibris.com\/en\/product\/apple-imac-24-mgtf3\/","title":{"rendered":"Apple iMac 24&#8243; MGTF3"},"content":{"rendered":"<ul class=\"a-unordered-list a-vertical a-spacing-mini\">\n<li><span class=\"a-list-item\">P3 geni\u015f renk yelpazesi ve 500 nit parlakl\u0131\u011fa sahip etkileyici 24 in\u00e7 4.5K Retina ekran<\/span><\/li>\n<li><span class=\"a-list-item\">8 \u00e7ekirdekli CPU ve 7 veya 8 \u00e7ekirdekli GPU ile performansta b\u00fcy\u00fck bir art\u0131\u015f sa\u011flayan M1 \u00e7ip<\/span><\/li>\n<li><span class=\"a-list-item\">\u0130nan\u0131lmaz ince 11,5 mm tasar\u0131m ve capcanl\u0131 renkler<\/span><\/li>\n<li><span class=\"a-list-item\">Muhte\u015fem g\u00f6r\u00fcnt\u00fc kalitesi i\u00e7in M1 g\u00f6r\u00fcnt\u00fc sinyali i\u015flemcisine sahip 1080p FaceTime HD kamera<\/span><\/li>\n<li><span class=\"a-list-item\">Ola\u011fan\u00fcst\u00fc netlikte aramalar ve sesli kay\u0131tlar i\u00e7in st\u00fcdyo kalitesinde \u00fc\u00e7l\u00fc mikrofon dizilimi<\/span><\/li>\n<li><span class=\"a-list-item\">\u0130nan\u0131lmaz sa\u011flam ve y\u00fcksek kaliteli ses deneyimi i\u00e7in alt\u0131 hoparl\u00f6rl\u00fc ses sitemi<\/span><\/li>\n<li><span class=\"a-list-item\">256 GB\u2019a kadar ultra h\u0131zl\u0131 SSD depolama<\/span><\/li>\n<\/ul>\n<div class=\"a-row a-expander-container a-expander-inline-container\">\n<div class=\"a-expander-content a-expander-extend-content a-expander-content-expanded\" aria-expanded=\"true\">\n<ul class=\"a-unordered-list a-vertical a-spacing-none\">\n<li><span class=\"a-list-item\">\u0130ki adet Thunderbolt\/USB 4 ba\u011flant\u0131 noktas\u0131 ve iki adede kadar USB 3 ba\u011flant\u0131 noktas\u0131<\/span><\/li>\n<li><span class=\"a-list-item\">H\u0131zl\u0131 Wi-Fi 6 ve Bluetooth 5.0 wireless ba\u011flant\u0131<\/span><\/li>\n<li><span class=\"a-list-item\">Uyumlu renklerde Magic Mouse ve Magic Keyboard veya Touch ID \u00f6zellikli Magic Keyboard<\/span><\/li>\n<\/ul>\n<\/div>\n<\/div>","protected":false},"excerpt":{"rendered":"<p>P3 geni\u015f renk yelpazesi ve 500 nit parlakl\u0131\u011fa sahip etkileyici 24 in\u00e7 4.5K Retina ekran 8 \u00e7ekirdekli CPU ve 7 veya 8 \u00e7ekirdekli GPU ile performansta b\u00fcy\u00fck bir art\u0131\u015f sa\u011flayan M1 \u00e7ip \u0130nan\u0131lmaz ince 11,5 mm tasar\u0131m ve capcanl\u0131 renkler Muhte\u015fem g\u00f6r\u00fcnt\u00fc kalitesi i\u00e7in M1 g\u00f6r\u00fcnt\u00fc sinyali i\u015flemcisine sahip 1080p FaceTime HD kamera Ola\u011fan\u00fcst\u00fc netlikte [&hellip;]<\/p>","protected":false},"featured_media":3203,"comment_status":"open","ping_status":"closed","template":"","meta":{"_joinchat":[]},"yoast_head":"<!-- This site is optimized with the Yoast SEO plugin v19.2 - https:\/\/yoast.com\/wordpress\/plugins\/seo\/ -->\n<title>Apple iMac 24&quot; MGTF3 - Market K\u0131br\u0131s<\/title>\n<meta name=\"robots\" content=\"index, follow, max-snippet:-1, max-image-preview:large, max-video-preview:-1\" \/>\n<link rel=\"canonical\" href=\"https:\/\/marketkibris.com\/en\/product\/apple-imac-24-mgtf3\/\" \/>\n<meta property=\"og:locale\" content=\"en_GB\" \/>\n<meta property=\"og:type\" content=\"article\" \/>\n<meta property=\"og:title\" content=\"Apple iMac 24&quot; MGTF3 - Market K\u0131br\u0131s\" \/>\n<meta property=\"og:description\" content=\"P3 geni\u015f renk yelpazesi ve 500 nit parlakl\u0131\u011fa sahip etkileyici 24 in\u00e7 4.5K Retina ekran 8 \u00e7ekirdekli CPU ve 7 veya 8 \u00e7ekirdekli GPU ile performansta b\u00fcy\u00fck bir art\u0131\u015f sa\u011flayan M1 \u00e7ip \u0130nan\u0131lmaz ince 11,5 mm tasar\u0131m ve capcanl\u0131 renkler Muhte\u015fem g\u00f6r\u00fcnt\u00fc kalitesi i\u00e7in M1 g\u00f6r\u00fcnt\u00fc sinyali i\u015flemcisine sahip 1080p FaceTime HD kamera Ola\u011fan\u00fcst\u00fc netlikte [&hellip;]\" \/>\n<meta property=\"og:url\" content=\"https:\/\/marketkibris.com\/en\/product\/apple-imac-24-mgtf3\/\" \/>\n<meta property=\"og:site_name\" content=\"Market K\u0131br\u0131s\" \/>\n<meta property=\"article:modified_time\" content=\"2022-07-06T07:20:02+00:00\" \/>\n<meta property=\"og:image\" content=\"https:\/\/marketkibris.com\/wp-content\/uploads\/2022\/07\/imac-24inch-mgtf3-01.jpg\" \/>\n\t<meta property=\"og:image:width\" content=\"1000\" \/>\n\t<meta property=\"og:image:height\" content=\"1000\" \/>\n\t<meta property=\"og:image:type\" content=\"image\/jpeg\" \/>\n<meta name=\"author\" content=\"erenus\" \/>\n<meta name=\"twitter:card\" content=\"summary_large_image\" \/>\n<meta name=\"twitter:label1\" content=\"Estimated reading time\" \/>\n\t<meta name=\"twitter:data1\" content=\"1 minute\" \/>\n<script type=\"application\/ld+json\" class=\"yoast-schema-graph\">{\"@context\":\"https:\/\/schema.org\",\"@graph\":[{\"@type\":\"WebSite\",\"@id\":\"https:\/\/marketkibris.com\/#website\",\"url\":\"https:\/\/marketkibris.com\/\",\"name\":\"Market K\u0131br\u0131s\",\"description\":\"K\u0131br\u0131s&#039;\u0131n Bir numaral\u0131 Online Elektronik Marketi\",\"potentialAction\":[{\"@type\":\"SearchAction\",\"target\":{\"@type\":\"EntryPoint\",\"urlTemplate\":\"https:\/\/marketkibris.com\/?s={search_term_string}\"},\"query-input\":\"required name=search_term_string\"}],\"inLanguage\":\"en-GB\"},{\"@type\":\"ImageObject\",\"inLanguage\":\"en-GB\",\"@id\":\"https:\/\/marketkibris.com\/urun\/apple-imac-24-mgtf3\/#primaryimage\",\"url\":\"https:\/\/marketkibris.com\/wp-content\/uploads\/2022\/07\/imac-24inch-mgtf3-01.jpg\",\"contentUrl\":\"https:\/\/marketkibris.com\/wp-content\/uploads\/2022\/07\/imac-24inch-mgtf3-01.jpg\",\"width\":1000,\"height\":1000},{\"@type\":\"WebPage\",\"@id\":\"https:\/\/marketkibris.com\/urun\/apple-imac-24-mgtf3\/#webpage\",\"url\":\"https:\/\/marketkibris.com\/urun\/apple-imac-24-mgtf3\/\",\"name\":\"Apple iMac 24\\\" MGTF3 - Market K\u0131br\u0131s\",\"isPartOf\":{\"@id\":\"https:\/\/marketkibris.com\/#website\"},\"primaryImageOfPage\":{\"@id\":\"https:\/\/marketkibris.com\/urun\/apple-imac-24-mgtf3\/#primaryimage\"},\"datePublished\":\"2022-07-04T08:31:27+00:00\",\"dateModified\":\"2022-07-06T07:20:02+00:00\",\"breadcrumb\":{\"@id\":\"https:\/\/marketkibris.com\/urun\/apple-imac-24-mgtf3\/#breadcrumb\"},\"inLanguage\":\"en-GB\",\"potentialAction\":[{\"@type\":\"ReadAction\",\"target\":[\"https:\/\/marketkibris.com\/urun\/apple-imac-24-mgtf3\/\"]}]},{\"@type\":\"BreadcrumbList\",\"@id\":\"https:\/\/marketkibris.com\/urun\/apple-imac-24-mgtf3\/#breadcrumb\",\"itemListElement\":[{\"@type\":\"ListItem\",\"position\":1,\"name\":\"Anasayfa\",\"item\":\"https:\/\/marketkibris.com\/\"},{\"@type\":\"ListItem\",\"position\":2,\"name\":\"Shop\",\"item\":\"https:\/\/marketkibris.com\/shop\/\"},{\"@type\":\"ListItem\",\"position\":3,\"name\":\"Apple iMac 24&#8243; MGTF3\"}]}]}<\/script>\n<!-- \/ Yoast SEO plugin. -->","yoast_head_json":{"title":"Apple iMac 24\" MGTF3 - Market K\u0131br\u0131s","robots":{"index":"index","follow":"follow","max-snippet":"max-snippet:-1","max-image-preview":"max-image-preview:large","max-video-preview":"max-video-preview:-1"},"canonical":"https:\/\/marketkibris.com\/en\/product\/apple-imac-24-mgtf3\/","og_locale":"en_GB","og_type":"article","og_title":"Apple iMac 24\" MGTF3 - Market K\u0131br\u0131s","og_description":"P3 geni\u015f renk yelpazesi ve 500 nit parlakl\u0131\u011fa sahip etkileyici 24 in\u00e7 4.5K Retina ekran 8 \u00e7ekirdekli CPU ve 7 veya 8 \u00e7ekirdekli GPU ile performansta b\u00fcy\u00fck bir art\u0131\u015f sa\u011flayan M1 \u00e7ip \u0130nan\u0131lmaz ince 11,5 mm tasar\u0131m ve capcanl\u0131 renkler Muhte\u015fem g\u00f6r\u00fcnt\u00fc kalitesi i\u00e7in M1 g\u00f6r\u00fcnt\u00fc sinyali i\u015flemcisine sahip 1080p FaceTime HD kamera Ola\u011fan\u00fcst\u00fc netlikte [&hellip;]","og_url":"https:\/\/marketkibris.com\/en\/product\/apple-imac-24-mgtf3\/","og_site_name":"Market K\u0131br\u0131s","article_modified_time":"2022-07-06T07:20:02+00:00","og_image":[{"width":1000,"height":1000,"url":"https:\/\/marketkibris.com\/wp-content\/uploads\/2022\/07\/imac-24inch-mgtf3-01.jpg","type":"image\/jpeg"}],"author":"erenus","twitter_card":"summary_large_image","twitter_misc":{"Estimated reading time":"1 minute"},"schema":{"@context":"https:\/\/schema.org","@graph":[{"@type":"WebSite","@id":"https:\/\/marketkibris.com\/#website","url":"https:\/\/marketkibris.com\/","name":"Market K\u0131br\u0131s","description":"K\u0131br\u0131s&#039;\u0131n Bir numaral\u0131 Online Elektronik Marketi","potentialAction":[{"@type":"SearchAction","target":{"@type":"EntryPoint","urlTemplate":"https:\/\/marketkibris.com\/?s={search_term_string}"},"query-input":"required name=search_term_string"}],"inLanguage":"en-GB"},{"@type":"ImageObject","inLanguage":"en-GB","@id":"https:\/\/marketkibris.com\/urun\/apple-imac-24-mgtf3\/#primaryimage","url":"https:\/\/marketkibris.com\/wp-content\/uploads\/2022\/07\/imac-24inch-mgtf3-01.jpg","contentUrl":"https:\/\/marketkibris.com\/wp-content\/uploads\/2022\/07\/imac-24inch-mgtf3-01.jpg","width":1000,"height":1000},{"@type":"WebPage","@id":"https:\/\/marketkibris.com\/urun\/apple-imac-24-mgtf3\/#webpage","url":"https:\/\/marketkibris.com\/urun\/apple-imac-24-mgtf3\/","name":"Apple iMac 24\" MGTF3 - Market K\u0131br\u0131s","isPartOf":{"@id":"https:\/\/marketkibris.com\/#website"},"primaryImageOfPage":{"@id":"https:\/\/marketkibris.com\/urun\/apple-imac-24-mgtf3\/#primaryimage"},"datePublished":"2022-07-04T08:31:27+00:00","dateModified":"2022-07-06T07:20:02+00:00","breadcrumb":{"@id":"https:\/\/marketkibris.com\/urun\/apple-imac-24-mgtf3\/#breadcrumb"},"inLanguage":"en-GB","potentialAction":[{"@type":"ReadAction","target":["https:\/\/marketkibris.com\/urun\/apple-imac-24-mgtf3\/"]}]},{"@type":"BreadcrumbList","@id":"https:\/\/marketkibris.com\/urun\/apple-imac-24-mgtf3\/#breadcrumb","itemListElement":[{"@type":"ListItem","position":1,"name":"Anasayfa","item":"https:\/\/marketkibris.com\/"},{"@type":"ListItem","position":2,"name":"Shop","item":"https:\/\/marketkibris.com\/shop\/"},{"@type":"ListItem","position":3,"name":"Apple iMac 24&#8243; MGTF3"}]}]}},"_links":{"self":[{"href":"https:\/\/marketkibris.com\/en\/wp-json\/wp\/v2\/product\/3202"}],"collection":[{"href":"https:\/\/marketkibris.com\/en\/wp-json\/wp\/v2\/product"}],"about":[{"href":"https:\/\/marketkibris.com\/en\/wp-json\/wp\/v2\/types\/product"}],"replies":[{"embeddable":true,"href":"https:\/\/marketkibris.com\/en\/wp-json\/wp\/v2\/comments?post=3202"}],"version-history":[{"count":1,"href":"https:\/\/marketkibris.com\/en\/wp-json\/wp\/v2\/product\/3202\/revisions"}],"predecessor-version":[{"id":3205,"href":"https:\/\/marketkibris.com\/en\/wp-json\/wp\/v2\/product\/3202\/revisions\/3205"}],"wp:featuredmedia":[{"embeddable":true,"href":"https:\/\/marketkibris.com\/en\/wp-json\/wp\/v2\/media\/3203"}],"wp:attachment":[{"href":"https:\/\/marketkibris.com\/en\/wp-json\/wp\/v2\/media?parent=3202"}],"curies":[{"name":"wp","href":"https:\/\/api.w.org\/{rel}","templated":true}]}}