{"id":3210,"date":"2022-07-04T12:02:10","date_gmt":"2022-07-04T09:02:10","guid":{"rendered":"https:\/\/marketkibris.com\/?post_type=product&#038;p=3210"},"modified":"2022-07-05T14:37:52","modified_gmt":"2022-07-05T11:37:52","slug":"apple-airpods-2-nesil","status":"publish","type":"product","link":"https:\/\/marketkibris.com\/en\/product\/apple-airpods-2-nesil\/","title":{"rendered":"Apple AirPods 2. Nesil"},"content":{"rendered":"<ul class=\"a-unordered-list a-vertical a-spacing-mini\">\n<li><span class=\"a-list-item\">\u201cHey Siri\u201d diye seslenerek Siri\u2019ye h\u0131zl\u0131 eri\u015fim<\/span><\/li>\n<li><span class=\"a-list-item\">\u015earj Kutusu ile toplamda 24 saatten fazla dinleme s\u00fcresi<\/span><\/li>\n<li><span class=\"a-list-item\">Sihirli bir deneyim i\u00e7in zahmetsiz kurulum, kula\u011fa tak\u0131l\u0131 oldu\u011funu alg\u0131lama ve otomatik ge\u00e7i\u015f \u00f6zellikleri<\/span><\/li>\n<\/ul>","protected":false},"excerpt":{"rendered":"<p>\u201cHey Siri\u201d diye seslenerek Siri\u2019ye h\u0131zl\u0131 eri\u015fim \u015earj Kutusu ile toplamda 24 saatten fazla dinleme s\u00fcresi Sihirli bir deneyim i\u00e7in zahmetsiz kurulum, kula\u011fa tak\u0131l\u0131 oldu\u011funu alg\u0131lama ve otomatik ge\u00e7i\u015f \u00f6zellikleri<\/p>","protected":false},"featured_media":3211,"comment_status":"open","ping_status":"closed","template":"","meta":{"_joinchat":[]},"yoast_head":"<!-- This site is optimized with the Yoast SEO plugin v19.2 - https:\/\/yoast.com\/wordpress\/plugins\/seo\/ -->\n<title>Apple AirPods 2. Nesil - Market K\u0131br\u0131s<\/title>\n<meta name=\"robots\" content=\"index, follow, max-snippet:-1, max-image-preview:large, max-video-preview:-1\" \/>\n<link rel=\"canonical\" href=\"https:\/\/marketkibris.com\/en\/product\/apple-airpods-2-nesil\/\" \/>\n<meta property=\"og:locale\" content=\"en_GB\" \/>\n<meta property=\"og:type\" content=\"article\" \/>\n<meta property=\"og:title\" content=\"Apple AirPods 2. Nesil - Market K\u0131br\u0131s\" \/>\n<meta property=\"og:description\" content=\"\u201cHey Siri\u201d diye seslenerek Siri\u2019ye h\u0131zl\u0131 eri\u015fim \u015earj Kutusu ile toplamda 24 saatten fazla dinleme s\u00fcresi Sihirli bir deneyim i\u00e7in zahmetsiz kurulum, kula\u011fa tak\u0131l\u0131 oldu\u011funu alg\u0131lama ve otomatik ge\u00e7i\u015f \u00f6zellikleri\" \/>\n<meta property=\"og:url\" content=\"https:\/\/marketkibris.com\/en\/product\/apple-airpods-2-nesil\/\" \/>\n<meta property=\"og:site_name\" content=\"Market K\u0131br\u0131s\" \/>\n<meta property=\"article:modified_time\" content=\"2022-07-05T11:37:52+00:00\" \/>\n<meta property=\"og:image\" content=\"https:\/\/marketkibris.com\/wp-content\/uploads\/2022\/07\/airpods-2nd-gen-01.png\" \/>\n\t<meta property=\"og:image:width\" content=\"1200\" \/>\n\t<meta property=\"og:image:height\" content=\"630\" \/>\n\t<meta property=\"og:image:type\" content=\"image\/png\" \/>\n<meta name=\"author\" content=\"erenus\" \/>\n<meta name=\"twitter:card\" content=\"summary_large_image\" \/>\n<meta name=\"twitter:label1\" content=\"Estimated reading time\" \/>\n\t<meta name=\"twitter:data1\" content=\"1 minute\" \/>\n<script type=\"application\/ld+json\" class=\"yoast-schema-graph\">{\"@context\":\"https:\/\/schema.org\",\"@graph\":[{\"@type\":\"WebSite\",\"@id\":\"https:\/\/marketkibris.com\/#website\",\"url\":\"https:\/\/marketkibris.com\/\",\"name\":\"Market K\u0131br\u0131s\",\"description\":\"K\u0131br\u0131s&#039;\u0131n Bir numaral\u0131 Online Elektronik Marketi\",\"potentialAction\":[{\"@type\":\"SearchAction\",\"target\":{\"@type\":\"EntryPoint\",\"urlTemplate\":\"https:\/\/marketkibris.com\/?s={search_term_string}\"},\"query-input\":\"required name=search_term_string\"}],\"inLanguage\":\"en-GB\"},{\"@type\":\"ImageObject\",\"inLanguage\":\"en-GB\",\"@id\":\"https:\/\/marketkibris.com\/urun\/apple-airpods-2-nesil\/#primaryimage\",\"url\":\"https:\/\/marketkibris.com\/wp-content\/uploads\/2022\/07\/airpods-2nd-gen-01.png\",\"contentUrl\":\"https:\/\/marketkibris.com\/wp-content\/uploads\/2022\/07\/airpods-2nd-gen-01.png\",\"width\":1200,\"height\":630},{\"@type\":\"WebPage\",\"@id\":\"https:\/\/marketkibris.com\/urun\/apple-airpods-2-nesil\/#webpage\",\"url\":\"https:\/\/marketkibris.com\/urun\/apple-airpods-2-nesil\/\",\"name\":\"Apple AirPods 2. Nesil - Market K\u0131br\u0131s\",\"isPartOf\":{\"@id\":\"https:\/\/marketkibris.com\/#website\"},\"primaryImageOfPage\":{\"@id\":\"https:\/\/marketkibris.com\/urun\/apple-airpods-2-nesil\/#primaryimage\"},\"datePublished\":\"2022-07-04T09:02:10+00:00\",\"dateModified\":\"2022-07-05T11:37:52+00:00\",\"breadcrumb\":{\"@id\":\"https:\/\/marketkibris.com\/urun\/apple-airpods-2-nesil\/#breadcrumb\"},\"inLanguage\":\"en-GB\",\"potentialAction\":[{\"@type\":\"ReadAction\",\"target\":[\"https:\/\/marketkibris.com\/urun\/apple-airpods-2-nesil\/\"]}]},{\"@type\":\"BreadcrumbList\",\"@id\":\"https:\/\/marketkibris.com\/urun\/apple-airpods-2-nesil\/#breadcrumb\",\"itemListElement\":[{\"@type\":\"ListItem\",\"position\":1,\"name\":\"Anasayfa\",\"item\":\"https:\/\/marketkibris.com\/\"},{\"@type\":\"ListItem\",\"position\":2,\"name\":\"Shop\",\"item\":\"https:\/\/marketkibris.com\/shop\/\"},{\"@type\":\"ListItem\",\"position\":3,\"name\":\"Apple AirPods 2. Nesil\"}]}]}<\/script>\n<!-- \/ Yoast SEO plugin. -->","yoast_head_json":{"title":"Apple AirPods 2. Nesil - Market K\u0131br\u0131s","robots":{"index":"index","follow":"follow","max-snippet":"max-snippet:-1","max-image-preview":"max-image-preview:large","max-video-preview":"max-video-preview:-1"},"canonical":"https:\/\/marketkibris.com\/en\/product\/apple-airpods-2-nesil\/","og_locale":"en_GB","og_type":"article","og_title":"Apple AirPods 2. Nesil - Market K\u0131br\u0131s","og_description":"\u201cHey Siri\u201d diye seslenerek Siri\u2019ye h\u0131zl\u0131 eri\u015fim \u015earj Kutusu ile toplamda 24 saatten fazla dinleme s\u00fcresi Sihirli bir deneyim i\u00e7in zahmetsiz kurulum, kula\u011fa tak\u0131l\u0131 oldu\u011funu alg\u0131lama ve otomatik ge\u00e7i\u015f \u00f6zellikleri","og_url":"https:\/\/marketkibris.com\/en\/product\/apple-airpods-2-nesil\/","og_site_name":"Market K\u0131br\u0131s","article_modified_time":"2022-07-05T11:37:52+00:00","og_image":[{"width":1200,"height":630,"url":"https:\/\/marketkibris.com\/wp-content\/uploads\/2022\/07\/airpods-2nd-gen-01.png","type":"image\/png"}],"author":"erenus","twitter_card":"summary_large_image","twitter_misc":{"Estimated reading time":"1 minute"},"schema":{"@context":"https:\/\/schema.org","@graph":[{"@type":"WebSite","@id":"https:\/\/marketkibris.com\/#website","url":"https:\/\/marketkibris.com\/","name":"Market K\u0131br\u0131s","description":"K\u0131br\u0131s&#039;\u0131n Bir numaral\u0131 Online Elektronik Marketi","potentialAction":[{"@type":"SearchAction","target":{"@type":"EntryPoint","urlTemplate":"https:\/\/marketkibris.com\/?s={search_term_string}"},"query-input":"required name=search_term_string"}],"inLanguage":"en-GB"},{"@type":"ImageObject","inLanguage":"en-GB","@id":"https:\/\/marketkibris.com\/urun\/apple-airpods-2-nesil\/#primaryimage","url":"https:\/\/marketkibris.com\/wp-content\/uploads\/2022\/07\/airpods-2nd-gen-01.png","contentUrl":"https:\/\/marketkibris.com\/wp-content\/uploads\/2022\/07\/airpods-2nd-gen-01.png","width":1200,"height":630},{"@type":"WebPage","@id":"https:\/\/marketkibris.com\/urun\/apple-airpods-2-nesil\/#webpage","url":"https:\/\/marketkibris.com\/urun\/apple-airpods-2-nesil\/","name":"Apple AirPods 2. Nesil - Market K\u0131br\u0131s","isPartOf":{"@id":"https:\/\/marketkibris.com\/#website"},"primaryImageOfPage":{"@id":"https:\/\/marketkibris.com\/urun\/apple-airpods-2-nesil\/#primaryimage"},"datePublished":"2022-07-04T09:02:10+00:00","dateModified":"2022-07-05T11:37:52+00:00","breadcrumb":{"@id":"https:\/\/marketkibris.com\/urun\/apple-airpods-2-nesil\/#breadcrumb"},"inLanguage":"en-GB","potentialAction":[{"@type":"ReadAction","target":["https:\/\/marketkibris.com\/urun\/apple-airpods-2-nesil\/"]}]},{"@type":"BreadcrumbList","@id":"https:\/\/marketkibris.com\/urun\/apple-airpods-2-nesil\/#breadcrumb","itemListElement":[{"@type":"ListItem","position":1,"name":"Anasayfa","item":"https:\/\/marketkibris.com\/"},{"@type":"ListItem","position":2,"name":"Shop","item":"https:\/\/marketkibris.com\/shop\/"},{"@type":"ListItem","position":3,"name":"Apple AirPods 2. Nesil"}]}]}},"_links":{"self":[{"href":"https:\/\/marketkibris.com\/en\/wp-json\/wp\/v2\/product\/3210"}],"collection":[{"href":"https:\/\/marketkibris.com\/en\/wp-json\/wp\/v2\/product"}],"about":[{"href":"https:\/\/marketkibris.com\/en\/wp-json\/wp\/v2\/types\/product"}],"replies":[{"embeddable":true,"href":"https:\/\/marketkibris.com\/en\/wp-json\/wp\/v2\/comments?post=3210"}],"version-history":[{"count":1,"href":"https:\/\/marketkibris.com\/en\/wp-json\/wp\/v2\/product\/3210\/revisions"}],"predecessor-version":[{"id":3213,"href":"https:\/\/marketkibris.com\/en\/wp-json\/wp\/v2\/product\/3210\/revisions\/3213"}],"wp:featuredmedia":[{"embeddable":true,"href":"https:\/\/marketkibris.com\/en\/wp-json\/wp\/v2\/media\/3211"}],"wp:attachment":[{"href":"https:\/\/marketkibris.com\/en\/wp-json\/wp\/v2\/media?parent=3210"}],"curies":[{"name":"wp","href":"https:\/\/api.w.org\/{rel}","templated":true}]}}