{"id":3214,"date":"2022-07-04T12:11:24","date_gmt":"2022-07-04T09:11:24","guid":{"rendered":"https:\/\/marketkibris.com\/?post_type=product&#038;p=3214"},"modified":"2022-07-05T14:38:04","modified_gmt":"2022-07-05T11:38:04","slug":"apple-airpods-pro-yeni-nesil","status":"publish","type":"product","link":"https:\/\/marketkibris.com\/en\/product\/apple-airpods-pro-yeni-nesil\/","title":{"rendered":"Apple AirPods Pro Yeni Nesil"},"content":{"rendered":"<ul class=\"a-unordered-list a-vertical a-spacing-mini\">\n<li><span class=\"a-list-item\">G\u00fcn boyu rahatl\u0131k sunan, her kula\u011fa uygun tasar\u0131m ve otomatik a\u00e7\u0131lma, otomatik ba\u011flanma<\/span><\/li>\n<li><span class=\"a-list-item\">T\u00fcm Apple ayg\u0131tlar\u0131n\u0131z i\u00e7in kolay kurulum ve \u201cHey Siri\u201d diyerek Siri\u2019ye h\u0131zl\u0131 eri\u015fim<\/span><\/li>\n<li><span class=\"a-list-item\">iPhone, iPad, iPod touch veya Apple TV\u2019nize iki \u00e7ift AirPods ba\u011flayarak sesli i\u00e7erikleri kolayca payla\u015fma<\/span><\/li>\n<li><span class=\"a-list-item\">Apple ayg\u0131tlar\u0131n\u0131z aras\u0131nda sorunsuz ge\u00e7i\u015f<\/span><\/li>\n<li><span class=\"a-list-item\">Lightn\u0130ngilizce konnekt\u00f6r\u00fcyle kolay \u015farj ve 24 saatten fazla pil \u00f6mr\u00fc sunan Kablosuz \u015earj Kutusu<\/span><\/li>\n<\/ul>","protected":false},"excerpt":{"rendered":"<p>G\u00fcn boyu rahatl\u0131k sunan, her kula\u011fa uygun tasar\u0131m ve otomatik a\u00e7\u0131lma, otomatik ba\u011flanma T\u00fcm Apple ayg\u0131tlar\u0131n\u0131z i\u00e7in kolay kurulum ve \u201cHey Siri\u201d diyerek Siri\u2019ye h\u0131zl\u0131 eri\u015fim iPhone, iPad, iPod touch veya Apple TV\u2019nize iki \u00e7ift AirPods ba\u011flayarak sesli i\u00e7erikleri kolayca payla\u015fma Apple ayg\u0131tlar\u0131n\u0131z aras\u0131nda sorunsuz ge\u00e7i\u015f Lightn\u0130ngilizce konnekt\u00f6r\u00fcyle kolay \u015farj ve 24 saatten fazla pil [&hellip;]<\/p>","protected":false},"featured_media":3215,"comment_status":"open","ping_status":"closed","template":"","meta":{"_joinchat":[]},"yoast_head":"<!-- This site is optimized with the Yoast SEO plugin v19.2 - https:\/\/yoast.com\/wordpress\/plugins\/seo\/ -->\n<title>Apple AirPods Pro Yeni Nesil - Market K\u0131br\u0131s<\/title>\n<meta name=\"robots\" content=\"index, follow, max-snippet:-1, max-image-preview:large, max-video-preview:-1\" \/>\n<link rel=\"canonical\" href=\"https:\/\/marketkibris.com\/en\/product\/apple-airpods-pro-yeni-nesil\/\" \/>\n<meta property=\"og:locale\" content=\"en_GB\" \/>\n<meta property=\"og:type\" content=\"article\" \/>\n<meta property=\"og:title\" content=\"Apple AirPods Pro Yeni Nesil - Market K\u0131br\u0131s\" \/>\n<meta property=\"og:description\" content=\"G\u00fcn boyu rahatl\u0131k sunan, her kula\u011fa uygun tasar\u0131m ve otomatik a\u00e7\u0131lma, otomatik ba\u011flanma T\u00fcm Apple ayg\u0131tlar\u0131n\u0131z i\u00e7in kolay kurulum ve \u201cHey Siri\u201d diyerek Siri\u2019ye h\u0131zl\u0131 eri\u015fim iPhone, iPad, iPod touch veya Apple TV\u2019nize iki \u00e7ift AirPods ba\u011flayarak sesli i\u00e7erikleri kolayca payla\u015fma Apple ayg\u0131tlar\u0131n\u0131z aras\u0131nda sorunsuz ge\u00e7i\u015f Lightn\u0130ngilizce konnekt\u00f6r\u00fcyle kolay \u015farj ve 24 saatten fazla pil [&hellip;]\" \/>\n<meta property=\"og:url\" content=\"https:\/\/marketkibris.com\/en\/product\/apple-airpods-pro-yeni-nesil\/\" \/>\n<meta property=\"og:site_name\" content=\"Market K\u0131br\u0131s\" \/>\n<meta property=\"article:modified_time\" content=\"2022-07-05T11:38:04+00:00\" \/>\n<meta property=\"og:image\" content=\"https:\/\/marketkibris.com\/wp-content\/uploads\/2022\/07\/airpods-pro-new-gen-01.jpg\" \/>\n\t<meta property=\"og:image:width\" content=\"1144\" \/>\n\t<meta property=\"og:image:height\" content=\"1144\" \/>\n\t<meta property=\"og:image:type\" content=\"image\/jpeg\" \/>\n<meta name=\"author\" content=\"erenus\" \/>\n<meta name=\"twitter:card\" content=\"summary_large_image\" \/>\n<meta name=\"twitter:label1\" content=\"Estimated reading time\" \/>\n\t<meta name=\"twitter:data1\" content=\"1 minute\" \/>\n<script type=\"application\/ld+json\" class=\"yoast-schema-graph\">{\"@context\":\"https:\/\/schema.org\",\"@graph\":[{\"@type\":\"WebSite\",\"@id\":\"https:\/\/marketkibris.com\/#website\",\"url\":\"https:\/\/marketkibris.com\/\",\"name\":\"Market K\u0131br\u0131s\",\"description\":\"K\u0131br\u0131s&#039;\u0131n Bir numaral\u0131 Online Elektronik Marketi\",\"potentialAction\":[{\"@type\":\"SearchAction\",\"target\":{\"@type\":\"EntryPoint\",\"urlTemplate\":\"https:\/\/marketkibris.com\/?s={search_term_string}\"},\"query-input\":\"required name=search_term_string\"}],\"inLanguage\":\"en-GB\"},{\"@type\":\"ImageObject\",\"inLanguage\":\"en-GB\",\"@id\":\"https:\/\/marketkibris.com\/urun\/apple-airpods-pro-yeni-nesil\/#primaryimage\",\"url\":\"https:\/\/marketkibris.com\/wp-content\/uploads\/2022\/07\/airpods-pro-new-gen-01.jpg\",\"contentUrl\":\"https:\/\/marketkibris.com\/wp-content\/uploads\/2022\/07\/airpods-pro-new-gen-01.jpg\",\"width\":1144,\"height\":1144},{\"@type\":\"WebPage\",\"@id\":\"https:\/\/marketkibris.com\/urun\/apple-airpods-pro-yeni-nesil\/#webpage\",\"url\":\"https:\/\/marketkibris.com\/urun\/apple-airpods-pro-yeni-nesil\/\",\"name\":\"Apple AirPods Pro Yeni Nesil - Market K\u0131br\u0131s\",\"isPartOf\":{\"@id\":\"https:\/\/marketkibris.com\/#website\"},\"primaryImageOfPage\":{\"@id\":\"https:\/\/marketkibris.com\/urun\/apple-airpods-pro-yeni-nesil\/#primaryimage\"},\"datePublished\":\"2022-07-04T09:11:24+00:00\",\"dateModified\":\"2022-07-05T11:38:04+00:00\",\"breadcrumb\":{\"@id\":\"https:\/\/marketkibris.com\/urun\/apple-airpods-pro-yeni-nesil\/#breadcrumb\"},\"inLanguage\":\"en-GB\",\"potentialAction\":[{\"@type\":\"ReadAction\",\"target\":[\"https:\/\/marketkibris.com\/urun\/apple-airpods-pro-yeni-nesil\/\"]}]},{\"@type\":\"BreadcrumbList\",\"@id\":\"https:\/\/marketkibris.com\/urun\/apple-airpods-pro-yeni-nesil\/#breadcrumb\",\"itemListElement\":[{\"@type\":\"ListItem\",\"position\":1,\"name\":\"Anasayfa\",\"item\":\"https:\/\/marketkibris.com\/\"},{\"@type\":\"ListItem\",\"position\":2,\"name\":\"Shop\",\"item\":\"https:\/\/marketkibris.com\/shop\/\"},{\"@type\":\"ListItem\",\"position\":3,\"name\":\"Apple AirPods Pro Yeni Nesil\"}]}]}<\/script>\n<!-- \/ Yoast SEO plugin. -->","yoast_head_json":{"title":"Apple AirPods Pro Yeni Nesil - Market K\u0131br\u0131s","robots":{"index":"index","follow":"follow","max-snippet":"max-snippet:-1","max-image-preview":"max-image-preview:large","max-video-preview":"max-video-preview:-1"},"canonical":"https:\/\/marketkibris.com\/en\/product\/apple-airpods-pro-yeni-nesil\/","og_locale":"en_GB","og_type":"article","og_title":"Apple AirPods Pro Yeni Nesil - Market K\u0131br\u0131s","og_description":"G\u00fcn boyu rahatl\u0131k sunan, her kula\u011fa uygun tasar\u0131m ve otomatik a\u00e7\u0131lma, otomatik ba\u011flanma T\u00fcm Apple ayg\u0131tlar\u0131n\u0131z i\u00e7in kolay kurulum ve \u201cHey Siri\u201d diyerek Siri\u2019ye h\u0131zl\u0131 eri\u015fim iPhone, iPad, iPod touch veya Apple TV\u2019nize iki \u00e7ift AirPods ba\u011flayarak sesli i\u00e7erikleri kolayca payla\u015fma Apple ayg\u0131tlar\u0131n\u0131z aras\u0131nda sorunsuz ge\u00e7i\u015f Lightn\u0130ngilizce konnekt\u00f6r\u00fcyle kolay \u015farj ve 24 saatten fazla pil [&hellip;]","og_url":"https:\/\/marketkibris.com\/en\/product\/apple-airpods-pro-yeni-nesil\/","og_site_name":"Market K\u0131br\u0131s","article_modified_time":"2022-07-05T11:38:04+00:00","og_image":[{"width":1144,"height":1144,"url":"https:\/\/marketkibris.com\/wp-content\/uploads\/2022\/07\/airpods-pro-new-gen-01.jpg","type":"image\/jpeg"}],"author":"erenus","twitter_card":"summary_large_image","twitter_misc":{"Estimated reading time":"1 minute"},"schema":{"@context":"https:\/\/schema.org","@graph":[{"@type":"WebSite","@id":"https:\/\/marketkibris.com\/#website","url":"https:\/\/marketkibris.com\/","name":"Market K\u0131br\u0131s","description":"K\u0131br\u0131s&#039;\u0131n Bir numaral\u0131 Online Elektronik Marketi","potentialAction":[{"@type":"SearchAction","target":{"@type":"EntryPoint","urlTemplate":"https:\/\/marketkibris.com\/?s={search_term_string}"},"query-input":"required name=search_term_string"}],"inLanguage":"en-GB"},{"@type":"ImageObject","inLanguage":"en-GB","@id":"https:\/\/marketkibris.com\/urun\/apple-airpods-pro-yeni-nesil\/#primaryimage","url":"https:\/\/marketkibris.com\/wp-content\/uploads\/2022\/07\/airpods-pro-new-gen-01.jpg","contentUrl":"https:\/\/marketkibris.com\/wp-content\/uploads\/2022\/07\/airpods-pro-new-gen-01.jpg","width":1144,"height":1144},{"@type":"WebPage","@id":"https:\/\/marketkibris.com\/urun\/apple-airpods-pro-yeni-nesil\/#webpage","url":"https:\/\/marketkibris.com\/urun\/apple-airpods-pro-yeni-nesil\/","name":"Apple AirPods Pro Yeni Nesil - Market K\u0131br\u0131s","isPartOf":{"@id":"https:\/\/marketkibris.com\/#website"},"primaryImageOfPage":{"@id":"https:\/\/marketkibris.com\/urun\/apple-airpods-pro-yeni-nesil\/#primaryimage"},"datePublished":"2022-07-04T09:11:24+00:00","dateModified":"2022-07-05T11:38:04+00:00","breadcrumb":{"@id":"https:\/\/marketkibris.com\/urun\/apple-airpods-pro-yeni-nesil\/#breadcrumb"},"inLanguage":"en-GB","potentialAction":[{"@type":"ReadAction","target":["https:\/\/marketkibris.com\/urun\/apple-airpods-pro-yeni-nesil\/"]}]},{"@type":"BreadcrumbList","@id":"https:\/\/marketkibris.com\/urun\/apple-airpods-pro-yeni-nesil\/#breadcrumb","itemListElement":[{"@type":"ListItem","position":1,"name":"Anasayfa","item":"https:\/\/marketkibris.com\/"},{"@type":"ListItem","position":2,"name":"Shop","item":"https:\/\/marketkibris.com\/shop\/"},{"@type":"ListItem","position":3,"name":"Apple AirPods Pro Yeni Nesil"}]}]}},"_links":{"self":[{"href":"https:\/\/marketkibris.com\/en\/wp-json\/wp\/v2\/product\/3214"}],"collection":[{"href":"https:\/\/marketkibris.com\/en\/wp-json\/wp\/v2\/product"}],"about":[{"href":"https:\/\/marketkibris.com\/en\/wp-json\/wp\/v2\/types\/product"}],"replies":[{"embeddable":true,"href":"https:\/\/marketkibris.com\/en\/wp-json\/wp\/v2\/comments?post=3214"}],"version-history":[{"count":1,"href":"https:\/\/marketkibris.com\/en\/wp-json\/wp\/v2\/product\/3214\/revisions"}],"predecessor-version":[{"id":3217,"href":"https:\/\/marketkibris.com\/en\/wp-json\/wp\/v2\/product\/3214\/revisions\/3217"}],"wp:featuredmedia":[{"embeddable":true,"href":"https:\/\/marketkibris.com\/en\/wp-json\/wp\/v2\/media\/3215"}],"wp:attachment":[{"href":"https:\/\/marketkibris.com\/en\/wp-json\/wp\/v2\/media?parent=3214"}],"curies":[{"name":"wp","href":"https:\/\/api.w.org\/{rel}","templated":true}]}}