{"id":3218,"date":"2022-07-04T13:41:16","date_gmt":"2022-07-04T10:41:16","guid":{"rendered":"https:\/\/marketkibris.com\/?post_type=product&#038;p=3218"},"modified":"2022-07-05T14:38:13","modified_gmt":"2022-07-05T11:38:13","slug":"apple-airpods-3","status":"publish","type":"product","link":"https:\/\/marketkibris.com\/en\/product\/apple-airpods-3\/","title":{"rendered":"Apple AirPods 3"},"content":{"rendered":"<ul class=\"a-unordered-list a-vertical a-spacing-mini\">\n<li><span class=\"a-list-item\">Sesin etraf\u0131n\u0131z\u0131 sarmas\u0131n\u0131 sa\u011flayan, dinamik kafa izleme \u00f6zellikli uzamsal ses teknolojisi<\/span><\/li>\n<li><span class=\"a-list-item\">M\u00fczi\u011fi kula\u011f\u0131n\u0131z\u0131n \u015fekline g\u00f6re otomatik olarak ayarlayan Adaptif EQ<\/span><\/li>\n<li><span class=\"a-list-item\">Konturlu hatlara sahip yepyeni tasar\u0131m<\/span><\/li>\n<li><span class=\"a-list-item\">E\u011flenceyi kolayca kontrol etmenize, gelen aramalar\u0131 yan\u0131tlaman\u0131za veya sonland\u0131rman\u0131za ve \u00e7ok daha fazlas\u0131n\u0131 yapman\u0131za imkan tan\u0131yan kuvvet\u00a0sens\u00f6r\u00fc<\/span><\/li>\n<li><span class=\"a-list-item\">Tere ve suya dayan\u0131kl\u0131 tasar\u0131m<\/span><\/li>\n<li><span class=\"a-list-item\">Tek \u015farjla 6 saate kadar dinleme\u00a0s\u00fcresi<\/span><\/li>\n<li><span class=\"a-list-item\">MagSafe \u015earj Kutusu ile toplamda 30\u00a0saate kadar dinleme\u00a0s\u00fcresi<\/span><\/li>\n<\/ul>\n<div class=\"a-row a-expander-container a-expander-inline-container\">\n<div class=\"a-expander-content a-expander-extend-content a-expander-content-expanded\" aria-expanded=\"true\">\n<ul class=\"a-unordered-list a-vertical a-spacing-none\">\n<li><span class=\"a-list-item\">\u201cHey Siri\u201d diye seslenerek Siri\u2019ye h\u0131zl\u0131 eri\u015fim<\/span><\/li>\n<li><span class=\"a-list-item\">Sihirli bir deneyim i\u00e7in zahmetsiz kurulum, kula\u011fa tak\u0131l\u0131 oldu\u011funu alg\u0131lama ve otomatik ge\u00e7i\u015f \u00f6zellikleri<\/span><\/li>\n<li><span class=\"a-list-item\">iPhone, iPad, iPod\u00a0touch\u00a0veya Apple\u00a0TV\u2019nize iki\u00a0\u00e7ift AirPods ba\u011flayarak sesli i\u00e7erikleri kolayca payla\u015fma<\/span><\/li>\n<\/ul>\n<\/div>\n<\/div>","protected":false},"excerpt":{"rendered":"<p>Sesin etraf\u0131n\u0131z\u0131 sarmas\u0131n\u0131 sa\u011flayan, dinamik kafa izleme \u00f6zellikli uzamsal ses teknolojisi M\u00fczi\u011fi kula\u011f\u0131n\u0131z\u0131n \u015fekline g\u00f6re otomatik olarak ayarlayan Adaptif EQ Konturlu hatlara sahip yepyeni tasar\u0131m E\u011flenceyi kolayca kontrol etmenize, gelen aramalar\u0131 yan\u0131tlaman\u0131za veya sonland\u0131rman\u0131za ve \u00e7ok daha fazlas\u0131n\u0131 yapman\u0131za imkan tan\u0131yan kuvvet\u00a0sens\u00f6r\u00fc Tere ve suya dayan\u0131kl\u0131 tasar\u0131m Tek \u015farjla 6 saate kadar dinleme\u00a0s\u00fcresi MagSafe \u015earj [&hellip;]<\/p>","protected":false},"featured_media":3219,"comment_status":"open","ping_status":"closed","template":"","meta":{"_joinchat":[]},"yoast_head":"<!-- This site is optimized with the Yoast SEO plugin v19.2 - https:\/\/yoast.com\/wordpress\/plugins\/seo\/ -->\n<title>Apple AirPods 3 - Market K\u0131br\u0131s<\/title>\n<meta name=\"robots\" content=\"index, follow, max-snippet:-1, max-image-preview:large, max-video-preview:-1\" \/>\n<link rel=\"canonical\" href=\"https:\/\/marketkibris.com\/en\/product\/apple-airpods-3\/\" \/>\n<meta property=\"og:locale\" content=\"en_GB\" \/>\n<meta property=\"og:type\" content=\"article\" \/>\n<meta property=\"og:title\" content=\"Apple AirPods 3 - Market K\u0131br\u0131s\" \/>\n<meta property=\"og:description\" content=\"Sesin etraf\u0131n\u0131z\u0131 sarmas\u0131n\u0131 sa\u011flayan, dinamik kafa izleme \u00f6zellikli uzamsal ses teknolojisi M\u00fczi\u011fi kula\u011f\u0131n\u0131z\u0131n \u015fekline g\u00f6re otomatik olarak ayarlayan Adaptif EQ Konturlu hatlara sahip yepyeni tasar\u0131m E\u011flenceyi kolayca kontrol etmenize, gelen aramalar\u0131 yan\u0131tlaman\u0131za veya sonland\u0131rman\u0131za ve \u00e7ok daha fazlas\u0131n\u0131 yapman\u0131za imkan tan\u0131yan kuvvet\u00a0sens\u00f6r\u00fc Tere ve suya dayan\u0131kl\u0131 tasar\u0131m Tek \u015farjla 6 saate kadar dinleme\u00a0s\u00fcresi MagSafe \u015earj [&hellip;]\" \/>\n<meta property=\"og:url\" content=\"https:\/\/marketkibris.com\/en\/product\/apple-airpods-3\/\" \/>\n<meta property=\"og:site_name\" content=\"Market K\u0131br\u0131s\" \/>\n<meta property=\"article:modified_time\" content=\"2022-07-05T11:38:13+00:00\" \/>\n<meta property=\"og:image\" content=\"https:\/\/marketkibris.com\/wp-content\/uploads\/2022\/07\/airpods-3-01.jpg\" \/>\n\t<meta property=\"og:image:width\" content=\"2000\" \/>\n\t<meta property=\"og:image:height\" content=\"2000\" \/>\n\t<meta property=\"og:image:type\" content=\"image\/jpeg\" \/>\n<meta name=\"author\" content=\"erenus\" \/>\n<meta name=\"twitter:card\" content=\"summary_large_image\" \/>\n<meta name=\"twitter:label1\" content=\"Estimated reading time\" \/>\n\t<meta name=\"twitter:data1\" content=\"1 minute\" \/>\n<script type=\"application\/ld+json\" class=\"yoast-schema-graph\">{\"@context\":\"https:\/\/schema.org\",\"@graph\":[{\"@type\":\"WebSite\",\"@id\":\"https:\/\/marketkibris.com\/#website\",\"url\":\"https:\/\/marketkibris.com\/\",\"name\":\"Market K\u0131br\u0131s\",\"description\":\"K\u0131br\u0131s&#039;\u0131n Bir numaral\u0131 Online Elektronik Marketi\",\"potentialAction\":[{\"@type\":\"SearchAction\",\"target\":{\"@type\":\"EntryPoint\",\"urlTemplate\":\"https:\/\/marketkibris.com\/?s={search_term_string}\"},\"query-input\":\"required name=search_term_string\"}],\"inLanguage\":\"en-GB\"},{\"@type\":\"ImageObject\",\"inLanguage\":\"en-GB\",\"@id\":\"https:\/\/marketkibris.com\/urun\/apple-airpods-3\/#primaryimage\",\"url\":\"https:\/\/marketkibris.com\/wp-content\/uploads\/2022\/07\/airpods-3-01.jpg\",\"contentUrl\":\"https:\/\/marketkibris.com\/wp-content\/uploads\/2022\/07\/airpods-3-01.jpg\",\"width\":2000,\"height\":2000},{\"@type\":\"WebPage\",\"@id\":\"https:\/\/marketkibris.com\/urun\/apple-airpods-3\/#webpage\",\"url\":\"https:\/\/marketkibris.com\/urun\/apple-airpods-3\/\",\"name\":\"Apple AirPods 3 - Market K\u0131br\u0131s\",\"isPartOf\":{\"@id\":\"https:\/\/marketkibris.com\/#website\"},\"primaryImageOfPage\":{\"@id\":\"https:\/\/marketkibris.com\/urun\/apple-airpods-3\/#primaryimage\"},\"datePublished\":\"2022-07-04T10:41:16+00:00\",\"dateModified\":\"2022-07-05T11:38:13+00:00\",\"breadcrumb\":{\"@id\":\"https:\/\/marketkibris.com\/urun\/apple-airpods-3\/#breadcrumb\"},\"inLanguage\":\"en-GB\",\"potentialAction\":[{\"@type\":\"ReadAction\",\"target\":[\"https:\/\/marketkibris.com\/urun\/apple-airpods-3\/\"]}]},{\"@type\":\"BreadcrumbList\",\"@id\":\"https:\/\/marketkibris.com\/urun\/apple-airpods-3\/#breadcrumb\",\"itemListElement\":[{\"@type\":\"ListItem\",\"position\":1,\"name\":\"Anasayfa\",\"item\":\"https:\/\/marketkibris.com\/\"},{\"@type\":\"ListItem\",\"position\":2,\"name\":\"Shop\",\"item\":\"https:\/\/marketkibris.com\/shop\/\"},{\"@type\":\"ListItem\",\"position\":3,\"name\":\"Apple AirPods 3\"}]}]}<\/script>\n<!-- \/ Yoast SEO plugin. -->","yoast_head_json":{"title":"Apple AirPods 3 - Market K\u0131br\u0131s","robots":{"index":"index","follow":"follow","max-snippet":"max-snippet:-1","max-image-preview":"max-image-preview:large","max-video-preview":"max-video-preview:-1"},"canonical":"https:\/\/marketkibris.com\/en\/product\/apple-airpods-3\/","og_locale":"en_GB","og_type":"article","og_title":"Apple AirPods 3 - Market K\u0131br\u0131s","og_description":"Sesin etraf\u0131n\u0131z\u0131 sarmas\u0131n\u0131 sa\u011flayan, dinamik kafa izleme \u00f6zellikli uzamsal ses teknolojisi M\u00fczi\u011fi kula\u011f\u0131n\u0131z\u0131n \u015fekline g\u00f6re otomatik olarak ayarlayan Adaptif EQ Konturlu hatlara sahip yepyeni tasar\u0131m E\u011flenceyi kolayca kontrol etmenize, gelen aramalar\u0131 yan\u0131tlaman\u0131za veya sonland\u0131rman\u0131za ve \u00e7ok daha fazlas\u0131n\u0131 yapman\u0131za imkan tan\u0131yan kuvvet\u00a0sens\u00f6r\u00fc Tere ve suya dayan\u0131kl\u0131 tasar\u0131m Tek \u015farjla 6 saate kadar dinleme\u00a0s\u00fcresi MagSafe \u015earj [&hellip;]","og_url":"https:\/\/marketkibris.com\/en\/product\/apple-airpods-3\/","og_site_name":"Market K\u0131br\u0131s","article_modified_time":"2022-07-05T11:38:13+00:00","og_image":[{"width":2000,"height":2000,"url":"https:\/\/marketkibris.com\/wp-content\/uploads\/2022\/07\/airpods-3-01.jpg","type":"image\/jpeg"}],"author":"erenus","twitter_card":"summary_large_image","twitter_misc":{"Estimated reading time":"1 minute"},"schema":{"@context":"https:\/\/schema.org","@graph":[{"@type":"WebSite","@id":"https:\/\/marketkibris.com\/#website","url":"https:\/\/marketkibris.com\/","name":"Market K\u0131br\u0131s","description":"K\u0131br\u0131s&#039;\u0131n Bir numaral\u0131 Online Elektronik Marketi","potentialAction":[{"@type":"SearchAction","target":{"@type":"EntryPoint","urlTemplate":"https:\/\/marketkibris.com\/?s={search_term_string}"},"query-input":"required name=search_term_string"}],"inLanguage":"en-GB"},{"@type":"ImageObject","inLanguage":"en-GB","@id":"https:\/\/marketkibris.com\/urun\/apple-airpods-3\/#primaryimage","url":"https:\/\/marketkibris.com\/wp-content\/uploads\/2022\/07\/airpods-3-01.jpg","contentUrl":"https:\/\/marketkibris.com\/wp-content\/uploads\/2022\/07\/airpods-3-01.jpg","width":2000,"height":2000},{"@type":"WebPage","@id":"https:\/\/marketkibris.com\/urun\/apple-airpods-3\/#webpage","url":"https:\/\/marketkibris.com\/urun\/apple-airpods-3\/","name":"Apple AirPods 3 - Market K\u0131br\u0131s","isPartOf":{"@id":"https:\/\/marketkibris.com\/#website"},"primaryImageOfPage":{"@id":"https:\/\/marketkibris.com\/urun\/apple-airpods-3\/#primaryimage"},"datePublished":"2022-07-04T10:41:16+00:00","dateModified":"2022-07-05T11:38:13+00:00","breadcrumb":{"@id":"https:\/\/marketkibris.com\/urun\/apple-airpods-3\/#breadcrumb"},"inLanguage":"en-GB","potentialAction":[{"@type":"ReadAction","target":["https:\/\/marketkibris.com\/urun\/apple-airpods-3\/"]}]},{"@type":"BreadcrumbList","@id":"https:\/\/marketkibris.com\/urun\/apple-airpods-3\/#breadcrumb","itemListElement":[{"@type":"ListItem","position":1,"name":"Anasayfa","item":"https:\/\/marketkibris.com\/"},{"@type":"ListItem","position":2,"name":"Shop","item":"https:\/\/marketkibris.com\/shop\/"},{"@type":"ListItem","position":3,"name":"Apple AirPods 3"}]}]}},"_links":{"self":[{"href":"https:\/\/marketkibris.com\/en\/wp-json\/wp\/v2\/product\/3218"}],"collection":[{"href":"https:\/\/marketkibris.com\/en\/wp-json\/wp\/v2\/product"}],"about":[{"href":"https:\/\/marketkibris.com\/en\/wp-json\/wp\/v2\/types\/product"}],"replies":[{"embeddable":true,"href":"https:\/\/marketkibris.com\/en\/wp-json\/wp\/v2\/comments?post=3218"}],"version-history":[{"count":1,"href":"https:\/\/marketkibris.com\/en\/wp-json\/wp\/v2\/product\/3218\/revisions"}],"predecessor-version":[{"id":3221,"href":"https:\/\/marketkibris.com\/en\/wp-json\/wp\/v2\/product\/3218\/revisions\/3221"}],"wp:featuredmedia":[{"embeddable":true,"href":"https:\/\/marketkibris.com\/en\/wp-json\/wp\/v2\/media\/3219"}],"wp:attachment":[{"href":"https:\/\/marketkibris.com\/en\/wp-json\/wp\/v2\/media?parent=3218"}],"curies":[{"name":"wp","href":"https:\/\/api.w.org\/{rel}","templated":true}]}}