{"id":3222,"date":"2022-07-04T14:14:03","date_gmt":"2022-07-04T11:14:03","guid":{"rendered":"https:\/\/marketkibris.com\/?post_type=product&#038;p=3222"},"modified":"2022-07-04T14:29:05","modified_gmt":"2022-07-04T11:29:05","slug":"apple-watch-se-40mm","status":"publish","type":"product","link":"https:\/\/marketkibris.com\/en\/product\/apple-watch-se-40mm\/","title":{"rendered":"Apple Watch SE 40mm"},"content":{"rendered":"<ul class=\"a-unordered-list a-vertical a-spacing-mini\">\n<li><span class=\"a-list-item\">Aramalar\u0131 ve mesajlar\u0131 do\u011frudan bile\u011finizden yan\u0131tlay\u0131n<\/span><\/li>\n<li><span class=\"a-list-item\">Apple Watch\u2019ta g\u00fcnl\u00fck aktivitelerinizi takip edin ve iPhone\u2019daki Fitness uygulamas\u0131nda trendlerinizi g\u00f6r\u00fcn<\/span><\/li>\n<li><span class=\"a-list-item\">Ko\u015fu, yoga, y\u00fczme ve dans gibi favori antrenmanlara ek olarak yeni tai chi ve pilates antrenmanlar\u0131n\u0131z\u0131 da takip edin<\/span><\/li>\n<li><span class=\"a-list-item\">Yerle\u015fik pusula ve ger\u00e7ek zamanl\u0131 y\u00fckseklik \u00f6l\u00e7\u00fcm\u00fcyle do\u011fa y\u00fcr\u00fcy\u00fc\u015flerini daha ak\u0131ll\u0131 bir \u015fekilde yap\u0131n<\/span><\/li>\n<li><span class=\"a-list-item\">Y\u00fcksek ve d\u00fc\u015f\u00fck kalp at\u0131\u015f h\u0131zlar\u0131nda ve d\u00fczensiz kalp ritmi durumlar\u0131nda gelen bildirimlerle sa\u011fl\u0131k durumunuzdaki de\u011fi\u015fikliklerden haberdar olun<\/span><\/li>\n<li><span class=\"a-list-item\">Apple Watch, sert bir \u015fekilde d\u00fc\u015ferseniz bunu alg\u0131layabiliyor ve otomatik olarak acil servisleri arayabiliyor<\/span><\/li>\n<li><span class=\"a-list-item\">Acil SOS \u00f6zelli\u011fi ihtiyac\u0131n\u0131z oldu\u011funda yard\u0131m \u00e7a\u011f\u0131rman\u0131z\u0131 sa\u011fl\u0131yor<\/span><\/li>\n<\/ul>\n<div class=\"a-row a-expander-container a-expander-inline-container\">\n<div class=\"a-expander-content a-expander-extend-content a-expander-content-expanded\" aria-expanded=\"true\">\n<ul class=\"a-unordered-list a-vertical a-spacing-none\">\n<li><span class=\"a-list-item\">Favori m\u00fcziklerinizi ve podcast\u2019lerinizi e\u015fzamanlay\u0131n<\/span><\/li>\n<li><span class=\"a-list-item\">Suya dayan\u0131kl\u0131 tasar\u0131m<\/span><\/li>\n<li><span class=\"a-list-item\">\u00dc\u00e7 renk se\u00e7ene\u011fiyle sunulan, %100 geri d\u00f6n\u00fc\u015ft\u00fcr\u00fclm\u00fc\u015f al\u00fcminyum kasalar<\/span><\/li>\n<\/ul>\n<\/div>\n<\/div>","protected":false},"excerpt":{"rendered":"<p>Aramalar\u0131 ve mesajlar\u0131 do\u011frudan bile\u011finizden yan\u0131tlay\u0131n Apple Watch\u2019ta g\u00fcnl\u00fck aktivitelerinizi takip edin ve iPhone\u2019daki Fitness uygulamas\u0131nda trendlerinizi g\u00f6r\u00fcn Ko\u015fu, yoga, y\u00fczme ve dans gibi favori antrenmanlara ek olarak yeni tai chi ve pilates antrenmanlar\u0131n\u0131z\u0131 da takip edin Yerle\u015fik pusula ve ger\u00e7ek zamanl\u0131 y\u00fckseklik \u00f6l\u00e7\u00fcm\u00fcyle do\u011fa y\u00fcr\u00fcy\u00fc\u015flerini daha ak\u0131ll\u0131 bir \u015fekilde yap\u0131n Y\u00fcksek ve d\u00fc\u015f\u00fck kalp [&hellip;]<\/p>","protected":false},"featured_media":3223,"comment_status":"open","ping_status":"closed","template":"","meta":{"_joinchat":[]},"yoast_head":"<!-- This site is optimized with the Yoast SEO plugin v19.2 - https:\/\/yoast.com\/wordpress\/plugins\/seo\/ -->\n<title>Apple Watch SE 40mm - Market K\u0131br\u0131s<\/title>\n<meta name=\"robots\" content=\"index, follow, max-snippet:-1, max-image-preview:large, max-video-preview:-1\" \/>\n<link rel=\"canonical\" href=\"https:\/\/marketkibris.com\/en\/product\/apple-watch-se-40mm\/\" \/>\n<meta property=\"og:locale\" content=\"en_GB\" \/>\n<meta property=\"og:type\" content=\"article\" \/>\n<meta property=\"og:title\" content=\"Apple Watch SE 40mm - Market K\u0131br\u0131s\" \/>\n<meta property=\"og:description\" content=\"Aramalar\u0131 ve mesajlar\u0131 do\u011frudan bile\u011finizden yan\u0131tlay\u0131n Apple Watch\u2019ta g\u00fcnl\u00fck aktivitelerinizi takip edin ve iPhone\u2019daki Fitness uygulamas\u0131nda trendlerinizi g\u00f6r\u00fcn Ko\u015fu, yoga, y\u00fczme ve dans gibi favori antrenmanlara ek olarak yeni tai chi ve pilates antrenmanlar\u0131n\u0131z\u0131 da takip edin Yerle\u015fik pusula ve ger\u00e7ek zamanl\u0131 y\u00fckseklik \u00f6l\u00e7\u00fcm\u00fcyle do\u011fa y\u00fcr\u00fcy\u00fc\u015flerini daha ak\u0131ll\u0131 bir \u015fekilde yap\u0131n Y\u00fcksek ve d\u00fc\u015f\u00fck kalp [&hellip;]\" \/>\n<meta property=\"og:url\" content=\"https:\/\/marketkibris.com\/en\/product\/apple-watch-se-40mm\/\" \/>\n<meta property=\"og:site_name\" content=\"Market K\u0131br\u0131s\" \/>\n<meta property=\"article:modified_time\" content=\"2022-07-04T11:29:05+00:00\" \/>\n<meta property=\"og:image\" content=\"https:\/\/marketkibris.com\/wp-content\/uploads\/2022\/07\/apple-watch-se-40mm-01.jpg\" \/>\n\t<meta property=\"og:image:width\" content=\"1400\" \/>\n\t<meta property=\"og:image:height\" content=\"1400\" \/>\n\t<meta property=\"og:image:type\" content=\"image\/jpeg\" \/>\n<meta name=\"author\" content=\"erenus\" \/>\n<meta name=\"twitter:card\" content=\"summary_large_image\" \/>\n<meta name=\"twitter:label1\" content=\"Estimated reading time\" \/>\n\t<meta name=\"twitter:data1\" content=\"1 minute\" \/>\n<script type=\"application\/ld+json\" class=\"yoast-schema-graph\">{\"@context\":\"https:\/\/schema.org\",\"@graph\":[{\"@type\":\"WebSite\",\"@id\":\"https:\/\/marketkibris.com\/#website\",\"url\":\"https:\/\/marketkibris.com\/\",\"name\":\"Market K\u0131br\u0131s\",\"description\":\"K\u0131br\u0131s&#039;\u0131n Bir numaral\u0131 Online Elektronik Marketi\",\"potentialAction\":[{\"@type\":\"SearchAction\",\"target\":{\"@type\":\"EntryPoint\",\"urlTemplate\":\"https:\/\/marketkibris.com\/?s={search_term_string}\"},\"query-input\":\"required name=search_term_string\"}],\"inLanguage\":\"en-GB\"},{\"@type\":\"ImageObject\",\"inLanguage\":\"en-GB\",\"@id\":\"https:\/\/marketkibris.com\/urun\/apple-watch-se-40mm\/#primaryimage\",\"url\":\"https:\/\/marketkibris.com\/wp-content\/uploads\/2022\/07\/apple-watch-se-40mm-01.jpg\",\"contentUrl\":\"https:\/\/marketkibris.com\/wp-content\/uploads\/2022\/07\/apple-watch-se-40mm-01.jpg\",\"width\":1400,\"height\":1400},{\"@type\":\"WebPage\",\"@id\":\"https:\/\/marketkibris.com\/urun\/apple-watch-se-40mm\/#webpage\",\"url\":\"https:\/\/marketkibris.com\/urun\/apple-watch-se-40mm\/\",\"name\":\"Apple Watch SE 40mm - Market K\u0131br\u0131s\",\"isPartOf\":{\"@id\":\"https:\/\/marketkibris.com\/#website\"},\"primaryImageOfPage\":{\"@id\":\"https:\/\/marketkibris.com\/urun\/apple-watch-se-40mm\/#primaryimage\"},\"datePublished\":\"2022-07-04T11:14:03+00:00\",\"dateModified\":\"2022-07-04T11:29:05+00:00\",\"breadcrumb\":{\"@id\":\"https:\/\/marketkibris.com\/urun\/apple-watch-se-40mm\/#breadcrumb\"},\"inLanguage\":\"en-GB\",\"potentialAction\":[{\"@type\":\"ReadAction\",\"target\":[\"https:\/\/marketkibris.com\/urun\/apple-watch-se-40mm\/\"]}]},{\"@type\":\"BreadcrumbList\",\"@id\":\"https:\/\/marketkibris.com\/urun\/apple-watch-se-40mm\/#breadcrumb\",\"itemListElement\":[{\"@type\":\"ListItem\",\"position\":1,\"name\":\"Anasayfa\",\"item\":\"https:\/\/marketkibris.com\/\"},{\"@type\":\"ListItem\",\"position\":2,\"name\":\"Shop\",\"item\":\"https:\/\/marketkibris.com\/shop\/\"},{\"@type\":\"ListItem\",\"position\":3,\"name\":\"Apple Watch SE 40mm\"}]}]}<\/script>\n<!-- \/ Yoast SEO plugin. -->","yoast_head_json":{"title":"Apple Watch SE 40mm - Market K\u0131br\u0131s","robots":{"index":"index","follow":"follow","max-snippet":"max-snippet:-1","max-image-preview":"max-image-preview:large","max-video-preview":"max-video-preview:-1"},"canonical":"https:\/\/marketkibris.com\/en\/product\/apple-watch-se-40mm\/","og_locale":"en_GB","og_type":"article","og_title":"Apple Watch SE 40mm - Market K\u0131br\u0131s","og_description":"Aramalar\u0131 ve mesajlar\u0131 do\u011frudan bile\u011finizden yan\u0131tlay\u0131n Apple Watch\u2019ta g\u00fcnl\u00fck aktivitelerinizi takip edin ve iPhone\u2019daki Fitness uygulamas\u0131nda trendlerinizi g\u00f6r\u00fcn Ko\u015fu, yoga, y\u00fczme ve dans gibi favori antrenmanlara ek olarak yeni tai chi ve pilates antrenmanlar\u0131n\u0131z\u0131 da takip edin Yerle\u015fik pusula ve ger\u00e7ek zamanl\u0131 y\u00fckseklik \u00f6l\u00e7\u00fcm\u00fcyle do\u011fa y\u00fcr\u00fcy\u00fc\u015flerini daha ak\u0131ll\u0131 bir \u015fekilde yap\u0131n Y\u00fcksek ve d\u00fc\u015f\u00fck kalp [&hellip;]","og_url":"https:\/\/marketkibris.com\/en\/product\/apple-watch-se-40mm\/","og_site_name":"Market K\u0131br\u0131s","article_modified_time":"2022-07-04T11:29:05+00:00","og_image":[{"width":1400,"height":1400,"url":"https:\/\/marketkibris.com\/wp-content\/uploads\/2022\/07\/apple-watch-se-40mm-01.jpg","type":"image\/jpeg"}],"author":"erenus","twitter_card":"summary_large_image","twitter_misc":{"Estimated reading time":"1 minute"},"schema":{"@context":"https:\/\/schema.org","@graph":[{"@type":"WebSite","@id":"https:\/\/marketkibris.com\/#website","url":"https:\/\/marketkibris.com\/","name":"Market K\u0131br\u0131s","description":"K\u0131br\u0131s&#039;\u0131n Bir numaral\u0131 Online Elektronik Marketi","potentialAction":[{"@type":"SearchAction","target":{"@type":"EntryPoint","urlTemplate":"https:\/\/marketkibris.com\/?s={search_term_string}"},"query-input":"required name=search_term_string"}],"inLanguage":"en-GB"},{"@type":"ImageObject","inLanguage":"en-GB","@id":"https:\/\/marketkibris.com\/urun\/apple-watch-se-40mm\/#primaryimage","url":"https:\/\/marketkibris.com\/wp-content\/uploads\/2022\/07\/apple-watch-se-40mm-01.jpg","contentUrl":"https:\/\/marketkibris.com\/wp-content\/uploads\/2022\/07\/apple-watch-se-40mm-01.jpg","width":1400,"height":1400},{"@type":"WebPage","@id":"https:\/\/marketkibris.com\/urun\/apple-watch-se-40mm\/#webpage","url":"https:\/\/marketkibris.com\/urun\/apple-watch-se-40mm\/","name":"Apple Watch SE 40mm - Market K\u0131br\u0131s","isPartOf":{"@id":"https:\/\/marketkibris.com\/#website"},"primaryImageOfPage":{"@id":"https:\/\/marketkibris.com\/urun\/apple-watch-se-40mm\/#primaryimage"},"datePublished":"2022-07-04T11:14:03+00:00","dateModified":"2022-07-04T11:29:05+00:00","breadcrumb":{"@id":"https:\/\/marketkibris.com\/urun\/apple-watch-se-40mm\/#breadcrumb"},"inLanguage":"en-GB","potentialAction":[{"@type":"ReadAction","target":["https:\/\/marketkibris.com\/urun\/apple-watch-se-40mm\/"]}]},{"@type":"BreadcrumbList","@id":"https:\/\/marketkibris.com\/urun\/apple-watch-se-40mm\/#breadcrumb","itemListElement":[{"@type":"ListItem","position":1,"name":"Anasayfa","item":"https:\/\/marketkibris.com\/"},{"@type":"ListItem","position":2,"name":"Shop","item":"https:\/\/marketkibris.com\/shop\/"},{"@type":"ListItem","position":3,"name":"Apple Watch SE 40mm"}]}]}},"_links":{"self":[{"href":"https:\/\/marketkibris.com\/en\/wp-json\/wp\/v2\/product\/3222"}],"collection":[{"href":"https:\/\/marketkibris.com\/en\/wp-json\/wp\/v2\/product"}],"about":[{"href":"https:\/\/marketkibris.com\/en\/wp-json\/wp\/v2\/types\/product"}],"replies":[{"embeddable":true,"href":"https:\/\/marketkibris.com\/en\/wp-json\/wp\/v2\/comments?post=3222"}],"version-history":[{"count":1,"href":"https:\/\/marketkibris.com\/en\/wp-json\/wp\/v2\/product\/3222\/revisions"}],"predecessor-version":[{"id":3226,"href":"https:\/\/marketkibris.com\/en\/wp-json\/wp\/v2\/product\/3222\/revisions\/3226"}],"wp:featuredmedia":[{"embeddable":true,"href":"https:\/\/marketkibris.com\/en\/wp-json\/wp\/v2\/media\/3223"}],"wp:attachment":[{"href":"https:\/\/marketkibris.com\/en\/wp-json\/wp\/v2\/media?parent=3222"}],"curies":[{"name":"wp","href":"https:\/\/api.w.org\/{rel}","templated":true}]}}