{"id":3229,"date":"2022-07-04T14:31:15","date_gmt":"2022-07-04T11:31:15","guid":{"rendered":"https:\/\/marketkibris.com\/?post_type=product&#038;p=3229"},"modified":"2022-07-04T14:31:15","modified_gmt":"2022-07-04T11:31:15","slug":"apple-watch-7-41mm","status":"publish","type":"product","link":"https:\/\/marketkibris.com\/en\/product\/apple-watch-7-41mm\/","title":{"rendered":"Apple Watch 7 41mm"},"content":{"rendered":"<ul class=\"a-unordered-list a-vertical a-spacing-mini\">\n<li><span class=\"a-list-item\">Series 6\u2019ya g\u00f6re yakla\u015f\u0131k %20 daha b\u00fcy\u00fck ekran alan\u0131na sahip Hep A\u00e7\u0131k Retina ekran sayesinde her \u015feyi daha kolayca g\u00f6r\u00fcn ve kullan\u0131n<\/span><\/li>\n<li><span class=\"a-list-item\">\u00c7atlamalara kar\u015f\u0131 bug\u00fcne kadarki en dayan\u0131kl\u0131 \u00f6n kristal, IP6X toza dayan\u0131kl\u0131l\u0131k derecesi ve suya dayan\u0131kl\u0131 tasar\u0131m<\/span><\/li>\n<li><span class=\"a-list-item\">G\u00fc\u00e7l\u00fc sens\u00f6r ve uygulamayla kan\u0131n\u0131zdaki oksijen d\u00fczeyini \u00f6l\u00e7\u00fcn<\/span><\/li>\n<li><span class=\"a-list-item\">Diledi\u011finiz an diledi\u011finiz yerde EKG \u00e7ekin<\/span><\/li>\n<li><span class=\"a-list-item\">D\u00fc\u015f\u00fck ve y\u00fcksek kalp at\u0131\u015f h\u0131z\u0131 ve d\u00fczensiz kalp ritmi bildirimleri al\u0131n<\/span><\/li>\n<li><span class=\"a-list-item\">Yeni Fark\u0131ndal\u0131k uygulamas\u0131yla anda kal\u0131n ve Uyku uygulamas\u0131yla uyku hedeflerinize ula\u015f\u0131n<\/span><\/li>\n<li><span class=\"a-list-item\">Ko\u015fu, yoga, y\u00fczme ve dans gibi favori antrenmanlara ek olarak yeni tai chi ve pilates antrenmanlar\u0131n\u0131z\u0131 da takip edin<\/span><\/li>\n<\/ul>\n<div class=\"a-row a-expander-container a-expander-inline-container\">\n<div class=\"a-expander-content a-expander-extend-content a-expander-content-expanded\" aria-expanded=\"true\">\n<ul class=\"a-unordered-list a-vertical a-spacing-none\">\n<li><span class=\"a-list-item\">Apple Watch\u2019ta g\u00fcnl\u00fck aktivitelerinizi takip edin ve iPhone\u2019daki Fitness uygulamas\u0131nda trendlerinizi g\u00f6r\u00fcn<\/span><\/li>\n<li><span class=\"a-list-item\">Favori m\u00fcziklerinizi ve podcast\u2019lerinizi e\u015fzamanlay\u0131n<\/span><\/li>\n<li><span class=\"a-list-item\">T\u00fcm g\u00fcn s\u00fcren pil \u00f6mr\u00fc ve daha h\u0131zl\u0131 \u015farj<\/span><\/li>\n<\/ul>\n<\/div>\n<\/div>","protected":false},"excerpt":{"rendered":"<p>Series 6\u2019ya g\u00f6re yakla\u015f\u0131k %20 daha b\u00fcy\u00fck ekran alan\u0131na sahip Hep A\u00e7\u0131k Retina ekran sayesinde her \u015feyi daha kolayca g\u00f6r\u00fcn ve kullan\u0131n \u00c7atlamalara kar\u015f\u0131 bug\u00fcne kadarki en dayan\u0131kl\u0131 \u00f6n kristal, IP6X toza dayan\u0131kl\u0131l\u0131k derecesi ve suya dayan\u0131kl\u0131 tasar\u0131m G\u00fc\u00e7l\u00fc sens\u00f6r ve uygulamayla kan\u0131n\u0131zdaki oksijen d\u00fczeyini \u00f6l\u00e7\u00fcn Diledi\u011finiz an diledi\u011finiz yerde EKG \u00e7ekin D\u00fc\u015f\u00fck ve y\u00fcksek [&hellip;]<\/p>","protected":false},"featured_media":3230,"comment_status":"open","ping_status":"closed","template":"","meta":{"_joinchat":[]},"yoast_head":"<!-- This site is optimized with the Yoast SEO plugin v19.2 - https:\/\/yoast.com\/wordpress\/plugins\/seo\/ -->\n<title>Apple Watch 7 41mm - Market K\u0131br\u0131s<\/title>\n<meta name=\"robots\" content=\"index, follow, max-snippet:-1, max-image-preview:large, max-video-preview:-1\" \/>\n<link rel=\"canonical\" href=\"https:\/\/marketkibris.com\/en\/product\/apple-watch-7-41mm\/\" \/>\n<meta property=\"og:locale\" content=\"en_GB\" \/>\n<meta property=\"og:type\" content=\"article\" \/>\n<meta property=\"og:title\" content=\"Apple Watch 7 41mm - Market K\u0131br\u0131s\" \/>\n<meta property=\"og:description\" content=\"Series 6\u2019ya g\u00f6re yakla\u015f\u0131k %20 daha b\u00fcy\u00fck ekran alan\u0131na sahip Hep A\u00e7\u0131k Retina ekran sayesinde her \u015feyi daha kolayca g\u00f6r\u00fcn ve kullan\u0131n \u00c7atlamalara kar\u015f\u0131 bug\u00fcne kadarki en dayan\u0131kl\u0131 \u00f6n kristal, IP6X toza dayan\u0131kl\u0131l\u0131k derecesi ve suya dayan\u0131kl\u0131 tasar\u0131m G\u00fc\u00e7l\u00fc sens\u00f6r ve uygulamayla kan\u0131n\u0131zdaki oksijen d\u00fczeyini \u00f6l\u00e7\u00fcn Diledi\u011finiz an diledi\u011finiz yerde EKG \u00e7ekin D\u00fc\u015f\u00fck ve y\u00fcksek [&hellip;]\" \/>\n<meta property=\"og:url\" content=\"https:\/\/marketkibris.com\/en\/product\/apple-watch-7-41mm\/\" \/>\n<meta property=\"og:site_name\" content=\"Market K\u0131br\u0131s\" \/>\n<meta property=\"og:image\" content=\"https:\/\/marketkibris.com\/wp-content\/uploads\/2022\/07\/apple-watch-7-41mm-02.webp\" \/>\n\t<meta property=\"og:image:width\" content=\"1000\" \/>\n\t<meta property=\"og:image:height\" content=\"1000\" \/>\n\t<meta property=\"og:image:type\" content=\"image\/webp\" \/>\n<meta name=\"author\" content=\"erenus\" \/>\n<meta name=\"twitter:card\" content=\"summary_large_image\" \/>\n<meta name=\"twitter:label1\" content=\"Estimated reading time\" \/>\n\t<meta name=\"twitter:data1\" content=\"1 minute\" \/>\n<script type=\"application\/ld+json\" class=\"yoast-schema-graph\">{\"@context\":\"https:\/\/schema.org\",\"@graph\":[{\"@type\":\"WebSite\",\"@id\":\"https:\/\/marketkibris.com\/#website\",\"url\":\"https:\/\/marketkibris.com\/\",\"name\":\"Market K\u0131br\u0131s\",\"description\":\"K\u0131br\u0131s&#039;\u0131n Bir numaral\u0131 Online Elektronik Marketi\",\"potentialAction\":[{\"@type\":\"SearchAction\",\"target\":{\"@type\":\"EntryPoint\",\"urlTemplate\":\"https:\/\/marketkibris.com\/?s={search_term_string}\"},\"query-input\":\"required name=search_term_string\"}],\"inLanguage\":\"en-GB\"},{\"@type\":\"ImageObject\",\"inLanguage\":\"en-GB\",\"@id\":\"https:\/\/marketkibris.com\/urun\/apple-watch-7-41mm\/#primaryimage\",\"url\":\"https:\/\/marketkibris.com\/wp-content\/uploads\/2022\/07\/apple-watch-7-41mm-02.webp\",\"contentUrl\":\"https:\/\/marketkibris.com\/wp-content\/uploads\/2022\/07\/apple-watch-7-41mm-02.webp\",\"width\":1000,\"height\":1000},{\"@type\":\"WebPage\",\"@id\":\"https:\/\/marketkibris.com\/urun\/apple-watch-7-41mm\/#webpage\",\"url\":\"https:\/\/marketkibris.com\/urun\/apple-watch-7-41mm\/\",\"name\":\"Apple Watch 7 41mm - Market K\u0131br\u0131s\",\"isPartOf\":{\"@id\":\"https:\/\/marketkibris.com\/#website\"},\"primaryImageOfPage\":{\"@id\":\"https:\/\/marketkibris.com\/urun\/apple-watch-7-41mm\/#primaryimage\"},\"datePublished\":\"2022-07-04T11:31:15+00:00\",\"dateModified\":\"2022-07-04T11:31:15+00:00\",\"breadcrumb\":{\"@id\":\"https:\/\/marketkibris.com\/urun\/apple-watch-7-41mm\/#breadcrumb\"},\"inLanguage\":\"en-GB\",\"potentialAction\":[{\"@type\":\"ReadAction\",\"target\":[\"https:\/\/marketkibris.com\/urun\/apple-watch-7-41mm\/\"]}]},{\"@type\":\"BreadcrumbList\",\"@id\":\"https:\/\/marketkibris.com\/urun\/apple-watch-7-41mm\/#breadcrumb\",\"itemListElement\":[{\"@type\":\"ListItem\",\"position\":1,\"name\":\"Anasayfa\",\"item\":\"https:\/\/marketkibris.com\/\"},{\"@type\":\"ListItem\",\"position\":2,\"name\":\"Shop\",\"item\":\"https:\/\/marketkibris.com\/shop\/\"},{\"@type\":\"ListItem\",\"position\":3,\"name\":\"Apple Watch 7 41mm\"}]}]}<\/script>\n<!-- \/ Yoast SEO plugin. -->","yoast_head_json":{"title":"Apple Watch 7 41mm - Market K\u0131br\u0131s","robots":{"index":"index","follow":"follow","max-snippet":"max-snippet:-1","max-image-preview":"max-image-preview:large","max-video-preview":"max-video-preview:-1"},"canonical":"https:\/\/marketkibris.com\/en\/product\/apple-watch-7-41mm\/","og_locale":"en_GB","og_type":"article","og_title":"Apple Watch 7 41mm - Market K\u0131br\u0131s","og_description":"Series 6\u2019ya g\u00f6re yakla\u015f\u0131k %20 daha b\u00fcy\u00fck ekran alan\u0131na sahip Hep A\u00e7\u0131k Retina ekran sayesinde her \u015feyi daha kolayca g\u00f6r\u00fcn ve kullan\u0131n \u00c7atlamalara kar\u015f\u0131 bug\u00fcne kadarki en dayan\u0131kl\u0131 \u00f6n kristal, IP6X toza dayan\u0131kl\u0131l\u0131k derecesi ve suya dayan\u0131kl\u0131 tasar\u0131m G\u00fc\u00e7l\u00fc sens\u00f6r ve uygulamayla kan\u0131n\u0131zdaki oksijen d\u00fczeyini \u00f6l\u00e7\u00fcn Diledi\u011finiz an diledi\u011finiz yerde EKG \u00e7ekin D\u00fc\u015f\u00fck ve y\u00fcksek [&hellip;]","og_url":"https:\/\/marketkibris.com\/en\/product\/apple-watch-7-41mm\/","og_site_name":"Market K\u0131br\u0131s","og_image":[{"width":1000,"height":1000,"url":"https:\/\/marketkibris.com\/wp-content\/uploads\/2022\/07\/apple-watch-7-41mm-02.webp","type":"image\/webp"}],"author":"erenus","twitter_card":"summary_large_image","twitter_misc":{"Estimated reading time":"1 minute"},"schema":{"@context":"https:\/\/schema.org","@graph":[{"@type":"WebSite","@id":"https:\/\/marketkibris.com\/#website","url":"https:\/\/marketkibris.com\/","name":"Market K\u0131br\u0131s","description":"K\u0131br\u0131s&#039;\u0131n Bir numaral\u0131 Online Elektronik Marketi","potentialAction":[{"@type":"SearchAction","target":{"@type":"EntryPoint","urlTemplate":"https:\/\/marketkibris.com\/?s={search_term_string}"},"query-input":"required name=search_term_string"}],"inLanguage":"en-GB"},{"@type":"ImageObject","inLanguage":"en-GB","@id":"https:\/\/marketkibris.com\/urun\/apple-watch-7-41mm\/#primaryimage","url":"https:\/\/marketkibris.com\/wp-content\/uploads\/2022\/07\/apple-watch-7-41mm-02.webp","contentUrl":"https:\/\/marketkibris.com\/wp-content\/uploads\/2022\/07\/apple-watch-7-41mm-02.webp","width":1000,"height":1000},{"@type":"WebPage","@id":"https:\/\/marketkibris.com\/urun\/apple-watch-7-41mm\/#webpage","url":"https:\/\/marketkibris.com\/urun\/apple-watch-7-41mm\/","name":"Apple Watch 7 41mm - Market K\u0131br\u0131s","isPartOf":{"@id":"https:\/\/marketkibris.com\/#website"},"primaryImageOfPage":{"@id":"https:\/\/marketkibris.com\/urun\/apple-watch-7-41mm\/#primaryimage"},"datePublished":"2022-07-04T11:31:15+00:00","dateModified":"2022-07-04T11:31:15+00:00","breadcrumb":{"@id":"https:\/\/marketkibris.com\/urun\/apple-watch-7-41mm\/#breadcrumb"},"inLanguage":"en-GB","potentialAction":[{"@type":"ReadAction","target":["https:\/\/marketkibris.com\/urun\/apple-watch-7-41mm\/"]}]},{"@type":"BreadcrumbList","@id":"https:\/\/marketkibris.com\/urun\/apple-watch-7-41mm\/#breadcrumb","itemListElement":[{"@type":"ListItem","position":1,"name":"Anasayfa","item":"https:\/\/marketkibris.com\/"},{"@type":"ListItem","position":2,"name":"Shop","item":"https:\/\/marketkibris.com\/shop\/"},{"@type":"ListItem","position":3,"name":"Apple Watch 7 41mm"}]}]}},"_links":{"self":[{"href":"https:\/\/marketkibris.com\/en\/wp-json\/wp\/v2\/product\/3229"}],"collection":[{"href":"https:\/\/marketkibris.com\/en\/wp-json\/wp\/v2\/product"}],"about":[{"href":"https:\/\/marketkibris.com\/en\/wp-json\/wp\/v2\/types\/product"}],"replies":[{"embeddable":true,"href":"https:\/\/marketkibris.com\/en\/wp-json\/wp\/v2\/comments?post=3229"}],"version-history":[{"count":1,"href":"https:\/\/marketkibris.com\/en\/wp-json\/wp\/v2\/product\/3229\/revisions"}],"predecessor-version":[{"id":3233,"href":"https:\/\/marketkibris.com\/en\/wp-json\/wp\/v2\/product\/3229\/revisions\/3233"}],"wp:featuredmedia":[{"embeddable":true,"href":"https:\/\/marketkibris.com\/en\/wp-json\/wp\/v2\/media\/3230"}],"wp:attachment":[{"href":"https:\/\/marketkibris.com\/en\/wp-json\/wp\/v2\/media?parent=3229"}],"curies":[{"name":"wp","href":"https:\/\/api.w.org\/{rel}","templated":true}]}}