{"id":3236,"date":"2022-07-04T14:50:15","date_gmt":"2022-07-04T11:50:15","guid":{"rendered":"https:\/\/marketkibris.com\/?post_type=product&#038;p=3236"},"modified":"2022-07-04T14:54:53","modified_gmt":"2022-07-04T11:54:53","slug":"apple-tv-4k-2021-32-gb","status":"publish","type":"product","link":"https:\/\/marketkibris.com\/en\/product\/apple-tv-4k-2021-32-gb\/","title":{"rendered":"Apple TV 4K 2021 (32 GB)"},"content":{"rendered":"<ul class=\"a-unordered-list a-vertical a-spacing-mini\">\n<li><span class=\"a-list-item\">T\u00fcm oday\u0131 dolduran b\u00fcy\u00fcleyici sesler i\u00e7in Dolby Atmos<\/span><\/li>\n<li><span class=\"a-list-item\">Ses, video ve grafik performans\u0131n\u0131 b\u00fcy\u00fck \u00f6l\u00e7\u00fcde art\u0131ran A12 Bionic \u00e7ip ile daha da iyi oyun ve uygulama deneyimleri<\/span><\/li>\n<li><span class=\"a-list-item\">Ak\u0131c\u0131 ve net videolar i\u00e7in Dolby Vision ile 4K Y\u00fcksek Kare H\u0131z\u0131 HDR<\/span><\/li>\n<li><span class=\"a-list-item\">Pop\u00fcler online yay\u0131n servislerinden en yeni programlar, filmler, spor kar\u015f\u0131la\u015fmalar\u0131 ve canl\u0131 TV yay\u0131nlar\u0131<\/span><\/li>\n<li><span class=\"a-list-item\">TV\u2019nizden keyif alman\u0131n daha fazla yolunu sunan Foto\u011fraflar uygulamas\u0131, App Store ve Apple Music<\/span><\/li>\n<li><span class=\"a-list-item\">Dokunmatik t\u0131klama y\u00fczeyine sahip yepyeni uzaktan kumanda<\/span><\/li>\n<li><span class=\"a-list-item\">\u0130ki \u00e7ift AirPods ile ayn\u0131 anda bir ba\u015fka ki\u015fiyle beraber dinleme deneyimi<\/span><\/li>\n<\/ul>\n<div class=\"a-row a-expander-container a-expander-inline-container\">\n<div class=\"a-expander-content a-expander-extend-content a-expander-content-expanded\" aria-expanded=\"true\">\n<ul class=\"a-unordered-list a-vertical a-spacing-none\">\n<li><span class=\"a-list-item\">iPhone, iPad ve Mac\u2019inizdeki foto\u011fraf, video ve di\u011fer i\u00e7erikleri TV\u2019nizde g\u00f6r\u00fcnt\u00fclemek i\u00e7in AirPlay\u2019i kullan\u0131n<\/span><\/li>\n<li><span class=\"a-list-item\">HomeKit \u00f6zellikli kameralar\u0131n\u0131z\u0131 canl\u0131 izleyin ve ak\u0131ll\u0131 ev aksesuarlar\u0131n\u0131z\u0131 kontrol edin<\/span><\/li>\n<\/ul>\n<\/div>\n<\/div>","protected":false},"excerpt":{"rendered":"<p>T\u00fcm oday\u0131 dolduran b\u00fcy\u00fcleyici sesler i\u00e7in Dolby Atmos Ses, video ve grafik performans\u0131n\u0131 b\u00fcy\u00fck \u00f6l\u00e7\u00fcde art\u0131ran A12 Bionic \u00e7ip ile daha da iyi oyun ve uygulama deneyimleri Ak\u0131c\u0131 ve net videolar i\u00e7in Dolby Vision ile 4K Y\u00fcksek Kare H\u0131z\u0131 HDR Pop\u00fcler online yay\u0131n servislerinden en yeni programlar, filmler, spor kar\u015f\u0131la\u015fmalar\u0131 ve canl\u0131 TV yay\u0131nlar\u0131 TV\u2019nizden [&hellip;]<\/p>","protected":false},"featured_media":3237,"comment_status":"open","ping_status":"closed","template":"","meta":{"_joinchat":[]},"yoast_head":"<!-- This site is optimized with the Yoast SEO plugin v19.2 - https:\/\/yoast.com\/wordpress\/plugins\/seo\/ -->\n<title>Apple TV 4K 2021 (32 GB) - Market K\u0131br\u0131s<\/title>\n<meta name=\"robots\" content=\"index, follow, max-snippet:-1, max-image-preview:large, max-video-preview:-1\" \/>\n<link rel=\"canonical\" href=\"https:\/\/marketkibris.com\/en\/product\/apple-tv-4k-2021-32-gb\/\" \/>\n<meta property=\"og:locale\" content=\"en_GB\" \/>\n<meta property=\"og:type\" content=\"article\" \/>\n<meta property=\"og:title\" content=\"Apple TV 4K 2021 (32 GB) - Market K\u0131br\u0131s\" \/>\n<meta property=\"og:description\" content=\"T\u00fcm oday\u0131 dolduran b\u00fcy\u00fcleyici sesler i\u00e7in Dolby Atmos Ses, video ve grafik performans\u0131n\u0131 b\u00fcy\u00fck \u00f6l\u00e7\u00fcde art\u0131ran A12 Bionic \u00e7ip ile daha da iyi oyun ve uygulama deneyimleri Ak\u0131c\u0131 ve net videolar i\u00e7in Dolby Vision ile 4K Y\u00fcksek Kare H\u0131z\u0131 HDR Pop\u00fcler online yay\u0131n servislerinden en yeni programlar, filmler, spor kar\u015f\u0131la\u015fmalar\u0131 ve canl\u0131 TV yay\u0131nlar\u0131 TV\u2019nizden [&hellip;]\" \/>\n<meta property=\"og:url\" content=\"https:\/\/marketkibris.com\/en\/product\/apple-tv-4k-2021-32-gb\/\" \/>\n<meta property=\"og:site_name\" content=\"Market K\u0131br\u0131s\" \/>\n<meta property=\"article:modified_time\" content=\"2022-07-04T11:54:53+00:00\" \/>\n<meta property=\"og:image\" content=\"https:\/\/marketkibris.com\/wp-content\/uploads\/2022\/07\/apple-tv-4k-01.jpg\" \/>\n\t<meta property=\"og:image:width\" content=\"1144\" \/>\n\t<meta property=\"og:image:height\" content=\"1144\" \/>\n\t<meta property=\"og:image:type\" content=\"image\/jpeg\" \/>\n<meta name=\"author\" content=\"erenus\" \/>\n<meta name=\"twitter:card\" content=\"summary_large_image\" \/>\n<meta name=\"twitter:label1\" content=\"Estimated reading time\" \/>\n\t<meta name=\"twitter:data1\" content=\"1 minute\" \/>\n<script type=\"application\/ld+json\" class=\"yoast-schema-graph\">{\"@context\":\"https:\/\/schema.org\",\"@graph\":[{\"@type\":\"WebSite\",\"@id\":\"https:\/\/marketkibris.com\/#website\",\"url\":\"https:\/\/marketkibris.com\/\",\"name\":\"Market K\u0131br\u0131s\",\"description\":\"K\u0131br\u0131s&#039;\u0131n Bir numaral\u0131 Online Elektronik Marketi\",\"potentialAction\":[{\"@type\":\"SearchAction\",\"target\":{\"@type\":\"EntryPoint\",\"urlTemplate\":\"https:\/\/marketkibris.com\/?s={search_term_string}\"},\"query-input\":\"required name=search_term_string\"}],\"inLanguage\":\"en-GB\"},{\"@type\":\"ImageObject\",\"inLanguage\":\"en-GB\",\"@id\":\"https:\/\/marketkibris.com\/urun\/apple-tv-4k-2021-32-gb\/#primaryimage\",\"url\":\"https:\/\/marketkibris.com\/wp-content\/uploads\/2022\/07\/apple-tv-4k-01.jpg\",\"contentUrl\":\"https:\/\/marketkibris.com\/wp-content\/uploads\/2022\/07\/apple-tv-4k-01.jpg\",\"width\":1144,\"height\":1144},{\"@type\":\"WebPage\",\"@id\":\"https:\/\/marketkibris.com\/urun\/apple-tv-4k-2021-32-gb\/#webpage\",\"url\":\"https:\/\/marketkibris.com\/urun\/apple-tv-4k-2021-32-gb\/\",\"name\":\"Apple TV 4K 2021 (32 GB) - Market K\u0131br\u0131s\",\"isPartOf\":{\"@id\":\"https:\/\/marketkibris.com\/#website\"},\"primaryImageOfPage\":{\"@id\":\"https:\/\/marketkibris.com\/urun\/apple-tv-4k-2021-32-gb\/#primaryimage\"},\"datePublished\":\"2022-07-04T11:50:15+00:00\",\"dateModified\":\"2022-07-04T11:54:53+00:00\",\"breadcrumb\":{\"@id\":\"https:\/\/marketkibris.com\/urun\/apple-tv-4k-2021-32-gb\/#breadcrumb\"},\"inLanguage\":\"en-GB\",\"potentialAction\":[{\"@type\":\"ReadAction\",\"target\":[\"https:\/\/marketkibris.com\/urun\/apple-tv-4k-2021-32-gb\/\"]}]},{\"@type\":\"BreadcrumbList\",\"@id\":\"https:\/\/marketkibris.com\/urun\/apple-tv-4k-2021-32-gb\/#breadcrumb\",\"itemListElement\":[{\"@type\":\"ListItem\",\"position\":1,\"name\":\"Anasayfa\",\"item\":\"https:\/\/marketkibris.com\/\"},{\"@type\":\"ListItem\",\"position\":2,\"name\":\"Shop\",\"item\":\"https:\/\/marketkibris.com\/shop\/\"},{\"@type\":\"ListItem\",\"position\":3,\"name\":\"Apple TV 4K 2021 (32 GB)\"}]}]}<\/script>\n<!-- \/ Yoast SEO plugin. -->","yoast_head_json":{"title":"Apple TV 4K 2021 (32 GB) - Market K\u0131br\u0131s","robots":{"index":"index","follow":"follow","max-snippet":"max-snippet:-1","max-image-preview":"max-image-preview:large","max-video-preview":"max-video-preview:-1"},"canonical":"https:\/\/marketkibris.com\/en\/product\/apple-tv-4k-2021-32-gb\/","og_locale":"en_GB","og_type":"article","og_title":"Apple TV 4K 2021 (32 GB) - Market K\u0131br\u0131s","og_description":"T\u00fcm oday\u0131 dolduran b\u00fcy\u00fcleyici sesler i\u00e7in Dolby Atmos Ses, video ve grafik performans\u0131n\u0131 b\u00fcy\u00fck \u00f6l\u00e7\u00fcde art\u0131ran A12 Bionic \u00e7ip ile daha da iyi oyun ve uygulama deneyimleri Ak\u0131c\u0131 ve net videolar i\u00e7in Dolby Vision ile 4K Y\u00fcksek Kare H\u0131z\u0131 HDR Pop\u00fcler online yay\u0131n servislerinden en yeni programlar, filmler, spor kar\u015f\u0131la\u015fmalar\u0131 ve canl\u0131 TV yay\u0131nlar\u0131 TV\u2019nizden [&hellip;]","og_url":"https:\/\/marketkibris.com\/en\/product\/apple-tv-4k-2021-32-gb\/","og_site_name":"Market K\u0131br\u0131s","article_modified_time":"2022-07-04T11:54:53+00:00","og_image":[{"width":1144,"height":1144,"url":"https:\/\/marketkibris.com\/wp-content\/uploads\/2022\/07\/apple-tv-4k-01.jpg","type":"image\/jpeg"}],"author":"erenus","twitter_card":"summary_large_image","twitter_misc":{"Estimated reading time":"1 minute"},"schema":{"@context":"https:\/\/schema.org","@graph":[{"@type":"WebSite","@id":"https:\/\/marketkibris.com\/#website","url":"https:\/\/marketkibris.com\/","name":"Market K\u0131br\u0131s","description":"K\u0131br\u0131s&#039;\u0131n Bir numaral\u0131 Online Elektronik Marketi","potentialAction":[{"@type":"SearchAction","target":{"@type":"EntryPoint","urlTemplate":"https:\/\/marketkibris.com\/?s={search_term_string}"},"query-input":"required name=search_term_string"}],"inLanguage":"en-GB"},{"@type":"ImageObject","inLanguage":"en-GB","@id":"https:\/\/marketkibris.com\/urun\/apple-tv-4k-2021-32-gb\/#primaryimage","url":"https:\/\/marketkibris.com\/wp-content\/uploads\/2022\/07\/apple-tv-4k-01.jpg","contentUrl":"https:\/\/marketkibris.com\/wp-content\/uploads\/2022\/07\/apple-tv-4k-01.jpg","width":1144,"height":1144},{"@type":"WebPage","@id":"https:\/\/marketkibris.com\/urun\/apple-tv-4k-2021-32-gb\/#webpage","url":"https:\/\/marketkibris.com\/urun\/apple-tv-4k-2021-32-gb\/","name":"Apple TV 4K 2021 (32 GB) - Market K\u0131br\u0131s","isPartOf":{"@id":"https:\/\/marketkibris.com\/#website"},"primaryImageOfPage":{"@id":"https:\/\/marketkibris.com\/urun\/apple-tv-4k-2021-32-gb\/#primaryimage"},"datePublished":"2022-07-04T11:50:15+00:00","dateModified":"2022-07-04T11:54:53+00:00","breadcrumb":{"@id":"https:\/\/marketkibris.com\/urun\/apple-tv-4k-2021-32-gb\/#breadcrumb"},"inLanguage":"en-GB","potentialAction":[{"@type":"ReadAction","target":["https:\/\/marketkibris.com\/urun\/apple-tv-4k-2021-32-gb\/"]}]},{"@type":"BreadcrumbList","@id":"https:\/\/marketkibris.com\/urun\/apple-tv-4k-2021-32-gb\/#breadcrumb","itemListElement":[{"@type":"ListItem","position":1,"name":"Anasayfa","item":"https:\/\/marketkibris.com\/"},{"@type":"ListItem","position":2,"name":"Shop","item":"https:\/\/marketkibris.com\/shop\/"},{"@type":"ListItem","position":3,"name":"Apple TV 4K 2021 (32 GB)"}]}]}},"_links":{"self":[{"href":"https:\/\/marketkibris.com\/en\/wp-json\/wp\/v2\/product\/3236"}],"collection":[{"href":"https:\/\/marketkibris.com\/en\/wp-json\/wp\/v2\/product"}],"about":[{"href":"https:\/\/marketkibris.com\/en\/wp-json\/wp\/v2\/types\/product"}],"replies":[{"embeddable":true,"href":"https:\/\/marketkibris.com\/en\/wp-json\/wp\/v2\/comments?post=3236"}],"version-history":[{"count":1,"href":"https:\/\/marketkibris.com\/en\/wp-json\/wp\/v2\/product\/3236\/revisions"}],"predecessor-version":[{"id":3239,"href":"https:\/\/marketkibris.com\/en\/wp-json\/wp\/v2\/product\/3236\/revisions\/3239"}],"wp:featuredmedia":[{"embeddable":true,"href":"https:\/\/marketkibris.com\/en\/wp-json\/wp\/v2\/media\/3237"}],"wp:attachment":[{"href":"https:\/\/marketkibris.com\/en\/wp-json\/wp\/v2\/media?parent=3236"}],"curies":[{"name":"wp","href":"https:\/\/api.w.org\/{rel}","templated":true}]}}