{"id":3241,"date":"2022-07-04T15:00:10","date_gmt":"2022-07-04T12:00:10","guid":{"rendered":"https:\/\/marketkibris.com\/?post_type=product&#038;p=3241"},"modified":"2022-07-05T14:37:22","modified_gmt":"2022-07-05T11:37:22","slug":"apple-kalem-1","status":"publish","type":"product","link":"https:\/\/marketkibris.com\/en\/product\/apple-kalem-1\/","title":{"rendered":"Apple Kalem 1"},"content":{"rendered":"<ul class=\"a-unordered-list a-vertical a-spacing-mini\">\n<li><span class=\"a-list-item\">Apple Pencil analog bir yazma cihaz\u0131n\u0131n hassasiyeti, tepki kapasitesi ve do\u011fal ak\u0131\u015f\u0131na sahiptir, ancak daha fazlas\u0131 olabilecek kadar \u00e7ok y\u00f6nl\u00fcd\u00fcr.<\/span><\/li>\n<li><span class=\"a-list-item\">9,7&#8243; iPad Pro (\u00f6nceki model), 10,5&#8243; iPad Pro (\u00f6nceki model), 12,9&#8243; iPad Pro (1. nesil &#8211; \u00f6nceki model ve 2. nesil &#8211; \u00f6nceki model), iPad Air (3. nesil \u2013 en yeni model), iPad (6. nesil &#8211; \u00f6nceki model ve 7. nesil, en yeni model) ve iPad mini (5. nesil, en yeni model) ile uyumlu.<\/span><\/li>\n<li><span class=\"a-list-item\">Apple Pencil ile iPad\u2019inizi bir not defterine, bir tuvale veya ne d\u00fc\u015f\u00fcn\u00fcrseniz ona d\u00f6n\u00fc\u015ft\u00fcrebilirsiniz.<\/span><\/li>\n<\/ul>","protected":false},"excerpt":{"rendered":"<p>Apple Pencil analog bir yazma cihaz\u0131n\u0131n hassasiyeti, tepki kapasitesi ve do\u011fal ak\u0131\u015f\u0131na sahiptir, ancak daha fazlas\u0131 olabilecek kadar \u00e7ok y\u00f6nl\u00fcd\u00fcr. 9,7&#8243; iPad Pro (\u00f6nceki model), 10,5&#8243; iPad Pro (\u00f6nceki model), 12,9&#8243; iPad Pro (1. nesil &#8211; \u00f6nceki model ve 2. nesil &#8211; \u00f6nceki model), iPad Air (3. nesil \u2013 en yeni model), iPad (6. nesil [&hellip;]<\/p>","protected":false},"featured_media":3242,"comment_status":"open","ping_status":"closed","template":"","meta":{"_joinchat":[]},"yoast_head":"<!-- This site is optimized with the Yoast SEO plugin v19.2 - https:\/\/yoast.com\/wordpress\/plugins\/seo\/ -->\n<title>Apple Kalem 1 - Market K\u0131br\u0131s<\/title>\n<meta name=\"robots\" content=\"index, follow, max-snippet:-1, max-image-preview:large, max-video-preview:-1\" \/>\n<link rel=\"canonical\" href=\"https:\/\/marketkibris.com\/en\/product\/apple-kalem-1\/\" \/>\n<meta property=\"og:locale\" content=\"en_GB\" \/>\n<meta property=\"og:type\" content=\"article\" \/>\n<meta property=\"og:title\" content=\"Apple Kalem 1 - Market K\u0131br\u0131s\" \/>\n<meta property=\"og:description\" content=\"Apple Pencil analog bir yazma cihaz\u0131n\u0131n hassasiyeti, tepki kapasitesi ve do\u011fal ak\u0131\u015f\u0131na sahiptir, ancak daha fazlas\u0131 olabilecek kadar \u00e7ok y\u00f6nl\u00fcd\u00fcr. 9,7&#8243; iPad Pro (\u00f6nceki model), 10,5&#8243; iPad Pro (\u00f6nceki model), 12,9&#8243; iPad Pro (1. nesil &#8211; \u00f6nceki model ve 2. nesil &#8211; \u00f6nceki model), iPad Air (3. nesil \u2013 en yeni model), iPad (6. nesil [&hellip;]\" \/>\n<meta property=\"og:url\" content=\"https:\/\/marketkibris.com\/en\/product\/apple-kalem-1\/\" \/>\n<meta property=\"og:site_name\" content=\"Market K\u0131br\u0131s\" \/>\n<meta property=\"article:modified_time\" content=\"2022-07-05T11:37:22+00:00\" \/>\n<meta property=\"og:image\" content=\"https:\/\/marketkibris.com\/wp-content\/uploads\/2022\/07\/apple-pencil-1.jpg\" \/>\n\t<meta property=\"og:image:width\" content=\"1144\" \/>\n\t<meta property=\"og:image:height\" content=\"1144\" \/>\n\t<meta property=\"og:image:type\" content=\"image\/jpeg\" \/>\n<meta name=\"author\" content=\"erenus\" \/>\n<meta name=\"twitter:card\" content=\"summary_large_image\" \/>\n<meta name=\"twitter:label1\" content=\"Estimated reading time\" \/>\n\t<meta name=\"twitter:data1\" content=\"1 minute\" \/>\n<script type=\"application\/ld+json\" class=\"yoast-schema-graph\">{\"@context\":\"https:\/\/schema.org\",\"@graph\":[{\"@type\":\"WebSite\",\"@id\":\"https:\/\/marketkibris.com\/#website\",\"url\":\"https:\/\/marketkibris.com\/\",\"name\":\"Market K\u0131br\u0131s\",\"description\":\"K\u0131br\u0131s&#039;\u0131n Bir numaral\u0131 Online Elektronik Marketi\",\"potentialAction\":[{\"@type\":\"SearchAction\",\"target\":{\"@type\":\"EntryPoint\",\"urlTemplate\":\"https:\/\/marketkibris.com\/?s={search_term_string}\"},\"query-input\":\"required name=search_term_string\"}],\"inLanguage\":\"en-GB\"},{\"@type\":\"ImageObject\",\"inLanguage\":\"en-GB\",\"@id\":\"https:\/\/marketkibris.com\/urun\/apple-kalem-1\/#primaryimage\",\"url\":\"https:\/\/marketkibris.com\/wp-content\/uploads\/2022\/07\/apple-pencil-1.jpg\",\"contentUrl\":\"https:\/\/marketkibris.com\/wp-content\/uploads\/2022\/07\/apple-pencil-1.jpg\",\"width\":1144,\"height\":1144},{\"@type\":\"WebPage\",\"@id\":\"https:\/\/marketkibris.com\/urun\/apple-kalem-1\/#webpage\",\"url\":\"https:\/\/marketkibris.com\/urun\/apple-kalem-1\/\",\"name\":\"Apple Kalem 1 - Market K\u0131br\u0131s\",\"isPartOf\":{\"@id\":\"https:\/\/marketkibris.com\/#website\"},\"primaryImageOfPage\":{\"@id\":\"https:\/\/marketkibris.com\/urun\/apple-kalem-1\/#primaryimage\"},\"datePublished\":\"2022-07-04T12:00:10+00:00\",\"dateModified\":\"2022-07-05T11:37:22+00:00\",\"breadcrumb\":{\"@id\":\"https:\/\/marketkibris.com\/urun\/apple-kalem-1\/#breadcrumb\"},\"inLanguage\":\"en-GB\",\"potentialAction\":[{\"@type\":\"ReadAction\",\"target\":[\"https:\/\/marketkibris.com\/urun\/apple-kalem-1\/\"]}]},{\"@type\":\"BreadcrumbList\",\"@id\":\"https:\/\/marketkibris.com\/urun\/apple-kalem-1\/#breadcrumb\",\"itemListElement\":[{\"@type\":\"ListItem\",\"position\":1,\"name\":\"Anasayfa\",\"item\":\"https:\/\/marketkibris.com\/\"},{\"@type\":\"ListItem\",\"position\":2,\"name\":\"Shop\",\"item\":\"https:\/\/marketkibris.com\/shop\/\"},{\"@type\":\"ListItem\",\"position\":3,\"name\":\"Apple Kalem 1\"}]}]}<\/script>\n<!-- \/ Yoast SEO plugin. -->","yoast_head_json":{"title":"Apple Kalem 1 - Market K\u0131br\u0131s","robots":{"index":"index","follow":"follow","max-snippet":"max-snippet:-1","max-image-preview":"max-image-preview:large","max-video-preview":"max-video-preview:-1"},"canonical":"https:\/\/marketkibris.com\/en\/product\/apple-kalem-1\/","og_locale":"en_GB","og_type":"article","og_title":"Apple Kalem 1 - Market K\u0131br\u0131s","og_description":"Apple Pencil analog bir yazma cihaz\u0131n\u0131n hassasiyeti, tepki kapasitesi ve do\u011fal ak\u0131\u015f\u0131na sahiptir, ancak daha fazlas\u0131 olabilecek kadar \u00e7ok y\u00f6nl\u00fcd\u00fcr. 9,7&#8243; iPad Pro (\u00f6nceki model), 10,5&#8243; iPad Pro (\u00f6nceki model), 12,9&#8243; iPad Pro (1. nesil &#8211; \u00f6nceki model ve 2. nesil &#8211; \u00f6nceki model), iPad Air (3. nesil \u2013 en yeni model), iPad (6. nesil [&hellip;]","og_url":"https:\/\/marketkibris.com\/en\/product\/apple-kalem-1\/","og_site_name":"Market K\u0131br\u0131s","article_modified_time":"2022-07-05T11:37:22+00:00","og_image":[{"width":1144,"height":1144,"url":"https:\/\/marketkibris.com\/wp-content\/uploads\/2022\/07\/apple-pencil-1.jpg","type":"image\/jpeg"}],"author":"erenus","twitter_card":"summary_large_image","twitter_misc":{"Estimated reading time":"1 minute"},"schema":{"@context":"https:\/\/schema.org","@graph":[{"@type":"WebSite","@id":"https:\/\/marketkibris.com\/#website","url":"https:\/\/marketkibris.com\/","name":"Market K\u0131br\u0131s","description":"K\u0131br\u0131s&#039;\u0131n Bir numaral\u0131 Online Elektronik Marketi","potentialAction":[{"@type":"SearchAction","target":{"@type":"EntryPoint","urlTemplate":"https:\/\/marketkibris.com\/?s={search_term_string}"},"query-input":"required name=search_term_string"}],"inLanguage":"en-GB"},{"@type":"ImageObject","inLanguage":"en-GB","@id":"https:\/\/marketkibris.com\/urun\/apple-kalem-1\/#primaryimage","url":"https:\/\/marketkibris.com\/wp-content\/uploads\/2022\/07\/apple-pencil-1.jpg","contentUrl":"https:\/\/marketkibris.com\/wp-content\/uploads\/2022\/07\/apple-pencil-1.jpg","width":1144,"height":1144},{"@type":"WebPage","@id":"https:\/\/marketkibris.com\/urun\/apple-kalem-1\/#webpage","url":"https:\/\/marketkibris.com\/urun\/apple-kalem-1\/","name":"Apple Kalem 1 - Market K\u0131br\u0131s","isPartOf":{"@id":"https:\/\/marketkibris.com\/#website"},"primaryImageOfPage":{"@id":"https:\/\/marketkibris.com\/urun\/apple-kalem-1\/#primaryimage"},"datePublished":"2022-07-04T12:00:10+00:00","dateModified":"2022-07-05T11:37:22+00:00","breadcrumb":{"@id":"https:\/\/marketkibris.com\/urun\/apple-kalem-1\/#breadcrumb"},"inLanguage":"en-GB","potentialAction":[{"@type":"ReadAction","target":["https:\/\/marketkibris.com\/urun\/apple-kalem-1\/"]}]},{"@type":"BreadcrumbList","@id":"https:\/\/marketkibris.com\/urun\/apple-kalem-1\/#breadcrumb","itemListElement":[{"@type":"ListItem","position":1,"name":"Anasayfa","item":"https:\/\/marketkibris.com\/"},{"@type":"ListItem","position":2,"name":"Shop","item":"https:\/\/marketkibris.com\/shop\/"},{"@type":"ListItem","position":3,"name":"Apple Kalem 1"}]}]}},"_links":{"self":[{"href":"https:\/\/marketkibris.com\/en\/wp-json\/wp\/v2\/product\/3241"}],"collection":[{"href":"https:\/\/marketkibris.com\/en\/wp-json\/wp\/v2\/product"}],"about":[{"href":"https:\/\/marketkibris.com\/en\/wp-json\/wp\/v2\/types\/product"}],"replies":[{"embeddable":true,"href":"https:\/\/marketkibris.com\/en\/wp-json\/wp\/v2\/comments?post=3241"}],"version-history":[{"count":1,"href":"https:\/\/marketkibris.com\/en\/wp-json\/wp\/v2\/product\/3241\/revisions"}],"predecessor-version":[{"id":3243,"href":"https:\/\/marketkibris.com\/en\/wp-json\/wp\/v2\/product\/3241\/revisions\/3243"}],"wp:featuredmedia":[{"embeddable":true,"href":"https:\/\/marketkibris.com\/en\/wp-json\/wp\/v2\/media\/3242"}],"wp:attachment":[{"href":"https:\/\/marketkibris.com\/en\/wp-json\/wp\/v2\/media?parent=3241"}],"curies":[{"name":"wp","href":"https:\/\/api.w.org\/{rel}","templated":true}]}}