{"id":3244,"date":"2022-07-04T15:02:48","date_gmt":"2022-07-04T12:02:48","guid":{"rendered":"https:\/\/marketkibris.com\/?post_type=product&#038;p=3244"},"modified":"2022-07-05T14:37:31","modified_gmt":"2022-07-05T11:37:31","slug":"apple-kalem-2","status":"publish","type":"product","link":"https:\/\/marketkibris.com\/en\/product\/apple-kalem-2\/","title":{"rendered":"Apple Kalem 2"},"content":{"rendered":"<ul class=\"a-unordered-list a-vertical a-spacing-mini\">\n<li><span class=\"a-list-item\">F\u0131r\u00e7a, kur\u015fun kalem veya k\u00f6m\u00fcr kalem<\/span><\/li>\n<li><span class=\"a-list-item\">Apple Pencil (2; nesil), m\u00fckemmel piksel hassasiyetinin yan\u0131 s\u0131ra e\u011fime ve kuvvete duyarl\u0131l\u0131kla en sevdi\u011finiz yarat\u0131c\u0131l\u0131k arac\u0131na d\u00f6n\u00fc\u015f\u00fcyor<\/span><\/li>\n<li><span class=\"a-list-item\">Resim ve \u00e7izim yapmak, bir \u015feyler karalamak ve hatta not almak \u015fimdi her zamankinden daha iyi<\/span><\/li>\n<li><span class=\"a-list-item\">12.9 in\u00e7 iPad Pro (3., 4; ve 5; nesil), 11 in\u00e7 iPad Pro (1., 2; ve 3; nesil), iPad Air (4; nesil) ve iPad mini (6; nesil) ile uyumludur<\/span><\/li>\n<\/ul>","protected":false},"excerpt":{"rendered":"<p>F\u0131r\u00e7a, kur\u015fun kalem veya k\u00f6m\u00fcr kalem Apple Pencil (2; nesil), m\u00fckemmel piksel hassasiyetinin yan\u0131 s\u0131ra e\u011fime ve kuvvete duyarl\u0131l\u0131kla en sevdi\u011finiz yarat\u0131c\u0131l\u0131k arac\u0131na d\u00f6n\u00fc\u015f\u00fcyor Resim ve \u00e7izim yapmak, bir \u015feyler karalamak ve hatta not almak \u015fimdi her zamankinden daha iyi 12.9 in\u00e7 iPad Pro (3., 4; ve 5; nesil), 11 in\u00e7 iPad Pro (1., 2; [&hellip;]<\/p>","protected":false},"featured_media":3245,"comment_status":"open","ping_status":"closed","template":"","meta":{"_joinchat":[]},"yoast_head":"<!-- This site is optimized with the Yoast SEO plugin v19.2 - https:\/\/yoast.com\/wordpress\/plugins\/seo\/ -->\n<title>Apple Kalem 2 - Market K\u0131br\u0131s<\/title>\n<meta name=\"robots\" content=\"index, follow, max-snippet:-1, max-image-preview:large, max-video-preview:-1\" \/>\n<link rel=\"canonical\" href=\"https:\/\/marketkibris.com\/en\/product\/apple-kalem-2\/\" \/>\n<meta property=\"og:locale\" content=\"en_GB\" \/>\n<meta property=\"og:type\" content=\"article\" \/>\n<meta property=\"og:title\" content=\"Apple Kalem 2 - Market K\u0131br\u0131s\" \/>\n<meta property=\"og:description\" content=\"F\u0131r\u00e7a, kur\u015fun kalem veya k\u00f6m\u00fcr kalem Apple Pencil (2; nesil), m\u00fckemmel piksel hassasiyetinin yan\u0131 s\u0131ra e\u011fime ve kuvvete duyarl\u0131l\u0131kla en sevdi\u011finiz yarat\u0131c\u0131l\u0131k arac\u0131na d\u00f6n\u00fc\u015f\u00fcyor Resim ve \u00e7izim yapmak, bir \u015feyler karalamak ve hatta not almak \u015fimdi her zamankinden daha iyi 12.9 in\u00e7 iPad Pro (3., 4; ve 5; nesil), 11 in\u00e7 iPad Pro (1., 2; [&hellip;]\" \/>\n<meta property=\"og:url\" content=\"https:\/\/marketkibris.com\/en\/product\/apple-kalem-2\/\" \/>\n<meta property=\"og:site_name\" content=\"Market K\u0131br\u0131s\" \/>\n<meta property=\"article:modified_time\" content=\"2022-07-05T11:37:31+00:00\" \/>\n<meta property=\"og:image\" content=\"https:\/\/marketkibris.com\/wp-content\/uploads\/2022\/07\/apple-pencil-2.jpg\" \/>\n\t<meta property=\"og:image:width\" content=\"1144\" \/>\n\t<meta property=\"og:image:height\" content=\"1144\" \/>\n\t<meta property=\"og:image:type\" content=\"image\/jpeg\" \/>\n<meta name=\"author\" content=\"erenus\" \/>\n<meta name=\"twitter:card\" content=\"summary_large_image\" \/>\n<meta name=\"twitter:label1\" content=\"Estimated reading time\" \/>\n\t<meta name=\"twitter:data1\" content=\"1 minute\" \/>\n<script type=\"application\/ld+json\" class=\"yoast-schema-graph\">{\"@context\":\"https:\/\/schema.org\",\"@graph\":[{\"@type\":\"WebSite\",\"@id\":\"https:\/\/marketkibris.com\/#website\",\"url\":\"https:\/\/marketkibris.com\/\",\"name\":\"Market K\u0131br\u0131s\",\"description\":\"K\u0131br\u0131s&#039;\u0131n Bir numaral\u0131 Online Elektronik Marketi\",\"potentialAction\":[{\"@type\":\"SearchAction\",\"target\":{\"@type\":\"EntryPoint\",\"urlTemplate\":\"https:\/\/marketkibris.com\/?s={search_term_string}\"},\"query-input\":\"required name=search_term_string\"}],\"inLanguage\":\"en-GB\"},{\"@type\":\"ImageObject\",\"inLanguage\":\"en-GB\",\"@id\":\"https:\/\/marketkibris.com\/urun\/apple-kalem-2\/#primaryimage\",\"url\":\"https:\/\/marketkibris.com\/wp-content\/uploads\/2022\/07\/apple-pencil-2.jpg\",\"contentUrl\":\"https:\/\/marketkibris.com\/wp-content\/uploads\/2022\/07\/apple-pencil-2.jpg\",\"width\":1144,\"height\":1144},{\"@type\":\"WebPage\",\"@id\":\"https:\/\/marketkibris.com\/urun\/apple-kalem-2\/#webpage\",\"url\":\"https:\/\/marketkibris.com\/urun\/apple-kalem-2\/\",\"name\":\"Apple Kalem 2 - Market K\u0131br\u0131s\",\"isPartOf\":{\"@id\":\"https:\/\/marketkibris.com\/#website\"},\"primaryImageOfPage\":{\"@id\":\"https:\/\/marketkibris.com\/urun\/apple-kalem-2\/#primaryimage\"},\"datePublished\":\"2022-07-04T12:02:48+00:00\",\"dateModified\":\"2022-07-05T11:37:31+00:00\",\"breadcrumb\":{\"@id\":\"https:\/\/marketkibris.com\/urun\/apple-kalem-2\/#breadcrumb\"},\"inLanguage\":\"en-GB\",\"potentialAction\":[{\"@type\":\"ReadAction\",\"target\":[\"https:\/\/marketkibris.com\/urun\/apple-kalem-2\/\"]}]},{\"@type\":\"BreadcrumbList\",\"@id\":\"https:\/\/marketkibris.com\/urun\/apple-kalem-2\/#breadcrumb\",\"itemListElement\":[{\"@type\":\"ListItem\",\"position\":1,\"name\":\"Anasayfa\",\"item\":\"https:\/\/marketkibris.com\/\"},{\"@type\":\"ListItem\",\"position\":2,\"name\":\"Shop\",\"item\":\"https:\/\/marketkibris.com\/shop\/\"},{\"@type\":\"ListItem\",\"position\":3,\"name\":\"Apple Kalem 2\"}]}]}<\/script>\n<!-- \/ Yoast SEO plugin. -->","yoast_head_json":{"title":"Apple Kalem 2 - Market K\u0131br\u0131s","robots":{"index":"index","follow":"follow","max-snippet":"max-snippet:-1","max-image-preview":"max-image-preview:large","max-video-preview":"max-video-preview:-1"},"canonical":"https:\/\/marketkibris.com\/en\/product\/apple-kalem-2\/","og_locale":"en_GB","og_type":"article","og_title":"Apple Kalem 2 - Market K\u0131br\u0131s","og_description":"F\u0131r\u00e7a, kur\u015fun kalem veya k\u00f6m\u00fcr kalem Apple Pencil (2; nesil), m\u00fckemmel piksel hassasiyetinin yan\u0131 s\u0131ra e\u011fime ve kuvvete duyarl\u0131l\u0131kla en sevdi\u011finiz yarat\u0131c\u0131l\u0131k arac\u0131na d\u00f6n\u00fc\u015f\u00fcyor Resim ve \u00e7izim yapmak, bir \u015feyler karalamak ve hatta not almak \u015fimdi her zamankinden daha iyi 12.9 in\u00e7 iPad Pro (3., 4; ve 5; nesil), 11 in\u00e7 iPad Pro (1., 2; [&hellip;]","og_url":"https:\/\/marketkibris.com\/en\/product\/apple-kalem-2\/","og_site_name":"Market K\u0131br\u0131s","article_modified_time":"2022-07-05T11:37:31+00:00","og_image":[{"width":1144,"height":1144,"url":"https:\/\/marketkibris.com\/wp-content\/uploads\/2022\/07\/apple-pencil-2.jpg","type":"image\/jpeg"}],"author":"erenus","twitter_card":"summary_large_image","twitter_misc":{"Estimated reading time":"1 minute"},"schema":{"@context":"https:\/\/schema.org","@graph":[{"@type":"WebSite","@id":"https:\/\/marketkibris.com\/#website","url":"https:\/\/marketkibris.com\/","name":"Market K\u0131br\u0131s","description":"K\u0131br\u0131s&#039;\u0131n Bir numaral\u0131 Online Elektronik Marketi","potentialAction":[{"@type":"SearchAction","target":{"@type":"EntryPoint","urlTemplate":"https:\/\/marketkibris.com\/?s={search_term_string}"},"query-input":"required name=search_term_string"}],"inLanguage":"en-GB"},{"@type":"ImageObject","inLanguage":"en-GB","@id":"https:\/\/marketkibris.com\/urun\/apple-kalem-2\/#primaryimage","url":"https:\/\/marketkibris.com\/wp-content\/uploads\/2022\/07\/apple-pencil-2.jpg","contentUrl":"https:\/\/marketkibris.com\/wp-content\/uploads\/2022\/07\/apple-pencil-2.jpg","width":1144,"height":1144},{"@type":"WebPage","@id":"https:\/\/marketkibris.com\/urun\/apple-kalem-2\/#webpage","url":"https:\/\/marketkibris.com\/urun\/apple-kalem-2\/","name":"Apple Kalem 2 - Market K\u0131br\u0131s","isPartOf":{"@id":"https:\/\/marketkibris.com\/#website"},"primaryImageOfPage":{"@id":"https:\/\/marketkibris.com\/urun\/apple-kalem-2\/#primaryimage"},"datePublished":"2022-07-04T12:02:48+00:00","dateModified":"2022-07-05T11:37:31+00:00","breadcrumb":{"@id":"https:\/\/marketkibris.com\/urun\/apple-kalem-2\/#breadcrumb"},"inLanguage":"en-GB","potentialAction":[{"@type":"ReadAction","target":["https:\/\/marketkibris.com\/urun\/apple-kalem-2\/"]}]},{"@type":"BreadcrumbList","@id":"https:\/\/marketkibris.com\/urun\/apple-kalem-2\/#breadcrumb","itemListElement":[{"@type":"ListItem","position":1,"name":"Anasayfa","item":"https:\/\/marketkibris.com\/"},{"@type":"ListItem","position":2,"name":"Shop","item":"https:\/\/marketkibris.com\/shop\/"},{"@type":"ListItem","position":3,"name":"Apple Kalem 2"}]}]}},"_links":{"self":[{"href":"https:\/\/marketkibris.com\/en\/wp-json\/wp\/v2\/product\/3244"}],"collection":[{"href":"https:\/\/marketkibris.com\/en\/wp-json\/wp\/v2\/product"}],"about":[{"href":"https:\/\/marketkibris.com\/en\/wp-json\/wp\/v2\/types\/product"}],"replies":[{"embeddable":true,"href":"https:\/\/marketkibris.com\/en\/wp-json\/wp\/v2\/comments?post=3244"}],"version-history":[{"count":1,"href":"https:\/\/marketkibris.com\/en\/wp-json\/wp\/v2\/product\/3244\/revisions"}],"predecessor-version":[{"id":3246,"href":"https:\/\/marketkibris.com\/en\/wp-json\/wp\/v2\/product\/3244\/revisions\/3246"}],"wp:featuredmedia":[{"embeddable":true,"href":"https:\/\/marketkibris.com\/en\/wp-json\/wp\/v2\/media\/3245"}],"wp:attachment":[{"href":"https:\/\/marketkibris.com\/en\/wp-json\/wp\/v2\/media?parent=3244"}],"curies":[{"name":"wp","href":"https:\/\/api.w.org\/{rel}","templated":true}]}}