{"id":3251,"date":"2022-07-04T15:39:15","date_gmt":"2022-07-04T12:39:15","guid":{"rendered":"https:\/\/marketkibris.com\/?post_type=product&#038;p=3251"},"modified":"2022-07-04T15:39:16","modified_gmt":"2022-07-04T12:39:16","slug":"apple-airtag","status":"publish","type":"product","link":"https:\/\/marketkibris.com\/en\/product\/apple-airtag\/","title":{"rendered":"Apple AirTag"},"content":{"rendered":"<ul class=\"a-unordered-list a-vertical a-spacing-mini\">\n<li><span class=\"a-list-item\">Bul uygulamas\u0131yla arkada\u015flar\u0131n\u0131z\u0131n ve ayg\u0131tlar\u0131n\u0131z\u0131n yan\u0131 s\u0131ra e\u015fyalar\u0131n\u0131z\u0131n da nerede oldu\u011funu g\u00f6r\u00fcn<\/span><\/li>\n<li><span class=\"a-list-item\">Tek dokunu\u015fla kolay kurulum sayesinde AirTag\u2019iniz iPhone veya iPad\u2019inize an\u0131nda ba\u011flan\u0131yor<\/span><\/li>\n<li><span class=\"a-list-item\">E\u015fyalar\u0131n\u0131z\u0131 bulmak i\u00e7in yerle\u015fik hoparl\u00f6rde ses \u00e7al\u0131n veya Siri\u2019den yard\u0131m isteyin<\/span><\/li>\n<li><span class=\"a-list-item\">Ultra Geni\u015f Bant teknolojisine sahip Tam Konum Bulma \u00f6zelli\u011fi sizi do\u011frudan yak\u0131nlardaki AirTag\u2019inize y\u00f6nlendirebiliyor (belirli iPhone modellerinde)<\/span><\/li>\n<li><span class=\"a-list-item\">Daha uzaktaki e\u015fyalar\u0131 ise Bul a\u011f\u0131ndaki y\u00fcz milyonlarca Apple ayg\u0131t\u0131n\u0131n yard\u0131m\u0131yla bulabiliyorsunuz<\/span><\/li>\n<li><span class=\"a-list-item\">AirTag\u2019in Kay\u0131p Modu\u2019nu etkinle\u015ftirin, AirTag\u2019iniz Bul a\u011f\u0131nda tespit edildi\u011fi zaman otomatik olarak bildirim al\u0131n<\/span><\/li>\n<li><span class=\"a-list-item\">Bul a\u011f\u0131yla yap\u0131lan t\u00fcm ileti\u015fimler gizlili\u011finizi korumak i\u00e7in \u015fifreli ve anonim bir \u015fekilde ger\u00e7ekle\u015ftiriliyor<\/span><\/li>\n<\/ul>\n<div class=\"a-row a-expander-container a-expander-inline-container\">\n<div class=\"a-expander-content a-expander-extend-content a-expander-content-expanded\" aria-expanded=\"true\">\n<ul class=\"a-unordered-list a-vertical a-spacing-none\">\n<li><span class=\"a-list-item\">Konum verileri ve ge\u00e7mi\u015f hi\u00e7bir zaman AirTag\u2019de saklanm\u0131yor<\/span><\/li>\n<li><span class=\"a-list-item\">De\u011fi\u015ftirilebilir pil bir y\u0131ldan fazla dayan\u0131yor<\/span><\/li>\n<li><span class=\"a-list-item\">Aksesuarlar ayr\u0131 sat\u0131l\u0131r<\/span><\/li>\n<\/ul>\n<\/div>\n<\/div>","protected":false},"excerpt":{"rendered":"<p>Bul uygulamas\u0131yla arkada\u015flar\u0131n\u0131z\u0131n ve ayg\u0131tlar\u0131n\u0131z\u0131n yan\u0131 s\u0131ra e\u015fyalar\u0131n\u0131z\u0131n da nerede oldu\u011funu g\u00f6r\u00fcn Tek dokunu\u015fla kolay kurulum sayesinde AirTag\u2019iniz iPhone veya iPad\u2019inize an\u0131nda ba\u011flan\u0131yor E\u015fyalar\u0131n\u0131z\u0131 bulmak i\u00e7in yerle\u015fik hoparl\u00f6rde ses \u00e7al\u0131n veya Siri\u2019den yard\u0131m isteyin Ultra Geni\u015f Bant teknolojisine sahip Tam Konum Bulma \u00f6zelli\u011fi sizi do\u011frudan yak\u0131nlardaki AirTag\u2019inize y\u00f6nlendirebiliyor (belirli iPhone modellerinde) Daha uzaktaki e\u015fyalar\u0131 ise [&hellip;]<\/p>","protected":false},"featured_media":3253,"comment_status":"open","ping_status":"closed","template":"","meta":{"_joinchat":[]},"yoast_head":"<!-- This site is optimized with the Yoast SEO plugin v19.2 - https:\/\/yoast.com\/wordpress\/plugins\/seo\/ -->\n<title>Apple AirTag - Market K\u0131br\u0131s<\/title>\n<meta name=\"robots\" content=\"index, follow, max-snippet:-1, max-image-preview:large, max-video-preview:-1\" \/>\n<link rel=\"canonical\" href=\"https:\/\/marketkibris.com\/en\/product\/apple-airtag\/\" \/>\n<meta property=\"og:locale\" content=\"en_GB\" \/>\n<meta property=\"og:type\" content=\"article\" \/>\n<meta property=\"og:title\" content=\"Apple AirTag - Market K\u0131br\u0131s\" \/>\n<meta property=\"og:description\" content=\"Bul uygulamas\u0131yla arkada\u015flar\u0131n\u0131z\u0131n ve ayg\u0131tlar\u0131n\u0131z\u0131n yan\u0131 s\u0131ra e\u015fyalar\u0131n\u0131z\u0131n da nerede oldu\u011funu g\u00f6r\u00fcn Tek dokunu\u015fla kolay kurulum sayesinde AirTag\u2019iniz iPhone veya iPad\u2019inize an\u0131nda ba\u011flan\u0131yor E\u015fyalar\u0131n\u0131z\u0131 bulmak i\u00e7in yerle\u015fik hoparl\u00f6rde ses \u00e7al\u0131n veya Siri\u2019den yard\u0131m isteyin Ultra Geni\u015f Bant teknolojisine sahip Tam Konum Bulma \u00f6zelli\u011fi sizi do\u011frudan yak\u0131nlardaki AirTag\u2019inize y\u00f6nlendirebiliyor (belirli iPhone modellerinde) Daha uzaktaki e\u015fyalar\u0131 ise [&hellip;]\" \/>\n<meta property=\"og:url\" content=\"https:\/\/marketkibris.com\/en\/product\/apple-airtag\/\" \/>\n<meta property=\"og:site_name\" content=\"Market K\u0131br\u0131s\" \/>\n<meta property=\"article:modified_time\" content=\"2022-07-04T12:39:16+00:00\" \/>\n<meta property=\"og:image\" content=\"https:\/\/marketkibris.com\/wp-content\/uploads\/2022\/07\/apple-airtag-01-1.jpg\" \/>\n\t<meta property=\"og:image:width\" content=\"2000\" \/>\n\t<meta property=\"og:image:height\" content=\"2000\" \/>\n\t<meta property=\"og:image:type\" content=\"image\/jpeg\" \/>\n<meta name=\"author\" content=\"erenus\" \/>\n<meta name=\"twitter:card\" content=\"summary_large_image\" \/>\n<meta name=\"twitter:label1\" content=\"Estimated reading time\" \/>\n\t<meta name=\"twitter:data1\" content=\"1 minute\" \/>\n<script type=\"application\/ld+json\" class=\"yoast-schema-graph\">{\"@context\":\"https:\/\/schema.org\",\"@graph\":[{\"@type\":\"WebSite\",\"@id\":\"https:\/\/marketkibris.com\/#website\",\"url\":\"https:\/\/marketkibris.com\/\",\"name\":\"Market K\u0131br\u0131s\",\"description\":\"K\u0131br\u0131s&#039;\u0131n Bir numaral\u0131 Online Elektronik Marketi\",\"potentialAction\":[{\"@type\":\"SearchAction\",\"target\":{\"@type\":\"EntryPoint\",\"urlTemplate\":\"https:\/\/marketkibris.com\/?s={search_term_string}\"},\"query-input\":\"required name=search_term_string\"}],\"inLanguage\":\"en-GB\"},{\"@type\":\"ImageObject\",\"inLanguage\":\"en-GB\",\"@id\":\"https:\/\/marketkibris.com\/urun\/apple-airtag\/#primaryimage\",\"url\":\"https:\/\/marketkibris.com\/wp-content\/uploads\/2022\/07\/apple-airtag-01-1.jpg\",\"contentUrl\":\"https:\/\/marketkibris.com\/wp-content\/uploads\/2022\/07\/apple-airtag-01-1.jpg\",\"width\":2000,\"height\":2000},{\"@type\":\"WebPage\",\"@id\":\"https:\/\/marketkibris.com\/urun\/apple-airtag\/#webpage\",\"url\":\"https:\/\/marketkibris.com\/urun\/apple-airtag\/\",\"name\":\"Apple AirTag - Market K\u0131br\u0131s\",\"isPartOf\":{\"@id\":\"https:\/\/marketkibris.com\/#website\"},\"primaryImageOfPage\":{\"@id\":\"https:\/\/marketkibris.com\/urun\/apple-airtag\/#primaryimage\"},\"datePublished\":\"2022-07-04T12:39:15+00:00\",\"dateModified\":\"2022-07-04T12:39:16+00:00\",\"breadcrumb\":{\"@id\":\"https:\/\/marketkibris.com\/urun\/apple-airtag\/#breadcrumb\"},\"inLanguage\":\"en-GB\",\"potentialAction\":[{\"@type\":\"ReadAction\",\"target\":[\"https:\/\/marketkibris.com\/urun\/apple-airtag\/\"]}]},{\"@type\":\"BreadcrumbList\",\"@id\":\"https:\/\/marketkibris.com\/urun\/apple-airtag\/#breadcrumb\",\"itemListElement\":[{\"@type\":\"ListItem\",\"position\":1,\"name\":\"Anasayfa\",\"item\":\"https:\/\/marketkibris.com\/\"},{\"@type\":\"ListItem\",\"position\":2,\"name\":\"Shop\",\"item\":\"https:\/\/marketkibris.com\/shop\/\"},{\"@type\":\"ListItem\",\"position\":3,\"name\":\"Apple AirTag\"}]}]}<\/script>\n<!-- \/ Yoast SEO plugin. -->","yoast_head_json":{"title":"Apple AirTag - Market K\u0131br\u0131s","robots":{"index":"index","follow":"follow","max-snippet":"max-snippet:-1","max-image-preview":"max-image-preview:large","max-video-preview":"max-video-preview:-1"},"canonical":"https:\/\/marketkibris.com\/en\/product\/apple-airtag\/","og_locale":"en_GB","og_type":"article","og_title":"Apple AirTag - Market K\u0131br\u0131s","og_description":"Bul uygulamas\u0131yla arkada\u015flar\u0131n\u0131z\u0131n ve ayg\u0131tlar\u0131n\u0131z\u0131n yan\u0131 s\u0131ra e\u015fyalar\u0131n\u0131z\u0131n da nerede oldu\u011funu g\u00f6r\u00fcn Tek dokunu\u015fla kolay kurulum sayesinde AirTag\u2019iniz iPhone veya iPad\u2019inize an\u0131nda ba\u011flan\u0131yor E\u015fyalar\u0131n\u0131z\u0131 bulmak i\u00e7in yerle\u015fik hoparl\u00f6rde ses \u00e7al\u0131n veya Siri\u2019den yard\u0131m isteyin Ultra Geni\u015f Bant teknolojisine sahip Tam Konum Bulma \u00f6zelli\u011fi sizi do\u011frudan yak\u0131nlardaki AirTag\u2019inize y\u00f6nlendirebiliyor (belirli iPhone modellerinde) Daha uzaktaki e\u015fyalar\u0131 ise [&hellip;]","og_url":"https:\/\/marketkibris.com\/en\/product\/apple-airtag\/","og_site_name":"Market K\u0131br\u0131s","article_modified_time":"2022-07-04T12:39:16+00:00","og_image":[{"width":2000,"height":2000,"url":"https:\/\/marketkibris.com\/wp-content\/uploads\/2022\/07\/apple-airtag-01-1.jpg","type":"image\/jpeg"}],"author":"erenus","twitter_card":"summary_large_image","twitter_misc":{"Estimated reading time":"1 minute"},"schema":{"@context":"https:\/\/schema.org","@graph":[{"@type":"WebSite","@id":"https:\/\/marketkibris.com\/#website","url":"https:\/\/marketkibris.com\/","name":"Market K\u0131br\u0131s","description":"K\u0131br\u0131s&#039;\u0131n Bir numaral\u0131 Online Elektronik Marketi","potentialAction":[{"@type":"SearchAction","target":{"@type":"EntryPoint","urlTemplate":"https:\/\/marketkibris.com\/?s={search_term_string}"},"query-input":"required name=search_term_string"}],"inLanguage":"en-GB"},{"@type":"ImageObject","inLanguage":"en-GB","@id":"https:\/\/marketkibris.com\/urun\/apple-airtag\/#primaryimage","url":"https:\/\/marketkibris.com\/wp-content\/uploads\/2022\/07\/apple-airtag-01-1.jpg","contentUrl":"https:\/\/marketkibris.com\/wp-content\/uploads\/2022\/07\/apple-airtag-01-1.jpg","width":2000,"height":2000},{"@type":"WebPage","@id":"https:\/\/marketkibris.com\/urun\/apple-airtag\/#webpage","url":"https:\/\/marketkibris.com\/urun\/apple-airtag\/","name":"Apple AirTag - Market K\u0131br\u0131s","isPartOf":{"@id":"https:\/\/marketkibris.com\/#website"},"primaryImageOfPage":{"@id":"https:\/\/marketkibris.com\/urun\/apple-airtag\/#primaryimage"},"datePublished":"2022-07-04T12:39:15+00:00","dateModified":"2022-07-04T12:39:16+00:00","breadcrumb":{"@id":"https:\/\/marketkibris.com\/urun\/apple-airtag\/#breadcrumb"},"inLanguage":"en-GB","potentialAction":[{"@type":"ReadAction","target":["https:\/\/marketkibris.com\/urun\/apple-airtag\/"]}]},{"@type":"BreadcrumbList","@id":"https:\/\/marketkibris.com\/urun\/apple-airtag\/#breadcrumb","itemListElement":[{"@type":"ListItem","position":1,"name":"Anasayfa","item":"https:\/\/marketkibris.com\/"},{"@type":"ListItem","position":2,"name":"Shop","item":"https:\/\/marketkibris.com\/shop\/"},{"@type":"ListItem","position":3,"name":"Apple AirTag"}]}]}},"_links":{"self":[{"href":"https:\/\/marketkibris.com\/en\/wp-json\/wp\/v2\/product\/3251"}],"collection":[{"href":"https:\/\/marketkibris.com\/en\/wp-json\/wp\/v2\/product"}],"about":[{"href":"https:\/\/marketkibris.com\/en\/wp-json\/wp\/v2\/types\/product"}],"replies":[{"embeddable":true,"href":"https:\/\/marketkibris.com\/en\/wp-json\/wp\/v2\/comments?post=3251"}],"version-history":[{"count":1,"href":"https:\/\/marketkibris.com\/en\/wp-json\/wp\/v2\/product\/3251\/revisions"}],"predecessor-version":[{"id":3255,"href":"https:\/\/marketkibris.com\/en\/wp-json\/wp\/v2\/product\/3251\/revisions\/3255"}],"wp:featuredmedia":[{"embeddable":true,"href":"https:\/\/marketkibris.com\/en\/wp-json\/wp\/v2\/media\/3253"}],"wp:attachment":[{"href":"https:\/\/marketkibris.com\/en\/wp-json\/wp\/v2\/media?parent=3251"}],"curies":[{"name":"wp","href":"https:\/\/api.w.org\/{rel}","templated":true}]}}