{"id":3263,"date":"2022-07-04T16:06:09","date_gmt":"2022-07-04T13:06:09","guid":{"rendered":"https:\/\/marketkibris.com\/?post_type=product&#038;p=3263"},"modified":"2022-07-04T16:09:19","modified_gmt":"2022-07-04T13:09:19","slug":"apple-airtag-anahtarlik","status":"publish","type":"product","link":"https:\/\/marketkibris.com\/en\/product\/apple-airtag-anahtarlik\/","title":{"rendered":"Apple AirTag Anahtarl\u0131k"},"content":{"rendered":"<ul class=\"a-unordered-list a-vertical a-spacing-mini\">\n<li><span class=\"a-list-item\">Deri anahtarl\u0131k, en kaliteli malzemeler kullan\u0131larak titizlikle \u00fcretiliyor.<\/span><\/li>\n<li><span class=\"a-list-item\">Paslanmaz \u00e7elik g\u00fc\u00e7l\u00fc oldu\u011fu kadar g\u00f6z al\u0131c\u0131 da.<\/span><\/li>\n<li><span class=\"a-list-item\">\u00d6zel olarak tabaklanm\u0131\u015f Avrupa derisi ise son derece yumu\u015fak bir dokuya sahip.<\/span><\/li>\n<li><span class=\"a-list-item\">\u00dcstelik anahtarl\u0131\u011f\u0131n\u0131z\u0131n AirTag\u2019i tamamen saran tasar\u0131m\u0131 sayesinde AirTag\u2019inizin d\u00fc\u015fmeyece\u011finden emin oluyorsunuz.<\/span><\/li>\n<li><span class=\"a-list-item\">AirTag ayr\u0131 sat\u0131l\u0131r.<\/span><\/li>\n<\/ul>","protected":false},"excerpt":{"rendered":"<p>Deri anahtarl\u0131k, en kaliteli malzemeler kullan\u0131larak titizlikle \u00fcretiliyor. Paslanmaz \u00e7elik g\u00fc\u00e7l\u00fc oldu\u011fu kadar g\u00f6z al\u0131c\u0131 da. \u00d6zel olarak tabaklanm\u0131\u015f Avrupa derisi ise son derece yumu\u015fak bir dokuya sahip. \u00dcstelik anahtarl\u0131\u011f\u0131n\u0131z\u0131n AirTag\u2019i tamamen saran tasar\u0131m\u0131 sayesinde AirTag\u2019inizin d\u00fc\u015fmeyece\u011finden emin oluyorsunuz. AirTag ayr\u0131 sat\u0131l\u0131r.<\/p>","protected":false},"featured_media":3264,"comment_status":"open","ping_status":"closed","template":"","meta":{"_joinchat":[]},"yoast_head":"<!-- This site is optimized with the Yoast SEO plugin v19.2 - https:\/\/yoast.com\/wordpress\/plugins\/seo\/ -->\n<title>Apple AirTag Anahtarl\u0131k - Market K\u0131br\u0131s<\/title>\n<meta name=\"robots\" content=\"index, follow, max-snippet:-1, max-image-preview:large, max-video-preview:-1\" \/>\n<link rel=\"canonical\" href=\"https:\/\/marketkibris.com\/en\/product\/apple-airtag-anahtarlik\/\" \/>\n<meta property=\"og:locale\" content=\"en_GB\" \/>\n<meta property=\"og:type\" content=\"article\" \/>\n<meta property=\"og:title\" content=\"Apple AirTag Anahtarl\u0131k - Market K\u0131br\u0131s\" \/>\n<meta property=\"og:description\" content=\"Deri anahtarl\u0131k, en kaliteli malzemeler kullan\u0131larak titizlikle \u00fcretiliyor. Paslanmaz \u00e7elik g\u00fc\u00e7l\u00fc oldu\u011fu kadar g\u00f6z al\u0131c\u0131 da. \u00d6zel olarak tabaklanm\u0131\u015f Avrupa derisi ise son derece yumu\u015fak bir dokuya sahip. \u00dcstelik anahtarl\u0131\u011f\u0131n\u0131z\u0131n AirTag\u2019i tamamen saran tasar\u0131m\u0131 sayesinde AirTag\u2019inizin d\u00fc\u015fmeyece\u011finden emin oluyorsunuz. AirTag ayr\u0131 sat\u0131l\u0131r.\" \/>\n<meta property=\"og:url\" content=\"https:\/\/marketkibris.com\/en\/product\/apple-airtag-anahtarlik\/\" \/>\n<meta property=\"og:site_name\" content=\"Market K\u0131br\u0131s\" \/>\n<meta property=\"article:modified_time\" content=\"2022-07-04T13:09:19+00:00\" \/>\n<meta property=\"og:image\" content=\"https:\/\/marketkibris.com\/wp-content\/uploads\/2022\/07\/apple-airtag-key.webp\" \/>\n\t<meta property=\"og:image:width\" content=\"1600\" \/>\n\t<meta property=\"og:image:height\" content=\"900\" \/>\n\t<meta property=\"og:image:type\" content=\"image\/webp\" \/>\n<meta name=\"author\" content=\"erenus\" \/>\n<meta name=\"twitter:card\" content=\"summary_large_image\" \/>\n<meta name=\"twitter:label1\" content=\"Estimated reading time\" \/>\n\t<meta name=\"twitter:data1\" content=\"1 minute\" \/>\n<script type=\"application\/ld+json\" class=\"yoast-schema-graph\">{\"@context\":\"https:\/\/schema.org\",\"@graph\":[{\"@type\":\"WebSite\",\"@id\":\"https:\/\/marketkibris.com\/#website\",\"url\":\"https:\/\/marketkibris.com\/\",\"name\":\"Market K\u0131br\u0131s\",\"description\":\"K\u0131br\u0131s&#039;\u0131n Bir numaral\u0131 Online Elektronik Marketi\",\"potentialAction\":[{\"@type\":\"SearchAction\",\"target\":{\"@type\":\"EntryPoint\",\"urlTemplate\":\"https:\/\/marketkibris.com\/?s={search_term_string}\"},\"query-input\":\"required name=search_term_string\"}],\"inLanguage\":\"en-GB\"},{\"@type\":\"ImageObject\",\"inLanguage\":\"en-GB\",\"@id\":\"https:\/\/marketkibris.com\/urun\/apple-airtag-anahtarlik\/#primaryimage\",\"url\":\"https:\/\/marketkibris.com\/wp-content\/uploads\/2022\/07\/apple-airtag-key.webp\",\"contentUrl\":\"https:\/\/marketkibris.com\/wp-content\/uploads\/2022\/07\/apple-airtag-key.webp\",\"width\":1600,\"height\":900},{\"@type\":\"WebPage\",\"@id\":\"https:\/\/marketkibris.com\/urun\/apple-airtag-anahtarlik\/#webpage\",\"url\":\"https:\/\/marketkibris.com\/urun\/apple-airtag-anahtarlik\/\",\"name\":\"Apple AirTag Anahtarl\u0131k - Market K\u0131br\u0131s\",\"isPartOf\":{\"@id\":\"https:\/\/marketkibris.com\/#website\"},\"primaryImageOfPage\":{\"@id\":\"https:\/\/marketkibris.com\/urun\/apple-airtag-anahtarlik\/#primaryimage\"},\"datePublished\":\"2022-07-04T13:06:09+00:00\",\"dateModified\":\"2022-07-04T13:09:19+00:00\",\"breadcrumb\":{\"@id\":\"https:\/\/marketkibris.com\/urun\/apple-airtag-anahtarlik\/#breadcrumb\"},\"inLanguage\":\"en-GB\",\"potentialAction\":[{\"@type\":\"ReadAction\",\"target\":[\"https:\/\/marketkibris.com\/urun\/apple-airtag-anahtarlik\/\"]}]},{\"@type\":\"BreadcrumbList\",\"@id\":\"https:\/\/marketkibris.com\/urun\/apple-airtag-anahtarlik\/#breadcrumb\",\"itemListElement\":[{\"@type\":\"ListItem\",\"position\":1,\"name\":\"Anasayfa\",\"item\":\"https:\/\/marketkibris.com\/\"},{\"@type\":\"ListItem\",\"position\":2,\"name\":\"Shop\",\"item\":\"https:\/\/marketkibris.com\/shop\/\"},{\"@type\":\"ListItem\",\"position\":3,\"name\":\"Apple AirTag Anahtarl\u0131k\"}]}]}<\/script>\n<!-- \/ Yoast SEO plugin. -->","yoast_head_json":{"title":"Apple AirTag Anahtarl\u0131k - Market K\u0131br\u0131s","robots":{"index":"index","follow":"follow","max-snippet":"max-snippet:-1","max-image-preview":"max-image-preview:large","max-video-preview":"max-video-preview:-1"},"canonical":"https:\/\/marketkibris.com\/en\/product\/apple-airtag-anahtarlik\/","og_locale":"en_GB","og_type":"article","og_title":"Apple AirTag Anahtarl\u0131k - Market K\u0131br\u0131s","og_description":"Deri anahtarl\u0131k, en kaliteli malzemeler kullan\u0131larak titizlikle \u00fcretiliyor. Paslanmaz \u00e7elik g\u00fc\u00e7l\u00fc oldu\u011fu kadar g\u00f6z al\u0131c\u0131 da. \u00d6zel olarak tabaklanm\u0131\u015f Avrupa derisi ise son derece yumu\u015fak bir dokuya sahip. \u00dcstelik anahtarl\u0131\u011f\u0131n\u0131z\u0131n AirTag\u2019i tamamen saran tasar\u0131m\u0131 sayesinde AirTag\u2019inizin d\u00fc\u015fmeyece\u011finden emin oluyorsunuz. AirTag ayr\u0131 sat\u0131l\u0131r.","og_url":"https:\/\/marketkibris.com\/en\/product\/apple-airtag-anahtarlik\/","og_site_name":"Market K\u0131br\u0131s","article_modified_time":"2022-07-04T13:09:19+00:00","og_image":[{"width":1600,"height":900,"url":"https:\/\/marketkibris.com\/wp-content\/uploads\/2022\/07\/apple-airtag-key.webp","type":"image\/webp"}],"author":"erenus","twitter_card":"summary_large_image","twitter_misc":{"Estimated reading time":"1 minute"},"schema":{"@context":"https:\/\/schema.org","@graph":[{"@type":"WebSite","@id":"https:\/\/marketkibris.com\/#website","url":"https:\/\/marketkibris.com\/","name":"Market K\u0131br\u0131s","description":"K\u0131br\u0131s&#039;\u0131n Bir numaral\u0131 Online Elektronik Marketi","potentialAction":[{"@type":"SearchAction","target":{"@type":"EntryPoint","urlTemplate":"https:\/\/marketkibris.com\/?s={search_term_string}"},"query-input":"required name=search_term_string"}],"inLanguage":"en-GB"},{"@type":"ImageObject","inLanguage":"en-GB","@id":"https:\/\/marketkibris.com\/urun\/apple-airtag-anahtarlik\/#primaryimage","url":"https:\/\/marketkibris.com\/wp-content\/uploads\/2022\/07\/apple-airtag-key.webp","contentUrl":"https:\/\/marketkibris.com\/wp-content\/uploads\/2022\/07\/apple-airtag-key.webp","width":1600,"height":900},{"@type":"WebPage","@id":"https:\/\/marketkibris.com\/urun\/apple-airtag-anahtarlik\/#webpage","url":"https:\/\/marketkibris.com\/urun\/apple-airtag-anahtarlik\/","name":"Apple AirTag Anahtarl\u0131k - Market K\u0131br\u0131s","isPartOf":{"@id":"https:\/\/marketkibris.com\/#website"},"primaryImageOfPage":{"@id":"https:\/\/marketkibris.com\/urun\/apple-airtag-anahtarlik\/#primaryimage"},"datePublished":"2022-07-04T13:06:09+00:00","dateModified":"2022-07-04T13:09:19+00:00","breadcrumb":{"@id":"https:\/\/marketkibris.com\/urun\/apple-airtag-anahtarlik\/#breadcrumb"},"inLanguage":"en-GB","potentialAction":[{"@type":"ReadAction","target":["https:\/\/marketkibris.com\/urun\/apple-airtag-anahtarlik\/"]}]},{"@type":"BreadcrumbList","@id":"https:\/\/marketkibris.com\/urun\/apple-airtag-anahtarlik\/#breadcrumb","itemListElement":[{"@type":"ListItem","position":1,"name":"Anasayfa","item":"https:\/\/marketkibris.com\/"},{"@type":"ListItem","position":2,"name":"Shop","item":"https:\/\/marketkibris.com\/shop\/"},{"@type":"ListItem","position":3,"name":"Apple AirTag Anahtarl\u0131k"}]}]}},"_links":{"self":[{"href":"https:\/\/marketkibris.com\/en\/wp-json\/wp\/v2\/product\/3263"}],"collection":[{"href":"https:\/\/marketkibris.com\/en\/wp-json\/wp\/v2\/product"}],"about":[{"href":"https:\/\/marketkibris.com\/en\/wp-json\/wp\/v2\/types\/product"}],"replies":[{"embeddable":true,"href":"https:\/\/marketkibris.com\/en\/wp-json\/wp\/v2\/comments?post=3263"}],"version-history":[{"count":1,"href":"https:\/\/marketkibris.com\/en\/wp-json\/wp\/v2\/product\/3263\/revisions"}],"predecessor-version":[{"id":3266,"href":"https:\/\/marketkibris.com\/en\/wp-json\/wp\/v2\/product\/3263\/revisions\/3266"}],"wp:featuredmedia":[{"embeddable":true,"href":"https:\/\/marketkibris.com\/en\/wp-json\/wp\/v2\/media\/3264"}],"wp:attachment":[{"href":"https:\/\/marketkibris.com\/en\/wp-json\/wp\/v2\/media?parent=3263"}],"curies":[{"name":"wp","href":"https:\/\/api.w.org\/{rel}","templated":true}]}}