{"id":3274,"date":"2022-07-04T16:40:37","date_gmt":"2022-07-04T13:40:37","guid":{"rendered":"https:\/\/marketkibris.com\/?post_type=product&#038;p=3274"},"modified":"2022-07-04T16:45:43","modified_gmt":"2022-07-04T13:45:43","slug":"apple-ipad-pro-smart-klavye-11","status":"publish","type":"product","link":"https:\/\/marketkibris.com\/en\/product\/apple-ipad-pro-smart-klavye-11\/","title":{"rendered":"Apple iPad Pro Smart Klavye 11&#8243;"},"content":{"rendered":"<ul class=\"a-unordered-list a-vertical a-spacing-mini\">\n<li><span class=\"a-list-item\">Smart Keyboard Folio\u2019yu tak\u0131n ve hemen yazmaya ba\u015flay\u0131n<\/span><\/li>\n<li><span class=\"a-list-item\">\u0130ster tam boy bir klavye isterseniz ayg\u0131t\u0131n\u0131z\u0131n hem \u00f6n\u00fcn\u00fc hem de arkas\u0131n\u0131 koruyan, ayn\u0131 zamanda rahat izleme a\u00e7\u0131lar\u0131 sunan zarif bir k\u0131l\u0131f olarak kullan\u0131n<\/span><\/li>\n<li><span class=\"a-list-item\">iPad Pro (2nd generation) ile uyumlu<\/span><\/li>\n<\/ul>","protected":false},"excerpt":{"rendered":"<p>Smart Keyboard Folio\u2019yu tak\u0131n ve hemen yazmaya ba\u015flay\u0131n \u0130ster tam boy bir klavye isterseniz ayg\u0131t\u0131n\u0131z\u0131n hem \u00f6n\u00fcn\u00fc hem de arkas\u0131n\u0131 koruyan, ayn\u0131 zamanda rahat izleme a\u00e7\u0131lar\u0131 sunan zarif bir k\u0131l\u0131f olarak kullan\u0131n iPad Pro (2nd generation) ile uyumlu<\/p>","protected":false},"featured_media":3275,"comment_status":"open","ping_status":"closed","template":"","meta":{"_joinchat":[]},"yoast_head":"<!-- This site is optimized with the Yoast SEO plugin v19.2 - https:\/\/yoast.com\/wordpress\/plugins\/seo\/ -->\n<title>Apple iPad Pro Smart Klavye 11&quot; - Market K\u0131br\u0131s<\/title>\n<meta name=\"robots\" content=\"index, follow, max-snippet:-1, max-image-preview:large, max-video-preview:-1\" \/>\n<link rel=\"canonical\" href=\"https:\/\/marketkibris.com\/en\/product\/apple-ipad-pro-smart-klavye-11\/\" \/>\n<meta property=\"og:locale\" content=\"en_GB\" \/>\n<meta property=\"og:type\" content=\"article\" \/>\n<meta property=\"og:title\" content=\"Apple iPad Pro Smart Klavye 11&quot; - Market K\u0131br\u0131s\" \/>\n<meta property=\"og:description\" content=\"Smart Keyboard Folio\u2019yu tak\u0131n ve hemen yazmaya ba\u015flay\u0131n \u0130ster tam boy bir klavye isterseniz ayg\u0131t\u0131n\u0131z\u0131n hem \u00f6n\u00fcn\u00fc hem de arkas\u0131n\u0131 koruyan, ayn\u0131 zamanda rahat izleme a\u00e7\u0131lar\u0131 sunan zarif bir k\u0131l\u0131f olarak kullan\u0131n iPad Pro (2nd generation) ile uyumlu\" \/>\n<meta property=\"og:url\" content=\"https:\/\/marketkibris.com\/en\/product\/apple-ipad-pro-smart-klavye-11\/\" \/>\n<meta property=\"og:site_name\" content=\"Market K\u0131br\u0131s\" \/>\n<meta property=\"article:modified_time\" content=\"2022-07-04T13:45:43+00:00\" \/>\n<meta property=\"og:image\" content=\"https:\/\/marketkibris.com\/wp-content\/uploads\/2022\/07\/ipad-pro-smart-keyboard-11inch-01.jpg\" \/>\n\t<meta property=\"og:image:width\" content=\"1144\" \/>\n\t<meta property=\"og:image:height\" content=\"1144\" \/>\n\t<meta property=\"og:image:type\" content=\"image\/jpeg\" \/>\n<meta name=\"author\" content=\"erenus\" \/>\n<meta name=\"twitter:card\" content=\"summary_large_image\" \/>\n<meta name=\"twitter:label1\" content=\"Estimated reading time\" \/>\n\t<meta name=\"twitter:data1\" content=\"1 minute\" \/>\n<script type=\"application\/ld+json\" class=\"yoast-schema-graph\">{\"@context\":\"https:\/\/schema.org\",\"@graph\":[{\"@type\":\"WebSite\",\"@id\":\"https:\/\/marketkibris.com\/#website\",\"url\":\"https:\/\/marketkibris.com\/\",\"name\":\"Market K\u0131br\u0131s\",\"description\":\"K\u0131br\u0131s&#039;\u0131n Bir numaral\u0131 Online Elektronik Marketi\",\"potentialAction\":[{\"@type\":\"SearchAction\",\"target\":{\"@type\":\"EntryPoint\",\"urlTemplate\":\"https:\/\/marketkibris.com\/?s={search_term_string}\"},\"query-input\":\"required name=search_term_string\"}],\"inLanguage\":\"en-GB\"},{\"@type\":\"ImageObject\",\"inLanguage\":\"en-GB\",\"@id\":\"https:\/\/marketkibris.com\/urun\/apple-ipad-pro-smart-klavye-11\/#primaryimage\",\"url\":\"https:\/\/marketkibris.com\/wp-content\/uploads\/2022\/07\/ipad-pro-smart-keyboard-11inch-01.jpg\",\"contentUrl\":\"https:\/\/marketkibris.com\/wp-content\/uploads\/2022\/07\/ipad-pro-smart-keyboard-11inch-01.jpg\",\"width\":1144,\"height\":1144},{\"@type\":\"WebPage\",\"@id\":\"https:\/\/marketkibris.com\/urun\/apple-ipad-pro-smart-klavye-11\/#webpage\",\"url\":\"https:\/\/marketkibris.com\/urun\/apple-ipad-pro-smart-klavye-11\/\",\"name\":\"Apple iPad Pro Smart Klavye 11\\\" - Market K\u0131br\u0131s\",\"isPartOf\":{\"@id\":\"https:\/\/marketkibris.com\/#website\"},\"primaryImageOfPage\":{\"@id\":\"https:\/\/marketkibris.com\/urun\/apple-ipad-pro-smart-klavye-11\/#primaryimage\"},\"datePublished\":\"2022-07-04T13:40:37+00:00\",\"dateModified\":\"2022-07-04T13:45:43+00:00\",\"breadcrumb\":{\"@id\":\"https:\/\/marketkibris.com\/urun\/apple-ipad-pro-smart-klavye-11\/#breadcrumb\"},\"inLanguage\":\"en-GB\",\"potentialAction\":[{\"@type\":\"ReadAction\",\"target\":[\"https:\/\/marketkibris.com\/urun\/apple-ipad-pro-smart-klavye-11\/\"]}]},{\"@type\":\"BreadcrumbList\",\"@id\":\"https:\/\/marketkibris.com\/urun\/apple-ipad-pro-smart-klavye-11\/#breadcrumb\",\"itemListElement\":[{\"@type\":\"ListItem\",\"position\":1,\"name\":\"Anasayfa\",\"item\":\"https:\/\/marketkibris.com\/\"},{\"@type\":\"ListItem\",\"position\":2,\"name\":\"Shop\",\"item\":\"https:\/\/marketkibris.com\/shop\/\"},{\"@type\":\"ListItem\",\"position\":3,\"name\":\"Apple iPad Pro Smart Klavye 11&#8243;\"}]}]}<\/script>\n<!-- \/ Yoast SEO plugin. -->","yoast_head_json":{"title":"Apple iPad Pro Smart Klavye 11\" - Market K\u0131br\u0131s","robots":{"index":"index","follow":"follow","max-snippet":"max-snippet:-1","max-image-preview":"max-image-preview:large","max-video-preview":"max-video-preview:-1"},"canonical":"https:\/\/marketkibris.com\/en\/product\/apple-ipad-pro-smart-klavye-11\/","og_locale":"en_GB","og_type":"article","og_title":"Apple iPad Pro Smart Klavye 11\" - Market K\u0131br\u0131s","og_description":"Smart Keyboard Folio\u2019yu tak\u0131n ve hemen yazmaya ba\u015flay\u0131n \u0130ster tam boy bir klavye isterseniz ayg\u0131t\u0131n\u0131z\u0131n hem \u00f6n\u00fcn\u00fc hem de arkas\u0131n\u0131 koruyan, ayn\u0131 zamanda rahat izleme a\u00e7\u0131lar\u0131 sunan zarif bir k\u0131l\u0131f olarak kullan\u0131n iPad Pro (2nd generation) ile uyumlu","og_url":"https:\/\/marketkibris.com\/en\/product\/apple-ipad-pro-smart-klavye-11\/","og_site_name":"Market K\u0131br\u0131s","article_modified_time":"2022-07-04T13:45:43+00:00","og_image":[{"width":1144,"height":1144,"url":"https:\/\/marketkibris.com\/wp-content\/uploads\/2022\/07\/ipad-pro-smart-keyboard-11inch-01.jpg","type":"image\/jpeg"}],"author":"erenus","twitter_card":"summary_large_image","twitter_misc":{"Estimated reading time":"1 minute"},"schema":{"@context":"https:\/\/schema.org","@graph":[{"@type":"WebSite","@id":"https:\/\/marketkibris.com\/#website","url":"https:\/\/marketkibris.com\/","name":"Market K\u0131br\u0131s","description":"K\u0131br\u0131s&#039;\u0131n Bir numaral\u0131 Online Elektronik Marketi","potentialAction":[{"@type":"SearchAction","target":{"@type":"EntryPoint","urlTemplate":"https:\/\/marketkibris.com\/?s={search_term_string}"},"query-input":"required name=search_term_string"}],"inLanguage":"en-GB"},{"@type":"ImageObject","inLanguage":"en-GB","@id":"https:\/\/marketkibris.com\/urun\/apple-ipad-pro-smart-klavye-11\/#primaryimage","url":"https:\/\/marketkibris.com\/wp-content\/uploads\/2022\/07\/ipad-pro-smart-keyboard-11inch-01.jpg","contentUrl":"https:\/\/marketkibris.com\/wp-content\/uploads\/2022\/07\/ipad-pro-smart-keyboard-11inch-01.jpg","width":1144,"height":1144},{"@type":"WebPage","@id":"https:\/\/marketkibris.com\/urun\/apple-ipad-pro-smart-klavye-11\/#webpage","url":"https:\/\/marketkibris.com\/urun\/apple-ipad-pro-smart-klavye-11\/","name":"Apple iPad Pro Smart Klavye 11\" - Market K\u0131br\u0131s","isPartOf":{"@id":"https:\/\/marketkibris.com\/#website"},"primaryImageOfPage":{"@id":"https:\/\/marketkibris.com\/urun\/apple-ipad-pro-smart-klavye-11\/#primaryimage"},"datePublished":"2022-07-04T13:40:37+00:00","dateModified":"2022-07-04T13:45:43+00:00","breadcrumb":{"@id":"https:\/\/marketkibris.com\/urun\/apple-ipad-pro-smart-klavye-11\/#breadcrumb"},"inLanguage":"en-GB","potentialAction":[{"@type":"ReadAction","target":["https:\/\/marketkibris.com\/urun\/apple-ipad-pro-smart-klavye-11\/"]}]},{"@type":"BreadcrumbList","@id":"https:\/\/marketkibris.com\/urun\/apple-ipad-pro-smart-klavye-11\/#breadcrumb","itemListElement":[{"@type":"ListItem","position":1,"name":"Anasayfa","item":"https:\/\/marketkibris.com\/"},{"@type":"ListItem","position":2,"name":"Shop","item":"https:\/\/marketkibris.com\/shop\/"},{"@type":"ListItem","position":3,"name":"Apple iPad Pro Smart Klavye 11&#8243;"}]}]}},"_links":{"self":[{"href":"https:\/\/marketkibris.com\/en\/wp-json\/wp\/v2\/product\/3274"}],"collection":[{"href":"https:\/\/marketkibris.com\/en\/wp-json\/wp\/v2\/product"}],"about":[{"href":"https:\/\/marketkibris.com\/en\/wp-json\/wp\/v2\/types\/product"}],"replies":[{"embeddable":true,"href":"https:\/\/marketkibris.com\/en\/wp-json\/wp\/v2\/comments?post=3274"}],"version-history":[{"count":1,"href":"https:\/\/marketkibris.com\/en\/wp-json\/wp\/v2\/product\/3274\/revisions"}],"predecessor-version":[{"id":3277,"href":"https:\/\/marketkibris.com\/en\/wp-json\/wp\/v2\/product\/3274\/revisions\/3277"}],"wp:featuredmedia":[{"embeddable":true,"href":"https:\/\/marketkibris.com\/en\/wp-json\/wp\/v2\/media\/3275"}],"wp:attachment":[{"href":"https:\/\/marketkibris.com\/en\/wp-json\/wp\/v2\/media?parent=3274"}],"curies":[{"name":"wp","href":"https:\/\/api.w.org\/{rel}","templated":true}]}}