{"id":3282,"date":"2022-07-05T09:49:22","date_gmt":"2022-07-05T06:49:22","guid":{"rendered":"https:\/\/marketkibris.com\/?post_type=product&#038;p=3282"},"modified":"2022-07-05T09:57:11","modified_gmt":"2022-07-05T06:57:11","slug":"apple-ipad-pro-magic-klavye-11","status":"publish","type":"product","link":"https:\/\/marketkibris.com\/en\/product\/apple-ipad-pro-magic-klavye-11\/","title":{"rendered":"Apple iPad Pro Magic Klavye 11&#8243;"},"content":{"rendered":"<ul class=\"a-unordered-list a-vertical a-spacing-mini\">\n<li><span class=\"a-list-item\">1\u00a0mm hareket mesafesine sahip, arkadan\u00a0ayd\u0131nlatmal\u0131 tam boy tu\u015flar\u00a0ve makas tipi mekanizma\u00a0ile sessiz\u00a0ve hassas\u00a0bir yazma deneyimi sunar.<\/span><\/li>\n<li><span class=\"a-list-item\">iPadOS\u2019teki Multi-Touch hareketlerine\u00a0ve imlece\u00a0g\u00f6re tasarlanm\u0131\u015ft\u0131r.<\/span><\/li>\n<li><span class=\"a-list-item\">Kolay a\u00e7\u0131 ayar\u0131 sayesinde en ideal g\u00f6r\u00fcnt\u00fcleme a\u00e7\u0131s\u0131n\u0131 sunar.<\/span><\/li>\n<li><span class=\"a-list-item\">iPad Pro\u2019yu \u015farj etmeye yarayan USB-C ba\u011flant\u0131 noktas\u0131 sayesinde iPad\u00a0Pro\u2019daki ba\u011flant\u0131 noktas\u0131n\u0131 di\u011fer aksesuarlar\u00a0i\u00e7in kullanabilmenizi sa\u011flar.<\/span><\/li>\n<li><span class=\"a-list-item\">Katlanarak k\u0131l\u0131f haline gelen tasar\u0131m\u0131 sayesinde, seyahat\u00a0ederken iPad\u00a0Pro\u2019nuzun hem \u00f6n\u00fcn\u00fc hem\u00a0de arkas\u0131n\u0131 korur.<\/span><\/li>\n<\/ul>","protected":false},"excerpt":{"rendered":"<p>1\u00a0mm hareket mesafesine sahip, arkadan\u00a0ayd\u0131nlatmal\u0131 tam boy tu\u015flar\u00a0ve makas tipi mekanizma\u00a0ile sessiz\u00a0ve hassas\u00a0bir yazma deneyimi sunar. iPadOS\u2019teki Multi-Touch hareketlerine\u00a0ve imlece\u00a0g\u00f6re tasarlanm\u0131\u015ft\u0131r. Kolay a\u00e7\u0131 ayar\u0131 sayesinde en ideal g\u00f6r\u00fcnt\u00fcleme a\u00e7\u0131s\u0131n\u0131 sunar. iPad Pro\u2019yu \u015farj etmeye yarayan USB-C ba\u011flant\u0131 noktas\u0131 sayesinde iPad\u00a0Pro\u2019daki ba\u011flant\u0131 noktas\u0131n\u0131 di\u011fer aksesuarlar\u00a0i\u00e7in kullanabilmenizi sa\u011flar. Katlanarak k\u0131l\u0131f haline gelen tasar\u0131m\u0131 sayesinde, seyahat\u00a0ederken iPad\u00a0Pro\u2019nuzun hem [&hellip;]<\/p>","protected":false},"featured_media":3283,"comment_status":"open","ping_status":"closed","template":"","meta":{"_joinchat":[]},"yoast_head":"<!-- This site is optimized with the Yoast SEO plugin v19.2 - https:\/\/yoast.com\/wordpress\/plugins\/seo\/ -->\n<title>Apple iPad Pro Magic Klavye 11&quot; - Market K\u0131br\u0131s<\/title>\n<meta name=\"robots\" content=\"index, follow, max-snippet:-1, max-image-preview:large, max-video-preview:-1\" \/>\n<link rel=\"canonical\" href=\"https:\/\/marketkibris.com\/en\/product\/apple-ipad-pro-magic-klavye-11\/\" \/>\n<meta property=\"og:locale\" content=\"en_GB\" \/>\n<meta property=\"og:type\" content=\"article\" \/>\n<meta property=\"og:title\" content=\"Apple iPad Pro Magic Klavye 11&quot; - Market K\u0131br\u0131s\" \/>\n<meta property=\"og:description\" content=\"1\u00a0mm hareket mesafesine sahip, arkadan\u00a0ayd\u0131nlatmal\u0131 tam boy tu\u015flar\u00a0ve makas tipi mekanizma\u00a0ile sessiz\u00a0ve hassas\u00a0bir yazma deneyimi sunar. iPadOS\u2019teki Multi-Touch hareketlerine\u00a0ve imlece\u00a0g\u00f6re tasarlanm\u0131\u015ft\u0131r. Kolay a\u00e7\u0131 ayar\u0131 sayesinde en ideal g\u00f6r\u00fcnt\u00fcleme a\u00e7\u0131s\u0131n\u0131 sunar. iPad Pro\u2019yu \u015farj etmeye yarayan USB-C ba\u011flant\u0131 noktas\u0131 sayesinde iPad\u00a0Pro\u2019daki ba\u011flant\u0131 noktas\u0131n\u0131 di\u011fer aksesuarlar\u00a0i\u00e7in kullanabilmenizi sa\u011flar. Katlanarak k\u0131l\u0131f haline gelen tasar\u0131m\u0131 sayesinde, seyahat\u00a0ederken iPad\u00a0Pro\u2019nuzun hem [&hellip;]\" \/>\n<meta property=\"og:url\" content=\"https:\/\/marketkibris.com\/en\/product\/apple-ipad-pro-magic-klavye-11\/\" \/>\n<meta property=\"og:site_name\" content=\"Market K\u0131br\u0131s\" \/>\n<meta property=\"article:modified_time\" content=\"2022-07-05T06:57:11+00:00\" \/>\n<meta property=\"og:image\" content=\"https:\/\/marketkibris.com\/wp-content\/uploads\/2022\/07\/ipad-pro-magic-keyboard-11inch-01.webp\" \/>\n\t<meta property=\"og:image:width\" content=\"1000\" \/>\n\t<meta property=\"og:image:height\" content=\"1000\" \/>\n\t<meta property=\"og:image:type\" content=\"image\/webp\" \/>\n<meta name=\"author\" content=\"erenus\" \/>\n<meta name=\"twitter:card\" content=\"summary_large_image\" \/>\n<meta name=\"twitter:label1\" content=\"Estimated reading time\" \/>\n\t<meta name=\"twitter:data1\" content=\"1 minute\" \/>\n<script type=\"application\/ld+json\" class=\"yoast-schema-graph\">{\"@context\":\"https:\/\/schema.org\",\"@graph\":[{\"@type\":\"WebSite\",\"@id\":\"https:\/\/marketkibris.com\/#website\",\"url\":\"https:\/\/marketkibris.com\/\",\"name\":\"Market K\u0131br\u0131s\",\"description\":\"K\u0131br\u0131s&#039;\u0131n Bir numaral\u0131 Online Elektronik Marketi\",\"potentialAction\":[{\"@type\":\"SearchAction\",\"target\":{\"@type\":\"EntryPoint\",\"urlTemplate\":\"https:\/\/marketkibris.com\/?s={search_term_string}\"},\"query-input\":\"required name=search_term_string\"}],\"inLanguage\":\"en-GB\"},{\"@type\":\"ImageObject\",\"inLanguage\":\"en-GB\",\"@id\":\"https:\/\/marketkibris.com\/urun\/apple-ipad-pro-magic-klavye-11\/#primaryimage\",\"url\":\"https:\/\/marketkibris.com\/wp-content\/uploads\/2022\/07\/ipad-pro-magic-keyboard-11inch-01.webp\",\"contentUrl\":\"https:\/\/marketkibris.com\/wp-content\/uploads\/2022\/07\/ipad-pro-magic-keyboard-11inch-01.webp\",\"width\":1000,\"height\":1000},{\"@type\":\"WebPage\",\"@id\":\"https:\/\/marketkibris.com\/urun\/apple-ipad-pro-magic-klavye-11\/#webpage\",\"url\":\"https:\/\/marketkibris.com\/urun\/apple-ipad-pro-magic-klavye-11\/\",\"name\":\"Apple iPad Pro Magic Klavye 11\\\" - Market K\u0131br\u0131s\",\"isPartOf\":{\"@id\":\"https:\/\/marketkibris.com\/#website\"},\"primaryImageOfPage\":{\"@id\":\"https:\/\/marketkibris.com\/urun\/apple-ipad-pro-magic-klavye-11\/#primaryimage\"},\"datePublished\":\"2022-07-05T06:49:22+00:00\",\"dateModified\":\"2022-07-05T06:57:11+00:00\",\"breadcrumb\":{\"@id\":\"https:\/\/marketkibris.com\/urun\/apple-ipad-pro-magic-klavye-11\/#breadcrumb\"},\"inLanguage\":\"en-GB\",\"potentialAction\":[{\"@type\":\"ReadAction\",\"target\":[\"https:\/\/marketkibris.com\/urun\/apple-ipad-pro-magic-klavye-11\/\"]}]},{\"@type\":\"BreadcrumbList\",\"@id\":\"https:\/\/marketkibris.com\/urun\/apple-ipad-pro-magic-klavye-11\/#breadcrumb\",\"itemListElement\":[{\"@type\":\"ListItem\",\"position\":1,\"name\":\"Anasayfa\",\"item\":\"https:\/\/marketkibris.com\/\"},{\"@type\":\"ListItem\",\"position\":2,\"name\":\"Shop\",\"item\":\"https:\/\/marketkibris.com\/shop\/\"},{\"@type\":\"ListItem\",\"position\":3,\"name\":\"Apple iPad Pro Magic Klavye 11&#8243;\"}]}]}<\/script>\n<!-- \/ Yoast SEO plugin. -->","yoast_head_json":{"title":"Apple iPad Pro Magic Klavye 11\" - Market K\u0131br\u0131s","robots":{"index":"index","follow":"follow","max-snippet":"max-snippet:-1","max-image-preview":"max-image-preview:large","max-video-preview":"max-video-preview:-1"},"canonical":"https:\/\/marketkibris.com\/en\/product\/apple-ipad-pro-magic-klavye-11\/","og_locale":"en_GB","og_type":"article","og_title":"Apple iPad Pro Magic Klavye 11\" - Market K\u0131br\u0131s","og_description":"1\u00a0mm hareket mesafesine sahip, arkadan\u00a0ayd\u0131nlatmal\u0131 tam boy tu\u015flar\u00a0ve makas tipi mekanizma\u00a0ile sessiz\u00a0ve hassas\u00a0bir yazma deneyimi sunar. iPadOS\u2019teki Multi-Touch hareketlerine\u00a0ve imlece\u00a0g\u00f6re tasarlanm\u0131\u015ft\u0131r. Kolay a\u00e7\u0131 ayar\u0131 sayesinde en ideal g\u00f6r\u00fcnt\u00fcleme a\u00e7\u0131s\u0131n\u0131 sunar. iPad Pro\u2019yu \u015farj etmeye yarayan USB-C ba\u011flant\u0131 noktas\u0131 sayesinde iPad\u00a0Pro\u2019daki ba\u011flant\u0131 noktas\u0131n\u0131 di\u011fer aksesuarlar\u00a0i\u00e7in kullanabilmenizi sa\u011flar. Katlanarak k\u0131l\u0131f haline gelen tasar\u0131m\u0131 sayesinde, seyahat\u00a0ederken iPad\u00a0Pro\u2019nuzun hem [&hellip;]","og_url":"https:\/\/marketkibris.com\/en\/product\/apple-ipad-pro-magic-klavye-11\/","og_site_name":"Market K\u0131br\u0131s","article_modified_time":"2022-07-05T06:57:11+00:00","og_image":[{"width":1000,"height":1000,"url":"https:\/\/marketkibris.com\/wp-content\/uploads\/2022\/07\/ipad-pro-magic-keyboard-11inch-01.webp","type":"image\/webp"}],"author":"erenus","twitter_card":"summary_large_image","twitter_misc":{"Estimated reading time":"1 minute"},"schema":{"@context":"https:\/\/schema.org","@graph":[{"@type":"WebSite","@id":"https:\/\/marketkibris.com\/#website","url":"https:\/\/marketkibris.com\/","name":"Market K\u0131br\u0131s","description":"K\u0131br\u0131s&#039;\u0131n Bir numaral\u0131 Online Elektronik Marketi","potentialAction":[{"@type":"SearchAction","target":{"@type":"EntryPoint","urlTemplate":"https:\/\/marketkibris.com\/?s={search_term_string}"},"query-input":"required name=search_term_string"}],"inLanguage":"en-GB"},{"@type":"ImageObject","inLanguage":"en-GB","@id":"https:\/\/marketkibris.com\/urun\/apple-ipad-pro-magic-klavye-11\/#primaryimage","url":"https:\/\/marketkibris.com\/wp-content\/uploads\/2022\/07\/ipad-pro-magic-keyboard-11inch-01.webp","contentUrl":"https:\/\/marketkibris.com\/wp-content\/uploads\/2022\/07\/ipad-pro-magic-keyboard-11inch-01.webp","width":1000,"height":1000},{"@type":"WebPage","@id":"https:\/\/marketkibris.com\/urun\/apple-ipad-pro-magic-klavye-11\/#webpage","url":"https:\/\/marketkibris.com\/urun\/apple-ipad-pro-magic-klavye-11\/","name":"Apple iPad Pro Magic Klavye 11\" - Market K\u0131br\u0131s","isPartOf":{"@id":"https:\/\/marketkibris.com\/#website"},"primaryImageOfPage":{"@id":"https:\/\/marketkibris.com\/urun\/apple-ipad-pro-magic-klavye-11\/#primaryimage"},"datePublished":"2022-07-05T06:49:22+00:00","dateModified":"2022-07-05T06:57:11+00:00","breadcrumb":{"@id":"https:\/\/marketkibris.com\/urun\/apple-ipad-pro-magic-klavye-11\/#breadcrumb"},"inLanguage":"en-GB","potentialAction":[{"@type":"ReadAction","target":["https:\/\/marketkibris.com\/urun\/apple-ipad-pro-magic-klavye-11\/"]}]},{"@type":"BreadcrumbList","@id":"https:\/\/marketkibris.com\/urun\/apple-ipad-pro-magic-klavye-11\/#breadcrumb","itemListElement":[{"@type":"ListItem","position":1,"name":"Anasayfa","item":"https:\/\/marketkibris.com\/"},{"@type":"ListItem","position":2,"name":"Shop","item":"https:\/\/marketkibris.com\/shop\/"},{"@type":"ListItem","position":3,"name":"Apple iPad Pro Magic Klavye 11&#8243;"}]}]}},"_links":{"self":[{"href":"https:\/\/marketkibris.com\/en\/wp-json\/wp\/v2\/product\/3282"}],"collection":[{"href":"https:\/\/marketkibris.com\/en\/wp-json\/wp\/v2\/product"}],"about":[{"href":"https:\/\/marketkibris.com\/en\/wp-json\/wp\/v2\/types\/product"}],"replies":[{"embeddable":true,"href":"https:\/\/marketkibris.com\/en\/wp-json\/wp\/v2\/comments?post=3282"}],"version-history":[{"count":1,"href":"https:\/\/marketkibris.com\/en\/wp-json\/wp\/v2\/product\/3282\/revisions"}],"predecessor-version":[{"id":3285,"href":"https:\/\/marketkibris.com\/en\/wp-json\/wp\/v2\/product\/3282\/revisions\/3285"}],"wp:featuredmedia":[{"embeddable":true,"href":"https:\/\/marketkibris.com\/en\/wp-json\/wp\/v2\/media\/3283"}],"wp:attachment":[{"href":"https:\/\/marketkibris.com\/en\/wp-json\/wp\/v2\/media?parent=3282"}],"curies":[{"name":"wp","href":"https:\/\/api.w.org\/{rel}","templated":true}]}}