{"id":3286,"date":"2022-07-05T10:06:17","date_gmt":"2022-07-05T07:06:17","guid":{"rendered":"https:\/\/marketkibris.com\/?post_type=product&#038;p=3286"},"modified":"2022-07-05T10:06:17","modified_gmt":"2022-07-05T07:06:17","slug":"apple-watch-sarj-cihazi","status":"publish","type":"product","link":"https:\/\/marketkibris.com\/en\/product\/apple-watch-sarj-cihazi\/","title":{"rendered":"Apple Watch \u015earj Cihaz\u0131"},"content":{"rendered":"<ul class=\"a-unordered-list a-vertical a-spacing-mini\">\n<li><span class=\"a-list-item\">Apple Watch\u2019unuzu kolayca \u015farj etmenizi sa\u011fl\u0131yor. Ve \u015fimdi, Apple Watch Series 7 ile e\u015fle\u015ftirildi\u011finde %33\u2019e kadar daha h\u0131zl\u0131 \u015farj ediyor. B\u00f6ylece yakla\u015f\u0131k 45 dakikada %80 \u015farj d\u00fczeyine eri\u015febiliyorsunuz<\/span><\/li>\n<li><span class=\"a-list-item\">Konnekt\u00f6r\u00fc saatin arkas\u0131na yakla\u015ft\u0131rman\u0131z yeter, \u00e7\u00fcnk\u00fc m\u0131knat\u0131slar sayesinde konnekt\u00f6r kendili\u011finden yerine oturuyor. Bu, hi\u00e7bir elektrik ba\u011flant\u0131s\u0131n\u0131 a\u00e7\u0131kta b\u0131rakmayan, tamamen kapal\u0131 bir sistem. Ayr\u0131ca son derece esnek; hassas hizalama gerektirmiyor<\/span><\/li>\n<li><span class=\"a-list-item\">H\u0131zl\u0131 \u015farj \u00f6zelli\u011fi yaln\u0131zca Apple Watch Series 7 ile uyumludur. Di\u011fer modeller normal s\u00fcrede \u015farj olur<\/span><\/li>\n<\/ul>","protected":false},"excerpt":{"rendered":"<p>Apple Watch\u2019unuzu kolayca \u015farj etmenizi sa\u011fl\u0131yor. Ve \u015fimdi, Apple Watch Series 7 ile e\u015fle\u015ftirildi\u011finde %33\u2019e kadar daha h\u0131zl\u0131 \u015farj ediyor. B\u00f6ylece yakla\u015f\u0131k 45 dakikada %80 \u015farj d\u00fczeyine eri\u015febiliyorsunuz Konnekt\u00f6r\u00fc saatin arkas\u0131na yakla\u015ft\u0131rman\u0131z yeter, \u00e7\u00fcnk\u00fc m\u0131knat\u0131slar sayesinde konnekt\u00f6r kendili\u011finden yerine oturuyor. Bu, hi\u00e7bir elektrik ba\u011flant\u0131s\u0131n\u0131 a\u00e7\u0131kta b\u0131rakmayan, tamamen kapal\u0131 bir sistem. Ayr\u0131ca son derece esnek; hassas [&hellip;]<\/p>","protected":false},"featured_media":3287,"comment_status":"open","ping_status":"closed","template":"","meta":{"_joinchat":[]},"yoast_head":"<!-- This site is optimized with the Yoast SEO plugin v19.2 - https:\/\/yoast.com\/wordpress\/plugins\/seo\/ -->\n<title>Apple Watch \u015earj Cihaz\u0131 - Market K\u0131br\u0131s<\/title>\n<meta name=\"robots\" content=\"index, follow, max-snippet:-1, max-image-preview:large, max-video-preview:-1\" \/>\n<link rel=\"canonical\" href=\"https:\/\/marketkibris.com\/en\/product\/apple-watch-sarj-cihazi\/\" \/>\n<meta property=\"og:locale\" content=\"en_GB\" \/>\n<meta property=\"og:type\" content=\"article\" \/>\n<meta property=\"og:title\" content=\"Apple Watch \u015earj Cihaz\u0131 - Market K\u0131br\u0131s\" \/>\n<meta property=\"og:description\" content=\"Apple Watch\u2019unuzu kolayca \u015farj etmenizi sa\u011fl\u0131yor. Ve \u015fimdi, Apple Watch Series 7 ile e\u015fle\u015ftirildi\u011finde %33\u2019e kadar daha h\u0131zl\u0131 \u015farj ediyor. B\u00f6ylece yakla\u015f\u0131k 45 dakikada %80 \u015farj d\u00fczeyine eri\u015febiliyorsunuz Konnekt\u00f6r\u00fc saatin arkas\u0131na yakla\u015ft\u0131rman\u0131z yeter, \u00e7\u00fcnk\u00fc m\u0131knat\u0131slar sayesinde konnekt\u00f6r kendili\u011finden yerine oturuyor. Bu, hi\u00e7bir elektrik ba\u011flant\u0131s\u0131n\u0131 a\u00e7\u0131kta b\u0131rakmayan, tamamen kapal\u0131 bir sistem. Ayr\u0131ca son derece esnek; hassas [&hellip;]\" \/>\n<meta property=\"og:url\" content=\"https:\/\/marketkibris.com\/en\/product\/apple-watch-sarj-cihazi\/\" \/>\n<meta property=\"og:site_name\" content=\"Market K\u0131br\u0131s\" \/>\n<meta property=\"og:image\" content=\"https:\/\/marketkibris.com\/wp-content\/uploads\/2022\/07\/apple-watch-charger-01.jpg\" \/>\n\t<meta property=\"og:image:width\" content=\"2000\" \/>\n\t<meta property=\"og:image:height\" content=\"2000\" \/>\n\t<meta property=\"og:image:type\" content=\"image\/jpeg\" \/>\n<meta name=\"author\" content=\"erenus\" \/>\n<meta name=\"twitter:card\" content=\"summary_large_image\" \/>\n<meta name=\"twitter:label1\" content=\"Estimated reading time\" \/>\n\t<meta name=\"twitter:data1\" content=\"1 minute\" \/>\n<script type=\"application\/ld+json\" class=\"yoast-schema-graph\">{\"@context\":\"https:\/\/schema.org\",\"@graph\":[{\"@type\":\"WebSite\",\"@id\":\"https:\/\/marketkibris.com\/#website\",\"url\":\"https:\/\/marketkibris.com\/\",\"name\":\"Market K\u0131br\u0131s\",\"description\":\"K\u0131br\u0131s&#039;\u0131n Bir numaral\u0131 Online Elektronik Marketi\",\"potentialAction\":[{\"@type\":\"SearchAction\",\"target\":{\"@type\":\"EntryPoint\",\"urlTemplate\":\"https:\/\/marketkibris.com\/?s={search_term_string}\"},\"query-input\":\"required name=search_term_string\"}],\"inLanguage\":\"en-GB\"},{\"@type\":\"ImageObject\",\"inLanguage\":\"en-GB\",\"@id\":\"https:\/\/marketkibris.com\/urun\/apple-watch-sarj-cihazi\/#primaryimage\",\"url\":\"https:\/\/marketkibris.com\/wp-content\/uploads\/2022\/07\/apple-watch-charger-01.jpg\",\"contentUrl\":\"https:\/\/marketkibris.com\/wp-content\/uploads\/2022\/07\/apple-watch-charger-01.jpg\",\"width\":2000,\"height\":2000},{\"@type\":\"WebPage\",\"@id\":\"https:\/\/marketkibris.com\/urun\/apple-watch-sarj-cihazi\/#webpage\",\"url\":\"https:\/\/marketkibris.com\/urun\/apple-watch-sarj-cihazi\/\",\"name\":\"Apple Watch \u015earj Cihaz\u0131 - Market K\u0131br\u0131s\",\"isPartOf\":{\"@id\":\"https:\/\/marketkibris.com\/#website\"},\"primaryImageOfPage\":{\"@id\":\"https:\/\/marketkibris.com\/urun\/apple-watch-sarj-cihazi\/#primaryimage\"},\"datePublished\":\"2022-07-05T07:06:17+00:00\",\"dateModified\":\"2022-07-05T07:06:17+00:00\",\"breadcrumb\":{\"@id\":\"https:\/\/marketkibris.com\/urun\/apple-watch-sarj-cihazi\/#breadcrumb\"},\"inLanguage\":\"en-GB\",\"potentialAction\":[{\"@type\":\"ReadAction\",\"target\":[\"https:\/\/marketkibris.com\/urun\/apple-watch-sarj-cihazi\/\"]}]},{\"@type\":\"BreadcrumbList\",\"@id\":\"https:\/\/marketkibris.com\/urun\/apple-watch-sarj-cihazi\/#breadcrumb\",\"itemListElement\":[{\"@type\":\"ListItem\",\"position\":1,\"name\":\"Anasayfa\",\"item\":\"https:\/\/marketkibris.com\/\"},{\"@type\":\"ListItem\",\"position\":2,\"name\":\"Shop\",\"item\":\"https:\/\/marketkibris.com\/shop\/\"},{\"@type\":\"ListItem\",\"position\":3,\"name\":\"Apple Watch \u015earj Cihaz\u0131\"}]}]}<\/script>\n<!-- \/ Yoast SEO plugin. -->","yoast_head_json":{"title":"Apple Watch \u015earj Cihaz\u0131 - Market K\u0131br\u0131s","robots":{"index":"index","follow":"follow","max-snippet":"max-snippet:-1","max-image-preview":"max-image-preview:large","max-video-preview":"max-video-preview:-1"},"canonical":"https:\/\/marketkibris.com\/en\/product\/apple-watch-sarj-cihazi\/","og_locale":"en_GB","og_type":"article","og_title":"Apple Watch \u015earj Cihaz\u0131 - Market K\u0131br\u0131s","og_description":"Apple Watch\u2019unuzu kolayca \u015farj etmenizi sa\u011fl\u0131yor. Ve \u015fimdi, Apple Watch Series 7 ile e\u015fle\u015ftirildi\u011finde %33\u2019e kadar daha h\u0131zl\u0131 \u015farj ediyor. B\u00f6ylece yakla\u015f\u0131k 45 dakikada %80 \u015farj d\u00fczeyine eri\u015febiliyorsunuz Konnekt\u00f6r\u00fc saatin arkas\u0131na yakla\u015ft\u0131rman\u0131z yeter, \u00e7\u00fcnk\u00fc m\u0131knat\u0131slar sayesinde konnekt\u00f6r kendili\u011finden yerine oturuyor. Bu, hi\u00e7bir elektrik ba\u011flant\u0131s\u0131n\u0131 a\u00e7\u0131kta b\u0131rakmayan, tamamen kapal\u0131 bir sistem. Ayr\u0131ca son derece esnek; hassas [&hellip;]","og_url":"https:\/\/marketkibris.com\/en\/product\/apple-watch-sarj-cihazi\/","og_site_name":"Market K\u0131br\u0131s","og_image":[{"width":2000,"height":2000,"url":"https:\/\/marketkibris.com\/wp-content\/uploads\/2022\/07\/apple-watch-charger-01.jpg","type":"image\/jpeg"}],"author":"erenus","twitter_card":"summary_large_image","twitter_misc":{"Estimated reading time":"1 minute"},"schema":{"@context":"https:\/\/schema.org","@graph":[{"@type":"WebSite","@id":"https:\/\/marketkibris.com\/#website","url":"https:\/\/marketkibris.com\/","name":"Market K\u0131br\u0131s","description":"K\u0131br\u0131s&#039;\u0131n Bir numaral\u0131 Online Elektronik Marketi","potentialAction":[{"@type":"SearchAction","target":{"@type":"EntryPoint","urlTemplate":"https:\/\/marketkibris.com\/?s={search_term_string}"},"query-input":"required name=search_term_string"}],"inLanguage":"en-GB"},{"@type":"ImageObject","inLanguage":"en-GB","@id":"https:\/\/marketkibris.com\/urun\/apple-watch-sarj-cihazi\/#primaryimage","url":"https:\/\/marketkibris.com\/wp-content\/uploads\/2022\/07\/apple-watch-charger-01.jpg","contentUrl":"https:\/\/marketkibris.com\/wp-content\/uploads\/2022\/07\/apple-watch-charger-01.jpg","width":2000,"height":2000},{"@type":"WebPage","@id":"https:\/\/marketkibris.com\/urun\/apple-watch-sarj-cihazi\/#webpage","url":"https:\/\/marketkibris.com\/urun\/apple-watch-sarj-cihazi\/","name":"Apple Watch \u015earj Cihaz\u0131 - Market K\u0131br\u0131s","isPartOf":{"@id":"https:\/\/marketkibris.com\/#website"},"primaryImageOfPage":{"@id":"https:\/\/marketkibris.com\/urun\/apple-watch-sarj-cihazi\/#primaryimage"},"datePublished":"2022-07-05T07:06:17+00:00","dateModified":"2022-07-05T07:06:17+00:00","breadcrumb":{"@id":"https:\/\/marketkibris.com\/urun\/apple-watch-sarj-cihazi\/#breadcrumb"},"inLanguage":"en-GB","potentialAction":[{"@type":"ReadAction","target":["https:\/\/marketkibris.com\/urun\/apple-watch-sarj-cihazi\/"]}]},{"@type":"BreadcrumbList","@id":"https:\/\/marketkibris.com\/urun\/apple-watch-sarj-cihazi\/#breadcrumb","itemListElement":[{"@type":"ListItem","position":1,"name":"Anasayfa","item":"https:\/\/marketkibris.com\/"},{"@type":"ListItem","position":2,"name":"Shop","item":"https:\/\/marketkibris.com\/shop\/"},{"@type":"ListItem","position":3,"name":"Apple Watch \u015earj Cihaz\u0131"}]}]}},"_links":{"self":[{"href":"https:\/\/marketkibris.com\/en\/wp-json\/wp\/v2\/product\/3286"}],"collection":[{"href":"https:\/\/marketkibris.com\/en\/wp-json\/wp\/v2\/product"}],"about":[{"href":"https:\/\/marketkibris.com\/en\/wp-json\/wp\/v2\/types\/product"}],"replies":[{"embeddable":true,"href":"https:\/\/marketkibris.com\/en\/wp-json\/wp\/v2\/comments?post=3286"}],"version-history":[{"count":1,"href":"https:\/\/marketkibris.com\/en\/wp-json\/wp\/v2\/product\/3286\/revisions"}],"predecessor-version":[{"id":3289,"href":"https:\/\/marketkibris.com\/en\/wp-json\/wp\/v2\/product\/3286\/revisions\/3289"}],"wp:featuredmedia":[{"embeddable":true,"href":"https:\/\/marketkibris.com\/en\/wp-json\/wp\/v2\/media\/3287"}],"wp:attachment":[{"href":"https:\/\/marketkibris.com\/en\/wp-json\/wp\/v2\/media?parent=3286"}],"curies":[{"name":"wp","href":"https:\/\/api.w.org\/{rel}","templated":true}]}}