{"id":3295,"date":"2022-07-05T10:39:07","date_gmt":"2022-07-05T07:39:07","guid":{"rendered":"https:\/\/marketkibris.com\/?post_type=product&#038;p=3295"},"modified":"2022-07-05T10:48:43","modified_gmt":"2022-07-05T07:48:43","slug":"xiaomi-redmi-note-11","status":"publish","type":"product","link":"https:\/\/marketkibris.com\/en\/product\/xiaomi-redmi-note-11\/","title":{"rendered":"Xiaomi Redmi Note 11"},"content":{"rendered":"<ul class=\"a-unordered-list a-vertical a-spacing-mini\">\n<li><span class=\"a-list-item\">90Hz FHD+ AMOLED Nokta Ekran<\/span><\/li>\n<li><span class=\"a-list-item\">Snapdragon 680 \u0130\u015flemci<\/span><\/li>\n<li><span class=\"a-list-item\">50MP AI Destekli D\u00f6rtl\u00fc Kamera<\/span><\/li>\n<li><span class=\"a-list-item\">33W Pro H\u0131zl\u0131 \u015earj &amp; 5000mAh pil<\/span><\/li>\n<li><span class=\"a-list-item\">IP53 Sertifikas\u0131 &amp; \u00c7ift Hoparl\u00f6r<\/span><\/li>\n<\/ul>","protected":false},"excerpt":{"rendered":"<p>90Hz FHD+ AMOLED Nokta Ekran Snapdragon 680 \u0130\u015flemci 50MP AI Destekli D\u00f6rtl\u00fc Kamera 33W Pro H\u0131zl\u0131 \u015earj &amp; 5000mAh pil IP53 Sertifikas\u0131 &amp; \u00c7ift Hoparl\u00f6r<\/p>","protected":false},"featured_media":3296,"comment_status":"open","ping_status":"closed","template":"","meta":{"_joinchat":[]},"yoast_head":"<!-- This site is optimized with the Yoast SEO plugin v19.2 - https:\/\/yoast.com\/wordpress\/plugins\/seo\/ -->\n<title>Xiaomi Redmi Note 11 - Market K\u0131br\u0131s<\/title>\n<meta name=\"robots\" content=\"index, follow, max-snippet:-1, max-image-preview:large, max-video-preview:-1\" \/>\n<link rel=\"canonical\" href=\"https:\/\/marketkibris.com\/en\/product\/xiaomi-redmi-note-11\/\" \/>\n<meta property=\"og:locale\" content=\"en_GB\" \/>\n<meta property=\"og:type\" content=\"article\" \/>\n<meta property=\"og:title\" content=\"Xiaomi Redmi Note 11 - Market K\u0131br\u0131s\" \/>\n<meta property=\"og:description\" content=\"90Hz FHD+ AMOLED Nokta Ekran Snapdragon 680 \u0130\u015flemci 50MP AI Destekli D\u00f6rtl\u00fc Kamera 33W Pro H\u0131zl\u0131 \u015earj &amp; 5000mAh pil IP53 Sertifikas\u0131 &amp; \u00c7ift Hoparl\u00f6r\" \/>\n<meta property=\"og:url\" content=\"https:\/\/marketkibris.com\/en\/product\/xiaomi-redmi-note-11\/\" \/>\n<meta property=\"og:site_name\" content=\"Market K\u0131br\u0131s\" \/>\n<meta property=\"article:modified_time\" content=\"2022-07-05T07:48:43+00:00\" \/>\n<meta property=\"og:image\" content=\"https:\/\/marketkibris.com\/wp-content\/uploads\/2022\/07\/Xiaomi-Redmi-Note-11-white-tiny.png\" \/>\n\t<meta property=\"og:image:width\" content=\"1600\" \/>\n\t<meta property=\"og:image:height\" content=\"1600\" \/>\n\t<meta property=\"og:image:type\" content=\"image\/png\" \/>\n<meta name=\"author\" content=\"erenus\" \/>\n<meta name=\"twitter:card\" content=\"summary_large_image\" \/>\n<meta name=\"twitter:label1\" content=\"Estimated reading time\" \/>\n\t<meta name=\"twitter:data1\" content=\"1 minute\" \/>\n<script type=\"application\/ld+json\" class=\"yoast-schema-graph\">{\"@context\":\"https:\/\/schema.org\",\"@graph\":[{\"@type\":\"WebSite\",\"@id\":\"https:\/\/marketkibris.com\/#website\",\"url\":\"https:\/\/marketkibris.com\/\",\"name\":\"Market K\u0131br\u0131s\",\"description\":\"K\u0131br\u0131s&#039;\u0131n Bir numaral\u0131 Online Elektronik Marketi\",\"potentialAction\":[{\"@type\":\"SearchAction\",\"target\":{\"@type\":\"EntryPoint\",\"urlTemplate\":\"https:\/\/marketkibris.com\/?s={search_term_string}\"},\"query-input\":\"required name=search_term_string\"}],\"inLanguage\":\"en-GB\"},{\"@type\":\"ImageObject\",\"inLanguage\":\"en-GB\",\"@id\":\"https:\/\/marketkibris.com\/urun\/xiaomi-redmi-note-11\/#primaryimage\",\"url\":\"https:\/\/marketkibris.com\/wp-content\/uploads\/2022\/07\/Xiaomi-Redmi-Note-11-white-tiny.png\",\"contentUrl\":\"https:\/\/marketkibris.com\/wp-content\/uploads\/2022\/07\/Xiaomi-Redmi-Note-11-white-tiny.png\",\"width\":1600,\"height\":1600},{\"@type\":\"WebPage\",\"@id\":\"https:\/\/marketkibris.com\/urun\/xiaomi-redmi-note-11\/#webpage\",\"url\":\"https:\/\/marketkibris.com\/urun\/xiaomi-redmi-note-11\/\",\"name\":\"Xiaomi Redmi Note 11 - Market K\u0131br\u0131s\",\"isPartOf\":{\"@id\":\"https:\/\/marketkibris.com\/#website\"},\"primaryImageOfPage\":{\"@id\":\"https:\/\/marketkibris.com\/urun\/xiaomi-redmi-note-11\/#primaryimage\"},\"datePublished\":\"2022-07-05T07:39:07+00:00\",\"dateModified\":\"2022-07-05T07:48:43+00:00\",\"breadcrumb\":{\"@id\":\"https:\/\/marketkibris.com\/urun\/xiaomi-redmi-note-11\/#breadcrumb\"},\"inLanguage\":\"en-GB\",\"potentialAction\":[{\"@type\":\"ReadAction\",\"target\":[\"https:\/\/marketkibris.com\/urun\/xiaomi-redmi-note-11\/\"]}]},{\"@type\":\"BreadcrumbList\",\"@id\":\"https:\/\/marketkibris.com\/urun\/xiaomi-redmi-note-11\/#breadcrumb\",\"itemListElement\":[{\"@type\":\"ListItem\",\"position\":1,\"name\":\"Anasayfa\",\"item\":\"https:\/\/marketkibris.com\/\"},{\"@type\":\"ListItem\",\"position\":2,\"name\":\"Shop\",\"item\":\"https:\/\/marketkibris.com\/shop\/\"},{\"@type\":\"ListItem\",\"position\":3,\"name\":\"Xiaomi Redmi Note 11\"}]}]}<\/script>\n<!-- \/ Yoast SEO plugin. -->","yoast_head_json":{"title":"Xiaomi Redmi Note 11 - Market K\u0131br\u0131s","robots":{"index":"index","follow":"follow","max-snippet":"max-snippet:-1","max-image-preview":"max-image-preview:large","max-video-preview":"max-video-preview:-1"},"canonical":"https:\/\/marketkibris.com\/en\/product\/xiaomi-redmi-note-11\/","og_locale":"en_GB","og_type":"article","og_title":"Xiaomi Redmi Note 11 - Market K\u0131br\u0131s","og_description":"90Hz FHD+ AMOLED Nokta Ekran Snapdragon 680 \u0130\u015flemci 50MP AI Destekli D\u00f6rtl\u00fc Kamera 33W Pro H\u0131zl\u0131 \u015earj &amp; 5000mAh pil IP53 Sertifikas\u0131 &amp; \u00c7ift Hoparl\u00f6r","og_url":"https:\/\/marketkibris.com\/en\/product\/xiaomi-redmi-note-11\/","og_site_name":"Market K\u0131br\u0131s","article_modified_time":"2022-07-05T07:48:43+00:00","og_image":[{"width":1600,"height":1600,"url":"https:\/\/marketkibris.com\/wp-content\/uploads\/2022\/07\/Xiaomi-Redmi-Note-11-white-tiny.png","type":"image\/png"}],"author":"erenus","twitter_card":"summary_large_image","twitter_misc":{"Estimated reading time":"1 minute"},"schema":{"@context":"https:\/\/schema.org","@graph":[{"@type":"WebSite","@id":"https:\/\/marketkibris.com\/#website","url":"https:\/\/marketkibris.com\/","name":"Market K\u0131br\u0131s","description":"K\u0131br\u0131s&#039;\u0131n Bir numaral\u0131 Online Elektronik Marketi","potentialAction":[{"@type":"SearchAction","target":{"@type":"EntryPoint","urlTemplate":"https:\/\/marketkibris.com\/?s={search_term_string}"},"query-input":"required name=search_term_string"}],"inLanguage":"en-GB"},{"@type":"ImageObject","inLanguage":"en-GB","@id":"https:\/\/marketkibris.com\/urun\/xiaomi-redmi-note-11\/#primaryimage","url":"https:\/\/marketkibris.com\/wp-content\/uploads\/2022\/07\/Xiaomi-Redmi-Note-11-white-tiny.png","contentUrl":"https:\/\/marketkibris.com\/wp-content\/uploads\/2022\/07\/Xiaomi-Redmi-Note-11-white-tiny.png","width":1600,"height":1600},{"@type":"WebPage","@id":"https:\/\/marketkibris.com\/urun\/xiaomi-redmi-note-11\/#webpage","url":"https:\/\/marketkibris.com\/urun\/xiaomi-redmi-note-11\/","name":"Xiaomi Redmi Note 11 - Market K\u0131br\u0131s","isPartOf":{"@id":"https:\/\/marketkibris.com\/#website"},"primaryImageOfPage":{"@id":"https:\/\/marketkibris.com\/urun\/xiaomi-redmi-note-11\/#primaryimage"},"datePublished":"2022-07-05T07:39:07+00:00","dateModified":"2022-07-05T07:48:43+00:00","breadcrumb":{"@id":"https:\/\/marketkibris.com\/urun\/xiaomi-redmi-note-11\/#breadcrumb"},"inLanguage":"en-GB","potentialAction":[{"@type":"ReadAction","target":["https:\/\/marketkibris.com\/urun\/xiaomi-redmi-note-11\/"]}]},{"@type":"BreadcrumbList","@id":"https:\/\/marketkibris.com\/urun\/xiaomi-redmi-note-11\/#breadcrumb","itemListElement":[{"@type":"ListItem","position":1,"name":"Anasayfa","item":"https:\/\/marketkibris.com\/"},{"@type":"ListItem","position":2,"name":"Shop","item":"https:\/\/marketkibris.com\/shop\/"},{"@type":"ListItem","position":3,"name":"Xiaomi Redmi Note 11"}]}]}},"_links":{"self":[{"href":"https:\/\/marketkibris.com\/en\/wp-json\/wp\/v2\/product\/3295"}],"collection":[{"href":"https:\/\/marketkibris.com\/en\/wp-json\/wp\/v2\/product"}],"about":[{"href":"https:\/\/marketkibris.com\/en\/wp-json\/wp\/v2\/types\/product"}],"replies":[{"embeddable":true,"href":"https:\/\/marketkibris.com\/en\/wp-json\/wp\/v2\/comments?post=3295"}],"version-history":[{"count":1,"href":"https:\/\/marketkibris.com\/en\/wp-json\/wp\/v2\/product\/3295\/revisions"}],"predecessor-version":[{"id":3299,"href":"https:\/\/marketkibris.com\/en\/wp-json\/wp\/v2\/product\/3295\/revisions\/3299"}],"wp:featuredmedia":[{"embeddable":true,"href":"https:\/\/marketkibris.com\/en\/wp-json\/wp\/v2\/media\/3296"}],"wp:attachment":[{"href":"https:\/\/marketkibris.com\/en\/wp-json\/wp\/v2\/media?parent=3295"}],"curies":[{"name":"wp","href":"https:\/\/api.w.org\/{rel}","templated":true}]}}