{"id":3300,"date":"2022-07-05T10:55:10","date_gmt":"2022-07-05T07:55:10","guid":{"rendered":"https:\/\/marketkibris.com\/?post_type=product&#038;p=3300"},"modified":"2022-07-05T11:08:55","modified_gmt":"2022-07-05T08:08:55","slug":"xiaomi-redmi-10c","status":"publish","type":"product","link":"https:\/\/marketkibris.com\/en\/product\/xiaomi-redmi-10c\/","title":{"rendered":"Xiaomi Redmi 10C"},"content":{"rendered":"<ul class=\"a-unordered-list a-vertical a-spacing-mini\">\n<li><span class=\"a-list-item\">6.71 in\u00e7 ekran<\/span><\/li>\n<li><span class=\"a-list-item\">5000 mah bateri<\/span><\/li>\n<li><span class=\"a-list-item\">50MP Ana kamera<\/span><\/li>\n<li><span class=\"a-list-item\">Snapdragon 680<\/span><\/li>\n<li><span class=\"a-list-item\">AI y\u00fcz tarama kilidi<\/span><\/li>\n<\/ul>","protected":false},"excerpt":{"rendered":"<p>6.71 in\u00e7 ekran 5000 mah bateri 50MP Ana kamera Snapdragon 680 AI y\u00fcz tarama kilidi<\/p>","protected":false},"featured_media":3303,"comment_status":"open","ping_status":"closed","template":"","meta":{"_joinchat":[]},"yoast_head":"<!-- This site is optimized with the Yoast SEO plugin v19.2 - https:\/\/yoast.com\/wordpress\/plugins\/seo\/ -->\n<title>Xiaomi Redmi 10C - Market K\u0131br\u0131s<\/title>\n<meta name=\"robots\" content=\"index, follow, max-snippet:-1, max-image-preview:large, max-video-preview:-1\" \/>\n<link rel=\"canonical\" href=\"https:\/\/marketkibris.com\/en\/product\/xiaomi-redmi-10c\/\" \/>\n<meta property=\"og:locale\" content=\"en_GB\" \/>\n<meta property=\"og:type\" content=\"article\" \/>\n<meta property=\"og:title\" content=\"Xiaomi Redmi 10C - Market K\u0131br\u0131s\" \/>\n<meta property=\"og:description\" content=\"6.71 in\u00e7 ekran 5000 mah bateri 50MP Ana kamera Snapdragon 680 AI y\u00fcz tarama kilidi\" \/>\n<meta property=\"og:url\" content=\"https:\/\/marketkibris.com\/en\/product\/xiaomi-redmi-10c\/\" \/>\n<meta property=\"og:site_name\" content=\"Market K\u0131br\u0131s\" \/>\n<meta property=\"article:modified_time\" content=\"2022-07-05T08:08:55+00:00\" \/>\n<meta property=\"og:image\" content=\"https:\/\/marketkibris.com\/wp-content\/uploads\/2022\/07\/xiaomi-redmi-10c-02.webp\" \/>\n\t<meta property=\"og:image:width\" content=\"1080\" \/>\n\t<meta property=\"og:image:height\" content=\"1080\" \/>\n\t<meta property=\"og:image:type\" content=\"image\/webp\" \/>\n<meta name=\"author\" content=\"erenus\" \/>\n<meta name=\"twitter:card\" content=\"summary_large_image\" \/>\n<meta name=\"twitter:label1\" content=\"Estimated reading time\" \/>\n\t<meta name=\"twitter:data1\" content=\"1 minute\" \/>\n<script type=\"application\/ld+json\" class=\"yoast-schema-graph\">{\"@context\":\"https:\/\/schema.org\",\"@graph\":[{\"@type\":\"WebSite\",\"@id\":\"https:\/\/marketkibris.com\/#website\",\"url\":\"https:\/\/marketkibris.com\/\",\"name\":\"Market K\u0131br\u0131s\",\"description\":\"K\u0131br\u0131s&#039;\u0131n Bir numaral\u0131 Online Elektronik Marketi\",\"potentialAction\":[{\"@type\":\"SearchAction\",\"target\":{\"@type\":\"EntryPoint\",\"urlTemplate\":\"https:\/\/marketkibris.com\/?s={search_term_string}\"},\"query-input\":\"required name=search_term_string\"}],\"inLanguage\":\"en-GB\"},{\"@type\":\"ImageObject\",\"inLanguage\":\"en-GB\",\"@id\":\"https:\/\/marketkibris.com\/urun\/xiaomi-redmi-10c\/#primaryimage\",\"url\":\"https:\/\/marketkibris.com\/wp-content\/uploads\/2022\/07\/xiaomi-redmi-10c-02.webp\",\"contentUrl\":\"https:\/\/marketkibris.com\/wp-content\/uploads\/2022\/07\/xiaomi-redmi-10c-02.webp\",\"width\":1080,\"height\":1080},{\"@type\":\"WebPage\",\"@id\":\"https:\/\/marketkibris.com\/urun\/xiaomi-redmi-10c\/#webpage\",\"url\":\"https:\/\/marketkibris.com\/urun\/xiaomi-redmi-10c\/\",\"name\":\"Xiaomi Redmi 10C - Market K\u0131br\u0131s\",\"isPartOf\":{\"@id\":\"https:\/\/marketkibris.com\/#website\"},\"primaryImageOfPage\":{\"@id\":\"https:\/\/marketkibris.com\/urun\/xiaomi-redmi-10c\/#primaryimage\"},\"datePublished\":\"2022-07-05T07:55:10+00:00\",\"dateModified\":\"2022-07-05T08:08:55+00:00\",\"breadcrumb\":{\"@id\":\"https:\/\/marketkibris.com\/urun\/xiaomi-redmi-10c\/#breadcrumb\"},\"inLanguage\":\"en-GB\",\"potentialAction\":[{\"@type\":\"ReadAction\",\"target\":[\"https:\/\/marketkibris.com\/urun\/xiaomi-redmi-10c\/\"]}]},{\"@type\":\"BreadcrumbList\",\"@id\":\"https:\/\/marketkibris.com\/urun\/xiaomi-redmi-10c\/#breadcrumb\",\"itemListElement\":[{\"@type\":\"ListItem\",\"position\":1,\"name\":\"Anasayfa\",\"item\":\"https:\/\/marketkibris.com\/\"},{\"@type\":\"ListItem\",\"position\":2,\"name\":\"Shop\",\"item\":\"https:\/\/marketkibris.com\/shop\/\"},{\"@type\":\"ListItem\",\"position\":3,\"name\":\"Xiaomi Redmi 10C\"}]}]}<\/script>\n<!-- \/ Yoast SEO plugin. -->","yoast_head_json":{"title":"Xiaomi Redmi 10C - Market K\u0131br\u0131s","robots":{"index":"index","follow":"follow","max-snippet":"max-snippet:-1","max-image-preview":"max-image-preview:large","max-video-preview":"max-video-preview:-1"},"canonical":"https:\/\/marketkibris.com\/en\/product\/xiaomi-redmi-10c\/","og_locale":"en_GB","og_type":"article","og_title":"Xiaomi Redmi 10C - Market K\u0131br\u0131s","og_description":"6.71 in\u00e7 ekran 5000 mah bateri 50MP Ana kamera Snapdragon 680 AI y\u00fcz tarama kilidi","og_url":"https:\/\/marketkibris.com\/en\/product\/xiaomi-redmi-10c\/","og_site_name":"Market K\u0131br\u0131s","article_modified_time":"2022-07-05T08:08:55+00:00","og_image":[{"width":1080,"height":1080,"url":"https:\/\/marketkibris.com\/wp-content\/uploads\/2022\/07\/xiaomi-redmi-10c-02.webp","type":"image\/webp"}],"author":"erenus","twitter_card":"summary_large_image","twitter_misc":{"Estimated reading time":"1 minute"},"schema":{"@context":"https:\/\/schema.org","@graph":[{"@type":"WebSite","@id":"https:\/\/marketkibris.com\/#website","url":"https:\/\/marketkibris.com\/","name":"Market K\u0131br\u0131s","description":"K\u0131br\u0131s&#039;\u0131n Bir numaral\u0131 Online Elektronik Marketi","potentialAction":[{"@type":"SearchAction","target":{"@type":"EntryPoint","urlTemplate":"https:\/\/marketkibris.com\/?s={search_term_string}"},"query-input":"required name=search_term_string"}],"inLanguage":"en-GB"},{"@type":"ImageObject","inLanguage":"en-GB","@id":"https:\/\/marketkibris.com\/urun\/xiaomi-redmi-10c\/#primaryimage","url":"https:\/\/marketkibris.com\/wp-content\/uploads\/2022\/07\/xiaomi-redmi-10c-02.webp","contentUrl":"https:\/\/marketkibris.com\/wp-content\/uploads\/2022\/07\/xiaomi-redmi-10c-02.webp","width":1080,"height":1080},{"@type":"WebPage","@id":"https:\/\/marketkibris.com\/urun\/xiaomi-redmi-10c\/#webpage","url":"https:\/\/marketkibris.com\/urun\/xiaomi-redmi-10c\/","name":"Xiaomi Redmi 10C - Market K\u0131br\u0131s","isPartOf":{"@id":"https:\/\/marketkibris.com\/#website"},"primaryImageOfPage":{"@id":"https:\/\/marketkibris.com\/urun\/xiaomi-redmi-10c\/#primaryimage"},"datePublished":"2022-07-05T07:55:10+00:00","dateModified":"2022-07-05T08:08:55+00:00","breadcrumb":{"@id":"https:\/\/marketkibris.com\/urun\/xiaomi-redmi-10c\/#breadcrumb"},"inLanguage":"en-GB","potentialAction":[{"@type":"ReadAction","target":["https:\/\/marketkibris.com\/urun\/xiaomi-redmi-10c\/"]}]},{"@type":"BreadcrumbList","@id":"https:\/\/marketkibris.com\/urun\/xiaomi-redmi-10c\/#breadcrumb","itemListElement":[{"@type":"ListItem","position":1,"name":"Anasayfa","item":"https:\/\/marketkibris.com\/"},{"@type":"ListItem","position":2,"name":"Shop","item":"https:\/\/marketkibris.com\/shop\/"},{"@type":"ListItem","position":3,"name":"Xiaomi Redmi 10C"}]}]}},"_links":{"self":[{"href":"https:\/\/marketkibris.com\/en\/wp-json\/wp\/v2\/product\/3300"}],"collection":[{"href":"https:\/\/marketkibris.com\/en\/wp-json\/wp\/v2\/product"}],"about":[{"href":"https:\/\/marketkibris.com\/en\/wp-json\/wp\/v2\/types\/product"}],"replies":[{"embeddable":true,"href":"https:\/\/marketkibris.com\/en\/wp-json\/wp\/v2\/comments?post=3300"}],"version-history":[{"count":1,"href":"https:\/\/marketkibris.com\/en\/wp-json\/wp\/v2\/product\/3300\/revisions"}],"predecessor-version":[{"id":3306,"href":"https:\/\/marketkibris.com\/en\/wp-json\/wp\/v2\/product\/3300\/revisions\/3306"}],"wp:featuredmedia":[{"embeddable":true,"href":"https:\/\/marketkibris.com\/en\/wp-json\/wp\/v2\/media\/3303"}],"wp:attachment":[{"href":"https:\/\/marketkibris.com\/en\/wp-json\/wp\/v2\/media?parent=3300"}],"curies":[{"name":"wp","href":"https:\/\/api.w.org\/{rel}","templated":true}]}}