{"id":3314,"date":"2022-07-05T11:29:38","date_gmt":"2022-07-05T08:29:38","guid":{"rendered":"https:\/\/marketkibris.com\/?post_type=product&#038;p=3314"},"modified":"2022-07-05T11:53:56","modified_gmt":"2022-07-05T08:53:56","slug":"xiaomi-poco-x4-pro","status":"publish","type":"product","link":"https:\/\/marketkibris.com\/en\/product\/xiaomi-poco-x4-pro\/","title":{"rendered":"Xiaomi Poco X4 Pro"},"content":{"rendered":"<ul class=\"a-unordered-list a-vertical a-spacing-mini\">\n<li><span class=\"a-list-item\">120 Hz yenileme h\u0131z\u0131na sahip FHD+ AMOLED ekran<\/span><\/li>\n<li><span class=\"a-list-item\">108 MP AI destekli kamera<\/span><\/li>\n<li><span class=\"a-list-item\">5G destekli Snapdragon 695 i\u015flemci<\/span><\/li>\n<li><span class=\"a-list-item\">67 W turbo \u015farj destekli 5000 mAh batarya<\/span><\/li>\n<li><span class=\"a-list-item\">Performans odakl\u0131 UFS 2.2 LPDDR4X RAM<\/span><\/li>\n<\/ul>","protected":false},"excerpt":{"rendered":"<p>120 Hz yenileme h\u0131z\u0131na sahip FHD+ AMOLED ekran 108 MP AI destekli kamera 5G destekli Snapdragon 695 i\u015flemci 67 W turbo \u015farj destekli 5000 mAh batarya Performans odakl\u0131 UFS 2.2 LPDDR4X RAM<\/p>","protected":false},"featured_media":3315,"comment_status":"open","ping_status":"closed","template":"","meta":{"_joinchat":[]},"yoast_head":"<!-- This site is optimized with the Yoast SEO plugin v19.2 - https:\/\/yoast.com\/wordpress\/plugins\/seo\/ -->\n<title>Xiaomi Poco X4 Pro - Market K\u0131br\u0131s<\/title>\n<meta name=\"robots\" content=\"index, follow, max-snippet:-1, max-image-preview:large, max-video-preview:-1\" \/>\n<link rel=\"canonical\" href=\"https:\/\/marketkibris.com\/en\/product\/xiaomi-poco-x4-pro\/\" \/>\n<meta property=\"og:locale\" content=\"en_GB\" \/>\n<meta property=\"og:type\" content=\"article\" \/>\n<meta property=\"og:title\" content=\"Xiaomi Poco X4 Pro - Market K\u0131br\u0131s\" \/>\n<meta property=\"og:description\" content=\"120 Hz yenileme h\u0131z\u0131na sahip FHD+ AMOLED ekran 108 MP AI destekli kamera 5G destekli Snapdragon 695 i\u015flemci 67 W turbo \u015farj destekli 5000 mAh batarya Performans odakl\u0131 UFS 2.2 LPDDR4X RAM\" \/>\n<meta property=\"og:url\" content=\"https:\/\/marketkibris.com\/en\/product\/xiaomi-poco-x4-pro\/\" \/>\n<meta property=\"og:site_name\" content=\"Market K\u0131br\u0131s\" \/>\n<meta property=\"article:modified_time\" content=\"2022-07-05T08:53:56+00:00\" \/>\n<meta property=\"og:image\" content=\"https:\/\/marketkibris.com\/wp-content\/uploads\/2022\/07\/Poco-X4-Pro-black-tiny.jpg\" \/>\n\t<meta property=\"og:image:width\" content=\"1500\" \/>\n\t<meta property=\"og:image:height\" content=\"1500\" \/>\n\t<meta property=\"og:image:type\" content=\"image\/jpeg\" \/>\n<meta name=\"author\" content=\"erenus\" \/>\n<meta name=\"twitter:card\" content=\"summary_large_image\" \/>\n<meta name=\"twitter:label1\" content=\"Estimated reading time\" \/>\n\t<meta name=\"twitter:data1\" content=\"1 minute\" \/>\n<script type=\"application\/ld+json\" class=\"yoast-schema-graph\">{\"@context\":\"https:\/\/schema.org\",\"@graph\":[{\"@type\":\"WebSite\",\"@id\":\"https:\/\/marketkibris.com\/#website\",\"url\":\"https:\/\/marketkibris.com\/\",\"name\":\"Market K\u0131br\u0131s\",\"description\":\"K\u0131br\u0131s&#039;\u0131n Bir numaral\u0131 Online Elektronik Marketi\",\"potentialAction\":[{\"@type\":\"SearchAction\",\"target\":{\"@type\":\"EntryPoint\",\"urlTemplate\":\"https:\/\/marketkibris.com\/?s={search_term_string}\"},\"query-input\":\"required name=search_term_string\"}],\"inLanguage\":\"en-GB\"},{\"@type\":\"ImageObject\",\"inLanguage\":\"en-GB\",\"@id\":\"https:\/\/marketkibris.com\/urun\/xiaomi-poco-x4-pro\/#primaryimage\",\"url\":\"https:\/\/marketkibris.com\/wp-content\/uploads\/2022\/07\/Poco-X4-Pro-black-tiny.jpg\",\"contentUrl\":\"https:\/\/marketkibris.com\/wp-content\/uploads\/2022\/07\/Poco-X4-Pro-black-tiny.jpg\",\"width\":1500,\"height\":1500},{\"@type\":\"WebPage\",\"@id\":\"https:\/\/marketkibris.com\/urun\/xiaomi-poco-x4-pro\/#webpage\",\"url\":\"https:\/\/marketkibris.com\/urun\/xiaomi-poco-x4-pro\/\",\"name\":\"Xiaomi Poco X4 Pro - Market K\u0131br\u0131s\",\"isPartOf\":{\"@id\":\"https:\/\/marketkibris.com\/#website\"},\"primaryImageOfPage\":{\"@id\":\"https:\/\/marketkibris.com\/urun\/xiaomi-poco-x4-pro\/#primaryimage\"},\"datePublished\":\"2022-07-05T08:29:38+00:00\",\"dateModified\":\"2022-07-05T08:53:56+00:00\",\"breadcrumb\":{\"@id\":\"https:\/\/marketkibris.com\/urun\/xiaomi-poco-x4-pro\/#breadcrumb\"},\"inLanguage\":\"en-GB\",\"potentialAction\":[{\"@type\":\"ReadAction\",\"target\":[\"https:\/\/marketkibris.com\/urun\/xiaomi-poco-x4-pro\/\"]}]},{\"@type\":\"BreadcrumbList\",\"@id\":\"https:\/\/marketkibris.com\/urun\/xiaomi-poco-x4-pro\/#breadcrumb\",\"itemListElement\":[{\"@type\":\"ListItem\",\"position\":1,\"name\":\"Anasayfa\",\"item\":\"https:\/\/marketkibris.com\/\"},{\"@type\":\"ListItem\",\"position\":2,\"name\":\"Shop\",\"item\":\"https:\/\/marketkibris.com\/shop\/\"},{\"@type\":\"ListItem\",\"position\":3,\"name\":\"Xiaomi Poco X4 Pro\"}]}]}<\/script>\n<!-- \/ Yoast SEO plugin. -->","yoast_head_json":{"title":"Xiaomi Poco X4 Pro - Market K\u0131br\u0131s","robots":{"index":"index","follow":"follow","max-snippet":"max-snippet:-1","max-image-preview":"max-image-preview:large","max-video-preview":"max-video-preview:-1"},"canonical":"https:\/\/marketkibris.com\/en\/product\/xiaomi-poco-x4-pro\/","og_locale":"en_GB","og_type":"article","og_title":"Xiaomi Poco X4 Pro - Market K\u0131br\u0131s","og_description":"120 Hz yenileme h\u0131z\u0131na sahip FHD+ AMOLED ekran 108 MP AI destekli kamera 5G destekli Snapdragon 695 i\u015flemci 67 W turbo \u015farj destekli 5000 mAh batarya Performans odakl\u0131 UFS 2.2 LPDDR4X RAM","og_url":"https:\/\/marketkibris.com\/en\/product\/xiaomi-poco-x4-pro\/","og_site_name":"Market K\u0131br\u0131s","article_modified_time":"2022-07-05T08:53:56+00:00","og_image":[{"width":1500,"height":1500,"url":"https:\/\/marketkibris.com\/wp-content\/uploads\/2022\/07\/Poco-X4-Pro-black-tiny.jpg","type":"image\/jpeg"}],"author":"erenus","twitter_card":"summary_large_image","twitter_misc":{"Estimated reading time":"1 minute"},"schema":{"@context":"https:\/\/schema.org","@graph":[{"@type":"WebSite","@id":"https:\/\/marketkibris.com\/#website","url":"https:\/\/marketkibris.com\/","name":"Market K\u0131br\u0131s","description":"K\u0131br\u0131s&#039;\u0131n Bir numaral\u0131 Online Elektronik Marketi","potentialAction":[{"@type":"SearchAction","target":{"@type":"EntryPoint","urlTemplate":"https:\/\/marketkibris.com\/?s={search_term_string}"},"query-input":"required name=search_term_string"}],"inLanguage":"en-GB"},{"@type":"ImageObject","inLanguage":"en-GB","@id":"https:\/\/marketkibris.com\/urun\/xiaomi-poco-x4-pro\/#primaryimage","url":"https:\/\/marketkibris.com\/wp-content\/uploads\/2022\/07\/Poco-X4-Pro-black-tiny.jpg","contentUrl":"https:\/\/marketkibris.com\/wp-content\/uploads\/2022\/07\/Poco-X4-Pro-black-tiny.jpg","width":1500,"height":1500},{"@type":"WebPage","@id":"https:\/\/marketkibris.com\/urun\/xiaomi-poco-x4-pro\/#webpage","url":"https:\/\/marketkibris.com\/urun\/xiaomi-poco-x4-pro\/","name":"Xiaomi Poco X4 Pro - Market K\u0131br\u0131s","isPartOf":{"@id":"https:\/\/marketkibris.com\/#website"},"primaryImageOfPage":{"@id":"https:\/\/marketkibris.com\/urun\/xiaomi-poco-x4-pro\/#primaryimage"},"datePublished":"2022-07-05T08:29:38+00:00","dateModified":"2022-07-05T08:53:56+00:00","breadcrumb":{"@id":"https:\/\/marketkibris.com\/urun\/xiaomi-poco-x4-pro\/#breadcrumb"},"inLanguage":"en-GB","potentialAction":[{"@type":"ReadAction","target":["https:\/\/marketkibris.com\/urun\/xiaomi-poco-x4-pro\/"]}]},{"@type":"BreadcrumbList","@id":"https:\/\/marketkibris.com\/urun\/xiaomi-poco-x4-pro\/#breadcrumb","itemListElement":[{"@type":"ListItem","position":1,"name":"Anasayfa","item":"https:\/\/marketkibris.com\/"},{"@type":"ListItem","position":2,"name":"Shop","item":"https:\/\/marketkibris.com\/shop\/"},{"@type":"ListItem","position":3,"name":"Xiaomi Poco X4 Pro"}]}]}},"_links":{"self":[{"href":"https:\/\/marketkibris.com\/en\/wp-json\/wp\/v2\/product\/3314"}],"collection":[{"href":"https:\/\/marketkibris.com\/en\/wp-json\/wp\/v2\/product"}],"about":[{"href":"https:\/\/marketkibris.com\/en\/wp-json\/wp\/v2\/types\/product"}],"replies":[{"embeddable":true,"href":"https:\/\/marketkibris.com\/en\/wp-json\/wp\/v2\/comments?post=3314"}],"version-history":[{"count":1,"href":"https:\/\/marketkibris.com\/en\/wp-json\/wp\/v2\/product\/3314\/revisions"}],"predecessor-version":[{"id":3317,"href":"https:\/\/marketkibris.com\/en\/wp-json\/wp\/v2\/product\/3314\/revisions\/3317"}],"wp:featuredmedia":[{"embeddable":true,"href":"https:\/\/marketkibris.com\/en\/wp-json\/wp\/v2\/media\/3315"}],"wp:attachment":[{"href":"https:\/\/marketkibris.com\/en\/wp-json\/wp\/v2\/media?parent=3314"}],"curies":[{"name":"wp","href":"https:\/\/api.w.org\/{rel}","templated":true}]}}