{"id":3318,"date":"2022-07-05T12:11:58","date_gmt":"2022-07-05T09:11:58","guid":{"rendered":"https:\/\/marketkibris.com\/?post_type=product&#038;p=3318"},"modified":"2022-07-05T14:54:13","modified_gmt":"2022-07-05T11:54:13","slug":"xiaomi-mi-band-6","status":"publish","type":"product","link":"https:\/\/marketkibris.com\/en\/product\/xiaomi-mi-band-6\/","title":{"rendered":"Xiaomi Mi Band 6"},"content":{"rendered":"<ul class=\"a-unordered-list a-vertical a-spacing-mini\">\n<li><span class=\"a-list-item\">1,5 in\u00e7 dinamik renkli ekrana sahip Mi Band 6, Mi Band 5&#8217;ten yakla\u015f\u0131k %50 daha fazla ekran alan\u0131na ve 332 ppi&#8217;ye kadar \u00e7\u00f6z\u00fcn\u00fcrl\u00fc\u011fe sahiptir. Retina ekran\u0131, aramalar\u0131n\u0131z\u0131, mesajlar\u0131n\u0131z\u0131 ve hat\u0131rlat\u0131c\u0131lar\u0131n\u0131z\u0131 daha g\u00f6r\u00fcn\u00fcr hale getirir<\/span><\/li>\n<li><span class=\"a-list-item\">En yeni SPO\u2082 alg\u0131lama \u00f6zelli\u011fi, sa\u011fl\u0131\u011f\u0131n\u0131z i\u00e7in \u00e7ok \u00f6nemli olan kan oksijen doygunlu\u011funu takip edebilir. Nefes alma kalitesi derin uyku, hafif uyku ve h\u0131zl\u0131 REM g\u00f6z hareketi temelinde de\u011ferlendirilir. Kalp at\u0131\u015f h\u0131z\u0131 monit\u00f6r sisteminin kalp at\u0131\u015f h\u0131z\u0131 alarm fonksiyonu kalp sa\u011fl\u0131\u011f\u0131na dikkat eder<\/span><\/li>\n<li><span class=\"a-list-item\">7 g\u00fcnl\u00fck PAI d\u00f6ng\u00fcs\u00fc\/kad\u0131n adet d\u00f6ng\u00fcs\u00fc izleme, bas\u0131n\u00e7 izleme, solunum egzersizleri, kamera ve m\u00fczik kontrol\u00fc, alarm fonksiyonlar\u0131 Mi Wear \/Mi Fit uygulamas\u0131na ba\u011flanabilir<\/span><\/li>\n<li><span class=\"a-list-item\">30 spor modu takibi kar\u015f\u0131layabilir HIIT, Pilates ve Zumba gibi 30 pop\u00fcler spora ihtiya\u00e7 duyar ve ger\u00e7ek zamanl\u0131 kalp at\u0131\u015f h\u0131z\u0131 ve yak\u0131lan kalorileri do\u011fru bir \u015fekilde kaydeder. Siyah kay\u0131\u015f, anti-bakteriyel Ag+ destek malzemesi i\u00e7erir. Antibakteriyel etki % 90&#8217;d\u0131r. Tam \u015farjl\u0131 bir pil 14 g\u00fcne kadar dayan\u0131r. Koldan \u00e7\u0131kar\u0131lmadan manyetik \u015farj cihaz\u0131yla \u015farj edilebilir. 50 metre derine kadar 5ATM suya dayan\u0131kl\u0131.<\/span><\/li>\n<\/ul>","protected":false},"excerpt":{"rendered":"<p>1,5 in\u00e7 dinamik renkli ekrana sahip Mi Band 6, Mi Band 5&#8217;ten yakla\u015f\u0131k %50 daha fazla ekran alan\u0131na ve 332 ppi&#8217;ye kadar \u00e7\u00f6z\u00fcn\u00fcrl\u00fc\u011fe sahiptir. Retina ekran\u0131, aramalar\u0131n\u0131z\u0131, mesajlar\u0131n\u0131z\u0131 ve hat\u0131rlat\u0131c\u0131lar\u0131n\u0131z\u0131 daha g\u00f6r\u00fcn\u00fcr hale getirir En yeni SPO\u2082 alg\u0131lama \u00f6zelli\u011fi, sa\u011fl\u0131\u011f\u0131n\u0131z i\u00e7in \u00e7ok \u00f6nemli olan kan oksijen doygunlu\u011funu takip edebilir. Nefes alma kalitesi derin uyku, hafif [&hellip;]<\/p>","protected":false},"featured_media":3319,"comment_status":"open","ping_status":"closed","template":"","meta":{"_joinchat":[]},"yoast_head":"<!-- This site is optimized with the Yoast SEO plugin v19.2 - https:\/\/yoast.com\/wordpress\/plugins\/seo\/ -->\n<title>Xiaomi Mi Band 6 - Market K\u0131br\u0131s<\/title>\n<meta name=\"robots\" content=\"index, follow, max-snippet:-1, max-image-preview:large, max-video-preview:-1\" \/>\n<link rel=\"canonical\" href=\"https:\/\/marketkibris.com\/en\/product\/xiaomi-mi-band-6\/\" \/>\n<meta property=\"og:locale\" content=\"en_GB\" \/>\n<meta property=\"og:type\" content=\"article\" \/>\n<meta property=\"og:title\" content=\"Xiaomi Mi Band 6 - Market K\u0131br\u0131s\" \/>\n<meta property=\"og:description\" content=\"1,5 in\u00e7 dinamik renkli ekrana sahip Mi Band 6, Mi Band 5&#8217;ten yakla\u015f\u0131k %50 daha fazla ekran alan\u0131na ve 332 ppi&#8217;ye kadar \u00e7\u00f6z\u00fcn\u00fcrl\u00fc\u011fe sahiptir. Retina ekran\u0131, aramalar\u0131n\u0131z\u0131, mesajlar\u0131n\u0131z\u0131 ve hat\u0131rlat\u0131c\u0131lar\u0131n\u0131z\u0131 daha g\u00f6r\u00fcn\u00fcr hale getirir En yeni SPO\u2082 alg\u0131lama \u00f6zelli\u011fi, sa\u011fl\u0131\u011f\u0131n\u0131z i\u00e7in \u00e7ok \u00f6nemli olan kan oksijen doygunlu\u011funu takip edebilir. Nefes alma kalitesi derin uyku, hafif [&hellip;]\" \/>\n<meta property=\"og:url\" content=\"https:\/\/marketkibris.com\/en\/product\/xiaomi-mi-band-6\/\" \/>\n<meta property=\"og:site_name\" content=\"Market K\u0131br\u0131s\" \/>\n<meta property=\"article:modified_time\" content=\"2022-07-05T11:54:13+00:00\" \/>\n<meta property=\"og:image\" content=\"https:\/\/marketkibris.com\/wp-content\/uploads\/2022\/07\/Xiaomi-Mi-Band-6-01.jpg\" \/>\n\t<meta property=\"og:image:width\" content=\"2560\" \/>\n\t<meta property=\"og:image:height\" content=\"2560\" \/>\n\t<meta property=\"og:image:type\" content=\"image\/jpeg\" \/>\n<meta name=\"author\" content=\"erenus\" \/>\n<meta name=\"twitter:card\" content=\"summary_large_image\" \/>\n<meta name=\"twitter:label1\" content=\"Estimated reading time\" \/>\n\t<meta name=\"twitter:data1\" content=\"1 minute\" \/>\n<script type=\"application\/ld+json\" class=\"yoast-schema-graph\">{\"@context\":\"https:\/\/schema.org\",\"@graph\":[{\"@type\":\"WebSite\",\"@id\":\"https:\/\/marketkibris.com\/#website\",\"url\":\"https:\/\/marketkibris.com\/\",\"name\":\"Market K\u0131br\u0131s\",\"description\":\"K\u0131br\u0131s&#039;\u0131n Bir numaral\u0131 Online Elektronik Marketi\",\"potentialAction\":[{\"@type\":\"SearchAction\",\"target\":{\"@type\":\"EntryPoint\",\"urlTemplate\":\"https:\/\/marketkibris.com\/?s={search_term_string}\"},\"query-input\":\"required name=search_term_string\"}],\"inLanguage\":\"en-GB\"},{\"@type\":\"ImageObject\",\"inLanguage\":\"en-GB\",\"@id\":\"https:\/\/marketkibris.com\/urun\/xiaomi-mi-band-6\/#primaryimage\",\"url\":\"https:\/\/marketkibris.com\/wp-content\/uploads\/2022\/07\/Xiaomi-Mi-Band-6-01.jpg\",\"contentUrl\":\"https:\/\/marketkibris.com\/wp-content\/uploads\/2022\/07\/Xiaomi-Mi-Band-6-01.jpg\",\"width\":2560,\"height\":2560},{\"@type\":\"WebPage\",\"@id\":\"https:\/\/marketkibris.com\/urun\/xiaomi-mi-band-6\/#webpage\",\"url\":\"https:\/\/marketkibris.com\/urun\/xiaomi-mi-band-6\/\",\"name\":\"Xiaomi Mi Band 6 - Market K\u0131br\u0131s\",\"isPartOf\":{\"@id\":\"https:\/\/marketkibris.com\/#website\"},\"primaryImageOfPage\":{\"@id\":\"https:\/\/marketkibris.com\/urun\/xiaomi-mi-band-6\/#primaryimage\"},\"datePublished\":\"2022-07-05T09:11:58+00:00\",\"dateModified\":\"2022-07-05T11:54:13+00:00\",\"breadcrumb\":{\"@id\":\"https:\/\/marketkibris.com\/urun\/xiaomi-mi-band-6\/#breadcrumb\"},\"inLanguage\":\"en-GB\",\"potentialAction\":[{\"@type\":\"ReadAction\",\"target\":[\"https:\/\/marketkibris.com\/urun\/xiaomi-mi-band-6\/\"]}]},{\"@type\":\"BreadcrumbList\",\"@id\":\"https:\/\/marketkibris.com\/urun\/xiaomi-mi-band-6\/#breadcrumb\",\"itemListElement\":[{\"@type\":\"ListItem\",\"position\":1,\"name\":\"Anasayfa\",\"item\":\"https:\/\/marketkibris.com\/\"},{\"@type\":\"ListItem\",\"position\":2,\"name\":\"Shop\",\"item\":\"https:\/\/marketkibris.com\/shop\/\"},{\"@type\":\"ListItem\",\"position\":3,\"name\":\"Xiaomi Mi Band 6\"}]}]}<\/script>\n<!-- \/ Yoast SEO plugin. -->","yoast_head_json":{"title":"Xiaomi Mi Band 6 - Market K\u0131br\u0131s","robots":{"index":"index","follow":"follow","max-snippet":"max-snippet:-1","max-image-preview":"max-image-preview:large","max-video-preview":"max-video-preview:-1"},"canonical":"https:\/\/marketkibris.com\/en\/product\/xiaomi-mi-band-6\/","og_locale":"en_GB","og_type":"article","og_title":"Xiaomi Mi Band 6 - Market K\u0131br\u0131s","og_description":"1,5 in\u00e7 dinamik renkli ekrana sahip Mi Band 6, Mi Band 5&#8217;ten yakla\u015f\u0131k %50 daha fazla ekran alan\u0131na ve 332 ppi&#8217;ye kadar \u00e7\u00f6z\u00fcn\u00fcrl\u00fc\u011fe sahiptir. Retina ekran\u0131, aramalar\u0131n\u0131z\u0131, mesajlar\u0131n\u0131z\u0131 ve hat\u0131rlat\u0131c\u0131lar\u0131n\u0131z\u0131 daha g\u00f6r\u00fcn\u00fcr hale getirir En yeni SPO\u2082 alg\u0131lama \u00f6zelli\u011fi, sa\u011fl\u0131\u011f\u0131n\u0131z i\u00e7in \u00e7ok \u00f6nemli olan kan oksijen doygunlu\u011funu takip edebilir. Nefes alma kalitesi derin uyku, hafif [&hellip;]","og_url":"https:\/\/marketkibris.com\/en\/product\/xiaomi-mi-band-6\/","og_site_name":"Market K\u0131br\u0131s","article_modified_time":"2022-07-05T11:54:13+00:00","og_image":[{"width":2560,"height":2560,"url":"https:\/\/marketkibris.com\/wp-content\/uploads\/2022\/07\/Xiaomi-Mi-Band-6-01.jpg","type":"image\/jpeg"}],"author":"erenus","twitter_card":"summary_large_image","twitter_misc":{"Estimated reading time":"1 minute"},"schema":{"@context":"https:\/\/schema.org","@graph":[{"@type":"WebSite","@id":"https:\/\/marketkibris.com\/#website","url":"https:\/\/marketkibris.com\/","name":"Market K\u0131br\u0131s","description":"K\u0131br\u0131s&#039;\u0131n Bir numaral\u0131 Online Elektronik Marketi","potentialAction":[{"@type":"SearchAction","target":{"@type":"EntryPoint","urlTemplate":"https:\/\/marketkibris.com\/?s={search_term_string}"},"query-input":"required name=search_term_string"}],"inLanguage":"en-GB"},{"@type":"ImageObject","inLanguage":"en-GB","@id":"https:\/\/marketkibris.com\/urun\/xiaomi-mi-band-6\/#primaryimage","url":"https:\/\/marketkibris.com\/wp-content\/uploads\/2022\/07\/Xiaomi-Mi-Band-6-01.jpg","contentUrl":"https:\/\/marketkibris.com\/wp-content\/uploads\/2022\/07\/Xiaomi-Mi-Band-6-01.jpg","width":2560,"height":2560},{"@type":"WebPage","@id":"https:\/\/marketkibris.com\/urun\/xiaomi-mi-band-6\/#webpage","url":"https:\/\/marketkibris.com\/urun\/xiaomi-mi-band-6\/","name":"Xiaomi Mi Band 6 - Market K\u0131br\u0131s","isPartOf":{"@id":"https:\/\/marketkibris.com\/#website"},"primaryImageOfPage":{"@id":"https:\/\/marketkibris.com\/urun\/xiaomi-mi-band-6\/#primaryimage"},"datePublished":"2022-07-05T09:11:58+00:00","dateModified":"2022-07-05T11:54:13+00:00","breadcrumb":{"@id":"https:\/\/marketkibris.com\/urun\/xiaomi-mi-band-6\/#breadcrumb"},"inLanguage":"en-GB","potentialAction":[{"@type":"ReadAction","target":["https:\/\/marketkibris.com\/urun\/xiaomi-mi-band-6\/"]}]},{"@type":"BreadcrumbList","@id":"https:\/\/marketkibris.com\/urun\/xiaomi-mi-band-6\/#breadcrumb","itemListElement":[{"@type":"ListItem","position":1,"name":"Anasayfa","item":"https:\/\/marketkibris.com\/"},{"@type":"ListItem","position":2,"name":"Shop","item":"https:\/\/marketkibris.com\/shop\/"},{"@type":"ListItem","position":3,"name":"Xiaomi Mi Band 6"}]}]}},"_links":{"self":[{"href":"https:\/\/marketkibris.com\/en\/wp-json\/wp\/v2\/product\/3318"}],"collection":[{"href":"https:\/\/marketkibris.com\/en\/wp-json\/wp\/v2\/product"}],"about":[{"href":"https:\/\/marketkibris.com\/en\/wp-json\/wp\/v2\/types\/product"}],"replies":[{"embeddable":true,"href":"https:\/\/marketkibris.com\/en\/wp-json\/wp\/v2\/comments?post=3318"}],"version-history":[{"count":2,"href":"https:\/\/marketkibris.com\/en\/wp-json\/wp\/v2\/product\/3318\/revisions"}],"predecessor-version":[{"id":3343,"href":"https:\/\/marketkibris.com\/en\/wp-json\/wp\/v2\/product\/3318\/revisions\/3343"}],"wp:featuredmedia":[{"embeddable":true,"href":"https:\/\/marketkibris.com\/en\/wp-json\/wp\/v2\/media\/3319"}],"wp:attachment":[{"href":"https:\/\/marketkibris.com\/en\/wp-json\/wp\/v2\/media?parent=3318"}],"curies":[{"name":"wp","href":"https:\/\/api.w.org\/{rel}","templated":true}]}}