{"id":3322,"date":"2022-07-05T13:44:58","date_gmt":"2022-07-05T10:44:58","guid":{"rendered":"https:\/\/marketkibris.com\/?post_type=product&#038;p=3322"},"modified":"2022-07-05T14:36:48","modified_gmt":"2022-07-05T11:36:48","slug":"xiaomi-true-wireless-earbuds","status":"publish","type":"product","link":"https:\/\/marketkibris.com\/en\/product\/xiaomi-true-wireless-earbuds\/","title":{"rendered":"Xiaomi True Wireless Earbuds"},"content":{"rendered":"<ul class=\"a-unordered-list a-vertical a-spacing-mini\">\n<li><span class=\"a-list-item\">[Bluetooth 5.0 Headset] Airdots 2 bir Bluetooth 5.0 \u00e7ip ile donat\u0131lm\u0131\u015ft\u0131r, veri aktar\u0131m h\u0131z\u0131 \u00f6nceki nesle g\u00f6re iki kat daha y\u00fcksektir ve ba\u011flant\u0131 daha h\u0131zl\u0131 ve istikrarl\u0131 ve m\u00fczik dinlemek daha ak\u0131c\u0131d\u0131r<\/span><\/li>\n<li><span class=\"a-list-item\">[Mikrofonlu spor kulakl\u0131k] Entegre mikrofonlu y\u00fcksek kaliteli bir Bluetooth kulakl\u0131k, kolayca \u00e7a\u011fr\u0131 yapabilir ve \u00e7a\u011fr\u0131 kalitesi sa\u011flamd\u0131r. Ayr\u0131ca Redmi AirDots 2, kulakl\u0131ktaki 3 tu\u015funa basarak eri\u015filebilen d\u00fc\u015f\u00fck gecikme s\u00fcresine sahip yeni bir oyun modu ekler. Yeniden etkinle\u015ftirme<\/span><\/li>\n<li><span class=\"a-list-item\">[3 farkl\u0131 boyutta] En geli\u015fmi\u015f Bluetooth teknolojisi geleneksel kablolu kulakl\u0131klar\u0131n yerini al\u0131r. 3 farkl\u0131 boyutta silikon kulak t\u0131kac\u0131 (S, M, L) sunuyoruz, bu sayede kulak t\u0131kac\u0131n\u0131 t\u0131rmanma ve di\u011fer egzersizlerde sa\u011flam ve rahat tutabilir.<\/span><\/li>\n<li><span class=\"a-list-item\">[\u00c7ok fonksiyonlu fiziksel tu\u015f ve dil asistan\u0131] Redmi Airdots 2 TWS Bluetooth kulakl\u0131klar bir mikrofona sahiptir ve yanl\u0131\u015f tu\u015flar\u0131 azaltan ve ses asistanlar\u0131n\u0131 destekleyen \u00e7ok fonksiyonlu fiziksel tu\u015flar ile donat\u0131lm\u0131\u015ft\u0131r. Telefonun dil asistan\u0131 fonksiyonunu etkinle\u015ftirmek i\u00e7in telefon asistan\u0131na \u00e7ift t\u0131klat\u0131n. (Ses fonksiyonunu desteklemek ve h\u0131zl\u0131 etkinle\u015ftirme etkinle\u015ftirmek i\u00e7in cep telefonu gerekir)<\/span><\/li>\n<li><span class=\"a-list-item\">[Kablosuz kulakl\u0131k ve g\u00fcr\u00fclt\u00fc azaltma] Redmi Airdots 2, dinamik 7,2 mm s\u00fcr\u00fcc\u00fc ve ak\u0131ll\u0131 g\u00fcr\u00fclt\u00fc azaltma sistemi ile donat\u0131lm\u0131\u015f stereo ve mono modlar sunar, y\u00fcksek kaliteli ses kalitesinin tad\u0131n\u0131 \u00e7\u0131karabilirsiniz, 4,1 gram hafif tasar\u0131m ko\u015fu s\u0131ras\u0131nda m\u00fczik dinlemek i\u00e7in \u00e7ok uygundur<\/span><\/li>\n<li><span class=\"a-list-item\">Mi EarBuds Basic Tws Bluetooth 5.0 Kulakl\u0131k<\/span><\/li>\n<li><span class=\"a-list-item\">Kulakl\u0131k Tipi Stereo<\/span><\/li>\n<li><span class=\"a-list-item\">10 Metre \u0130leti\u015fim Mesafesi<\/span><\/li>\n<li><span class=\"a-list-item\">Yakla\u015f\u0131k 150 Saat Kulakl\u0131k Bekleme S\u00fcresi<\/span><\/li>\n<\/ul>","protected":false},"excerpt":{"rendered":"<p>[Bluetooth 5.0 Headset] Airdots 2 bir Bluetooth 5.0 \u00e7ip ile donat\u0131lm\u0131\u015ft\u0131r, veri aktar\u0131m h\u0131z\u0131 \u00f6nceki nesle g\u00f6re iki kat daha y\u00fcksektir ve ba\u011flant\u0131 daha h\u0131zl\u0131 ve istikrarl\u0131 ve m\u00fczik dinlemek daha ak\u0131c\u0131d\u0131r [Mikrofonlu spor kulakl\u0131k] Entegre mikrofonlu y\u00fcksek kaliteli bir Bluetooth kulakl\u0131k, kolayca \u00e7a\u011fr\u0131 yapabilir ve \u00e7a\u011fr\u0131 kalitesi sa\u011flamd\u0131r. Ayr\u0131ca Redmi AirDots 2, kulakl\u0131ktaki 3 [&hellip;]<\/p>","protected":false},"featured_media":3323,"comment_status":"open","ping_status":"closed","template":"","meta":{"_joinchat":[]},"yoast_head":"<!-- This site is optimized with the Yoast SEO plugin v19.2 - https:\/\/yoast.com\/wordpress\/plugins\/seo\/ -->\n<title>Xiaomi True Wireless Earbuds - Market K\u0131br\u0131s<\/title>\n<meta name=\"robots\" content=\"index, follow, max-snippet:-1, max-image-preview:large, max-video-preview:-1\" \/>\n<link rel=\"canonical\" href=\"https:\/\/marketkibris.com\/en\/product\/xiaomi-true-wireless-earbuds\/\" \/>\n<meta property=\"og:locale\" content=\"en_GB\" \/>\n<meta property=\"og:type\" content=\"article\" \/>\n<meta property=\"og:title\" content=\"Xiaomi True Wireless Earbuds - Market K\u0131br\u0131s\" \/>\n<meta property=\"og:description\" content=\"[Bluetooth 5.0 Headset] Airdots 2 bir Bluetooth 5.0 \u00e7ip ile donat\u0131lm\u0131\u015ft\u0131r, veri aktar\u0131m h\u0131z\u0131 \u00f6nceki nesle g\u00f6re iki kat daha y\u00fcksektir ve ba\u011flant\u0131 daha h\u0131zl\u0131 ve istikrarl\u0131 ve m\u00fczik dinlemek daha ak\u0131c\u0131d\u0131r [Mikrofonlu spor kulakl\u0131k] Entegre mikrofonlu y\u00fcksek kaliteli bir Bluetooth kulakl\u0131k, kolayca \u00e7a\u011fr\u0131 yapabilir ve \u00e7a\u011fr\u0131 kalitesi sa\u011flamd\u0131r. Ayr\u0131ca Redmi AirDots 2, kulakl\u0131ktaki 3 [&hellip;]\" \/>\n<meta property=\"og:url\" content=\"https:\/\/marketkibris.com\/en\/product\/xiaomi-true-wireless-earbuds\/\" \/>\n<meta property=\"og:site_name\" content=\"Market K\u0131br\u0131s\" \/>\n<meta property=\"article:modified_time\" content=\"2022-07-05T11:36:48+00:00\" \/>\n<meta property=\"og:image\" content=\"https:\/\/marketkibris.com\/wp-content\/uploads\/2022\/07\/xiaomi-true-wireless-earbuds-03.webp\" \/>\n\t<meta property=\"og:image:width\" content=\"1000\" \/>\n\t<meta property=\"og:image:height\" content=\"1000\" \/>\n\t<meta property=\"og:image:type\" content=\"image\/webp\" \/>\n<meta name=\"author\" content=\"erenus\" \/>\n<meta name=\"twitter:card\" content=\"summary_large_image\" \/>\n<meta name=\"twitter:label1\" content=\"Estimated reading time\" \/>\n\t<meta name=\"twitter:data1\" content=\"2 minutes\" \/>\n<script type=\"application\/ld+json\" class=\"yoast-schema-graph\">{\"@context\":\"https:\/\/schema.org\",\"@graph\":[{\"@type\":\"WebSite\",\"@id\":\"https:\/\/marketkibris.com\/#website\",\"url\":\"https:\/\/marketkibris.com\/\",\"name\":\"Market K\u0131br\u0131s\",\"description\":\"K\u0131br\u0131s&#039;\u0131n Bir numaral\u0131 Online Elektronik Marketi\",\"potentialAction\":[{\"@type\":\"SearchAction\",\"target\":{\"@type\":\"EntryPoint\",\"urlTemplate\":\"https:\/\/marketkibris.com\/?s={search_term_string}\"},\"query-input\":\"required name=search_term_string\"}],\"inLanguage\":\"en-GB\"},{\"@type\":\"ImageObject\",\"inLanguage\":\"en-GB\",\"@id\":\"https:\/\/marketkibris.com\/urun\/xiaomi-true-wireless-earbuds\/#primaryimage\",\"url\":\"https:\/\/marketkibris.com\/wp-content\/uploads\/2022\/07\/xiaomi-true-wireless-earbuds-03.webp\",\"contentUrl\":\"https:\/\/marketkibris.com\/wp-content\/uploads\/2022\/07\/xiaomi-true-wireless-earbuds-03.webp\",\"width\":1000,\"height\":1000},{\"@type\":\"WebPage\",\"@id\":\"https:\/\/marketkibris.com\/urun\/xiaomi-true-wireless-earbuds\/#webpage\",\"url\":\"https:\/\/marketkibris.com\/urun\/xiaomi-true-wireless-earbuds\/\",\"name\":\"Xiaomi True Wireless Earbuds - Market K\u0131br\u0131s\",\"isPartOf\":{\"@id\":\"https:\/\/marketkibris.com\/#website\"},\"primaryImageOfPage\":{\"@id\":\"https:\/\/marketkibris.com\/urun\/xiaomi-true-wireless-earbuds\/#primaryimage\"},\"datePublished\":\"2022-07-05T10:44:58+00:00\",\"dateModified\":\"2022-07-05T11:36:48+00:00\",\"breadcrumb\":{\"@id\":\"https:\/\/marketkibris.com\/urun\/xiaomi-true-wireless-earbuds\/#breadcrumb\"},\"inLanguage\":\"en-GB\",\"potentialAction\":[{\"@type\":\"ReadAction\",\"target\":[\"https:\/\/marketkibris.com\/urun\/xiaomi-true-wireless-earbuds\/\"]}]},{\"@type\":\"BreadcrumbList\",\"@id\":\"https:\/\/marketkibris.com\/urun\/xiaomi-true-wireless-earbuds\/#breadcrumb\",\"itemListElement\":[{\"@type\":\"ListItem\",\"position\":1,\"name\":\"Anasayfa\",\"item\":\"https:\/\/marketkibris.com\/\"},{\"@type\":\"ListItem\",\"position\":2,\"name\":\"Shop\",\"item\":\"https:\/\/marketkibris.com\/shop\/\"},{\"@type\":\"ListItem\",\"position\":3,\"name\":\"Xiaomi True Wireless Earbuds\"}]}]}<\/script>\n<!-- \/ Yoast SEO plugin. -->","yoast_head_json":{"title":"Xiaomi True Wireless Earbuds - Market K\u0131br\u0131s","robots":{"index":"index","follow":"follow","max-snippet":"max-snippet:-1","max-image-preview":"max-image-preview:large","max-video-preview":"max-video-preview:-1"},"canonical":"https:\/\/marketkibris.com\/en\/product\/xiaomi-true-wireless-earbuds\/","og_locale":"en_GB","og_type":"article","og_title":"Xiaomi True Wireless Earbuds - Market K\u0131br\u0131s","og_description":"[Bluetooth 5.0 Headset] Airdots 2 bir Bluetooth 5.0 \u00e7ip ile donat\u0131lm\u0131\u015ft\u0131r, veri aktar\u0131m h\u0131z\u0131 \u00f6nceki nesle g\u00f6re iki kat daha y\u00fcksektir ve ba\u011flant\u0131 daha h\u0131zl\u0131 ve istikrarl\u0131 ve m\u00fczik dinlemek daha ak\u0131c\u0131d\u0131r [Mikrofonlu spor kulakl\u0131k] Entegre mikrofonlu y\u00fcksek kaliteli bir Bluetooth kulakl\u0131k, kolayca \u00e7a\u011fr\u0131 yapabilir ve \u00e7a\u011fr\u0131 kalitesi sa\u011flamd\u0131r. Ayr\u0131ca Redmi AirDots 2, kulakl\u0131ktaki 3 [&hellip;]","og_url":"https:\/\/marketkibris.com\/en\/product\/xiaomi-true-wireless-earbuds\/","og_site_name":"Market K\u0131br\u0131s","article_modified_time":"2022-07-05T11:36:48+00:00","og_image":[{"width":1000,"height":1000,"url":"https:\/\/marketkibris.com\/wp-content\/uploads\/2022\/07\/xiaomi-true-wireless-earbuds-03.webp","type":"image\/webp"}],"author":"erenus","twitter_card":"summary_large_image","twitter_misc":{"Estimated reading time":"2 minutes"},"schema":{"@context":"https:\/\/schema.org","@graph":[{"@type":"WebSite","@id":"https:\/\/marketkibris.com\/#website","url":"https:\/\/marketkibris.com\/","name":"Market K\u0131br\u0131s","description":"K\u0131br\u0131s&#039;\u0131n Bir numaral\u0131 Online Elektronik Marketi","potentialAction":[{"@type":"SearchAction","target":{"@type":"EntryPoint","urlTemplate":"https:\/\/marketkibris.com\/?s={search_term_string}"},"query-input":"required name=search_term_string"}],"inLanguage":"en-GB"},{"@type":"ImageObject","inLanguage":"en-GB","@id":"https:\/\/marketkibris.com\/urun\/xiaomi-true-wireless-earbuds\/#primaryimage","url":"https:\/\/marketkibris.com\/wp-content\/uploads\/2022\/07\/xiaomi-true-wireless-earbuds-03.webp","contentUrl":"https:\/\/marketkibris.com\/wp-content\/uploads\/2022\/07\/xiaomi-true-wireless-earbuds-03.webp","width":1000,"height":1000},{"@type":"WebPage","@id":"https:\/\/marketkibris.com\/urun\/xiaomi-true-wireless-earbuds\/#webpage","url":"https:\/\/marketkibris.com\/urun\/xiaomi-true-wireless-earbuds\/","name":"Xiaomi True Wireless Earbuds - Market K\u0131br\u0131s","isPartOf":{"@id":"https:\/\/marketkibris.com\/#website"},"primaryImageOfPage":{"@id":"https:\/\/marketkibris.com\/urun\/xiaomi-true-wireless-earbuds\/#primaryimage"},"datePublished":"2022-07-05T10:44:58+00:00","dateModified":"2022-07-05T11:36:48+00:00","breadcrumb":{"@id":"https:\/\/marketkibris.com\/urun\/xiaomi-true-wireless-earbuds\/#breadcrumb"},"inLanguage":"en-GB","potentialAction":[{"@type":"ReadAction","target":["https:\/\/marketkibris.com\/urun\/xiaomi-true-wireless-earbuds\/"]}]},{"@type":"BreadcrumbList","@id":"https:\/\/marketkibris.com\/urun\/xiaomi-true-wireless-earbuds\/#breadcrumb","itemListElement":[{"@type":"ListItem","position":1,"name":"Anasayfa","item":"https:\/\/marketkibris.com\/"},{"@type":"ListItem","position":2,"name":"Shop","item":"https:\/\/marketkibris.com\/shop\/"},{"@type":"ListItem","position":3,"name":"Xiaomi True Wireless Earbuds"}]}]}},"_links":{"self":[{"href":"https:\/\/marketkibris.com\/en\/wp-json\/wp\/v2\/product\/3322"}],"collection":[{"href":"https:\/\/marketkibris.com\/en\/wp-json\/wp\/v2\/product"}],"about":[{"href":"https:\/\/marketkibris.com\/en\/wp-json\/wp\/v2\/types\/product"}],"replies":[{"embeddable":true,"href":"https:\/\/marketkibris.com\/en\/wp-json\/wp\/v2\/comments?post=3322"}],"version-history":[{"count":1,"href":"https:\/\/marketkibris.com\/en\/wp-json\/wp\/v2\/product\/3322\/revisions"}],"predecessor-version":[{"id":3326,"href":"https:\/\/marketkibris.com\/en\/wp-json\/wp\/v2\/product\/3322\/revisions\/3326"}],"wp:featuredmedia":[{"embeddable":true,"href":"https:\/\/marketkibris.com\/en\/wp-json\/wp\/v2\/media\/3323"}],"wp:attachment":[{"href":"https:\/\/marketkibris.com\/en\/wp-json\/wp\/v2\/media?parent=3322"}],"curies":[{"name":"wp","href":"https:\/\/api.w.org\/{rel}","templated":true}]}}