{"id":3332,"date":"2022-07-05T14:18:16","date_gmt":"2022-07-05T11:18:16","guid":{"rendered":"https:\/\/marketkibris.com\/?post_type=product&#038;p=3332"},"modified":"2022-07-05T14:24:03","modified_gmt":"2022-07-05T11:24:03","slug":"xiaomi-mi-box-s","status":"publish","type":"product","link":"https:\/\/marketkibris.com\/en\/product\/xiaomi-mi-box-s\/","title":{"rendered":"Xiaomi Mi Box S"},"content":{"rendered":"<ul class=\"a-unordered-list a-vertical a-spacing-mini\">\n<li><span class=\"a-list-item\">Minimalist siyah tasar\u0131m ve kompakt boyut<\/span><\/li>\n<li><span class=\"a-list-item\">\u00c7ok dilli, 68 dil i\u00e7erir<\/span><\/li>\n<li><span class=\"a-list-item\">Netflix ve Amazon Prime Video uygulamas\u0131 ile uyumlu<\/span><\/li>\n<li><span class=\"a-list-item\">4K HDR \u00c7\u00f6z\u00fcn\u00fcrl\u00fck<\/span><\/li>\n<li><span class=\"a-list-item\">Android TV i\u015fletim sisteminin i\u015fletim sistemi (resmi Android TV sistemi)<\/span><\/li>\n<\/ul>","protected":false},"excerpt":{"rendered":"<p>Minimalist siyah tasar\u0131m ve kompakt boyut \u00c7ok dilli, 68 dil i\u00e7erir Netflix ve Amazon Prime Video uygulamas\u0131 ile uyumlu 4K HDR \u00c7\u00f6z\u00fcn\u00fcrl\u00fck Android TV i\u015fletim sisteminin i\u015fletim sistemi (resmi Android TV sistemi)<\/p>","protected":false},"featured_media":3333,"comment_status":"open","ping_status":"closed","template":"","meta":{"_joinchat":[]},"yoast_head":"<!-- This site is optimized with the Yoast SEO plugin v19.2 - https:\/\/yoast.com\/wordpress\/plugins\/seo\/ -->\n<title>Xiaomi Mi Box S - Market K\u0131br\u0131s<\/title>\n<meta name=\"robots\" content=\"index, follow, max-snippet:-1, max-image-preview:large, max-video-preview:-1\" \/>\n<link rel=\"canonical\" href=\"https:\/\/marketkibris.com\/en\/product\/xiaomi-mi-box-s\/\" \/>\n<meta property=\"og:locale\" content=\"en_GB\" \/>\n<meta property=\"og:type\" content=\"article\" \/>\n<meta property=\"og:title\" content=\"Xiaomi Mi Box S - Market K\u0131br\u0131s\" \/>\n<meta property=\"og:description\" content=\"Minimalist siyah tasar\u0131m ve kompakt boyut \u00c7ok dilli, 68 dil i\u00e7erir Netflix ve Amazon Prime Video uygulamas\u0131 ile uyumlu 4K HDR \u00c7\u00f6z\u00fcn\u00fcrl\u00fck Android TV i\u015fletim sisteminin i\u015fletim sistemi (resmi Android TV sistemi)\" \/>\n<meta property=\"og:url\" content=\"https:\/\/marketkibris.com\/en\/product\/xiaomi-mi-box-s\/\" \/>\n<meta property=\"og:site_name\" content=\"Market K\u0131br\u0131s\" \/>\n<meta property=\"article:modified_time\" content=\"2022-07-05T11:24:03+00:00\" \/>\n<meta property=\"og:image\" content=\"https:\/\/marketkibris.com\/wp-content\/uploads\/2022\/07\/xiaomi-mi-box-s-03.webp\" \/>\n\t<meta property=\"og:image:width\" content=\"1000\" \/>\n\t<meta property=\"og:image:height\" content=\"1000\" \/>\n\t<meta property=\"og:image:type\" content=\"image\/webp\" \/>\n<meta name=\"author\" content=\"erenus\" \/>\n<meta name=\"twitter:card\" content=\"summary_large_image\" \/>\n<meta name=\"twitter:label1\" content=\"Estimated reading time\" \/>\n\t<meta name=\"twitter:data1\" content=\"1 minute\" \/>\n<script type=\"application\/ld+json\" class=\"yoast-schema-graph\">{\"@context\":\"https:\/\/schema.org\",\"@graph\":[{\"@type\":\"WebSite\",\"@id\":\"https:\/\/marketkibris.com\/#website\",\"url\":\"https:\/\/marketkibris.com\/\",\"name\":\"Market K\u0131br\u0131s\",\"description\":\"K\u0131br\u0131s&#039;\u0131n Bir numaral\u0131 Online Elektronik Marketi\",\"potentialAction\":[{\"@type\":\"SearchAction\",\"target\":{\"@type\":\"EntryPoint\",\"urlTemplate\":\"https:\/\/marketkibris.com\/?s={search_term_string}\"},\"query-input\":\"required name=search_term_string\"}],\"inLanguage\":\"en-GB\"},{\"@type\":\"ImageObject\",\"inLanguage\":\"en-GB\",\"@id\":\"https:\/\/marketkibris.com\/urun\/xiaomi-mi-box-s\/#primaryimage\",\"url\":\"https:\/\/marketkibris.com\/wp-content\/uploads\/2022\/07\/xiaomi-mi-box-s-03.webp\",\"contentUrl\":\"https:\/\/marketkibris.com\/wp-content\/uploads\/2022\/07\/xiaomi-mi-box-s-03.webp\",\"width\":1000,\"height\":1000},{\"@type\":\"WebPage\",\"@id\":\"https:\/\/marketkibris.com\/urun\/xiaomi-mi-box-s\/#webpage\",\"url\":\"https:\/\/marketkibris.com\/urun\/xiaomi-mi-box-s\/\",\"name\":\"Xiaomi Mi Box S - Market K\u0131br\u0131s\",\"isPartOf\":{\"@id\":\"https:\/\/marketkibris.com\/#website\"},\"primaryImageOfPage\":{\"@id\":\"https:\/\/marketkibris.com\/urun\/xiaomi-mi-box-s\/#primaryimage\"},\"datePublished\":\"2022-07-05T11:18:16+00:00\",\"dateModified\":\"2022-07-05T11:24:03+00:00\",\"breadcrumb\":{\"@id\":\"https:\/\/marketkibris.com\/urun\/xiaomi-mi-box-s\/#breadcrumb\"},\"inLanguage\":\"en-GB\",\"potentialAction\":[{\"@type\":\"ReadAction\",\"target\":[\"https:\/\/marketkibris.com\/urun\/xiaomi-mi-box-s\/\"]}]},{\"@type\":\"BreadcrumbList\",\"@id\":\"https:\/\/marketkibris.com\/urun\/xiaomi-mi-box-s\/#breadcrumb\",\"itemListElement\":[{\"@type\":\"ListItem\",\"position\":1,\"name\":\"Anasayfa\",\"item\":\"https:\/\/marketkibris.com\/\"},{\"@type\":\"ListItem\",\"position\":2,\"name\":\"Shop\",\"item\":\"https:\/\/marketkibris.com\/shop\/\"},{\"@type\":\"ListItem\",\"position\":3,\"name\":\"Xiaomi Mi Box S\"}]}]}<\/script>\n<!-- \/ Yoast SEO plugin. -->","yoast_head_json":{"title":"Xiaomi Mi Box S - Market K\u0131br\u0131s","robots":{"index":"index","follow":"follow","max-snippet":"max-snippet:-1","max-image-preview":"max-image-preview:large","max-video-preview":"max-video-preview:-1"},"canonical":"https:\/\/marketkibris.com\/en\/product\/xiaomi-mi-box-s\/","og_locale":"en_GB","og_type":"article","og_title":"Xiaomi Mi Box S - Market K\u0131br\u0131s","og_description":"Minimalist siyah tasar\u0131m ve kompakt boyut \u00c7ok dilli, 68 dil i\u00e7erir Netflix ve Amazon Prime Video uygulamas\u0131 ile uyumlu 4K HDR \u00c7\u00f6z\u00fcn\u00fcrl\u00fck Android TV i\u015fletim sisteminin i\u015fletim sistemi (resmi Android TV sistemi)","og_url":"https:\/\/marketkibris.com\/en\/product\/xiaomi-mi-box-s\/","og_site_name":"Market K\u0131br\u0131s","article_modified_time":"2022-07-05T11:24:03+00:00","og_image":[{"width":1000,"height":1000,"url":"https:\/\/marketkibris.com\/wp-content\/uploads\/2022\/07\/xiaomi-mi-box-s-03.webp","type":"image\/webp"}],"author":"erenus","twitter_card":"summary_large_image","twitter_misc":{"Estimated reading time":"1 minute"},"schema":{"@context":"https:\/\/schema.org","@graph":[{"@type":"WebSite","@id":"https:\/\/marketkibris.com\/#website","url":"https:\/\/marketkibris.com\/","name":"Market K\u0131br\u0131s","description":"K\u0131br\u0131s&#039;\u0131n Bir numaral\u0131 Online Elektronik Marketi","potentialAction":[{"@type":"SearchAction","target":{"@type":"EntryPoint","urlTemplate":"https:\/\/marketkibris.com\/?s={search_term_string}"},"query-input":"required name=search_term_string"}],"inLanguage":"en-GB"},{"@type":"ImageObject","inLanguage":"en-GB","@id":"https:\/\/marketkibris.com\/urun\/xiaomi-mi-box-s\/#primaryimage","url":"https:\/\/marketkibris.com\/wp-content\/uploads\/2022\/07\/xiaomi-mi-box-s-03.webp","contentUrl":"https:\/\/marketkibris.com\/wp-content\/uploads\/2022\/07\/xiaomi-mi-box-s-03.webp","width":1000,"height":1000},{"@type":"WebPage","@id":"https:\/\/marketkibris.com\/urun\/xiaomi-mi-box-s\/#webpage","url":"https:\/\/marketkibris.com\/urun\/xiaomi-mi-box-s\/","name":"Xiaomi Mi Box S - Market K\u0131br\u0131s","isPartOf":{"@id":"https:\/\/marketkibris.com\/#website"},"primaryImageOfPage":{"@id":"https:\/\/marketkibris.com\/urun\/xiaomi-mi-box-s\/#primaryimage"},"datePublished":"2022-07-05T11:18:16+00:00","dateModified":"2022-07-05T11:24:03+00:00","breadcrumb":{"@id":"https:\/\/marketkibris.com\/urun\/xiaomi-mi-box-s\/#breadcrumb"},"inLanguage":"en-GB","potentialAction":[{"@type":"ReadAction","target":["https:\/\/marketkibris.com\/urun\/xiaomi-mi-box-s\/"]}]},{"@type":"BreadcrumbList","@id":"https:\/\/marketkibris.com\/urun\/xiaomi-mi-box-s\/#breadcrumb","itemListElement":[{"@type":"ListItem","position":1,"name":"Anasayfa","item":"https:\/\/marketkibris.com\/"},{"@type":"ListItem","position":2,"name":"Shop","item":"https:\/\/marketkibris.com\/shop\/"},{"@type":"ListItem","position":3,"name":"Xiaomi Mi Box S"}]}]}},"_links":{"self":[{"href":"https:\/\/marketkibris.com\/en\/wp-json\/wp\/v2\/product\/3332"}],"collection":[{"href":"https:\/\/marketkibris.com\/en\/wp-json\/wp\/v2\/product"}],"about":[{"href":"https:\/\/marketkibris.com\/en\/wp-json\/wp\/v2\/types\/product"}],"replies":[{"embeddable":true,"href":"https:\/\/marketkibris.com\/en\/wp-json\/wp\/v2\/comments?post=3332"}],"version-history":[{"count":1,"href":"https:\/\/marketkibris.com\/en\/wp-json\/wp\/v2\/product\/3332\/revisions"}],"predecessor-version":[{"id":3336,"href":"https:\/\/marketkibris.com\/en\/wp-json\/wp\/v2\/product\/3332\/revisions\/3336"}],"wp:featuredmedia":[{"embeddable":true,"href":"https:\/\/marketkibris.com\/en\/wp-json\/wp\/v2\/media\/3333"}],"wp:attachment":[{"href":"https:\/\/marketkibris.com\/en\/wp-json\/wp\/v2\/media?parent=3332"}],"curies":[{"name":"wp","href":"https:\/\/api.w.org\/{rel}","templated":true}]}}