{"id":3344,"date":"2022-07-05T14:49:56","date_gmt":"2022-07-05T11:49:56","guid":{"rendered":"https:\/\/marketkibris.com\/?post_type=product&#038;p=3344"},"modified":"2022-07-05T14:58:22","modified_gmt":"2022-07-05T11:58:22","slug":"xiaomi-amazfit-verge","status":"publish","type":"product","link":"https:\/\/marketkibris.com\/en\/product\/xiaomi-amazfit-verge\/","title":{"rendered":"Xiaomi Amazfit Verge"},"content":{"rendered":"<ul class=\"a-unordered-list a-vertical a-spacing-mini\">\n<li><span class=\"a-list-item\">5 g\u00fcne kadar dayanabilen uzun pil \u00f6mr\u00fc, saatinizden kesintisiz \u015fekilde faydalanman\u0131za olanak sa\u011fl\u0131yor. Bildirimleri minimuma indirdi\u011finiz taktirde kullan\u0131m \u00f6mr\u00fc de e\u015fit oranda uzuyor<\/span><\/li>\n<li><span class=\"a-list-item\">Yeni nesil teknolojiler ile donat\u0131lan ak\u0131ll\u0131 saatin optik sens\u00f6r\u00fc, kalp at\u0131\u015f h\u0131z\u0131n\u0131z\u0131 g\u00fcn boyunca izlemenize yard\u0131mc\u0131 oluyor<\/span><\/li>\n<li><span class=\"a-list-item\">Ak\u0131ll\u0131 saatinizle android i\u015flemli ak\u0131ll\u0131 telefonlara Bluetooth ile ba\u011flanarak gelen aramalar\u0131 direk bile\u011finizden cevaplayabilirsiniz<\/span><\/li>\n<li><span class=\"a-list-item\">GPS ve Glonass navigasyon alt yap\u0131lar\u0131n\u0131n yard\u0131m\u0131yla belirledi\u011finiz destinasyon hedeflerine\u00a0kolayca gidebilirsiniz<\/span><\/li>\n<li>NFC deste\u011fi<\/li>\n<li>Smart evinizle integrasyon<\/li>\n<li>Ses asistan\u0131<\/li>\n<li>AMOLED ekran<\/li>\n<li>11 farkl\u0131 spor modu<\/li>\n<li>512MB RAM\/4GB haf\u0131za<\/li>\n<\/ul>","protected":false},"excerpt":{"rendered":"<p>5 g\u00fcne kadar dayanabilen uzun pil \u00f6mr\u00fc, saatinizden kesintisiz \u015fekilde faydalanman\u0131za olanak sa\u011fl\u0131yor. Bildirimleri minimuma indirdi\u011finiz taktirde kullan\u0131m \u00f6mr\u00fc de e\u015fit oranda uzuyor Yeni nesil teknolojiler ile donat\u0131lan ak\u0131ll\u0131 saatin optik sens\u00f6r\u00fc, kalp at\u0131\u015f h\u0131z\u0131n\u0131z\u0131 g\u00fcn boyunca izlemenize yard\u0131mc\u0131 oluyor Ak\u0131ll\u0131 saatinizle android i\u015flemli ak\u0131ll\u0131 telefonlara Bluetooth ile ba\u011flanarak gelen aramalar\u0131 direk bile\u011finizden cevaplayabilirsiniz GPS [&hellip;]<\/p>","protected":false},"featured_media":3345,"comment_status":"open","ping_status":"closed","template":"","meta":{"_joinchat":[]},"yoast_head":"<!-- This site is optimized with the Yoast SEO plugin v19.2 - https:\/\/yoast.com\/wordpress\/plugins\/seo\/ -->\n<title>Xiaomi Amazfit Verge - Market K\u0131br\u0131s<\/title>\n<meta name=\"robots\" content=\"index, follow, max-snippet:-1, max-image-preview:large, max-video-preview:-1\" \/>\n<link rel=\"canonical\" href=\"https:\/\/marketkibris.com\/en\/product\/xiaomi-amazfit-verge\/\" \/>\n<meta property=\"og:locale\" content=\"en_GB\" \/>\n<meta property=\"og:type\" content=\"article\" \/>\n<meta property=\"og:title\" content=\"Xiaomi Amazfit Verge - Market K\u0131br\u0131s\" \/>\n<meta property=\"og:description\" content=\"5 g\u00fcne kadar dayanabilen uzun pil \u00f6mr\u00fc, saatinizden kesintisiz \u015fekilde faydalanman\u0131za olanak sa\u011fl\u0131yor. Bildirimleri minimuma indirdi\u011finiz taktirde kullan\u0131m \u00f6mr\u00fc de e\u015fit oranda uzuyor Yeni nesil teknolojiler ile donat\u0131lan ak\u0131ll\u0131 saatin optik sens\u00f6r\u00fc, kalp at\u0131\u015f h\u0131z\u0131n\u0131z\u0131 g\u00fcn boyunca izlemenize yard\u0131mc\u0131 oluyor Ak\u0131ll\u0131 saatinizle android i\u015flemli ak\u0131ll\u0131 telefonlara Bluetooth ile ba\u011flanarak gelen aramalar\u0131 direk bile\u011finizden cevaplayabilirsiniz GPS [&hellip;]\" \/>\n<meta property=\"og:url\" content=\"https:\/\/marketkibris.com\/en\/product\/xiaomi-amazfit-verge\/\" \/>\n<meta property=\"og:site_name\" content=\"Market K\u0131br\u0131s\" \/>\n<meta property=\"article:modified_time\" content=\"2022-07-05T11:58:22+00:00\" \/>\n<meta property=\"og:image\" content=\"https:\/\/marketkibris.com\/wp-content\/uploads\/2022\/07\/xiaomi-amazfit-verge-02.jpg\" \/>\n\t<meta property=\"og:image:width\" content=\"1000\" \/>\n\t<meta property=\"og:image:height\" content=\"1000\" \/>\n\t<meta property=\"og:image:type\" content=\"image\/jpeg\" \/>\n<meta name=\"author\" content=\"erenus\" \/>\n<meta name=\"twitter:card\" content=\"summary_large_image\" \/>\n<meta name=\"twitter:label1\" content=\"Estimated reading time\" \/>\n\t<meta name=\"twitter:data1\" content=\"1 minute\" \/>\n<script type=\"application\/ld+json\" class=\"yoast-schema-graph\">{\"@context\":\"https:\/\/schema.org\",\"@graph\":[{\"@type\":\"WebSite\",\"@id\":\"https:\/\/marketkibris.com\/#website\",\"url\":\"https:\/\/marketkibris.com\/\",\"name\":\"Market K\u0131br\u0131s\",\"description\":\"K\u0131br\u0131s&#039;\u0131n Bir numaral\u0131 Online Elektronik Marketi\",\"potentialAction\":[{\"@type\":\"SearchAction\",\"target\":{\"@type\":\"EntryPoint\",\"urlTemplate\":\"https:\/\/marketkibris.com\/?s={search_term_string}\"},\"query-input\":\"required name=search_term_string\"}],\"inLanguage\":\"en-GB\"},{\"@type\":\"ImageObject\",\"inLanguage\":\"en-GB\",\"@id\":\"https:\/\/marketkibris.com\/urun\/xiaomi-amazfit-verge\/#primaryimage\",\"url\":\"https:\/\/marketkibris.com\/wp-content\/uploads\/2022\/07\/xiaomi-amazfit-verge-02.jpg\",\"contentUrl\":\"https:\/\/marketkibris.com\/wp-content\/uploads\/2022\/07\/xiaomi-amazfit-verge-02.jpg\",\"width\":1000,\"height\":1000},{\"@type\":\"WebPage\",\"@id\":\"https:\/\/marketkibris.com\/urun\/xiaomi-amazfit-verge\/#webpage\",\"url\":\"https:\/\/marketkibris.com\/urun\/xiaomi-amazfit-verge\/\",\"name\":\"Xiaomi Amazfit Verge - Market K\u0131br\u0131s\",\"isPartOf\":{\"@id\":\"https:\/\/marketkibris.com\/#website\"},\"primaryImageOfPage\":{\"@id\":\"https:\/\/marketkibris.com\/urun\/xiaomi-amazfit-verge\/#primaryimage\"},\"datePublished\":\"2022-07-05T11:49:56+00:00\",\"dateModified\":\"2022-07-05T11:58:22+00:00\",\"breadcrumb\":{\"@id\":\"https:\/\/marketkibris.com\/urun\/xiaomi-amazfit-verge\/#breadcrumb\"},\"inLanguage\":\"en-GB\",\"potentialAction\":[{\"@type\":\"ReadAction\",\"target\":[\"https:\/\/marketkibris.com\/urun\/xiaomi-amazfit-verge\/\"]}]},{\"@type\":\"BreadcrumbList\",\"@id\":\"https:\/\/marketkibris.com\/urun\/xiaomi-amazfit-verge\/#breadcrumb\",\"itemListElement\":[{\"@type\":\"ListItem\",\"position\":1,\"name\":\"Anasayfa\",\"item\":\"https:\/\/marketkibris.com\/\"},{\"@type\":\"ListItem\",\"position\":2,\"name\":\"Shop\",\"item\":\"https:\/\/marketkibris.com\/shop\/\"},{\"@type\":\"ListItem\",\"position\":3,\"name\":\"Xiaomi Amazfit Verge\"}]}]}<\/script>\n<!-- \/ Yoast SEO plugin. -->","yoast_head_json":{"title":"Xiaomi Amazfit Verge - Market K\u0131br\u0131s","robots":{"index":"index","follow":"follow","max-snippet":"max-snippet:-1","max-image-preview":"max-image-preview:large","max-video-preview":"max-video-preview:-1"},"canonical":"https:\/\/marketkibris.com\/en\/product\/xiaomi-amazfit-verge\/","og_locale":"en_GB","og_type":"article","og_title":"Xiaomi Amazfit Verge - Market K\u0131br\u0131s","og_description":"5 g\u00fcne kadar dayanabilen uzun pil \u00f6mr\u00fc, saatinizden kesintisiz \u015fekilde faydalanman\u0131za olanak sa\u011fl\u0131yor. Bildirimleri minimuma indirdi\u011finiz taktirde kullan\u0131m \u00f6mr\u00fc de e\u015fit oranda uzuyor Yeni nesil teknolojiler ile donat\u0131lan ak\u0131ll\u0131 saatin optik sens\u00f6r\u00fc, kalp at\u0131\u015f h\u0131z\u0131n\u0131z\u0131 g\u00fcn boyunca izlemenize yard\u0131mc\u0131 oluyor Ak\u0131ll\u0131 saatinizle android i\u015flemli ak\u0131ll\u0131 telefonlara Bluetooth ile ba\u011flanarak gelen aramalar\u0131 direk bile\u011finizden cevaplayabilirsiniz GPS [&hellip;]","og_url":"https:\/\/marketkibris.com\/en\/product\/xiaomi-amazfit-verge\/","og_site_name":"Market K\u0131br\u0131s","article_modified_time":"2022-07-05T11:58:22+00:00","og_image":[{"width":1000,"height":1000,"url":"https:\/\/marketkibris.com\/wp-content\/uploads\/2022\/07\/xiaomi-amazfit-verge-02.jpg","type":"image\/jpeg"}],"author":"erenus","twitter_card":"summary_large_image","twitter_misc":{"Estimated reading time":"1 minute"},"schema":{"@context":"https:\/\/schema.org","@graph":[{"@type":"WebSite","@id":"https:\/\/marketkibris.com\/#website","url":"https:\/\/marketkibris.com\/","name":"Market K\u0131br\u0131s","description":"K\u0131br\u0131s&#039;\u0131n Bir numaral\u0131 Online Elektronik Marketi","potentialAction":[{"@type":"SearchAction","target":{"@type":"EntryPoint","urlTemplate":"https:\/\/marketkibris.com\/?s={search_term_string}"},"query-input":"required name=search_term_string"}],"inLanguage":"en-GB"},{"@type":"ImageObject","inLanguage":"en-GB","@id":"https:\/\/marketkibris.com\/urun\/xiaomi-amazfit-verge\/#primaryimage","url":"https:\/\/marketkibris.com\/wp-content\/uploads\/2022\/07\/xiaomi-amazfit-verge-02.jpg","contentUrl":"https:\/\/marketkibris.com\/wp-content\/uploads\/2022\/07\/xiaomi-amazfit-verge-02.jpg","width":1000,"height":1000},{"@type":"WebPage","@id":"https:\/\/marketkibris.com\/urun\/xiaomi-amazfit-verge\/#webpage","url":"https:\/\/marketkibris.com\/urun\/xiaomi-amazfit-verge\/","name":"Xiaomi Amazfit Verge - Market K\u0131br\u0131s","isPartOf":{"@id":"https:\/\/marketkibris.com\/#website"},"primaryImageOfPage":{"@id":"https:\/\/marketkibris.com\/urun\/xiaomi-amazfit-verge\/#primaryimage"},"datePublished":"2022-07-05T11:49:56+00:00","dateModified":"2022-07-05T11:58:22+00:00","breadcrumb":{"@id":"https:\/\/marketkibris.com\/urun\/xiaomi-amazfit-verge\/#breadcrumb"},"inLanguage":"en-GB","potentialAction":[{"@type":"ReadAction","target":["https:\/\/marketkibris.com\/urun\/xiaomi-amazfit-verge\/"]}]},{"@type":"BreadcrumbList","@id":"https:\/\/marketkibris.com\/urun\/xiaomi-amazfit-verge\/#breadcrumb","itemListElement":[{"@type":"ListItem","position":1,"name":"Anasayfa","item":"https:\/\/marketkibris.com\/"},{"@type":"ListItem","position":2,"name":"Shop","item":"https:\/\/marketkibris.com\/shop\/"},{"@type":"ListItem","position":3,"name":"Xiaomi Amazfit Verge"}]}]}},"_links":{"self":[{"href":"https:\/\/marketkibris.com\/en\/wp-json\/wp\/v2\/product\/3344"}],"collection":[{"href":"https:\/\/marketkibris.com\/en\/wp-json\/wp\/v2\/product"}],"about":[{"href":"https:\/\/marketkibris.com\/en\/wp-json\/wp\/v2\/types\/product"}],"replies":[{"embeddable":true,"href":"https:\/\/marketkibris.com\/en\/wp-json\/wp\/v2\/comments?post=3344"}],"version-history":[{"count":1,"href":"https:\/\/marketkibris.com\/en\/wp-json\/wp\/v2\/product\/3344\/revisions"}],"predecessor-version":[{"id":3347,"href":"https:\/\/marketkibris.com\/en\/wp-json\/wp\/v2\/product\/3344\/revisions\/3347"}],"wp:featuredmedia":[{"embeddable":true,"href":"https:\/\/marketkibris.com\/en\/wp-json\/wp\/v2\/media\/3345"}],"wp:attachment":[{"href":"https:\/\/marketkibris.com\/en\/wp-json\/wp\/v2\/media?parent=3344"}],"curies":[{"name":"wp","href":"https:\/\/api.w.org\/{rel}","templated":true}]}}