{"id":3348,"date":"2022-07-05T15:16:53","date_gmt":"2022-07-05T12:16:53","guid":{"rendered":"https:\/\/marketkibris.com\/?post_type=product&#038;p=3348"},"modified":"2022-07-05T15:21:35","modified_gmt":"2022-07-05T12:21:35","slug":"samsung-galaxy-note-20-4g","status":"publish","type":"product","link":"https:\/\/marketkibris.com\/en\/product\/samsung-galaxy-note-20-4g\/","title":{"rendered":"Samsung Galaxy Note 20 4G"},"content":{"rendered":"<ul class=\"a-unordered-list a-vertical a-spacing-mini\">\n<li><span class=\"a-list-item\">O sadece bir ak\u0131ll\u0131 telefon de\u011fil, Galaxy ailesinin en g\u00fc\u00e7l\u00fcs\u00fc<\/span><\/li>\n<li><span class=\"a-list-item\">\u00d6zel anlar\u0131n\u0131z\u0131 net ve kaliteli kaydedecek bir ak\u0131ll\u0131 telefon ile tan\u0131\u015f\u0131n<\/span><\/li>\n<li><span class=\"a-list-item\">Samsung S Pen ile telefonunuzu kontrol etmek hi\u00e7 bu kadar kolay olmam\u0131\u015ft\u0131 Sonsuz-O Ekran&#8217;\u0131n m\u00fckemmel hassasiyeti, size do\u011fal bir yaz\u0131 deneyimi ya\u015fatacak<\/span><\/li>\n<li><span class=\"a-list-item\">Galaxy Note20\u2019nin Dinamik AMOLED 2X Sonsuz-O ekran\u0131, g\u00fcn \u0131\u015f\u0131\u011f\u0131nda bile renkli ve yans\u0131mas\u0131z bir g\u00f6r\u00fcnt\u00fc elde etmek i\u00e7in 1500 nits sunar<\/span><\/li>\n<li><span class=\"a-list-item\">Bir ak\u0131ll\u0131 telefonda olabilecek en sa\u011flam Corning Gorilla Glass Victus cam\u0131ndan yap\u0131lm\u0131\u015ft\u0131r<\/span><\/li>\n<\/ul>","protected":false},"excerpt":{"rendered":"<p>O sadece bir ak\u0131ll\u0131 telefon de\u011fil, Galaxy ailesinin en g\u00fc\u00e7l\u00fcs\u00fc \u00d6zel anlar\u0131n\u0131z\u0131 net ve kaliteli kaydedecek bir ak\u0131ll\u0131 telefon ile tan\u0131\u015f\u0131n Samsung S Pen ile telefonunuzu kontrol etmek hi\u00e7 bu kadar kolay olmam\u0131\u015ft\u0131 Sonsuz-O Ekran&#8217;\u0131n m\u00fckemmel hassasiyeti, size do\u011fal bir yaz\u0131 deneyimi ya\u015fatacak Galaxy Note20\u2019nin Dinamik AMOLED 2X Sonsuz-O ekran\u0131, g\u00fcn \u0131\u015f\u0131\u011f\u0131nda bile renkli ve [&hellip;]<\/p>","protected":false},"featured_media":3349,"comment_status":"open","ping_status":"closed","template":"","meta":{"_joinchat":[]},"yoast_head":"<!-- This site is optimized with the Yoast SEO plugin v19.2 - https:\/\/yoast.com\/wordpress\/plugins\/seo\/ -->\n<title>Samsung Galaxy Note 20 4G - Market K\u0131br\u0131s<\/title>\n<meta name=\"robots\" content=\"index, follow, max-snippet:-1, max-image-preview:large, max-video-preview:-1\" \/>\n<link rel=\"canonical\" href=\"https:\/\/marketkibris.com\/en\/product\/samsung-galaxy-note-20-4g\/\" \/>\n<meta property=\"og:locale\" content=\"en_GB\" \/>\n<meta property=\"og:type\" content=\"article\" \/>\n<meta property=\"og:title\" content=\"Samsung Galaxy Note 20 4G - Market K\u0131br\u0131s\" \/>\n<meta property=\"og:description\" content=\"O sadece bir ak\u0131ll\u0131 telefon de\u011fil, Galaxy ailesinin en g\u00fc\u00e7l\u00fcs\u00fc \u00d6zel anlar\u0131n\u0131z\u0131 net ve kaliteli kaydedecek bir ak\u0131ll\u0131 telefon ile tan\u0131\u015f\u0131n Samsung S Pen ile telefonunuzu kontrol etmek hi\u00e7 bu kadar kolay olmam\u0131\u015ft\u0131 Sonsuz-O Ekran&#8217;\u0131n m\u00fckemmel hassasiyeti, size do\u011fal bir yaz\u0131 deneyimi ya\u015fatacak Galaxy Note20\u2019nin Dinamik AMOLED 2X Sonsuz-O ekran\u0131, g\u00fcn \u0131\u015f\u0131\u011f\u0131nda bile renkli ve [&hellip;]\" \/>\n<meta property=\"og:url\" content=\"https:\/\/marketkibris.com\/en\/product\/samsung-galaxy-note-20-4g\/\" \/>\n<meta property=\"og:site_name\" content=\"Market K\u0131br\u0131s\" \/>\n<meta property=\"article:modified_time\" content=\"2022-07-05T12:21:35+00:00\" \/>\n<meta property=\"og:image\" content=\"https:\/\/marketkibris.com\/wp-content\/uploads\/2022\/07\/samsung-note-20-4g-02.jpg\" \/>\n\t<meta property=\"og:image:width\" content=\"1200\" \/>\n\t<meta property=\"og:image:height\" content=\"1200\" \/>\n\t<meta property=\"og:image:type\" content=\"image\/jpeg\" \/>\n<meta name=\"author\" content=\"erenus\" \/>\n<meta name=\"twitter:card\" content=\"summary_large_image\" \/>\n<meta name=\"twitter:label1\" content=\"Estimated reading time\" \/>\n\t<meta name=\"twitter:data1\" content=\"1 minute\" \/>\n<script type=\"application\/ld+json\" class=\"yoast-schema-graph\">{\"@context\":\"https:\/\/schema.org\",\"@graph\":[{\"@type\":\"WebSite\",\"@id\":\"https:\/\/marketkibris.com\/#website\",\"url\":\"https:\/\/marketkibris.com\/\",\"name\":\"Market K\u0131br\u0131s\",\"description\":\"K\u0131br\u0131s&#039;\u0131n Bir numaral\u0131 Online Elektronik Marketi\",\"potentialAction\":[{\"@type\":\"SearchAction\",\"target\":{\"@type\":\"EntryPoint\",\"urlTemplate\":\"https:\/\/marketkibris.com\/?s={search_term_string}\"},\"query-input\":\"required name=search_term_string\"}],\"inLanguage\":\"en-GB\"},{\"@type\":\"ImageObject\",\"inLanguage\":\"en-GB\",\"@id\":\"https:\/\/marketkibris.com\/urun\/samsung-galaxy-note-20-4g\/#primaryimage\",\"url\":\"https:\/\/marketkibris.com\/wp-content\/uploads\/2022\/07\/samsung-note-20-4g-02.jpg\",\"contentUrl\":\"https:\/\/marketkibris.com\/wp-content\/uploads\/2022\/07\/samsung-note-20-4g-02.jpg\",\"width\":1200,\"height\":1200},{\"@type\":\"WebPage\",\"@id\":\"https:\/\/marketkibris.com\/urun\/samsung-galaxy-note-20-4g\/#webpage\",\"url\":\"https:\/\/marketkibris.com\/urun\/samsung-galaxy-note-20-4g\/\",\"name\":\"Samsung Galaxy Note 20 4G - Market K\u0131br\u0131s\",\"isPartOf\":{\"@id\":\"https:\/\/marketkibris.com\/#website\"},\"primaryImageOfPage\":{\"@id\":\"https:\/\/marketkibris.com\/urun\/samsung-galaxy-note-20-4g\/#primaryimage\"},\"datePublished\":\"2022-07-05T12:16:53+00:00\",\"dateModified\":\"2022-07-05T12:21:35+00:00\",\"breadcrumb\":{\"@id\":\"https:\/\/marketkibris.com\/urun\/samsung-galaxy-note-20-4g\/#breadcrumb\"},\"inLanguage\":\"en-GB\",\"potentialAction\":[{\"@type\":\"ReadAction\",\"target\":[\"https:\/\/marketkibris.com\/urun\/samsung-galaxy-note-20-4g\/\"]}]},{\"@type\":\"BreadcrumbList\",\"@id\":\"https:\/\/marketkibris.com\/urun\/samsung-galaxy-note-20-4g\/#breadcrumb\",\"itemListElement\":[{\"@type\":\"ListItem\",\"position\":1,\"name\":\"Anasayfa\",\"item\":\"https:\/\/marketkibris.com\/\"},{\"@type\":\"ListItem\",\"position\":2,\"name\":\"Shop\",\"item\":\"https:\/\/marketkibris.com\/shop\/\"},{\"@type\":\"ListItem\",\"position\":3,\"name\":\"Samsung Galaxy Note 20 4G\"}]}]}<\/script>\n<!-- \/ Yoast SEO plugin. -->","yoast_head_json":{"title":"Samsung Galaxy Note 20 4G - Market K\u0131br\u0131s","robots":{"index":"index","follow":"follow","max-snippet":"max-snippet:-1","max-image-preview":"max-image-preview:large","max-video-preview":"max-video-preview:-1"},"canonical":"https:\/\/marketkibris.com\/en\/product\/samsung-galaxy-note-20-4g\/","og_locale":"en_GB","og_type":"article","og_title":"Samsung Galaxy Note 20 4G - Market K\u0131br\u0131s","og_description":"O sadece bir ak\u0131ll\u0131 telefon de\u011fil, Galaxy ailesinin en g\u00fc\u00e7l\u00fcs\u00fc \u00d6zel anlar\u0131n\u0131z\u0131 net ve kaliteli kaydedecek bir ak\u0131ll\u0131 telefon ile tan\u0131\u015f\u0131n Samsung S Pen ile telefonunuzu kontrol etmek hi\u00e7 bu kadar kolay olmam\u0131\u015ft\u0131 Sonsuz-O Ekran&#8217;\u0131n m\u00fckemmel hassasiyeti, size do\u011fal bir yaz\u0131 deneyimi ya\u015fatacak Galaxy Note20\u2019nin Dinamik AMOLED 2X Sonsuz-O ekran\u0131, g\u00fcn \u0131\u015f\u0131\u011f\u0131nda bile renkli ve [&hellip;]","og_url":"https:\/\/marketkibris.com\/en\/product\/samsung-galaxy-note-20-4g\/","og_site_name":"Market K\u0131br\u0131s","article_modified_time":"2022-07-05T12:21:35+00:00","og_image":[{"width":1200,"height":1200,"url":"https:\/\/marketkibris.com\/wp-content\/uploads\/2022\/07\/samsung-note-20-4g-02.jpg","type":"image\/jpeg"}],"author":"erenus","twitter_card":"summary_large_image","twitter_misc":{"Estimated reading time":"1 minute"},"schema":{"@context":"https:\/\/schema.org","@graph":[{"@type":"WebSite","@id":"https:\/\/marketkibris.com\/#website","url":"https:\/\/marketkibris.com\/","name":"Market K\u0131br\u0131s","description":"K\u0131br\u0131s&#039;\u0131n Bir numaral\u0131 Online Elektronik Marketi","potentialAction":[{"@type":"SearchAction","target":{"@type":"EntryPoint","urlTemplate":"https:\/\/marketkibris.com\/?s={search_term_string}"},"query-input":"required name=search_term_string"}],"inLanguage":"en-GB"},{"@type":"ImageObject","inLanguage":"en-GB","@id":"https:\/\/marketkibris.com\/urun\/samsung-galaxy-note-20-4g\/#primaryimage","url":"https:\/\/marketkibris.com\/wp-content\/uploads\/2022\/07\/samsung-note-20-4g-02.jpg","contentUrl":"https:\/\/marketkibris.com\/wp-content\/uploads\/2022\/07\/samsung-note-20-4g-02.jpg","width":1200,"height":1200},{"@type":"WebPage","@id":"https:\/\/marketkibris.com\/urun\/samsung-galaxy-note-20-4g\/#webpage","url":"https:\/\/marketkibris.com\/urun\/samsung-galaxy-note-20-4g\/","name":"Samsung Galaxy Note 20 4G - Market K\u0131br\u0131s","isPartOf":{"@id":"https:\/\/marketkibris.com\/#website"},"primaryImageOfPage":{"@id":"https:\/\/marketkibris.com\/urun\/samsung-galaxy-note-20-4g\/#primaryimage"},"datePublished":"2022-07-05T12:16:53+00:00","dateModified":"2022-07-05T12:21:35+00:00","breadcrumb":{"@id":"https:\/\/marketkibris.com\/urun\/samsung-galaxy-note-20-4g\/#breadcrumb"},"inLanguage":"en-GB","potentialAction":[{"@type":"ReadAction","target":["https:\/\/marketkibris.com\/urun\/samsung-galaxy-note-20-4g\/"]}]},{"@type":"BreadcrumbList","@id":"https:\/\/marketkibris.com\/urun\/samsung-galaxy-note-20-4g\/#breadcrumb","itemListElement":[{"@type":"ListItem","position":1,"name":"Anasayfa","item":"https:\/\/marketkibris.com\/"},{"@type":"ListItem","position":2,"name":"Shop","item":"https:\/\/marketkibris.com\/shop\/"},{"@type":"ListItem","position":3,"name":"Samsung Galaxy Note 20 4G"}]}]}},"_links":{"self":[{"href":"https:\/\/marketkibris.com\/en\/wp-json\/wp\/v2\/product\/3348"}],"collection":[{"href":"https:\/\/marketkibris.com\/en\/wp-json\/wp\/v2\/product"}],"about":[{"href":"https:\/\/marketkibris.com\/en\/wp-json\/wp\/v2\/types\/product"}],"replies":[{"embeddable":true,"href":"https:\/\/marketkibris.com\/en\/wp-json\/wp\/v2\/comments?post=3348"}],"version-history":[{"count":1,"href":"https:\/\/marketkibris.com\/en\/wp-json\/wp\/v2\/product\/3348\/revisions"}],"predecessor-version":[{"id":3352,"href":"https:\/\/marketkibris.com\/en\/wp-json\/wp\/v2\/product\/3348\/revisions\/3352"}],"wp:featuredmedia":[{"embeddable":true,"href":"https:\/\/marketkibris.com\/en\/wp-json\/wp\/v2\/media\/3349"}],"wp:attachment":[{"href":"https:\/\/marketkibris.com\/en\/wp-json\/wp\/v2\/media?parent=3348"}],"curies":[{"name":"wp","href":"https:\/\/api.w.org\/{rel}","templated":true}]}}