{"id":3364,"date":"2022-07-05T15:33:50","date_gmt":"2022-07-05T12:33:50","guid":{"rendered":"https:\/\/marketkibris.com\/urun\/klasik-gitar-junior-manuel-raymond-mrc87bls-kilif-hediye\/"},"modified":"2022-07-05T15:34:03","modified_gmt":"2022-07-05T12:34:03","slug":"klasik-gitar-junior-manuel-raymond-mrc87bls-kilif-hediye","status":"publish","type":"product","link":"https:\/\/marketkibris.com\/en\/product\/klasik-gitar-junior-manuel-raymond-mrc87bls-kilif-hediye\/","title":{"rendered":"Klasik Gitar Junior Manuel Raymond MRC87BLS (KILIF HED\u0130YE)"},"content":{"rendered":"<p>Klasik Gitar Junior Manuel Raymond MRC87BLS (KILIF HED\u0130YE)<\/p>\n<p>&nbsp;<\/p>\n<div class=\"prodText\">Gitar Junior Klasik Gitar Manuel Raymond MRC87BLS.<\/p>\n<p>&Ouml;n Kapak: Nato (GECE MAV\u0130S\u0130)<br \/>Arka Kapak: Nato (GECE MAV\u0130S\u0130)<br \/>Sap : Ak&ccedil;a A\u011fa&ccedil; Ebatlar: 87X33X7,5 cm<\/div>\n<div class=\"prodText\">\n<p style=\"line-height: 20.8px;\">Teller : 3 Adet \u0130pek &Uuml;zerine G&uuml;m&uuml;\u015f Sarg\u0131<\/p>\n<p style=\"line-height: 20.8px;\">&nbsp; &nbsp; &nbsp; &nbsp; &nbsp; &nbsp;3 Adet Dupont Sarg\u0131<\/p>\n<p>\u015eimdi sipari\u015f verin 90 TL de\u011ferindeki Orjinal K\u0131l\u0131f\u0131 (HED\u0130YE OLARAK) adresinize gitar\u0131n\u0131zla birlikte &uuml;cretsiz g&ouml;nderelim. Bu gitar 6-9 ya\u015f aras\u0131 &ccedil;ocuklar i&ccedil;in &uuml;retilmi\u015ftir. L&uuml;tfen yukar\u0131da yaz\u0131l\u0131 ebatlar\u0131n\u0131 dikkate alarak sipari\u015f veriniz.<\/div>\n<p>&nbsp;<\/p>","protected":false},"excerpt":{"rendered":"<p>Klasik Gitar Junior Manuel Raymond MRC87BLS (KILIF HED\u0130YE) &nbsp; Gitar Junior Klasik Gitar Manuel Raymond MRC87BLS. &Ouml;n Kapak: Nato (GECE MAV\u0130S\u0130)Arka Kapak: Nato (GECE MAV\u0130S\u0130)Sap : Ak&ccedil;a A\u011fa&ccedil; Ebatlar: 87X33X7,5 cm Teller : 3 Adet \u0130pek &Uuml;zerine G&uuml;m&uuml;\u015f Sarg\u0131 &nbsp; &nbsp; &nbsp; &nbsp; &nbsp; &nbsp;3 Adet Dupont Sarg\u0131 \u015eimdi sipari\u015f verin 90 TL de\u011ferindeki Orjinal [&hellip;]<\/p>","protected":false},"featured_media":3366,"comment_status":"closed","ping_status":"open","template":"","meta":{"_joinchat":[]},"yoast_head":"<!-- This site is optimized with the Yoast SEO plugin v19.2 - https:\/\/yoast.com\/wordpress\/plugins\/seo\/ -->\n<title>Klasik Gitar Junior Manuel Raymond MRC87BLS (KILIF HED\u0130YE) - Market K\u0131br\u0131s<\/title>\n<meta name=\"robots\" content=\"index, follow, max-snippet:-1, max-image-preview:large, max-video-preview:-1\" \/>\n<link rel=\"canonical\" href=\"https:\/\/marketkibris.com\/en\/product\/klasik-gitar-junior-manuel-raymond-mrc87bls-kilif-hediye\/\" \/>\n<meta property=\"og:locale\" content=\"en_GB\" \/>\n<meta property=\"og:type\" content=\"article\" \/>\n<meta property=\"og:title\" content=\"Klasik Gitar Junior Manuel Raymond MRC87BLS (KILIF HED\u0130YE) - Market K\u0131br\u0131s\" \/>\n<meta property=\"og:description\" content=\"Klasik Gitar Junior Manuel Raymond MRC87BLS (KILIF HED\u0130YE) &nbsp; Gitar Junior Klasik Gitar Manuel Raymond MRC87BLS. &Ouml;n Kapak: Nato (GECE MAV\u0130S\u0130)Arka Kapak: Nato (GECE MAV\u0130S\u0130)Sap : Ak&ccedil;a A\u011fa&ccedil; Ebatlar: 87X33X7,5 cm Teller : 3 Adet \u0130pek &Uuml;zerine G&uuml;m&uuml;\u015f Sarg\u0131 &nbsp; &nbsp; &nbsp; &nbsp; &nbsp; &nbsp;3 Adet Dupont Sarg\u0131 \u015eimdi sipari\u015f verin 90 TL de\u011ferindeki Orjinal [&hellip;]\" \/>\n<meta property=\"og:url\" content=\"https:\/\/marketkibris.com\/en\/product\/klasik-gitar-junior-manuel-raymond-mrc87bls-kilif-hediye\/\" \/>\n<meta property=\"og:site_name\" content=\"Market K\u0131br\u0131s\" \/>\n<meta property=\"article:modified_time\" content=\"2022-07-05T12:34:03+00:00\" \/>\n<meta property=\"og:image\" content=\"https:\/\/marketkibris.com\/wp-content\/uploads\/2022\/07\/6285261a37cbf-48860-1.jpg\" \/>\n\t<meta property=\"og:image:width\" content=\"2000\" \/>\n\t<meta property=\"og:image:height\" content=\"2000\" \/>\n\t<meta property=\"og:image:type\" content=\"image\/jpeg\" \/>\n<meta name=\"author\" content=\"admin\" \/>\n<meta name=\"twitter:card\" content=\"summary_large_image\" \/>\n<meta name=\"twitter:label1\" content=\"Estimated reading time\" \/>\n\t<meta name=\"twitter:data1\" content=\"1 minute\" \/>\n<script type=\"application\/ld+json\" class=\"yoast-schema-graph\">{\"@context\":\"https:\/\/schema.org\",\"@graph\":[{\"@type\":\"WebSite\",\"@id\":\"https:\/\/marketkibris.com\/#website\",\"url\":\"https:\/\/marketkibris.com\/\",\"name\":\"Market K\u0131br\u0131s\",\"description\":\"K\u0131br\u0131s&#039;\u0131n Bir numaral\u0131 Online Elektronik Marketi\",\"potentialAction\":[{\"@type\":\"SearchAction\",\"target\":{\"@type\":\"EntryPoint\",\"urlTemplate\":\"https:\/\/marketkibris.com\/?s={search_term_string}\"},\"query-input\":\"required name=search_term_string\"}],\"inLanguage\":\"en-GB\"},{\"@type\":\"ImageObject\",\"inLanguage\":\"en-GB\",\"@id\":\"https:\/\/marketkibris.com\/urun\/klasik-gitar-junior-manuel-raymond-mrc87bls-kilif-hediye\/#primaryimage\",\"url\":\"https:\/\/marketkibris.com\/wp-content\/uploads\/2022\/07\/6285261a37cbf-48860-1.jpg\",\"contentUrl\":\"https:\/\/marketkibris.com\/wp-content\/uploads\/2022\/07\/6285261a37cbf-48860-1.jpg\",\"width\":2000,\"height\":2000},{\"@type\":\"WebPage\",\"@id\":\"https:\/\/marketkibris.com\/urun\/klasik-gitar-junior-manuel-raymond-mrc87bls-kilif-hediye\/#webpage\",\"url\":\"https:\/\/marketkibris.com\/urun\/klasik-gitar-junior-manuel-raymond-mrc87bls-kilif-hediye\/\",\"name\":\"Klasik Gitar Junior Manuel Raymond MRC87BLS (KILIF HED\u0130YE) - Market K\u0131br\u0131s\",\"isPartOf\":{\"@id\":\"https:\/\/marketkibris.com\/#website\"},\"primaryImageOfPage\":{\"@id\":\"https:\/\/marketkibris.com\/urun\/klasik-gitar-junior-manuel-raymond-mrc87bls-kilif-hediye\/#primaryimage\"},\"datePublished\":\"2022-07-05T12:33:50+00:00\",\"dateModified\":\"2022-07-05T12:34:03+00:00\",\"breadcrumb\":{\"@id\":\"https:\/\/marketkibris.com\/urun\/klasik-gitar-junior-manuel-raymond-mrc87bls-kilif-hediye\/#breadcrumb\"},\"inLanguage\":\"en-GB\",\"potentialAction\":[{\"@type\":\"ReadAction\",\"target\":[\"https:\/\/marketkibris.com\/urun\/klasik-gitar-junior-manuel-raymond-mrc87bls-kilif-hediye\/\"]}]},{\"@type\":\"BreadcrumbList\",\"@id\":\"https:\/\/marketkibris.com\/urun\/klasik-gitar-junior-manuel-raymond-mrc87bls-kilif-hediye\/#breadcrumb\",\"itemListElement\":[{\"@type\":\"ListItem\",\"position\":1,\"name\":\"Anasayfa\",\"item\":\"https:\/\/marketkibris.com\/\"},{\"@type\":\"ListItem\",\"position\":2,\"name\":\"Shop\",\"item\":\"https:\/\/marketkibris.com\/shop\/\"},{\"@type\":\"ListItem\",\"position\":3,\"name\":\"Klasik Gitar Junior Manuel Raymond MRC87BLS (KILIF HED\u0130YE)\"}]}]}<\/script>\n<!-- \/ Yoast SEO plugin. -->","yoast_head_json":{"title":"Klasik Gitar Junior Manuel Raymond MRC87BLS (KILIF HED\u0130YE) - Market K\u0131br\u0131s","robots":{"index":"index","follow":"follow","max-snippet":"max-snippet:-1","max-image-preview":"max-image-preview:large","max-video-preview":"max-video-preview:-1"},"canonical":"https:\/\/marketkibris.com\/en\/product\/klasik-gitar-junior-manuel-raymond-mrc87bls-kilif-hediye\/","og_locale":"en_GB","og_type":"article","og_title":"Klasik Gitar Junior Manuel Raymond MRC87BLS (KILIF HED\u0130YE) - Market K\u0131br\u0131s","og_description":"Klasik Gitar Junior Manuel Raymond MRC87BLS (KILIF HED\u0130YE) &nbsp; Gitar Junior Klasik Gitar Manuel Raymond MRC87BLS. &Ouml;n Kapak: Nato (GECE MAV\u0130S\u0130)Arka Kapak: Nato (GECE MAV\u0130S\u0130)Sap : Ak&ccedil;a A\u011fa&ccedil; Ebatlar: 87X33X7,5 cm Teller : 3 Adet \u0130pek &Uuml;zerine G&uuml;m&uuml;\u015f Sarg\u0131 &nbsp; &nbsp; &nbsp; &nbsp; &nbsp; &nbsp;3 Adet Dupont Sarg\u0131 \u015eimdi sipari\u015f verin 90 TL de\u011ferindeki Orjinal [&hellip;]","og_url":"https:\/\/marketkibris.com\/en\/product\/klasik-gitar-junior-manuel-raymond-mrc87bls-kilif-hediye\/","og_site_name":"Market K\u0131br\u0131s","article_modified_time":"2022-07-05T12:34:03+00:00","og_image":[{"width":2000,"height":2000,"url":"https:\/\/marketkibris.com\/wp-content\/uploads\/2022\/07\/6285261a37cbf-48860-1.jpg","type":"image\/jpeg"}],"author":"admin","twitter_card":"summary_large_image","twitter_misc":{"Estimated reading time":"1 minute"},"schema":{"@context":"https:\/\/schema.org","@graph":[{"@type":"WebSite","@id":"https:\/\/marketkibris.com\/#website","url":"https:\/\/marketkibris.com\/","name":"Market K\u0131br\u0131s","description":"K\u0131br\u0131s&#039;\u0131n Bir numaral\u0131 Online Elektronik Marketi","potentialAction":[{"@type":"SearchAction","target":{"@type":"EntryPoint","urlTemplate":"https:\/\/marketkibris.com\/?s={search_term_string}"},"query-input":"required name=search_term_string"}],"inLanguage":"en-GB"},{"@type":"ImageObject","inLanguage":"en-GB","@id":"https:\/\/marketkibris.com\/urun\/klasik-gitar-junior-manuel-raymond-mrc87bls-kilif-hediye\/#primaryimage","url":"https:\/\/marketkibris.com\/wp-content\/uploads\/2022\/07\/6285261a37cbf-48860-1.jpg","contentUrl":"https:\/\/marketkibris.com\/wp-content\/uploads\/2022\/07\/6285261a37cbf-48860-1.jpg","width":2000,"height":2000},{"@type":"WebPage","@id":"https:\/\/marketkibris.com\/urun\/klasik-gitar-junior-manuel-raymond-mrc87bls-kilif-hediye\/#webpage","url":"https:\/\/marketkibris.com\/urun\/klasik-gitar-junior-manuel-raymond-mrc87bls-kilif-hediye\/","name":"Klasik Gitar Junior Manuel Raymond MRC87BLS (KILIF HED\u0130YE) - Market K\u0131br\u0131s","isPartOf":{"@id":"https:\/\/marketkibris.com\/#website"},"primaryImageOfPage":{"@id":"https:\/\/marketkibris.com\/urun\/klasik-gitar-junior-manuel-raymond-mrc87bls-kilif-hediye\/#primaryimage"},"datePublished":"2022-07-05T12:33:50+00:00","dateModified":"2022-07-05T12:34:03+00:00","breadcrumb":{"@id":"https:\/\/marketkibris.com\/urun\/klasik-gitar-junior-manuel-raymond-mrc87bls-kilif-hediye\/#breadcrumb"},"inLanguage":"en-GB","potentialAction":[{"@type":"ReadAction","target":["https:\/\/marketkibris.com\/urun\/klasik-gitar-junior-manuel-raymond-mrc87bls-kilif-hediye\/"]}]},{"@type":"BreadcrumbList","@id":"https:\/\/marketkibris.com\/urun\/klasik-gitar-junior-manuel-raymond-mrc87bls-kilif-hediye\/#breadcrumb","itemListElement":[{"@type":"ListItem","position":1,"name":"Anasayfa","item":"https:\/\/marketkibris.com\/"},{"@type":"ListItem","position":2,"name":"Shop","item":"https:\/\/marketkibris.com\/shop\/"},{"@type":"ListItem","position":3,"name":"Klasik Gitar Junior Manuel Raymond MRC87BLS (KILIF HED\u0130YE)"}]}]}},"_links":{"self":[{"href":"https:\/\/marketkibris.com\/en\/wp-json\/wp\/v2\/product\/3364"}],"collection":[{"href":"https:\/\/marketkibris.com\/en\/wp-json\/wp\/v2\/product"}],"about":[{"href":"https:\/\/marketkibris.com\/en\/wp-json\/wp\/v2\/types\/product"}],"replies":[{"embeddable":true,"href":"https:\/\/marketkibris.com\/en\/wp-json\/wp\/v2\/comments?post=3364"}],"version-history":[{"count":1,"href":"https:\/\/marketkibris.com\/en\/wp-json\/wp\/v2\/product\/3364\/revisions"}],"predecessor-version":[{"id":3365,"href":"https:\/\/marketkibris.com\/en\/wp-json\/wp\/v2\/product\/3364\/revisions\/3365"}],"wp:featuredmedia":[{"embeddable":true,"href":"https:\/\/marketkibris.com\/en\/wp-json\/wp\/v2\/media\/3366"}],"wp:attachment":[{"href":"https:\/\/marketkibris.com\/en\/wp-json\/wp\/v2\/media?parent=3364"}],"curies":[{"name":"wp","href":"https:\/\/api.w.org\/{rel}","templated":true}]}}