{"id":3384,"date":"2022-07-05T15:33:50","date_gmt":"2022-07-05T12:33:50","guid":{"rendered":"https:\/\/marketkibris.com\/urun\/cello-viyolonsel-dominguez-profesyonel-el-yapimi-dcpg44m\/"},"modified":"2022-07-05T15:34:30","modified_gmt":"2022-07-05T12:34:30","slug":"cello-viyolonsel-dominguez-profesyonel-el-yapimi-dcpg44m","status":"publish","type":"product","link":"https:\/\/marketkibris.com\/en\/product\/cello-viyolonsel-dominguez-profesyonel-el-yapimi-dcpg44m\/","title":{"rendered":"\u00c7ello (Viyolonsel) Dominguez Profesyonel El Yap\u0131m\u0131 DCPG44M"},"content":{"rendered":"<p>\u00c7ello (Viyolonsel) Dominguez Profesyonel El Yap\u0131m\u0131 DCPG44M<\/p>\n<p>&nbsp;<\/p>\n<p>Viyolonsel Dominguez Profesyonel El Yap\u0131m\u0131 DCPG44M&nbsp;<\/p>\n<p>&Ouml;zellikleri:<\/p>\n<p>&Ouml;nkapak: Se&ccedil;ilmi\u015f Masif Ladin<br \/>Yanlar: Kelebek A\u011fac\u0131 &#8211; HAREL\u0130 1. SINIF<br \/>Sap ve E\u015fik: Kelebek A\u011fac\u0131 &#8211; 1. SINIF<br \/>Kuyruk: Masif Abanoz 1&nbsp;adet Metal Fiksli<br \/>Yay: Mo\u011fol At Kuyru\u011fu &#038; G&uuml;l A\u011fac\u0131<br \/>Klavye: Masif Abanoz A\u011fac\u0131<br \/>Cila: PARLAK<br \/>Burgular : Masif Abanoz A\u011fac\u0131<br \/>&nbsp;<\/p>\n<div>Paket i&ccedil;eri\u011fi:<\/div>\n<div>1 Adet Viyolonsel<\/div>\n<div>1 Adet Yay<\/div>\n<div>1 Adet Re&ccedil;ine&nbsp;<\/div>\n<div>1 Adet Ta\u015f\u0131ma KUTU &Ccedil;antas\u0131 (Oxford case TEKERL\u0130)<br \/>&nbsp;<\/div>\n<div><span style=\"color:#B22222;\">Not : Fiks say\u0131s\u0131 tek adet olarak sat\u0131lmaktad\u0131r.<\/span><\/div>\n<div><span style=\"font: 12.72px\/normal tahoma; text-transform: none; text-indent: 0px; letter-spacing: normal; word-spacing: 0px; float: none; display: inline !important; white-space: normal; orphans: 2; widows: 2; font-size-adjust: none; font-stretch: normal; background-color: rgb(249, 249, 249); -webkit-text-size-adjust: auto; -webkit-text-stroke-width: 0px;\">Viyolonselimiz&nbsp;DOM\u0130NGUEZ Luthier&#39;i Taraf\u0131ndan 1.S\u0131n\u0131f el i\u015fcili\u011fi ile imal edilmi\u015ftir.<\/span><\/div>","protected":false},"excerpt":{"rendered":"<p>\u00c7ello (Viyolonsel) Dominguez Profesyonel El Yap\u0131m\u0131 DCPG44M &nbsp; Viyolonsel Dominguez Profesyonel El Yap\u0131m\u0131 DCPG44M&nbsp; &Ouml;zellikleri: &Ouml;nkapak: Se&ccedil;ilmi\u015f Masif LadinYanlar: Kelebek A\u011fac\u0131 &#8211; HAREL\u0130 1. SINIFSap ve E\u015fik: Kelebek A\u011fac\u0131 &#8211; 1. SINIFKuyruk: Masif Abanoz 1&nbsp;adet Metal FiksliYay: Mo\u011fol At Kuyru\u011fu &#038; G&uuml;l A\u011fac\u0131Klavye: Masif Abanoz A\u011fac\u0131Cila: PARLAKBurgular : Masif Abanoz A\u011fac\u0131&nbsp; Paket i&ccedil;eri\u011fi: 1 Adet [&hellip;]<\/p>","protected":false},"featured_media":3386,"comment_status":"closed","ping_status":"open","template":"","meta":{"_joinchat":[]},"yoast_head":"<!-- This site is optimized with the Yoast SEO plugin v19.2 - https:\/\/yoast.com\/wordpress\/plugins\/seo\/ -->\n<title>\u00c7ello (Viyolonsel) Dominguez Profesyonel El Yap\u0131m\u0131 DCPG44M - Market K\u0131br\u0131s<\/title>\n<meta name=\"robots\" content=\"index, follow, max-snippet:-1, max-image-preview:large, max-video-preview:-1\" \/>\n<link rel=\"canonical\" href=\"https:\/\/marketkibris.com\/en\/product\/cello-viyolonsel-dominguez-profesyonel-el-yapimi-dcpg44m\/\" \/>\n<meta property=\"og:locale\" content=\"en_GB\" \/>\n<meta property=\"og:type\" content=\"article\" \/>\n<meta property=\"og:title\" content=\"\u00c7ello (Viyolonsel) Dominguez Profesyonel El Yap\u0131m\u0131 DCPG44M - Market K\u0131br\u0131s\" \/>\n<meta property=\"og:description\" content=\"\u00c7ello (Viyolonsel) Dominguez Profesyonel El Yap\u0131m\u0131 DCPG44M &nbsp; Viyolonsel Dominguez Profesyonel El Yap\u0131m\u0131 DCPG44M&nbsp; &Ouml;zellikleri: &Ouml;nkapak: Se&ccedil;ilmi\u015f Masif LadinYanlar: Kelebek A\u011fac\u0131 &#8211; HAREL\u0130 1. SINIFSap ve E\u015fik: Kelebek A\u011fac\u0131 &#8211; 1. SINIFKuyruk: Masif Abanoz 1&nbsp;adet Metal FiksliYay: Mo\u011fol At Kuyru\u011fu &#038; G&uuml;l A\u011fac\u0131Klavye: Masif Abanoz A\u011fac\u0131Cila: PARLAKBurgular : Masif Abanoz A\u011fac\u0131&nbsp; Paket i&ccedil;eri\u011fi: 1 Adet [&hellip;]\" \/>\n<meta property=\"og:url\" content=\"https:\/\/marketkibris.com\/en\/product\/cello-viyolonsel-dominguez-profesyonel-el-yapimi-dcpg44m\/\" \/>\n<meta property=\"og:site_name\" content=\"Market K\u0131br\u0131s\" \/>\n<meta property=\"article:modified_time\" content=\"2022-07-05T12:34:30+00:00\" \/>\n<meta property=\"og:image\" content=\"https:\/\/marketkibris.com\/wp-content\/uploads\/2022\/07\/6285261e7a844-39627-1.jpg\" \/>\n\t<meta property=\"og:image:width\" content=\"2000\" \/>\n\t<meta property=\"og:image:height\" content=\"2000\" \/>\n\t<meta property=\"og:image:type\" content=\"image\/jpeg\" \/>\n<meta name=\"author\" content=\"admin\" \/>\n<meta name=\"twitter:card\" content=\"summary_large_image\" \/>\n<meta name=\"twitter:label1\" content=\"Estimated reading time\" \/>\n\t<meta name=\"twitter:data1\" content=\"1 minute\" \/>\n<script type=\"application\/ld+json\" class=\"yoast-schema-graph\">{\"@context\":\"https:\/\/schema.org\",\"@graph\":[{\"@type\":\"WebSite\",\"@id\":\"https:\/\/marketkibris.com\/#website\",\"url\":\"https:\/\/marketkibris.com\/\",\"name\":\"Market K\u0131br\u0131s\",\"description\":\"K\u0131br\u0131s&#039;\u0131n Bir numaral\u0131 Online Elektronik Marketi\",\"potentialAction\":[{\"@type\":\"SearchAction\",\"target\":{\"@type\":\"EntryPoint\",\"urlTemplate\":\"https:\/\/marketkibris.com\/?s={search_term_string}\"},\"query-input\":\"required name=search_term_string\"}],\"inLanguage\":\"en-GB\"},{\"@type\":\"ImageObject\",\"inLanguage\":\"en-GB\",\"@id\":\"https:\/\/marketkibris.com\/urun\/cello-viyolonsel-dominguez-profesyonel-el-yapimi-dcpg44m\/#primaryimage\",\"url\":\"https:\/\/marketkibris.com\/wp-content\/uploads\/2022\/07\/6285261e7a844-39627-1.jpg\",\"contentUrl\":\"https:\/\/marketkibris.com\/wp-content\/uploads\/2022\/07\/6285261e7a844-39627-1.jpg\",\"width\":2000,\"height\":2000},{\"@type\":\"WebPage\",\"@id\":\"https:\/\/marketkibris.com\/urun\/cello-viyolonsel-dominguez-profesyonel-el-yapimi-dcpg44m\/#webpage\",\"url\":\"https:\/\/marketkibris.com\/urun\/cello-viyolonsel-dominguez-profesyonel-el-yapimi-dcpg44m\/\",\"name\":\"\u00c7ello (Viyolonsel) Dominguez Profesyonel El Yap\u0131m\u0131 DCPG44M - Market K\u0131br\u0131s\",\"isPartOf\":{\"@id\":\"https:\/\/marketkibris.com\/#website\"},\"primaryImageOfPage\":{\"@id\":\"https:\/\/marketkibris.com\/urun\/cello-viyolonsel-dominguez-profesyonel-el-yapimi-dcpg44m\/#primaryimage\"},\"datePublished\":\"2022-07-05T12:33:50+00:00\",\"dateModified\":\"2022-07-05T12:34:30+00:00\",\"breadcrumb\":{\"@id\":\"https:\/\/marketkibris.com\/urun\/cello-viyolonsel-dominguez-profesyonel-el-yapimi-dcpg44m\/#breadcrumb\"},\"inLanguage\":\"en-GB\",\"potentialAction\":[{\"@type\":\"ReadAction\",\"target\":[\"https:\/\/marketkibris.com\/urun\/cello-viyolonsel-dominguez-profesyonel-el-yapimi-dcpg44m\/\"]}]},{\"@type\":\"BreadcrumbList\",\"@id\":\"https:\/\/marketkibris.com\/urun\/cello-viyolonsel-dominguez-profesyonel-el-yapimi-dcpg44m\/#breadcrumb\",\"itemListElement\":[{\"@type\":\"ListItem\",\"position\":1,\"name\":\"Anasayfa\",\"item\":\"https:\/\/marketkibris.com\/\"},{\"@type\":\"ListItem\",\"position\":2,\"name\":\"Shop\",\"item\":\"https:\/\/marketkibris.com\/shop\/\"},{\"@type\":\"ListItem\",\"position\":3,\"name\":\"\u00c7ello (Viyolonsel) Dominguez Profesyonel El Yap\u0131m\u0131 DCPG44M\"}]}]}<\/script>\n<!-- \/ Yoast SEO plugin. -->","yoast_head_json":{"title":"\u00c7ello (Viyolonsel) Dominguez Profesyonel El Yap\u0131m\u0131 DCPG44M - Market K\u0131br\u0131s","robots":{"index":"index","follow":"follow","max-snippet":"max-snippet:-1","max-image-preview":"max-image-preview:large","max-video-preview":"max-video-preview:-1"},"canonical":"https:\/\/marketkibris.com\/en\/product\/cello-viyolonsel-dominguez-profesyonel-el-yapimi-dcpg44m\/","og_locale":"en_GB","og_type":"article","og_title":"\u00c7ello (Viyolonsel) Dominguez Profesyonel El Yap\u0131m\u0131 DCPG44M - Market K\u0131br\u0131s","og_description":"\u00c7ello (Viyolonsel) Dominguez Profesyonel El Yap\u0131m\u0131 DCPG44M &nbsp; Viyolonsel Dominguez Profesyonel El Yap\u0131m\u0131 DCPG44M&nbsp; &Ouml;zellikleri: &Ouml;nkapak: Se&ccedil;ilmi\u015f Masif LadinYanlar: Kelebek A\u011fac\u0131 &#8211; HAREL\u0130 1. SINIFSap ve E\u015fik: Kelebek A\u011fac\u0131 &#8211; 1. SINIFKuyruk: Masif Abanoz 1&nbsp;adet Metal FiksliYay: Mo\u011fol At Kuyru\u011fu &#038; G&uuml;l A\u011fac\u0131Klavye: Masif Abanoz A\u011fac\u0131Cila: PARLAKBurgular : Masif Abanoz A\u011fac\u0131&nbsp; Paket i&ccedil;eri\u011fi: 1 Adet [&hellip;]","og_url":"https:\/\/marketkibris.com\/en\/product\/cello-viyolonsel-dominguez-profesyonel-el-yapimi-dcpg44m\/","og_site_name":"Market K\u0131br\u0131s","article_modified_time":"2022-07-05T12:34:30+00:00","og_image":[{"width":2000,"height":2000,"url":"https:\/\/marketkibris.com\/wp-content\/uploads\/2022\/07\/6285261e7a844-39627-1.jpg","type":"image\/jpeg"}],"author":"admin","twitter_card":"summary_large_image","twitter_misc":{"Estimated reading time":"1 minute"},"schema":{"@context":"https:\/\/schema.org","@graph":[{"@type":"WebSite","@id":"https:\/\/marketkibris.com\/#website","url":"https:\/\/marketkibris.com\/","name":"Market K\u0131br\u0131s","description":"K\u0131br\u0131s&#039;\u0131n Bir numaral\u0131 Online Elektronik Marketi","potentialAction":[{"@type":"SearchAction","target":{"@type":"EntryPoint","urlTemplate":"https:\/\/marketkibris.com\/?s={search_term_string}"},"query-input":"required name=search_term_string"}],"inLanguage":"en-GB"},{"@type":"ImageObject","inLanguage":"en-GB","@id":"https:\/\/marketkibris.com\/urun\/cello-viyolonsel-dominguez-profesyonel-el-yapimi-dcpg44m\/#primaryimage","url":"https:\/\/marketkibris.com\/wp-content\/uploads\/2022\/07\/6285261e7a844-39627-1.jpg","contentUrl":"https:\/\/marketkibris.com\/wp-content\/uploads\/2022\/07\/6285261e7a844-39627-1.jpg","width":2000,"height":2000},{"@type":"WebPage","@id":"https:\/\/marketkibris.com\/urun\/cello-viyolonsel-dominguez-profesyonel-el-yapimi-dcpg44m\/#webpage","url":"https:\/\/marketkibris.com\/urun\/cello-viyolonsel-dominguez-profesyonel-el-yapimi-dcpg44m\/","name":"\u00c7ello (Viyolonsel) Dominguez Profesyonel El Yap\u0131m\u0131 DCPG44M - Market K\u0131br\u0131s","isPartOf":{"@id":"https:\/\/marketkibris.com\/#website"},"primaryImageOfPage":{"@id":"https:\/\/marketkibris.com\/urun\/cello-viyolonsel-dominguez-profesyonel-el-yapimi-dcpg44m\/#primaryimage"},"datePublished":"2022-07-05T12:33:50+00:00","dateModified":"2022-07-05T12:34:30+00:00","breadcrumb":{"@id":"https:\/\/marketkibris.com\/urun\/cello-viyolonsel-dominguez-profesyonel-el-yapimi-dcpg44m\/#breadcrumb"},"inLanguage":"en-GB","potentialAction":[{"@type":"ReadAction","target":["https:\/\/marketkibris.com\/urun\/cello-viyolonsel-dominguez-profesyonel-el-yapimi-dcpg44m\/"]}]},{"@type":"BreadcrumbList","@id":"https:\/\/marketkibris.com\/urun\/cello-viyolonsel-dominguez-profesyonel-el-yapimi-dcpg44m\/#breadcrumb","itemListElement":[{"@type":"ListItem","position":1,"name":"Anasayfa","item":"https:\/\/marketkibris.com\/"},{"@type":"ListItem","position":2,"name":"Shop","item":"https:\/\/marketkibris.com\/shop\/"},{"@type":"ListItem","position":3,"name":"\u00c7ello (Viyolonsel) Dominguez Profesyonel El Yap\u0131m\u0131 DCPG44M"}]}]}},"_links":{"self":[{"href":"https:\/\/marketkibris.com\/en\/wp-json\/wp\/v2\/product\/3384"}],"collection":[{"href":"https:\/\/marketkibris.com\/en\/wp-json\/wp\/v2\/product"}],"about":[{"href":"https:\/\/marketkibris.com\/en\/wp-json\/wp\/v2\/types\/product"}],"replies":[{"embeddable":true,"href":"https:\/\/marketkibris.com\/en\/wp-json\/wp\/v2\/comments?post=3384"}],"version-history":[{"count":1,"href":"https:\/\/marketkibris.com\/en\/wp-json\/wp\/v2\/product\/3384\/revisions"}],"predecessor-version":[{"id":3385,"href":"https:\/\/marketkibris.com\/en\/wp-json\/wp\/v2\/product\/3384\/revisions\/3385"}],"wp:featuredmedia":[{"embeddable":true,"href":"https:\/\/marketkibris.com\/en\/wp-json\/wp\/v2\/media\/3386"}],"wp:attachment":[{"href":"https:\/\/marketkibris.com\/en\/wp-json\/wp\/v2\/media?parent=3384"}],"curies":[{"name":"wp","href":"https:\/\/api.w.org\/{rel}","templated":true}]}}