{"id":3389,"date":"2022-07-05T15:33:50","date_gmt":"2022-07-05T12:33:50","guid":{"rendered":"https:\/\/marketkibris.com\/urun\/baglama-yaprak-dut-kisa-sap-bydk36-kilif-hediyeli\/"},"modified":"2022-07-05T15:34:40","modified_gmt":"2022-07-05T12:34:40","slug":"baglama-yaprak-dut-kisa-sap-bydk36-kilif-hediyeli","status":"publish","type":"product","link":"https:\/\/marketkibris.com\/en\/product\/baglama-yaprak-dut-kisa-sap-bydk36-kilif-hediyeli\/","title":{"rendered":"BA\u011eLAMA YAPRAK DUT KISA SAP BYDK36 + KILIF HED\u0130YEL\u0130"},"content":{"rendered":"<p>BA\u011eLAMA YAPRAK DUT KISA SAP BYDK36 + KILIF HED\u0130YEL\u0130<\/p>\n<p>&nbsp;<\/p>\n<p><span style=\"color: rgb(102, 102, 102); font-size: 12.727272033691406px; background-color: rgb(249, 249, 249);\">Perde Say\u0131s\u0131: 19<\/span><br style=\"color: rgb(102, 102, 102); font-size: 12.727272033691406px; background-color: rgb(249, 249, 249);\" \/><span style=\"color: rgb(102, 102, 102); font-size: 12.727272033691406px; background-color: rgb(249, 249, 249);\">G&ouml;vde Tekne: Dut A\u011fac\u0131<\/span><br style=\"color: rgb(102, 102, 102); font-size: 12.727272033691406px; background-color: rgb(249, 249, 249);\" \/><span style=\"color: rgb(102, 102, 102); font-size: 12.727272033691406px; background-color: rgb(249, 249, 249);\">&Ouml;n Kapak: Ladin<\/span><br style=\"color: rgb(102, 102, 102); font-size: 12.727272033691406px; background-color: rgb(249, 249, 249);\" \/><span style=\"color: rgb(102, 102, 102); font-size: 12.727272033691406px; background-color: rgb(249, 249, 249);\">Sap: Ak G&uuml;rgen<\/span><br style=\"color: rgb(102, 102, 102); font-size: 12.727272033691406px; background-color: rgb(249, 249, 249);\" \/><span style=\"color: rgb(102, 102, 102); font-size: 12.727272033691406px; background-color: rgb(249, 249, 249);\">Tekne Yap\u0131s\u0131: Yaprak Saz<\/span><br style=\"color: rgb(102, 102, 102); font-size: 12.727272033691406px; background-color: rgb(249, 249, 249);\" \/>Tekne : 36&nbsp;<\/p>\n<p><span style=\"color:#ff0000;\"><span style=\"font-size: 12.727272033691406px; background-color: rgb(249, 249, 249);\">Ayr\u0131ca piyasa de\u011feri yakla\u015f\u0131k 90 TL olan saz k\u0131l\u0131f\u0131 hediyelidir.<\/span><\/span><br style=\"color: rgb(102, 102, 102); font-size: 12.727272033691406px; background-color: rgb(249, 249, 249);\" \/><br style=\"color: rgb(102, 102, 102); font-size: 12.727272033691406px; background-color: rgb(249, 249, 249);\" \/><span itemprop=\"description\" style=\"border-color: currentcolor; background-color: rgb(249, 249, 249); color: rgb(102, 102, 102); font-size: 12.72px;\">Mat el cilas\u0131 kullan\u0131lm\u0131\u015ft\u0131r. Ses deli\u011fi yanda bulunur (klasik tarz ba\u011flamalara k\u0131yasla farkl\u0131l\u0131k g&ouml;sterir). Kaliteli el i\u015fcili\u011fi ile imal edilmi\u015ftir. Hakiki masif a\u011fa&ccedil;tan imal edilmi\u015f olan &uuml;r&uuml;nler, do\u011fal desen ve renk bak\u0131m\u0131ndan (hakiki do\u011fal malzeme kullan\u0131ld\u0131\u011f\u0131 i&ccedil;in) birbirinin ayn\u0131s\u0131 olmas\u0131 m&uuml;mk&uuml;n de\u011fildir. Bu nedenle genel itibariyle ayn\u0131 malzeme ve i\u015f&ccedil;ilik ile imal edilmi\u015f olmas\u0131na ra\u011fmen &uuml;r&uuml;nlerde renk ve doku bak\u0131m\u0131ndan ufak n&uuml;anslar mevcut olabilir.<\/span><\/p>\n<p><span itemprop=\"description\" style=\"border-color: currentcolor; background-color: rgb(249, 249, 249); color: rgb(102, 102, 102); font-size: 12.72px;\">Bayanlar ve gen&ccedil;ler i&ccedil;in kullan\u0131m\u0131 &ccedil;ok kolayd\u0131r. Minyon yap\u0131l\u0131 insanlar\u0131n tercih etti\u011fi yayg\u0131n bir ba\u011flamad\u0131r.<\/span><\/p>\n<div>&nbsp;<\/div>","protected":false},"excerpt":{"rendered":"<p>BA\u011eLAMA YAPRAK DUT KISA SAP BYDK36 + KILIF HED\u0130YEL\u0130 &nbsp; Perde Say\u0131s\u0131: 19G&ouml;vde Tekne: Dut A\u011fac\u0131&Ouml;n Kapak: LadinSap: Ak G&uuml;rgenTekne Yap\u0131s\u0131: Yaprak SazTekne : 36&nbsp; Ayr\u0131ca piyasa de\u011feri yakla\u015f\u0131k 90 TL olan saz k\u0131l\u0131f\u0131 hediyelidir.Mat el cilas\u0131 kullan\u0131lm\u0131\u015ft\u0131r. Ses deli\u011fi yanda bulunur (klasik tarz ba\u011flamalara k\u0131yasla farkl\u0131l\u0131k g&ouml;sterir). Kaliteli el i\u015fcili\u011fi ile imal edilmi\u015ftir. Hakiki [&hellip;]<\/p>","protected":false},"featured_media":3391,"comment_status":"closed","ping_status":"open","template":"","meta":{"_joinchat":[]},"yoast_head":"<!-- This site is optimized with the Yoast SEO plugin v19.2 - https:\/\/yoast.com\/wordpress\/plugins\/seo\/ -->\n<title>BA\u011eLAMA YAPRAK DUT KISA SAP BYDK36 + KILIF HED\u0130YEL\u0130 - Market K\u0131br\u0131s<\/title>\n<meta name=\"robots\" content=\"index, follow, max-snippet:-1, max-image-preview:large, max-video-preview:-1\" \/>\n<link rel=\"canonical\" href=\"https:\/\/marketkibris.com\/en\/product\/baglama-yaprak-dut-kisa-sap-bydk36-kilif-hediyeli\/\" \/>\n<meta property=\"og:locale\" content=\"en_GB\" \/>\n<meta property=\"og:type\" content=\"article\" \/>\n<meta property=\"og:title\" content=\"BA\u011eLAMA YAPRAK DUT KISA SAP BYDK36 + KILIF HED\u0130YEL\u0130 - Market K\u0131br\u0131s\" \/>\n<meta property=\"og:description\" content=\"BA\u011eLAMA YAPRAK DUT KISA SAP BYDK36 + KILIF HED\u0130YEL\u0130 &nbsp; Perde Say\u0131s\u0131: 19G&ouml;vde Tekne: Dut A\u011fac\u0131&Ouml;n Kapak: LadinSap: Ak G&uuml;rgenTekne Yap\u0131s\u0131: Yaprak SazTekne : 36&nbsp; Ayr\u0131ca piyasa de\u011feri yakla\u015f\u0131k 90 TL olan saz k\u0131l\u0131f\u0131 hediyelidir.Mat el cilas\u0131 kullan\u0131lm\u0131\u015ft\u0131r. Ses deli\u011fi yanda bulunur (klasik tarz ba\u011flamalara k\u0131yasla farkl\u0131l\u0131k g&ouml;sterir). Kaliteli el i\u015fcili\u011fi ile imal edilmi\u015ftir. Hakiki [&hellip;]\" \/>\n<meta property=\"og:url\" content=\"https:\/\/marketkibris.com\/en\/product\/baglama-yaprak-dut-kisa-sap-bydk36-kilif-hediyeli\/\" \/>\n<meta property=\"og:site_name\" content=\"Market K\u0131br\u0131s\" \/>\n<meta property=\"article:modified_time\" content=\"2022-07-05T12:34:40+00:00\" \/>\n<meta property=\"og:image\" content=\"https:\/\/marketkibris.com\/wp-content\/uploads\/2022\/07\/628526a451f65-38215-1-scaled.jpg\" \/>\n\t<meta property=\"og:image:width\" content=\"2560\" \/>\n\t<meta property=\"og:image:height\" content=\"2560\" \/>\n\t<meta property=\"og:image:type\" content=\"image\/jpeg\" \/>\n<meta name=\"author\" content=\"admin\" \/>\n<meta name=\"twitter:card\" content=\"summary_large_image\" \/>\n<meta name=\"twitter:label1\" content=\"Estimated reading time\" \/>\n\t<meta name=\"twitter:data1\" content=\"1 minute\" \/>\n<script type=\"application\/ld+json\" class=\"yoast-schema-graph\">{\"@context\":\"https:\/\/schema.org\",\"@graph\":[{\"@type\":\"WebSite\",\"@id\":\"https:\/\/marketkibris.com\/#website\",\"url\":\"https:\/\/marketkibris.com\/\",\"name\":\"Market K\u0131br\u0131s\",\"description\":\"K\u0131br\u0131s&#039;\u0131n Bir numaral\u0131 Online Elektronik Marketi\",\"potentialAction\":[{\"@type\":\"SearchAction\",\"target\":{\"@type\":\"EntryPoint\",\"urlTemplate\":\"https:\/\/marketkibris.com\/?s={search_term_string}\"},\"query-input\":\"required name=search_term_string\"}],\"inLanguage\":\"en-GB\"},{\"@type\":\"ImageObject\",\"inLanguage\":\"en-GB\",\"@id\":\"https:\/\/marketkibris.com\/urun\/baglama-yaprak-dut-kisa-sap-bydk36-kilif-hediyeli\/#primaryimage\",\"url\":\"https:\/\/marketkibris.com\/wp-content\/uploads\/2022\/07\/628526a451f65-38215-1-scaled.jpg\",\"contentUrl\":\"https:\/\/marketkibris.com\/wp-content\/uploads\/2022\/07\/628526a451f65-38215-1-scaled.jpg\",\"width\":2560,\"height\":2560},{\"@type\":\"WebPage\",\"@id\":\"https:\/\/marketkibris.com\/urun\/baglama-yaprak-dut-kisa-sap-bydk36-kilif-hediyeli\/#webpage\",\"url\":\"https:\/\/marketkibris.com\/urun\/baglama-yaprak-dut-kisa-sap-bydk36-kilif-hediyeli\/\",\"name\":\"BA\u011eLAMA YAPRAK DUT KISA SAP BYDK36 + KILIF HED\u0130YEL\u0130 - Market K\u0131br\u0131s\",\"isPartOf\":{\"@id\":\"https:\/\/marketkibris.com\/#website\"},\"primaryImageOfPage\":{\"@id\":\"https:\/\/marketkibris.com\/urun\/baglama-yaprak-dut-kisa-sap-bydk36-kilif-hediyeli\/#primaryimage\"},\"datePublished\":\"2022-07-05T12:33:50+00:00\",\"dateModified\":\"2022-07-05T12:34:40+00:00\",\"breadcrumb\":{\"@id\":\"https:\/\/marketkibris.com\/urun\/baglama-yaprak-dut-kisa-sap-bydk36-kilif-hediyeli\/#breadcrumb\"},\"inLanguage\":\"en-GB\",\"potentialAction\":[{\"@type\":\"ReadAction\",\"target\":[\"https:\/\/marketkibris.com\/urun\/baglama-yaprak-dut-kisa-sap-bydk36-kilif-hediyeli\/\"]}]},{\"@type\":\"BreadcrumbList\",\"@id\":\"https:\/\/marketkibris.com\/urun\/baglama-yaprak-dut-kisa-sap-bydk36-kilif-hediyeli\/#breadcrumb\",\"itemListElement\":[{\"@type\":\"ListItem\",\"position\":1,\"name\":\"Anasayfa\",\"item\":\"https:\/\/marketkibris.com\/\"},{\"@type\":\"ListItem\",\"position\":2,\"name\":\"Shop\",\"item\":\"https:\/\/marketkibris.com\/shop\/\"},{\"@type\":\"ListItem\",\"position\":3,\"name\":\"BA\u011eLAMA YAPRAK DUT KISA SAP BYDK36 + KILIF HED\u0130YEL\u0130\"}]}]}<\/script>\n<!-- \/ Yoast SEO plugin. -->","yoast_head_json":{"title":"BA\u011eLAMA YAPRAK DUT KISA SAP BYDK36 + KILIF HED\u0130YEL\u0130 - Market K\u0131br\u0131s","robots":{"index":"index","follow":"follow","max-snippet":"max-snippet:-1","max-image-preview":"max-image-preview:large","max-video-preview":"max-video-preview:-1"},"canonical":"https:\/\/marketkibris.com\/en\/product\/baglama-yaprak-dut-kisa-sap-bydk36-kilif-hediyeli\/","og_locale":"en_GB","og_type":"article","og_title":"BA\u011eLAMA YAPRAK DUT KISA SAP BYDK36 + KILIF HED\u0130YEL\u0130 - Market K\u0131br\u0131s","og_description":"BA\u011eLAMA YAPRAK DUT KISA SAP BYDK36 + KILIF HED\u0130YEL\u0130 &nbsp; Perde Say\u0131s\u0131: 19G&ouml;vde Tekne: Dut A\u011fac\u0131&Ouml;n Kapak: LadinSap: Ak G&uuml;rgenTekne Yap\u0131s\u0131: Yaprak SazTekne : 36&nbsp; Ayr\u0131ca piyasa de\u011feri yakla\u015f\u0131k 90 TL olan saz k\u0131l\u0131f\u0131 hediyelidir.Mat el cilas\u0131 kullan\u0131lm\u0131\u015ft\u0131r. Ses deli\u011fi yanda bulunur (klasik tarz ba\u011flamalara k\u0131yasla farkl\u0131l\u0131k g&ouml;sterir). Kaliteli el i\u015fcili\u011fi ile imal edilmi\u015ftir. Hakiki [&hellip;]","og_url":"https:\/\/marketkibris.com\/en\/product\/baglama-yaprak-dut-kisa-sap-bydk36-kilif-hediyeli\/","og_site_name":"Market K\u0131br\u0131s","article_modified_time":"2022-07-05T12:34:40+00:00","og_image":[{"width":2560,"height":2560,"url":"https:\/\/marketkibris.com\/wp-content\/uploads\/2022\/07\/628526a451f65-38215-1-scaled.jpg","type":"image\/jpeg"}],"author":"admin","twitter_card":"summary_large_image","twitter_misc":{"Estimated reading time":"1 minute"},"schema":{"@context":"https:\/\/schema.org","@graph":[{"@type":"WebSite","@id":"https:\/\/marketkibris.com\/#website","url":"https:\/\/marketkibris.com\/","name":"Market K\u0131br\u0131s","description":"K\u0131br\u0131s&#039;\u0131n Bir numaral\u0131 Online Elektronik Marketi","potentialAction":[{"@type":"SearchAction","target":{"@type":"EntryPoint","urlTemplate":"https:\/\/marketkibris.com\/?s={search_term_string}"},"query-input":"required name=search_term_string"}],"inLanguage":"en-GB"},{"@type":"ImageObject","inLanguage":"en-GB","@id":"https:\/\/marketkibris.com\/urun\/baglama-yaprak-dut-kisa-sap-bydk36-kilif-hediyeli\/#primaryimage","url":"https:\/\/marketkibris.com\/wp-content\/uploads\/2022\/07\/628526a451f65-38215-1-scaled.jpg","contentUrl":"https:\/\/marketkibris.com\/wp-content\/uploads\/2022\/07\/628526a451f65-38215-1-scaled.jpg","width":2560,"height":2560},{"@type":"WebPage","@id":"https:\/\/marketkibris.com\/urun\/baglama-yaprak-dut-kisa-sap-bydk36-kilif-hediyeli\/#webpage","url":"https:\/\/marketkibris.com\/urun\/baglama-yaprak-dut-kisa-sap-bydk36-kilif-hediyeli\/","name":"BA\u011eLAMA YAPRAK DUT KISA SAP BYDK36 + KILIF HED\u0130YEL\u0130 - Market K\u0131br\u0131s","isPartOf":{"@id":"https:\/\/marketkibris.com\/#website"},"primaryImageOfPage":{"@id":"https:\/\/marketkibris.com\/urun\/baglama-yaprak-dut-kisa-sap-bydk36-kilif-hediyeli\/#primaryimage"},"datePublished":"2022-07-05T12:33:50+00:00","dateModified":"2022-07-05T12:34:40+00:00","breadcrumb":{"@id":"https:\/\/marketkibris.com\/urun\/baglama-yaprak-dut-kisa-sap-bydk36-kilif-hediyeli\/#breadcrumb"},"inLanguage":"en-GB","potentialAction":[{"@type":"ReadAction","target":["https:\/\/marketkibris.com\/urun\/baglama-yaprak-dut-kisa-sap-bydk36-kilif-hediyeli\/"]}]},{"@type":"BreadcrumbList","@id":"https:\/\/marketkibris.com\/urun\/baglama-yaprak-dut-kisa-sap-bydk36-kilif-hediyeli\/#breadcrumb","itemListElement":[{"@type":"ListItem","position":1,"name":"Anasayfa","item":"https:\/\/marketkibris.com\/"},{"@type":"ListItem","position":2,"name":"Shop","item":"https:\/\/marketkibris.com\/shop\/"},{"@type":"ListItem","position":3,"name":"BA\u011eLAMA YAPRAK DUT KISA SAP BYDK36 + KILIF HED\u0130YEL\u0130"}]}]}},"_links":{"self":[{"href":"https:\/\/marketkibris.com\/en\/wp-json\/wp\/v2\/product\/3389"}],"collection":[{"href":"https:\/\/marketkibris.com\/en\/wp-json\/wp\/v2\/product"}],"about":[{"href":"https:\/\/marketkibris.com\/en\/wp-json\/wp\/v2\/types\/product"}],"replies":[{"embeddable":true,"href":"https:\/\/marketkibris.com\/en\/wp-json\/wp\/v2\/comments?post=3389"}],"version-history":[{"count":1,"href":"https:\/\/marketkibris.com\/en\/wp-json\/wp\/v2\/product\/3389\/revisions"}],"predecessor-version":[{"id":3390,"href":"https:\/\/marketkibris.com\/en\/wp-json\/wp\/v2\/product\/3389\/revisions\/3390"}],"wp:featuredmedia":[{"embeddable":true,"href":"https:\/\/marketkibris.com\/en\/wp-json\/wp\/v2\/media\/3391"}],"wp:attachment":[{"href":"https:\/\/marketkibris.com\/en\/wp-json\/wp\/v2\/media?parent=3389"}],"curies":[{"name":"wp","href":"https:\/\/api.w.org\/{rel}","templated":true}]}}