{"id":3418,"date":"2022-07-05T16:00:03","date_gmt":"2022-07-05T13:00:03","guid":{"rendered":"https:\/\/marketkibris.com\/?post_type=product&#038;p=3418"},"modified":"2022-07-05T16:00:04","modified_gmt":"2022-07-05T13:00:04","slug":"samsung-galaxy-a01-core","status":"publish","type":"product","link":"https:\/\/marketkibris.com\/en\/product\/samsung-galaxy-a01-core\/","title":{"rendered":"Samsung Galaxy A01 Core"},"content":{"rendered":"<ul class=\"a-unordered-list a-vertical a-spacing-mini\">\n<li><span class=\"a-list-item\">5.3 in\u00e7 HD+ ekrana sahip Galaxy A01 Core, geni\u015f ekran\u0131yla keyifli bir deneyim sunar. B\u00f6ylece ekranda en sevdi\u011finiz oyunlar\u0131 oynar, videolar\u0131 ve canl\u0131 yay\u0131nlar\u0131 keyifle izlersiniz.<\/span><\/li>\n<li><span class=\"a-list-item\">Galaxy A01 Core, yaln\u0131zca 8.6 mm kal\u0131nl\u0131\u011f\u0131ndaki cihaz\u0131n i\u00e7ine kusursuz bir \u015fekilde oturan g\u00fc\u00e7l\u00fc bir pile sahiptir. Dikkatleri \u00fczerine \u00e7eken \u015feritli tasar\u0131m\u0131yla birlikte son derece \u015f\u0131k siyah, mavi ya da k\u0131rm\u0131z\u0131 renklerden diledi\u011finizi se\u00e7in.<\/span><\/li>\n<li><span class=\"a-list-item\">Galaxy A01 Core&#8217;un 8 MP Arka Kameras\u0131 ile en de\u011ferli anlar\u0131n\u0131za ait net ve g\u00fczel foto\u011fraflar yakalay\u0131n ya da etkileyici selfieler i\u00e7in telefonunuzu \u00e7evirin ve 5 MP \u00f6n kameray\u0131 kullan\u0131n.<\/span><\/li>\n<li><span class=\"a-list-item\">Galaxy A01 Core g\u00fcnl\u00fck olarak yapt\u0131\u011f\u0131n\u0131z aktiviteler i\u00e7in \u00fcretildi. Ak\u0131c\u0131 bir performans i\u00e7in 1 GB RAM ve 16 GB dahili haf\u0131zaya sahiptir. Android (Go edition), h\u0131zl\u0131 ve kolay kullan\u0131m i\u00e7in \u00f6nceden y\u00fcklenmi\u015f \u00f6zel uygulamalar ile depolama alan\u0131n\u0131z\u0131n temiz kalmas\u0131na yard\u0131mc\u0131 olur.<\/span><\/li>\n<li><span class=\"a-list-item\">3000 mAh(normal) pile sahip Galaxy A01 Core ile oyun keyfinize daha uzun s\u00fcre devam edin. Daha g\u00fc\u00e7l\u00fc pil kapasitesi sayesinde; \u015farj aramak i\u00e7in daha az, telefonunuzda yapmaktan keyif ald\u0131\u011f\u0131n\u0131z \u015feyler i\u00e7in daha \u00e7ok zaman\u0131n\u0131z olur<\/span><\/li>\n<\/ul>","protected":false},"excerpt":{"rendered":"<p>5.3 in\u00e7 HD+ ekrana sahip Galaxy A01 Core, geni\u015f ekran\u0131yla keyifli bir deneyim sunar. B\u00f6ylece ekranda en sevdi\u011finiz oyunlar\u0131 oynar, videolar\u0131 ve canl\u0131 yay\u0131nlar\u0131 keyifle izlersiniz. Galaxy A01 Core, yaln\u0131zca 8.6 mm kal\u0131nl\u0131\u011f\u0131ndaki cihaz\u0131n i\u00e7ine kusursuz bir \u015fekilde oturan g\u00fc\u00e7l\u00fc bir pile sahiptir. Dikkatleri \u00fczerine \u00e7eken \u015feritli tasar\u0131m\u0131yla birlikte son derece \u015f\u0131k siyah, mavi ya [&hellip;]<\/p>","protected":false},"featured_media":3419,"comment_status":"open","ping_status":"closed","template":"","meta":{"_joinchat":[]},"yoast_head":"<!-- This site is optimized with the Yoast SEO plugin v19.2 - https:\/\/yoast.com\/wordpress\/plugins\/seo\/ -->\n<title>Samsung Galaxy A01 Core - Market K\u0131br\u0131s<\/title>\n<meta name=\"robots\" content=\"index, follow, max-snippet:-1, max-image-preview:large, max-video-preview:-1\" \/>\n<link rel=\"canonical\" href=\"https:\/\/marketkibris.com\/en\/product\/samsung-galaxy-a01-core\/\" \/>\n<meta property=\"og:locale\" content=\"en_GB\" \/>\n<meta property=\"og:type\" content=\"article\" \/>\n<meta property=\"og:title\" content=\"Samsung Galaxy A01 Core - Market K\u0131br\u0131s\" \/>\n<meta property=\"og:description\" content=\"5.3 in\u00e7 HD+ ekrana sahip Galaxy A01 Core, geni\u015f ekran\u0131yla keyifli bir deneyim sunar. B\u00f6ylece ekranda en sevdi\u011finiz oyunlar\u0131 oynar, videolar\u0131 ve canl\u0131 yay\u0131nlar\u0131 keyifle izlersiniz. Galaxy A01 Core, yaln\u0131zca 8.6 mm kal\u0131nl\u0131\u011f\u0131ndaki cihaz\u0131n i\u00e7ine kusursuz bir \u015fekilde oturan g\u00fc\u00e7l\u00fc bir pile sahiptir. Dikkatleri \u00fczerine \u00e7eken \u015feritli tasar\u0131m\u0131yla birlikte son derece \u015f\u0131k siyah, mavi ya [&hellip;]\" \/>\n<meta property=\"og:url\" content=\"https:\/\/marketkibris.com\/en\/product\/samsung-galaxy-a01-core\/\" \/>\n<meta property=\"og:site_name\" content=\"Market K\u0131br\u0131s\" \/>\n<meta property=\"article:modified_time\" content=\"2022-07-05T13:00:04+00:00\" \/>\n<meta property=\"og:image\" content=\"https:\/\/marketkibris.com\/wp-content\/uploads\/2022\/07\/samsung-galaxy-a01-core-02.jpg\" \/>\n\t<meta property=\"og:image:width\" content=\"1300\" \/>\n\t<meta property=\"og:image:height\" content=\"1430\" \/>\n\t<meta property=\"og:image:type\" content=\"image\/jpeg\" \/>\n<meta name=\"author\" content=\"erenus\" \/>\n<meta name=\"twitter:card\" content=\"summary_large_image\" \/>\n<meta name=\"twitter:label1\" content=\"Estimated reading time\" \/>\n\t<meta name=\"twitter:data1\" content=\"1 minute\" \/>\n<script type=\"application\/ld+json\" class=\"yoast-schema-graph\">{\"@context\":\"https:\/\/schema.org\",\"@graph\":[{\"@type\":\"WebSite\",\"@id\":\"https:\/\/marketkibris.com\/#website\",\"url\":\"https:\/\/marketkibris.com\/\",\"name\":\"Market K\u0131br\u0131s\",\"description\":\"K\u0131br\u0131s&#039;\u0131n Bir numaral\u0131 Online Elektronik Marketi\",\"potentialAction\":[{\"@type\":\"SearchAction\",\"target\":{\"@type\":\"EntryPoint\",\"urlTemplate\":\"https:\/\/marketkibris.com\/?s={search_term_string}\"},\"query-input\":\"required name=search_term_string\"}],\"inLanguage\":\"en-GB\"},{\"@type\":\"ImageObject\",\"inLanguage\":\"en-GB\",\"@id\":\"https:\/\/marketkibris.com\/urun\/samsung-galaxy-a01-core\/#primaryimage\",\"url\":\"https:\/\/marketkibris.com\/wp-content\/uploads\/2022\/07\/samsung-galaxy-a01-core-02.jpg\",\"contentUrl\":\"https:\/\/marketkibris.com\/wp-content\/uploads\/2022\/07\/samsung-galaxy-a01-core-02.jpg\",\"width\":1300,\"height\":1430},{\"@type\":\"WebPage\",\"@id\":\"https:\/\/marketkibris.com\/urun\/samsung-galaxy-a01-core\/#webpage\",\"url\":\"https:\/\/marketkibris.com\/urun\/samsung-galaxy-a01-core\/\",\"name\":\"Samsung Galaxy A01 Core - Market K\u0131br\u0131s\",\"isPartOf\":{\"@id\":\"https:\/\/marketkibris.com\/#website\"},\"primaryImageOfPage\":{\"@id\":\"https:\/\/marketkibris.com\/urun\/samsung-galaxy-a01-core\/#primaryimage\"},\"datePublished\":\"2022-07-05T13:00:03+00:00\",\"dateModified\":\"2022-07-05T13:00:04+00:00\",\"breadcrumb\":{\"@id\":\"https:\/\/marketkibris.com\/urun\/samsung-galaxy-a01-core\/#breadcrumb\"},\"inLanguage\":\"en-GB\",\"potentialAction\":[{\"@type\":\"ReadAction\",\"target\":[\"https:\/\/marketkibris.com\/urun\/samsung-galaxy-a01-core\/\"]}]},{\"@type\":\"BreadcrumbList\",\"@id\":\"https:\/\/marketkibris.com\/urun\/samsung-galaxy-a01-core\/#breadcrumb\",\"itemListElement\":[{\"@type\":\"ListItem\",\"position\":1,\"name\":\"Anasayfa\",\"item\":\"https:\/\/marketkibris.com\/\"},{\"@type\":\"ListItem\",\"position\":2,\"name\":\"Shop\",\"item\":\"https:\/\/marketkibris.com\/shop\/\"},{\"@type\":\"ListItem\",\"position\":3,\"name\":\"Samsung Galaxy A01 Core\"}]}]}<\/script>\n<!-- \/ Yoast SEO plugin. -->","yoast_head_json":{"title":"Samsung Galaxy A01 Core - Market K\u0131br\u0131s","robots":{"index":"index","follow":"follow","max-snippet":"max-snippet:-1","max-image-preview":"max-image-preview:large","max-video-preview":"max-video-preview:-1"},"canonical":"https:\/\/marketkibris.com\/en\/product\/samsung-galaxy-a01-core\/","og_locale":"en_GB","og_type":"article","og_title":"Samsung Galaxy A01 Core - Market K\u0131br\u0131s","og_description":"5.3 in\u00e7 HD+ ekrana sahip Galaxy A01 Core, geni\u015f ekran\u0131yla keyifli bir deneyim sunar. B\u00f6ylece ekranda en sevdi\u011finiz oyunlar\u0131 oynar, videolar\u0131 ve canl\u0131 yay\u0131nlar\u0131 keyifle izlersiniz. Galaxy A01 Core, yaln\u0131zca 8.6 mm kal\u0131nl\u0131\u011f\u0131ndaki cihaz\u0131n i\u00e7ine kusursuz bir \u015fekilde oturan g\u00fc\u00e7l\u00fc bir pile sahiptir. Dikkatleri \u00fczerine \u00e7eken \u015feritli tasar\u0131m\u0131yla birlikte son derece \u015f\u0131k siyah, mavi ya [&hellip;]","og_url":"https:\/\/marketkibris.com\/en\/product\/samsung-galaxy-a01-core\/","og_site_name":"Market K\u0131br\u0131s","article_modified_time":"2022-07-05T13:00:04+00:00","og_image":[{"width":1300,"height":1430,"url":"https:\/\/marketkibris.com\/wp-content\/uploads\/2022\/07\/samsung-galaxy-a01-core-02.jpg","type":"image\/jpeg"}],"author":"erenus","twitter_card":"summary_large_image","twitter_misc":{"Estimated reading time":"1 minute"},"schema":{"@context":"https:\/\/schema.org","@graph":[{"@type":"WebSite","@id":"https:\/\/marketkibris.com\/#website","url":"https:\/\/marketkibris.com\/","name":"Market K\u0131br\u0131s","description":"K\u0131br\u0131s&#039;\u0131n Bir numaral\u0131 Online Elektronik Marketi","potentialAction":[{"@type":"SearchAction","target":{"@type":"EntryPoint","urlTemplate":"https:\/\/marketkibris.com\/?s={search_term_string}"},"query-input":"required name=search_term_string"}],"inLanguage":"en-GB"},{"@type":"ImageObject","inLanguage":"en-GB","@id":"https:\/\/marketkibris.com\/urun\/samsung-galaxy-a01-core\/#primaryimage","url":"https:\/\/marketkibris.com\/wp-content\/uploads\/2022\/07\/samsung-galaxy-a01-core-02.jpg","contentUrl":"https:\/\/marketkibris.com\/wp-content\/uploads\/2022\/07\/samsung-galaxy-a01-core-02.jpg","width":1300,"height":1430},{"@type":"WebPage","@id":"https:\/\/marketkibris.com\/urun\/samsung-galaxy-a01-core\/#webpage","url":"https:\/\/marketkibris.com\/urun\/samsung-galaxy-a01-core\/","name":"Samsung Galaxy A01 Core - Market K\u0131br\u0131s","isPartOf":{"@id":"https:\/\/marketkibris.com\/#website"},"primaryImageOfPage":{"@id":"https:\/\/marketkibris.com\/urun\/samsung-galaxy-a01-core\/#primaryimage"},"datePublished":"2022-07-05T13:00:03+00:00","dateModified":"2022-07-05T13:00:04+00:00","breadcrumb":{"@id":"https:\/\/marketkibris.com\/urun\/samsung-galaxy-a01-core\/#breadcrumb"},"inLanguage":"en-GB","potentialAction":[{"@type":"ReadAction","target":["https:\/\/marketkibris.com\/urun\/samsung-galaxy-a01-core\/"]}]},{"@type":"BreadcrumbList","@id":"https:\/\/marketkibris.com\/urun\/samsung-galaxy-a01-core\/#breadcrumb","itemListElement":[{"@type":"ListItem","position":1,"name":"Anasayfa","item":"https:\/\/marketkibris.com\/"},{"@type":"ListItem","position":2,"name":"Shop","item":"https:\/\/marketkibris.com\/shop\/"},{"@type":"ListItem","position":3,"name":"Samsung Galaxy A01 Core"}]}]}},"_links":{"self":[{"href":"https:\/\/marketkibris.com\/en\/wp-json\/wp\/v2\/product\/3418"}],"collection":[{"href":"https:\/\/marketkibris.com\/en\/wp-json\/wp\/v2\/product"}],"about":[{"href":"https:\/\/marketkibris.com\/en\/wp-json\/wp\/v2\/types\/product"}],"replies":[{"embeddable":true,"href":"https:\/\/marketkibris.com\/en\/wp-json\/wp\/v2\/comments?post=3418"}],"version-history":[{"count":1,"href":"https:\/\/marketkibris.com\/en\/wp-json\/wp\/v2\/product\/3418\/revisions"}],"predecessor-version":[{"id":3423,"href":"https:\/\/marketkibris.com\/en\/wp-json\/wp\/v2\/product\/3418\/revisions\/3423"}],"wp:featuredmedia":[{"embeddable":true,"href":"https:\/\/marketkibris.com\/en\/wp-json\/wp\/v2\/media\/3419"}],"wp:attachment":[{"href":"https:\/\/marketkibris.com\/en\/wp-json\/wp\/v2\/media?parent=3418"}],"curies":[{"name":"wp","href":"https:\/\/api.w.org\/{rel}","templated":true}]}}