{"id":3429,"date":"2022-07-05T16:19:52","date_gmt":"2022-07-05T13:19:52","guid":{"rendered":"https:\/\/marketkibris.com\/?post_type=product&#038;p=3429"},"modified":"2022-07-05T16:44:11","modified_gmt":"2022-07-05T13:44:11","slug":"samsung-galaxy-a03s","status":"publish","type":"product","link":"https:\/\/marketkibris.com\/en\/product\/samsung-galaxy-a03s\/","title":{"rendered":"Samsung Galaxy A03S"},"content":{"rendered":"<ul class=\"a-unordered-list a-vertical a-spacing-mini\">\n<li><span class=\"a-list-item\">Uzun s\u00fcre dayanan pil: Galaxy A03s ak\u0131ll\u0131 telefon, her \u015feye haz\u0131rl\u0131kl\u0131 olmak i\u00e7in g\u00fcvenebilece\u011finiz 5.000mAh g\u00fcce sahiptir; ve 7.75W \u015farj, ihtiyac\u0131n\u0131z oldu\u011funda size pick-me-up kapasitesi sa\u011flar<\/span><\/li>\n<li><span class=\"a-list-item\">G\u00fcvenilir performans: Galaxy A03s, i\u015flem h\u0131z\u0131 g\u00f6z \u00f6n\u00fcnde bulundurularak tasarlanm\u0131\u015ft\u0131r; g\u00fcvenilir i\u015flem g\u00fcc\u00fc, indirme, ak\u0131\u015f ve payla\u015f\u0131m\u0131 \u00e7ocuk oyunca\u011f\u0131 haline getirir<\/span><\/li>\n<li><span class=\"a-list-item\">B\u00fcy\u00fct\u00fclebilir depolama: Sevdi\u011finiz t\u00fcm foto\u011fraflar\u0131, videolar\u0131, uygulamalar\u0131 ve m\u00fczikleri saklay\u0131n; Galaxy A03s&#8217;in dahili 32 GB belle\u011fi yeterli de\u011filse, bir microSD kart ekleyerek 1 TB&#8217;a kadar daha fazlas\u0131n\u0131 kolayca saklayabilirsiniz<\/span><\/li>\n<li><span class=\"a-list-item\">\u00c7ok y\u00f6nl\u00fc kamera tecr\u00fcbesi: Galaxy A03s, mutfak \u015faheserlerinizin ve g\u00fcnl\u00fck maceralar\u0131n\u0131z\u0131n enstantanelerinden aile makaralar\u0131na kadar hayat\u0131n harika anlar\u0131n\u0131 yakalaman\u0131z i\u00e7in size \u00e7ok lensli bir kamera sunar<\/span><\/li>\n<li>Infinite Ekran: \u0130ster aileniz ve arkada\u015flar\u0131n\u0131zla sohbet ediyor ister video izliyor olun, kristal netli\u011findeki HD+ Infinite Ekran her \u015feyin m\u00fckemmel g\u00f6r\u00fcnmesini sa\u011flar; Galaxy A03s&#8217;te etkileyici u\u00e7tan uca g\u00f6r\u00fcnt\u00fcleme ile 6,5 in\u00e7 net g\u00f6rseller elde edin<\/li>\n<li><span class=\"a-list-item\">Modern dizayn: En uygun fiyatl\u0131 A Serisi telefonlar\u0131m\u0131zdan biri olan Galaxy A03s hem sade hem de dayan\u0131kl\u0131d\u0131r; ve yana monte edilmi\u015f parmak sens\u00f6r\u00fc g\u00fcvenli\u011fe ki\u015fisel bir dokunu\u015f katar<\/span><\/li>\n<\/ul>","protected":false},"excerpt":{"rendered":"<p>Uzun s\u00fcre dayanan pil: Galaxy A03s ak\u0131ll\u0131 telefon, her \u015feye haz\u0131rl\u0131kl\u0131 olmak i\u00e7in g\u00fcvenebilece\u011finiz 5.000mAh g\u00fcce sahiptir; ve 7.75W \u015farj, ihtiyac\u0131n\u0131z oldu\u011funda size pick-me-up kapasitesi sa\u011flar G\u00fcvenilir performans: Galaxy A03s, i\u015flem h\u0131z\u0131 g\u00f6z \u00f6n\u00fcnde bulundurularak tasarlanm\u0131\u015ft\u0131r; g\u00fcvenilir i\u015flem g\u00fcc\u00fc, indirme, ak\u0131\u015f ve payla\u015f\u0131m\u0131 \u00e7ocuk oyunca\u011f\u0131 haline getirir B\u00fcy\u00fct\u00fclebilir depolama: Sevdi\u011finiz t\u00fcm foto\u011fraflar\u0131, videolar\u0131, uygulamalar\u0131 ve [&hellip;]<\/p>","protected":false},"featured_media":3430,"comment_status":"open","ping_status":"closed","template":"","meta":{"_joinchat":[]},"yoast_head":"<!-- This site is optimized with the Yoast SEO plugin v19.2 - https:\/\/yoast.com\/wordpress\/plugins\/seo\/ -->\n<title>Samsung Galaxy A03S - Market K\u0131br\u0131s<\/title>\n<meta name=\"robots\" content=\"index, follow, max-snippet:-1, max-image-preview:large, max-video-preview:-1\" \/>\n<link rel=\"canonical\" href=\"https:\/\/marketkibris.com\/en\/product\/samsung-galaxy-a03s\/\" \/>\n<meta property=\"og:locale\" content=\"en_GB\" \/>\n<meta property=\"og:type\" content=\"article\" \/>\n<meta property=\"og:title\" content=\"Samsung Galaxy A03S - Market K\u0131br\u0131s\" \/>\n<meta property=\"og:description\" content=\"Uzun s\u00fcre dayanan pil: Galaxy A03s ak\u0131ll\u0131 telefon, her \u015feye haz\u0131rl\u0131kl\u0131 olmak i\u00e7in g\u00fcvenebilece\u011finiz 5.000mAh g\u00fcce sahiptir; ve 7.75W \u015farj, ihtiyac\u0131n\u0131z oldu\u011funda size pick-me-up kapasitesi sa\u011flar G\u00fcvenilir performans: Galaxy A03s, i\u015flem h\u0131z\u0131 g\u00f6z \u00f6n\u00fcnde bulundurularak tasarlanm\u0131\u015ft\u0131r; g\u00fcvenilir i\u015flem g\u00fcc\u00fc, indirme, ak\u0131\u015f ve payla\u015f\u0131m\u0131 \u00e7ocuk oyunca\u011f\u0131 haline getirir B\u00fcy\u00fct\u00fclebilir depolama: Sevdi\u011finiz t\u00fcm foto\u011fraflar\u0131, videolar\u0131, uygulamalar\u0131 ve [&hellip;]\" \/>\n<meta property=\"og:url\" content=\"https:\/\/marketkibris.com\/en\/product\/samsung-galaxy-a03s\/\" \/>\n<meta property=\"og:site_name\" content=\"Market K\u0131br\u0131s\" \/>\n<meta property=\"article:modified_time\" content=\"2022-07-05T13:44:11+00:00\" \/>\n<meta property=\"og:image\" content=\"https:\/\/marketkibris.com\/wp-content\/uploads\/2022\/07\/samsung-galaxy-a03s-01.webp\" \/>\n\t<meta property=\"og:image:width\" content=\"1000\" \/>\n\t<meta property=\"og:image:height\" content=\"1000\" \/>\n\t<meta property=\"og:image:type\" content=\"image\/webp\" \/>\n<meta name=\"author\" content=\"erenus\" \/>\n<meta name=\"twitter:card\" content=\"summary_large_image\" \/>\n<meta name=\"twitter:label1\" content=\"Estimated reading time\" \/>\n\t<meta name=\"twitter:data1\" content=\"1 minute\" \/>\n<script type=\"application\/ld+json\" class=\"yoast-schema-graph\">{\"@context\":\"https:\/\/schema.org\",\"@graph\":[{\"@type\":\"WebSite\",\"@id\":\"https:\/\/marketkibris.com\/#website\",\"url\":\"https:\/\/marketkibris.com\/\",\"name\":\"Market K\u0131br\u0131s\",\"description\":\"K\u0131br\u0131s&#039;\u0131n Bir numaral\u0131 Online Elektronik Marketi\",\"potentialAction\":[{\"@type\":\"SearchAction\",\"target\":{\"@type\":\"EntryPoint\",\"urlTemplate\":\"https:\/\/marketkibris.com\/?s={search_term_string}\"},\"query-input\":\"required name=search_term_string\"}],\"inLanguage\":\"en-GB\"},{\"@type\":\"ImageObject\",\"inLanguage\":\"en-GB\",\"@id\":\"https:\/\/marketkibris.com\/urun\/samsung-galaxy-a03s\/#primaryimage\",\"url\":\"https:\/\/marketkibris.com\/wp-content\/uploads\/2022\/07\/samsung-galaxy-a03s-01.webp\",\"contentUrl\":\"https:\/\/marketkibris.com\/wp-content\/uploads\/2022\/07\/samsung-galaxy-a03s-01.webp\",\"width\":1000,\"height\":1000},{\"@type\":\"WebPage\",\"@id\":\"https:\/\/marketkibris.com\/urun\/samsung-galaxy-a03s\/#webpage\",\"url\":\"https:\/\/marketkibris.com\/urun\/samsung-galaxy-a03s\/\",\"name\":\"Samsung Galaxy A03S - Market K\u0131br\u0131s\",\"isPartOf\":{\"@id\":\"https:\/\/marketkibris.com\/#website\"},\"primaryImageOfPage\":{\"@id\":\"https:\/\/marketkibris.com\/urun\/samsung-galaxy-a03s\/#primaryimage\"},\"datePublished\":\"2022-07-05T13:19:52+00:00\",\"dateModified\":\"2022-07-05T13:44:11+00:00\",\"breadcrumb\":{\"@id\":\"https:\/\/marketkibris.com\/urun\/samsung-galaxy-a03s\/#breadcrumb\"},\"inLanguage\":\"en-GB\",\"potentialAction\":[{\"@type\":\"ReadAction\",\"target\":[\"https:\/\/marketkibris.com\/urun\/samsung-galaxy-a03s\/\"]}]},{\"@type\":\"BreadcrumbList\",\"@id\":\"https:\/\/marketkibris.com\/urun\/samsung-galaxy-a03s\/#breadcrumb\",\"itemListElement\":[{\"@type\":\"ListItem\",\"position\":1,\"name\":\"Anasayfa\",\"item\":\"https:\/\/marketkibris.com\/\"},{\"@type\":\"ListItem\",\"position\":2,\"name\":\"Shop\",\"item\":\"https:\/\/marketkibris.com\/shop\/\"},{\"@type\":\"ListItem\",\"position\":3,\"name\":\"Samsung Galaxy A03S\"}]}]}<\/script>\n<!-- \/ Yoast SEO plugin. -->","yoast_head_json":{"title":"Samsung Galaxy A03S - Market K\u0131br\u0131s","robots":{"index":"index","follow":"follow","max-snippet":"max-snippet:-1","max-image-preview":"max-image-preview:large","max-video-preview":"max-video-preview:-1"},"canonical":"https:\/\/marketkibris.com\/en\/product\/samsung-galaxy-a03s\/","og_locale":"en_GB","og_type":"article","og_title":"Samsung Galaxy A03S - Market K\u0131br\u0131s","og_description":"Uzun s\u00fcre dayanan pil: Galaxy A03s ak\u0131ll\u0131 telefon, her \u015feye haz\u0131rl\u0131kl\u0131 olmak i\u00e7in g\u00fcvenebilece\u011finiz 5.000mAh g\u00fcce sahiptir; ve 7.75W \u015farj, ihtiyac\u0131n\u0131z oldu\u011funda size pick-me-up kapasitesi sa\u011flar G\u00fcvenilir performans: Galaxy A03s, i\u015flem h\u0131z\u0131 g\u00f6z \u00f6n\u00fcnde bulundurularak tasarlanm\u0131\u015ft\u0131r; g\u00fcvenilir i\u015flem g\u00fcc\u00fc, indirme, ak\u0131\u015f ve payla\u015f\u0131m\u0131 \u00e7ocuk oyunca\u011f\u0131 haline getirir B\u00fcy\u00fct\u00fclebilir depolama: Sevdi\u011finiz t\u00fcm foto\u011fraflar\u0131, videolar\u0131, uygulamalar\u0131 ve [&hellip;]","og_url":"https:\/\/marketkibris.com\/en\/product\/samsung-galaxy-a03s\/","og_site_name":"Market K\u0131br\u0131s","article_modified_time":"2022-07-05T13:44:11+00:00","og_image":[{"width":1000,"height":1000,"url":"https:\/\/marketkibris.com\/wp-content\/uploads\/2022\/07\/samsung-galaxy-a03s-01.webp","type":"image\/webp"}],"author":"erenus","twitter_card":"summary_large_image","twitter_misc":{"Estimated reading time":"1 minute"},"schema":{"@context":"https:\/\/schema.org","@graph":[{"@type":"WebSite","@id":"https:\/\/marketkibris.com\/#website","url":"https:\/\/marketkibris.com\/","name":"Market K\u0131br\u0131s","description":"K\u0131br\u0131s&#039;\u0131n Bir numaral\u0131 Online Elektronik Marketi","potentialAction":[{"@type":"SearchAction","target":{"@type":"EntryPoint","urlTemplate":"https:\/\/marketkibris.com\/?s={search_term_string}"},"query-input":"required name=search_term_string"}],"inLanguage":"en-GB"},{"@type":"ImageObject","inLanguage":"en-GB","@id":"https:\/\/marketkibris.com\/urun\/samsung-galaxy-a03s\/#primaryimage","url":"https:\/\/marketkibris.com\/wp-content\/uploads\/2022\/07\/samsung-galaxy-a03s-01.webp","contentUrl":"https:\/\/marketkibris.com\/wp-content\/uploads\/2022\/07\/samsung-galaxy-a03s-01.webp","width":1000,"height":1000},{"@type":"WebPage","@id":"https:\/\/marketkibris.com\/urun\/samsung-galaxy-a03s\/#webpage","url":"https:\/\/marketkibris.com\/urun\/samsung-galaxy-a03s\/","name":"Samsung Galaxy A03S - Market K\u0131br\u0131s","isPartOf":{"@id":"https:\/\/marketkibris.com\/#website"},"primaryImageOfPage":{"@id":"https:\/\/marketkibris.com\/urun\/samsung-galaxy-a03s\/#primaryimage"},"datePublished":"2022-07-05T13:19:52+00:00","dateModified":"2022-07-05T13:44:11+00:00","breadcrumb":{"@id":"https:\/\/marketkibris.com\/urun\/samsung-galaxy-a03s\/#breadcrumb"},"inLanguage":"en-GB","potentialAction":[{"@type":"ReadAction","target":["https:\/\/marketkibris.com\/urun\/samsung-galaxy-a03s\/"]}]},{"@type":"BreadcrumbList","@id":"https:\/\/marketkibris.com\/urun\/samsung-galaxy-a03s\/#breadcrumb","itemListElement":[{"@type":"ListItem","position":1,"name":"Anasayfa","item":"https:\/\/marketkibris.com\/"},{"@type":"ListItem","position":2,"name":"Shop","item":"https:\/\/marketkibris.com\/shop\/"},{"@type":"ListItem","position":3,"name":"Samsung Galaxy A03S"}]}]}},"_links":{"self":[{"href":"https:\/\/marketkibris.com\/en\/wp-json\/wp\/v2\/product\/3429"}],"collection":[{"href":"https:\/\/marketkibris.com\/en\/wp-json\/wp\/v2\/product"}],"about":[{"href":"https:\/\/marketkibris.com\/en\/wp-json\/wp\/v2\/types\/product"}],"replies":[{"embeddable":true,"href":"https:\/\/marketkibris.com\/en\/wp-json\/wp\/v2\/comments?post=3429"}],"version-history":[{"count":1,"href":"https:\/\/marketkibris.com\/en\/wp-json\/wp\/v2\/product\/3429\/revisions"}],"predecessor-version":[{"id":3433,"href":"https:\/\/marketkibris.com\/en\/wp-json\/wp\/v2\/product\/3429\/revisions\/3433"}],"wp:featuredmedia":[{"embeddable":true,"href":"https:\/\/marketkibris.com\/en\/wp-json\/wp\/v2\/media\/3430"}],"wp:attachment":[{"href":"https:\/\/marketkibris.com\/en\/wp-json\/wp\/v2\/media?parent=3429"}],"curies":[{"name":"wp","href":"https:\/\/api.w.org\/{rel}","templated":true}]}}