{"id":3434,"date":"2022-07-05T16:54:07","date_gmt":"2022-07-05T13:54:07","guid":{"rendered":"https:\/\/marketkibris.com\/?post_type=product&#038;p=3434"},"modified":"2022-07-05T16:54:07","modified_gmt":"2022-07-05T13:54:07","slug":"samsung-galaxy-a13","status":"publish","type":"product","link":"https:\/\/marketkibris.com\/en\/product\/samsung-galaxy-a13\/","title":{"rendered":"Samsung Galaxy A13"},"content":{"rendered":"<ul class=\"a-unordered-list a-vertical a-spacing-mini\">\n<li>Uzun \u00f6m\u00fcrl\u00fc batarya: G\u00fcn\u00fcn\u00fcz nas\u0131l ge\u00e7erse ge\u00e7sin, bu cep telefonunun 15W H\u0131zl\u0131 \u015earj bataryas\u0131 buna haz\u0131r olman\u0131z\u0131 sa\u011flar ve \u015farj cihaz\u0131n\u0131za bir mola verir<\/li>\n<li>Geli\u015ftirilmi\u015f 5G performans\u0131: Ara belle\u011fe veda edin ve h\u0131zl\u0131 indirme ve sorunsuz ak\u0131\u015fa merhaba deyin; h\u0131zl\u0131 ve g\u00fcvenilir bir i\u015flemci ile donat\u0131lm\u0131\u015f Galaxy A13 5G, size neredeyse gecikmesiz bir 5G deneyimi sunar<\/li>\n<li>Geni\u015fletilebilir depolama alan\u0131: An\u0131lar\u0131n\u0131zdan en iyi \u015fekilde yararlan\u0131n; 128 GB dahili bellek ile birlikte gelir ve microSD kart ekledi\u011finizde 1 TB&#8217;a kadar daha fazla alan sunar<\/li>\n<li>\u00dc\u00e7l\u00fc lens kamera: Y\u00fcksek \u00e7\u00f6z\u00fcn\u00fcrl\u00fckl\u00fc \u00fc\u00e7l\u00fc lens kamera sistemiyle Galaxy A13 5G, size en \u00e7ok aranan kameralar\u0131m\u0131zdan birini fiyat\u0131n\u0131n \u00e7ok alt\u0131nda sunar<\/li>\n<\/ul>","protected":false},"excerpt":{"rendered":"<p>Uzun \u00f6m\u00fcrl\u00fc batarya: G\u00fcn\u00fcn\u00fcz nas\u0131l ge\u00e7erse ge\u00e7sin, bu cep telefonunun 15W H\u0131zl\u0131 \u015earj bataryas\u0131 buna haz\u0131r olman\u0131z\u0131 sa\u011flar ve \u015farj cihaz\u0131n\u0131za bir mola verir Geli\u015ftirilmi\u015f 5G performans\u0131: Ara belle\u011fe veda edin ve h\u0131zl\u0131 indirme ve sorunsuz ak\u0131\u015fa merhaba deyin; h\u0131zl\u0131 ve g\u00fcvenilir bir i\u015flemci ile donat\u0131lm\u0131\u015f Galaxy A13 5G, size neredeyse gecikmesiz bir 5G deneyimi [&hellip;]<\/p>","protected":false},"featured_media":3435,"comment_status":"open","ping_status":"closed","template":"","meta":{"_joinchat":[]},"yoast_head":"<!-- This site is optimized with the Yoast SEO plugin v19.2 - https:\/\/yoast.com\/wordpress\/plugins\/seo\/ -->\n<title>Samsung Galaxy A13 - Market K\u0131br\u0131s<\/title>\n<meta name=\"robots\" content=\"index, follow, max-snippet:-1, max-image-preview:large, max-video-preview:-1\" \/>\n<link rel=\"canonical\" href=\"https:\/\/marketkibris.com\/en\/product\/samsung-galaxy-a13\/\" \/>\n<meta property=\"og:locale\" content=\"en_GB\" \/>\n<meta property=\"og:type\" content=\"article\" \/>\n<meta property=\"og:title\" content=\"Samsung Galaxy A13 - Market K\u0131br\u0131s\" \/>\n<meta property=\"og:description\" content=\"Uzun \u00f6m\u00fcrl\u00fc batarya: G\u00fcn\u00fcn\u00fcz nas\u0131l ge\u00e7erse ge\u00e7sin, bu cep telefonunun 15W H\u0131zl\u0131 \u015earj bataryas\u0131 buna haz\u0131r olman\u0131z\u0131 sa\u011flar ve \u015farj cihaz\u0131n\u0131za bir mola verir Geli\u015ftirilmi\u015f 5G performans\u0131: Ara belle\u011fe veda edin ve h\u0131zl\u0131 indirme ve sorunsuz ak\u0131\u015fa merhaba deyin; h\u0131zl\u0131 ve g\u00fcvenilir bir i\u015flemci ile donat\u0131lm\u0131\u015f Galaxy A13 5G, size neredeyse gecikmesiz bir 5G deneyimi [&hellip;]\" \/>\n<meta property=\"og:url\" content=\"https:\/\/marketkibris.com\/en\/product\/samsung-galaxy-a13\/\" \/>\n<meta property=\"og:site_name\" content=\"Market K\u0131br\u0131s\" \/>\n<meta property=\"og:image\" content=\"https:\/\/marketkibris.com\/wp-content\/uploads\/2022\/07\/samsung-galaxy-a13-01.webp\" \/>\n\t<meta property=\"og:image:width\" content=\"1000\" \/>\n\t<meta property=\"og:image:height\" content=\"1000\" \/>\n\t<meta property=\"og:image:type\" content=\"image\/webp\" \/>\n<meta name=\"author\" content=\"erenus\" \/>\n<meta name=\"twitter:card\" content=\"summary_large_image\" \/>\n<meta name=\"twitter:label1\" content=\"Estimated reading time\" \/>\n\t<meta name=\"twitter:data1\" content=\"1 minute\" \/>\n<script type=\"application\/ld+json\" class=\"yoast-schema-graph\">{\"@context\":\"https:\/\/schema.org\",\"@graph\":[{\"@type\":\"WebSite\",\"@id\":\"https:\/\/marketkibris.com\/#website\",\"url\":\"https:\/\/marketkibris.com\/\",\"name\":\"Market K\u0131br\u0131s\",\"description\":\"K\u0131br\u0131s&#039;\u0131n Bir numaral\u0131 Online Elektronik Marketi\",\"potentialAction\":[{\"@type\":\"SearchAction\",\"target\":{\"@type\":\"EntryPoint\",\"urlTemplate\":\"https:\/\/marketkibris.com\/?s={search_term_string}\"},\"query-input\":\"required name=search_term_string\"}],\"inLanguage\":\"en-GB\"},{\"@type\":\"ImageObject\",\"inLanguage\":\"en-GB\",\"@id\":\"https:\/\/marketkibris.com\/urun\/samsung-galaxy-a13\/#primaryimage\",\"url\":\"https:\/\/marketkibris.com\/wp-content\/uploads\/2022\/07\/samsung-galaxy-a13-01.webp\",\"contentUrl\":\"https:\/\/marketkibris.com\/wp-content\/uploads\/2022\/07\/samsung-galaxy-a13-01.webp\",\"width\":1000,\"height\":1000},{\"@type\":\"WebPage\",\"@id\":\"https:\/\/marketkibris.com\/urun\/samsung-galaxy-a13\/#webpage\",\"url\":\"https:\/\/marketkibris.com\/urun\/samsung-galaxy-a13\/\",\"name\":\"Samsung Galaxy A13 - Market K\u0131br\u0131s\",\"isPartOf\":{\"@id\":\"https:\/\/marketkibris.com\/#website\"},\"primaryImageOfPage\":{\"@id\":\"https:\/\/marketkibris.com\/urun\/samsung-galaxy-a13\/#primaryimage\"},\"datePublished\":\"2022-07-05T13:54:07+00:00\",\"dateModified\":\"2022-07-05T13:54:07+00:00\",\"breadcrumb\":{\"@id\":\"https:\/\/marketkibris.com\/urun\/samsung-galaxy-a13\/#breadcrumb\"},\"inLanguage\":\"en-GB\",\"potentialAction\":[{\"@type\":\"ReadAction\",\"target\":[\"https:\/\/marketkibris.com\/urun\/samsung-galaxy-a13\/\"]}]},{\"@type\":\"BreadcrumbList\",\"@id\":\"https:\/\/marketkibris.com\/urun\/samsung-galaxy-a13\/#breadcrumb\",\"itemListElement\":[{\"@type\":\"ListItem\",\"position\":1,\"name\":\"Anasayfa\",\"item\":\"https:\/\/marketkibris.com\/\"},{\"@type\":\"ListItem\",\"position\":2,\"name\":\"Shop\",\"item\":\"https:\/\/marketkibris.com\/shop\/\"},{\"@type\":\"ListItem\",\"position\":3,\"name\":\"Samsung Galaxy A13\"}]}]}<\/script>\n<!-- \/ Yoast SEO plugin. -->","yoast_head_json":{"title":"Samsung Galaxy A13 - Market K\u0131br\u0131s","robots":{"index":"index","follow":"follow","max-snippet":"max-snippet:-1","max-image-preview":"max-image-preview:large","max-video-preview":"max-video-preview:-1"},"canonical":"https:\/\/marketkibris.com\/en\/product\/samsung-galaxy-a13\/","og_locale":"en_GB","og_type":"article","og_title":"Samsung Galaxy A13 - Market K\u0131br\u0131s","og_description":"Uzun \u00f6m\u00fcrl\u00fc batarya: G\u00fcn\u00fcn\u00fcz nas\u0131l ge\u00e7erse ge\u00e7sin, bu cep telefonunun 15W H\u0131zl\u0131 \u015earj bataryas\u0131 buna haz\u0131r olman\u0131z\u0131 sa\u011flar ve \u015farj cihaz\u0131n\u0131za bir mola verir Geli\u015ftirilmi\u015f 5G performans\u0131: Ara belle\u011fe veda edin ve h\u0131zl\u0131 indirme ve sorunsuz ak\u0131\u015fa merhaba deyin; h\u0131zl\u0131 ve g\u00fcvenilir bir i\u015flemci ile donat\u0131lm\u0131\u015f Galaxy A13 5G, size neredeyse gecikmesiz bir 5G deneyimi [&hellip;]","og_url":"https:\/\/marketkibris.com\/en\/product\/samsung-galaxy-a13\/","og_site_name":"Market K\u0131br\u0131s","og_image":[{"width":1000,"height":1000,"url":"https:\/\/marketkibris.com\/wp-content\/uploads\/2022\/07\/samsung-galaxy-a13-01.webp","type":"image\/webp"}],"author":"erenus","twitter_card":"summary_large_image","twitter_misc":{"Estimated reading time":"1 minute"},"schema":{"@context":"https:\/\/schema.org","@graph":[{"@type":"WebSite","@id":"https:\/\/marketkibris.com\/#website","url":"https:\/\/marketkibris.com\/","name":"Market K\u0131br\u0131s","description":"K\u0131br\u0131s&#039;\u0131n Bir numaral\u0131 Online Elektronik Marketi","potentialAction":[{"@type":"SearchAction","target":{"@type":"EntryPoint","urlTemplate":"https:\/\/marketkibris.com\/?s={search_term_string}"},"query-input":"required name=search_term_string"}],"inLanguage":"en-GB"},{"@type":"ImageObject","inLanguage":"en-GB","@id":"https:\/\/marketkibris.com\/urun\/samsung-galaxy-a13\/#primaryimage","url":"https:\/\/marketkibris.com\/wp-content\/uploads\/2022\/07\/samsung-galaxy-a13-01.webp","contentUrl":"https:\/\/marketkibris.com\/wp-content\/uploads\/2022\/07\/samsung-galaxy-a13-01.webp","width":1000,"height":1000},{"@type":"WebPage","@id":"https:\/\/marketkibris.com\/urun\/samsung-galaxy-a13\/#webpage","url":"https:\/\/marketkibris.com\/urun\/samsung-galaxy-a13\/","name":"Samsung Galaxy A13 - Market K\u0131br\u0131s","isPartOf":{"@id":"https:\/\/marketkibris.com\/#website"},"primaryImageOfPage":{"@id":"https:\/\/marketkibris.com\/urun\/samsung-galaxy-a13\/#primaryimage"},"datePublished":"2022-07-05T13:54:07+00:00","dateModified":"2022-07-05T13:54:07+00:00","breadcrumb":{"@id":"https:\/\/marketkibris.com\/urun\/samsung-galaxy-a13\/#breadcrumb"},"inLanguage":"en-GB","potentialAction":[{"@type":"ReadAction","target":["https:\/\/marketkibris.com\/urun\/samsung-galaxy-a13\/"]}]},{"@type":"BreadcrumbList","@id":"https:\/\/marketkibris.com\/urun\/samsung-galaxy-a13\/#breadcrumb","itemListElement":[{"@type":"ListItem","position":1,"name":"Anasayfa","item":"https:\/\/marketkibris.com\/"},{"@type":"ListItem","position":2,"name":"Shop","item":"https:\/\/marketkibris.com\/shop\/"},{"@type":"ListItem","position":3,"name":"Samsung Galaxy A13"}]}]}},"_links":{"self":[{"href":"https:\/\/marketkibris.com\/en\/wp-json\/wp\/v2\/product\/3434"}],"collection":[{"href":"https:\/\/marketkibris.com\/en\/wp-json\/wp\/v2\/product"}],"about":[{"href":"https:\/\/marketkibris.com\/en\/wp-json\/wp\/v2\/types\/product"}],"replies":[{"embeddable":true,"href":"https:\/\/marketkibris.com\/en\/wp-json\/wp\/v2\/comments?post=3434"}],"version-history":[{"count":1,"href":"https:\/\/marketkibris.com\/en\/wp-json\/wp\/v2\/product\/3434\/revisions"}],"predecessor-version":[{"id":3438,"href":"https:\/\/marketkibris.com\/en\/wp-json\/wp\/v2\/product\/3434\/revisions\/3438"}],"wp:featuredmedia":[{"embeddable":true,"href":"https:\/\/marketkibris.com\/en\/wp-json\/wp\/v2\/media\/3435"}],"wp:attachment":[{"href":"https:\/\/marketkibris.com\/en\/wp-json\/wp\/v2\/media?parent=3434"}],"curies":[{"name":"wp","href":"https:\/\/api.w.org\/{rel}","templated":true}]}}