{"id":3449,"date":"2022-07-06T09:47:41","date_gmt":"2022-07-06T06:47:41","guid":{"rendered":"https:\/\/marketkibris.com\/?post_type=product&#038;p=3449"},"modified":"2022-07-06T09:47:42","modified_gmt":"2022-07-06T06:47:42","slug":"samsung-galaxy-a53","status":"publish","type":"product","link":"https:\/\/marketkibris.com\/en\/product\/samsung-galaxy-a53\/","title":{"rendered":"Samsung Galaxy A53"},"content":{"rendered":"<ul class=\"a-unordered-list a-vertical a-spacing-mini\">\n<li><span class=\"a-list-item\">FHD+ Super AMOLED ekran sayesinde telefonunuzdaki canl\u0131 ayr\u0131nt\u0131larla g\u00f6zleriniz ziyafet \u00e7eksin. Eye Comfort Shield mavi \u0131\u015f\u0131\u011f\u0131 azalt\u0131rken geni\u015f 6,5 in\u00e7lik Sonsuz-O Ekran ile a\u00e7\u0131k havada 800 nite varan g\u00f6r\u00fc\u015f netli\u011finin keyfine var\u0131n.<\/span><\/li>\n<li><span class=\"a-list-item\">Galaxy A53 5G telefondaki birden \u00e7ok lensi bulunan 64MP OIS kamera, foto\u011fraflar\u0131 bir \u00fcst seviyeye ta\u015f\u0131yor. Ultra Geni\u015f A\u00e7\u0131l\u0131 Kamera ile g\u00f6r\u00fc\u015f a\u00e7\u0131n\u0131z\u0131 geni\u015fletin, Derinlik Kameras\u0131 ile oda\u011f\u0131 ayarlay\u0131n ve Makro Kamera ile detaylara yak\u0131nla\u015f\u0131n.<\/span><\/li>\n<li><span class=\"a-list-item\">\u0130\u015f ba\u015f\u0131na ge\u00e7me zaman\u0131. Android telefonunuz 5nm\u2019lik sekiz \u00e7ekirdekli i\u015flemcisiyle yo\u011fun \u00e7oklu g\u00f6revlerin alt\u0131ndan kalkmak \u00fczere tasarlanm\u0131\u015ft\u0131r. RAM Plus kullan\u0131m kal\u0131plar\u0131n\u0131z\u0131 okur ve ilave destek i\u00e7in ekstra sanal RAM sa\u011flar.<\/span><\/li>\n<li><span class=\"a-list-item\">Ak\u0131ll\u0131 telefonunuz ile daha fazlas\u0131 i\u00e7in 5.000mAh (tipik) bir pil. 25W\u2019a kadar S\u00fcper H\u0131zl\u0131 \u015earj ile h\u0131zl\u0131ca Galaxy\u2019nizi canland\u0131r\u0131n ve genel pil performans\u0131n\u0131 artt\u0131rmak i\u00e7in telefonunuzun uyarlanabilir g\u00fc\u00e7 tasarrufunu etkinle\u015ftirin.<\/span><\/li>\n<li><span class=\"a-list-item\">Su ve toz dayan\u0131kl\u0131l\u0131\u011f\u0131 IP67 derecelendirilen Samsung Galaxy A53 5G telefon 1 metreye kadar tatl\u0131suda 30 dakikaya kadar dayan\u0131r. Gorilla Glass 5\u2019\u0131n ek korumas\u0131 ile cihaz\u0131n\u0131z art\u0131k daha sa\u011flam ve \u00e7izilmeye daha az meyilli.<\/span><\/li>\n<\/ul>","protected":false},"excerpt":{"rendered":"<p>FHD+ Super AMOLED ekran sayesinde telefonunuzdaki canl\u0131 ayr\u0131nt\u0131larla g\u00f6zleriniz ziyafet \u00e7eksin. Eye Comfort Shield mavi \u0131\u015f\u0131\u011f\u0131 azalt\u0131rken geni\u015f 6,5 in\u00e7lik Sonsuz-O Ekran ile a\u00e7\u0131k havada 800 nite varan g\u00f6r\u00fc\u015f netli\u011finin keyfine var\u0131n. Galaxy A53 5G telefondaki birden \u00e7ok lensi bulunan 64MP OIS kamera, foto\u011fraflar\u0131 bir \u00fcst seviyeye ta\u015f\u0131yor. Ultra Geni\u015f A\u00e7\u0131l\u0131 Kamera ile g\u00f6r\u00fc\u015f a\u00e7\u0131n\u0131z\u0131 [&hellip;]<\/p>","protected":false},"featured_media":3450,"comment_status":"open","ping_status":"closed","template":"","meta":{"_joinchat":[]},"yoast_head":"<!-- This site is optimized with the Yoast SEO plugin v19.2 - https:\/\/yoast.com\/wordpress\/plugins\/seo\/ -->\n<title>Samsung Galaxy A53 - Market K\u0131br\u0131s<\/title>\n<meta name=\"robots\" content=\"index, follow, max-snippet:-1, max-image-preview:large, max-video-preview:-1\" \/>\n<link rel=\"canonical\" href=\"https:\/\/marketkibris.com\/en\/product\/samsung-galaxy-a53\/\" \/>\n<meta property=\"og:locale\" content=\"en_GB\" \/>\n<meta property=\"og:type\" content=\"article\" \/>\n<meta property=\"og:title\" content=\"Samsung Galaxy A53 - Market K\u0131br\u0131s\" \/>\n<meta property=\"og:description\" content=\"FHD+ Super AMOLED ekran sayesinde telefonunuzdaki canl\u0131 ayr\u0131nt\u0131larla g\u00f6zleriniz ziyafet \u00e7eksin. Eye Comfort Shield mavi \u0131\u015f\u0131\u011f\u0131 azalt\u0131rken geni\u015f 6,5 in\u00e7lik Sonsuz-O Ekran ile a\u00e7\u0131k havada 800 nite varan g\u00f6r\u00fc\u015f netli\u011finin keyfine var\u0131n. Galaxy A53 5G telefondaki birden \u00e7ok lensi bulunan 64MP OIS kamera, foto\u011fraflar\u0131 bir \u00fcst seviyeye ta\u015f\u0131yor. Ultra Geni\u015f A\u00e7\u0131l\u0131 Kamera ile g\u00f6r\u00fc\u015f a\u00e7\u0131n\u0131z\u0131 [&hellip;]\" \/>\n<meta property=\"og:url\" content=\"https:\/\/marketkibris.com\/en\/product\/samsung-galaxy-a53\/\" \/>\n<meta property=\"og:site_name\" content=\"Market K\u0131br\u0131s\" \/>\n<meta property=\"article:modified_time\" content=\"2022-07-06T06:47:42+00:00\" \/>\n<meta property=\"og:image\" content=\"https:\/\/marketkibris.com\/wp-content\/uploads\/2022\/07\/samsung-galaxy-a53-white-tiny.webp\" \/>\n\t<meta property=\"og:image:width\" content=\"1000\" \/>\n\t<meta property=\"og:image:height\" content=\"1000\" \/>\n\t<meta property=\"og:image:type\" content=\"image\/webp\" \/>\n<meta name=\"author\" content=\"erenus\" \/>\n<meta name=\"twitter:card\" content=\"summary_large_image\" \/>\n<meta name=\"twitter:label1\" content=\"Estimated reading time\" \/>\n\t<meta name=\"twitter:data1\" content=\"1 minute\" \/>\n<script type=\"application\/ld+json\" class=\"yoast-schema-graph\">{\"@context\":\"https:\/\/schema.org\",\"@graph\":[{\"@type\":\"WebSite\",\"@id\":\"https:\/\/marketkibris.com\/#website\",\"url\":\"https:\/\/marketkibris.com\/\",\"name\":\"Market K\u0131br\u0131s\",\"description\":\"K\u0131br\u0131s&#039;\u0131n Bir numaral\u0131 Online Elektronik Marketi\",\"potentialAction\":[{\"@type\":\"SearchAction\",\"target\":{\"@type\":\"EntryPoint\",\"urlTemplate\":\"https:\/\/marketkibris.com\/?s={search_term_string}\"},\"query-input\":\"required name=search_term_string\"}],\"inLanguage\":\"en-GB\"},{\"@type\":\"ImageObject\",\"inLanguage\":\"en-GB\",\"@id\":\"https:\/\/marketkibris.com\/urun\/samsung-galaxy-a53\/#primaryimage\",\"url\":\"https:\/\/marketkibris.com\/wp-content\/uploads\/2022\/07\/samsung-galaxy-a53-white-tiny.webp\",\"contentUrl\":\"https:\/\/marketkibris.com\/wp-content\/uploads\/2022\/07\/samsung-galaxy-a53-white-tiny.webp\",\"width\":1000,\"height\":1000},{\"@type\":\"WebPage\",\"@id\":\"https:\/\/marketkibris.com\/urun\/samsung-galaxy-a53\/#webpage\",\"url\":\"https:\/\/marketkibris.com\/urun\/samsung-galaxy-a53\/\",\"name\":\"Samsung Galaxy A53 - Market K\u0131br\u0131s\",\"isPartOf\":{\"@id\":\"https:\/\/marketkibris.com\/#website\"},\"primaryImageOfPage\":{\"@id\":\"https:\/\/marketkibris.com\/urun\/samsung-galaxy-a53\/#primaryimage\"},\"datePublished\":\"2022-07-06T06:47:41+00:00\",\"dateModified\":\"2022-07-06T06:47:42+00:00\",\"breadcrumb\":{\"@id\":\"https:\/\/marketkibris.com\/urun\/samsung-galaxy-a53\/#breadcrumb\"},\"inLanguage\":\"en-GB\",\"potentialAction\":[{\"@type\":\"ReadAction\",\"target\":[\"https:\/\/marketkibris.com\/urun\/samsung-galaxy-a53\/\"]}]},{\"@type\":\"BreadcrumbList\",\"@id\":\"https:\/\/marketkibris.com\/urun\/samsung-galaxy-a53\/#breadcrumb\",\"itemListElement\":[{\"@type\":\"ListItem\",\"position\":1,\"name\":\"Anasayfa\",\"item\":\"https:\/\/marketkibris.com\/\"},{\"@type\":\"ListItem\",\"position\":2,\"name\":\"Shop\",\"item\":\"https:\/\/marketkibris.com\/shop\/\"},{\"@type\":\"ListItem\",\"position\":3,\"name\":\"Samsung Galaxy A53\"}]}]}<\/script>\n<!-- \/ Yoast SEO plugin. -->","yoast_head_json":{"title":"Samsung Galaxy A53 - Market K\u0131br\u0131s","robots":{"index":"index","follow":"follow","max-snippet":"max-snippet:-1","max-image-preview":"max-image-preview:large","max-video-preview":"max-video-preview:-1"},"canonical":"https:\/\/marketkibris.com\/en\/product\/samsung-galaxy-a53\/","og_locale":"en_GB","og_type":"article","og_title":"Samsung Galaxy A53 - Market K\u0131br\u0131s","og_description":"FHD+ Super AMOLED ekran sayesinde telefonunuzdaki canl\u0131 ayr\u0131nt\u0131larla g\u00f6zleriniz ziyafet \u00e7eksin. Eye Comfort Shield mavi \u0131\u015f\u0131\u011f\u0131 azalt\u0131rken geni\u015f 6,5 in\u00e7lik Sonsuz-O Ekran ile a\u00e7\u0131k havada 800 nite varan g\u00f6r\u00fc\u015f netli\u011finin keyfine var\u0131n. Galaxy A53 5G telefondaki birden \u00e7ok lensi bulunan 64MP OIS kamera, foto\u011fraflar\u0131 bir \u00fcst seviyeye ta\u015f\u0131yor. Ultra Geni\u015f A\u00e7\u0131l\u0131 Kamera ile g\u00f6r\u00fc\u015f a\u00e7\u0131n\u0131z\u0131 [&hellip;]","og_url":"https:\/\/marketkibris.com\/en\/product\/samsung-galaxy-a53\/","og_site_name":"Market K\u0131br\u0131s","article_modified_time":"2022-07-06T06:47:42+00:00","og_image":[{"width":1000,"height":1000,"url":"https:\/\/marketkibris.com\/wp-content\/uploads\/2022\/07\/samsung-galaxy-a53-white-tiny.webp","type":"image\/webp"}],"author":"erenus","twitter_card":"summary_large_image","twitter_misc":{"Estimated reading time":"1 minute"},"schema":{"@context":"https:\/\/schema.org","@graph":[{"@type":"WebSite","@id":"https:\/\/marketkibris.com\/#website","url":"https:\/\/marketkibris.com\/","name":"Market K\u0131br\u0131s","description":"K\u0131br\u0131s&#039;\u0131n Bir numaral\u0131 Online Elektronik Marketi","potentialAction":[{"@type":"SearchAction","target":{"@type":"EntryPoint","urlTemplate":"https:\/\/marketkibris.com\/?s={search_term_string}"},"query-input":"required name=search_term_string"}],"inLanguage":"en-GB"},{"@type":"ImageObject","inLanguage":"en-GB","@id":"https:\/\/marketkibris.com\/urun\/samsung-galaxy-a53\/#primaryimage","url":"https:\/\/marketkibris.com\/wp-content\/uploads\/2022\/07\/samsung-galaxy-a53-white-tiny.webp","contentUrl":"https:\/\/marketkibris.com\/wp-content\/uploads\/2022\/07\/samsung-galaxy-a53-white-tiny.webp","width":1000,"height":1000},{"@type":"WebPage","@id":"https:\/\/marketkibris.com\/urun\/samsung-galaxy-a53\/#webpage","url":"https:\/\/marketkibris.com\/urun\/samsung-galaxy-a53\/","name":"Samsung Galaxy A53 - Market K\u0131br\u0131s","isPartOf":{"@id":"https:\/\/marketkibris.com\/#website"},"primaryImageOfPage":{"@id":"https:\/\/marketkibris.com\/urun\/samsung-galaxy-a53\/#primaryimage"},"datePublished":"2022-07-06T06:47:41+00:00","dateModified":"2022-07-06T06:47:42+00:00","breadcrumb":{"@id":"https:\/\/marketkibris.com\/urun\/samsung-galaxy-a53\/#breadcrumb"},"inLanguage":"en-GB","potentialAction":[{"@type":"ReadAction","target":["https:\/\/marketkibris.com\/urun\/samsung-galaxy-a53\/"]}]},{"@type":"BreadcrumbList","@id":"https:\/\/marketkibris.com\/urun\/samsung-galaxy-a53\/#breadcrumb","itemListElement":[{"@type":"ListItem","position":1,"name":"Anasayfa","item":"https:\/\/marketkibris.com\/"},{"@type":"ListItem","position":2,"name":"Shop","item":"https:\/\/marketkibris.com\/shop\/"},{"@type":"ListItem","position":3,"name":"Samsung Galaxy A53"}]}]}},"_links":{"self":[{"href":"https:\/\/marketkibris.com\/en\/wp-json\/wp\/v2\/product\/3449"}],"collection":[{"href":"https:\/\/marketkibris.com\/en\/wp-json\/wp\/v2\/product"}],"about":[{"href":"https:\/\/marketkibris.com\/en\/wp-json\/wp\/v2\/types\/product"}],"replies":[{"embeddable":true,"href":"https:\/\/marketkibris.com\/en\/wp-json\/wp\/v2\/comments?post=3449"}],"version-history":[{"count":1,"href":"https:\/\/marketkibris.com\/en\/wp-json\/wp\/v2\/product\/3449\/revisions"}],"predecessor-version":[{"id":3454,"href":"https:\/\/marketkibris.com\/en\/wp-json\/wp\/v2\/product\/3449\/revisions\/3454"}],"wp:featuredmedia":[{"embeddable":true,"href":"https:\/\/marketkibris.com\/en\/wp-json\/wp\/v2\/media\/3450"}],"wp:attachment":[{"href":"https:\/\/marketkibris.com\/en\/wp-json\/wp\/v2\/media?parent=3449"}],"curies":[{"name":"wp","href":"https:\/\/api.w.org\/{rel}","templated":true}]}}