{"id":3461,"date":"2022-07-06T09:59:42","date_gmt":"2022-07-06T06:59:42","guid":{"rendered":"https:\/\/marketkibris.com\/?post_type=product&#038;p=3461"},"modified":"2022-07-06T10:07:48","modified_gmt":"2022-07-06T07:07:48","slug":"samsung-galaxy-s22","status":"publish","type":"product","link":"https:\/\/marketkibris.com\/en\/product\/samsung-galaxy-s22\/","title":{"rendered":"Samsung Galaxy S22+"},"content":{"rendered":"<ul class=\"a-unordered-list a-vertical a-spacing-mini\">\n<li><span class=\"a-list-item\">Telefonlarda \u015fimdiye kadarki en g\u00f6rkemli yenili\u011fimiz. Sens\u00f6r daha fazla \u0131\u015f\u0131k \u00e7eker, S\u00fcper Berrak Cam lens parlamas\u0131n\u0131 azalt\u0131r ve h\u0131zl\u0131 tepki veren yapay zeka neredeyse an\u0131nda ak\u0131ll\u0131 i\u015flem sa\u011flar.<\/span><\/li>\n<li><span class=\"a-list-item\">OIS d\u00fczeltme a\u00e7\u0131s\u0131 %58 iyile\u015ftirildi ve cep telefonunda \u00e7ekimlerinizi dengeli hale getirmek i\u00e7in daha h\u0131zl\u0131 hareket se\u00e7me ile \u00e7al\u0131\u015f\u0131r. Bu arada s\u00fcper HDR her karenin muhte\u015fem g\u00f6r\u00fcnmesi i\u00e7in rengi kare kare ayarlar.<\/span><\/li>\n<li><span class=\"a-list-item\">G\u00fcne\u015f \u0131\u015f\u0131\u011f\u0131, Samsung Galaxy S22 telefonun parlak ekran\u0131yla tan\u0131\u015f. \u00d6zellikle a\u00e7\u0131k havada y\u00fcksek g\u00f6r\u00fc\u015f i\u00e7in tasarlanm\u0131\u015f \u00c7arp\u0131c\u0131 Dinamik AMOLED 2x ekran ile parlak g\u00fcn \u0131\u015f\u0131\u011f\u0131nda g\u00f6r\u00fcnt\u00fc hep net kal\u0131r.<\/span><\/li>\n<li><span class=\"a-list-item\">Google Duo ile ekibi telefonunuzda bir araya toplay\u0131n. B\u00f6ylelikle t\u0131pk\u0131 ger\u00e7ek hayatta oldu\u011fu gibi internet \u00fczerinden kaliteli yay\u0131n ile birlikte film izleyebilirsiniz.<\/span><\/li>\n<li><span class=\"a-list-item\">Android telefonlarda gelmi\u015f ge\u00e7mi\u015f en h\u0131zl\u0131, en g\u00fc\u00e7l\u00fc \u00e7ipimiz. Bu da demek oluyor ki Galaxy S21 Ultra\u2019ya k\u0131yasla daha h\u0131zl\u0131 CPU ve GPU. Ak\u0131ll\u0131 telefon teknolojisinde m\u00fcthi\u015f bir hamle.<\/span><\/li>\n<\/ul>","protected":false},"excerpt":{"rendered":"<p>Telefonlarda \u015fimdiye kadarki en g\u00f6rkemli yenili\u011fimiz. Sens\u00f6r daha fazla \u0131\u015f\u0131k \u00e7eker, S\u00fcper Berrak Cam lens parlamas\u0131n\u0131 azalt\u0131r ve h\u0131zl\u0131 tepki veren yapay zeka neredeyse an\u0131nda ak\u0131ll\u0131 i\u015flem sa\u011flar. OIS d\u00fczeltme a\u00e7\u0131s\u0131 %58 iyile\u015ftirildi ve cep telefonunda \u00e7ekimlerinizi dengeli hale getirmek i\u00e7in daha h\u0131zl\u0131 hareket se\u00e7me ile \u00e7al\u0131\u015f\u0131r. Bu arada s\u00fcper HDR her karenin muhte\u015fem g\u00f6r\u00fcnmesi [&hellip;]<\/p>","protected":false},"featured_media":3462,"comment_status":"open","ping_status":"closed","template":"","meta":{"_joinchat":[]},"yoast_head":"<!-- This site is optimized with the Yoast SEO plugin v19.2 - https:\/\/yoast.com\/wordpress\/plugins\/seo\/ -->\n<title>Samsung Galaxy S22+ - Market K\u0131br\u0131s<\/title>\n<meta name=\"robots\" content=\"index, follow, max-snippet:-1, max-image-preview:large, max-video-preview:-1\" \/>\n<link rel=\"canonical\" href=\"https:\/\/marketkibris.com\/en\/product\/samsung-galaxy-s22\/\" \/>\n<meta property=\"og:locale\" content=\"en_GB\" \/>\n<meta property=\"og:type\" content=\"article\" \/>\n<meta property=\"og:title\" content=\"Samsung Galaxy S22+ - Market K\u0131br\u0131s\" \/>\n<meta property=\"og:description\" content=\"Telefonlarda \u015fimdiye kadarki en g\u00f6rkemli yenili\u011fimiz. Sens\u00f6r daha fazla \u0131\u015f\u0131k \u00e7eker, S\u00fcper Berrak Cam lens parlamas\u0131n\u0131 azalt\u0131r ve h\u0131zl\u0131 tepki veren yapay zeka neredeyse an\u0131nda ak\u0131ll\u0131 i\u015flem sa\u011flar. OIS d\u00fczeltme a\u00e7\u0131s\u0131 %58 iyile\u015ftirildi ve cep telefonunda \u00e7ekimlerinizi dengeli hale getirmek i\u00e7in daha h\u0131zl\u0131 hareket se\u00e7me ile \u00e7al\u0131\u015f\u0131r. Bu arada s\u00fcper HDR her karenin muhte\u015fem g\u00f6r\u00fcnmesi [&hellip;]\" \/>\n<meta property=\"og:url\" content=\"https:\/\/marketkibris.com\/en\/product\/samsung-galaxy-s22\/\" \/>\n<meta property=\"og:site_name\" content=\"Market K\u0131br\u0131s\" \/>\n<meta property=\"article:modified_time\" content=\"2022-07-06T07:07:48+00:00\" \/>\n<meta property=\"og:image\" content=\"https:\/\/marketkibris.com\/wp-content\/uploads\/2022\/07\/samsung-galaxy-s22-plus-green-tiny.webp\" \/>\n\t<meta property=\"og:image:width\" content=\"1000\" \/>\n\t<meta property=\"og:image:height\" content=\"1000\" \/>\n\t<meta property=\"og:image:type\" content=\"image\/webp\" \/>\n<meta name=\"author\" content=\"erenus\" \/>\n<meta name=\"twitter:card\" content=\"summary_large_image\" \/>\n<meta name=\"twitter:label1\" content=\"Estimated reading time\" \/>\n\t<meta name=\"twitter:data1\" content=\"1 minute\" \/>\n<script type=\"application\/ld+json\" class=\"yoast-schema-graph\">{\"@context\":\"https:\/\/schema.org\",\"@graph\":[{\"@type\":\"WebSite\",\"@id\":\"https:\/\/marketkibris.com\/#website\",\"url\":\"https:\/\/marketkibris.com\/\",\"name\":\"Market K\u0131br\u0131s\",\"description\":\"K\u0131br\u0131s&#039;\u0131n Bir numaral\u0131 Online Elektronik Marketi\",\"potentialAction\":[{\"@type\":\"SearchAction\",\"target\":{\"@type\":\"EntryPoint\",\"urlTemplate\":\"https:\/\/marketkibris.com\/?s={search_term_string}\"},\"query-input\":\"required name=search_term_string\"}],\"inLanguage\":\"en-GB\"},{\"@type\":\"ImageObject\",\"inLanguage\":\"en-GB\",\"@id\":\"https:\/\/marketkibris.com\/urun\/samsung-galaxy-s22\/#primaryimage\",\"url\":\"https:\/\/marketkibris.com\/wp-content\/uploads\/2022\/07\/samsung-galaxy-s22-plus-green-tiny.webp\",\"contentUrl\":\"https:\/\/marketkibris.com\/wp-content\/uploads\/2022\/07\/samsung-galaxy-s22-plus-green-tiny.webp\",\"width\":1000,\"height\":1000},{\"@type\":\"WebPage\",\"@id\":\"https:\/\/marketkibris.com\/urun\/samsung-galaxy-s22\/#webpage\",\"url\":\"https:\/\/marketkibris.com\/urun\/samsung-galaxy-s22\/\",\"name\":\"Samsung Galaxy S22+ - Market K\u0131br\u0131s\",\"isPartOf\":{\"@id\":\"https:\/\/marketkibris.com\/#website\"},\"primaryImageOfPage\":{\"@id\":\"https:\/\/marketkibris.com\/urun\/samsung-galaxy-s22\/#primaryimage\"},\"datePublished\":\"2022-07-06T06:59:42+00:00\",\"dateModified\":\"2022-07-06T07:07:48+00:00\",\"breadcrumb\":{\"@id\":\"https:\/\/marketkibris.com\/urun\/samsung-galaxy-s22\/#breadcrumb\"},\"inLanguage\":\"en-GB\",\"potentialAction\":[{\"@type\":\"ReadAction\",\"target\":[\"https:\/\/marketkibris.com\/urun\/samsung-galaxy-s22\/\"]}]},{\"@type\":\"BreadcrumbList\",\"@id\":\"https:\/\/marketkibris.com\/urun\/samsung-galaxy-s22\/#breadcrumb\",\"itemListElement\":[{\"@type\":\"ListItem\",\"position\":1,\"name\":\"Anasayfa\",\"item\":\"https:\/\/marketkibris.com\/\"},{\"@type\":\"ListItem\",\"position\":2,\"name\":\"Shop\",\"item\":\"https:\/\/marketkibris.com\/shop\/\"},{\"@type\":\"ListItem\",\"position\":3,\"name\":\"Samsung Galaxy S22+\"}]}]}<\/script>\n<!-- \/ Yoast SEO plugin. -->","yoast_head_json":{"title":"Samsung Galaxy S22+ - Market K\u0131br\u0131s","robots":{"index":"index","follow":"follow","max-snippet":"max-snippet:-1","max-image-preview":"max-image-preview:large","max-video-preview":"max-video-preview:-1"},"canonical":"https:\/\/marketkibris.com\/en\/product\/samsung-galaxy-s22\/","og_locale":"en_GB","og_type":"article","og_title":"Samsung Galaxy S22+ - Market K\u0131br\u0131s","og_description":"Telefonlarda \u015fimdiye kadarki en g\u00f6rkemli yenili\u011fimiz. Sens\u00f6r daha fazla \u0131\u015f\u0131k \u00e7eker, S\u00fcper Berrak Cam lens parlamas\u0131n\u0131 azalt\u0131r ve h\u0131zl\u0131 tepki veren yapay zeka neredeyse an\u0131nda ak\u0131ll\u0131 i\u015flem sa\u011flar. OIS d\u00fczeltme a\u00e7\u0131s\u0131 %58 iyile\u015ftirildi ve cep telefonunda \u00e7ekimlerinizi dengeli hale getirmek i\u00e7in daha h\u0131zl\u0131 hareket se\u00e7me ile \u00e7al\u0131\u015f\u0131r. Bu arada s\u00fcper HDR her karenin muhte\u015fem g\u00f6r\u00fcnmesi [&hellip;]","og_url":"https:\/\/marketkibris.com\/en\/product\/samsung-galaxy-s22\/","og_site_name":"Market K\u0131br\u0131s","article_modified_time":"2022-07-06T07:07:48+00:00","og_image":[{"width":1000,"height":1000,"url":"https:\/\/marketkibris.com\/wp-content\/uploads\/2022\/07\/samsung-galaxy-s22-plus-green-tiny.webp","type":"image\/webp"}],"author":"erenus","twitter_card":"summary_large_image","twitter_misc":{"Estimated reading time":"1 minute"},"schema":{"@context":"https:\/\/schema.org","@graph":[{"@type":"WebSite","@id":"https:\/\/marketkibris.com\/#website","url":"https:\/\/marketkibris.com\/","name":"Market K\u0131br\u0131s","description":"K\u0131br\u0131s&#039;\u0131n Bir numaral\u0131 Online Elektronik Marketi","potentialAction":[{"@type":"SearchAction","target":{"@type":"EntryPoint","urlTemplate":"https:\/\/marketkibris.com\/?s={search_term_string}"},"query-input":"required name=search_term_string"}],"inLanguage":"en-GB"},{"@type":"ImageObject","inLanguage":"en-GB","@id":"https:\/\/marketkibris.com\/urun\/samsung-galaxy-s22\/#primaryimage","url":"https:\/\/marketkibris.com\/wp-content\/uploads\/2022\/07\/samsung-galaxy-s22-plus-green-tiny.webp","contentUrl":"https:\/\/marketkibris.com\/wp-content\/uploads\/2022\/07\/samsung-galaxy-s22-plus-green-tiny.webp","width":1000,"height":1000},{"@type":"WebPage","@id":"https:\/\/marketkibris.com\/urun\/samsung-galaxy-s22\/#webpage","url":"https:\/\/marketkibris.com\/urun\/samsung-galaxy-s22\/","name":"Samsung Galaxy S22+ - Market K\u0131br\u0131s","isPartOf":{"@id":"https:\/\/marketkibris.com\/#website"},"primaryImageOfPage":{"@id":"https:\/\/marketkibris.com\/urun\/samsung-galaxy-s22\/#primaryimage"},"datePublished":"2022-07-06T06:59:42+00:00","dateModified":"2022-07-06T07:07:48+00:00","breadcrumb":{"@id":"https:\/\/marketkibris.com\/urun\/samsung-galaxy-s22\/#breadcrumb"},"inLanguage":"en-GB","potentialAction":[{"@type":"ReadAction","target":["https:\/\/marketkibris.com\/urun\/samsung-galaxy-s22\/"]}]},{"@type":"BreadcrumbList","@id":"https:\/\/marketkibris.com\/urun\/samsung-galaxy-s22\/#breadcrumb","itemListElement":[{"@type":"ListItem","position":1,"name":"Anasayfa","item":"https:\/\/marketkibris.com\/"},{"@type":"ListItem","position":2,"name":"Shop","item":"https:\/\/marketkibris.com\/shop\/"},{"@type":"ListItem","position":3,"name":"Samsung Galaxy S22+"}]}]}},"_links":{"self":[{"href":"https:\/\/marketkibris.com\/en\/wp-json\/wp\/v2\/product\/3461"}],"collection":[{"href":"https:\/\/marketkibris.com\/en\/wp-json\/wp\/v2\/product"}],"about":[{"href":"https:\/\/marketkibris.com\/en\/wp-json\/wp\/v2\/types\/product"}],"replies":[{"embeddable":true,"href":"https:\/\/marketkibris.com\/en\/wp-json\/wp\/v2\/comments?post=3461"}],"version-history":[{"count":1,"href":"https:\/\/marketkibris.com\/en\/wp-json\/wp\/v2\/product\/3461\/revisions"}],"predecessor-version":[{"id":3465,"href":"https:\/\/marketkibris.com\/en\/wp-json\/wp\/v2\/product\/3461\/revisions\/3465"}],"wp:featuredmedia":[{"embeddable":true,"href":"https:\/\/marketkibris.com\/en\/wp-json\/wp\/v2\/media\/3462"}],"wp:attachment":[{"href":"https:\/\/marketkibris.com\/en\/wp-json\/wp\/v2\/media?parent=3461"}],"curies":[{"name":"wp","href":"https:\/\/api.w.org\/{rel}","templated":true}]}}