{"id":3470,"date":"2022-07-06T10:39:32","date_gmt":"2022-07-06T07:39:32","guid":{"rendered":"https:\/\/marketkibris.com\/?post_type=product&#038;p=3470"},"modified":"2022-07-06T10:39:32","modified_gmt":"2022-07-06T07:39:32","slug":"samsung-galaxy-r175-buds","status":"publish","type":"product","link":"https:\/\/marketkibris.com\/en\/product\/samsung-galaxy-r175-buds\/","title":{"rendered":"Samsung Galaxy R175 Buds+"},"content":{"rendered":"<ul class=\"a-unordered-list a-vertical a-spacing-mini\">\n<li><span class=\"a-list-item\">M\u00fczi\u011finize dal\u0131n: \u0130lk komple kablosuz iki y\u00f6nl\u00fc hoparl\u00f6r sistemi ile muhte\u015fem sesin keyfini \u00e7\u0131kar\u0131n.<\/span><\/li>\n<li><span class=\"a-list-item\">Net ses kalitesi: D\u0131\u015fa do\u011fru y\u00f6nlendirilmi\u015f iki mikrofon sesinizi rahats\u0131z edici ortam g\u00fcr\u00fclt\u00fcs\u00fc olmadan net bir \u015fekilde ileti\u015fim arkada\u015f\u0131n\u0131za aktar\u0131r.<\/span><\/li>\n<li><span class=\"a-list-item\">Minimalist g\u00fczellik: \u0130nce, kompakt ve ergonomik \u015fekilli Galaxy Buds+ uzun s\u00fcreli m\u00fczik keyfi i\u00e7in y\u00fcksek ta\u015f\u0131ma konforu sunar.<\/span><\/li>\n<li><span class=\"a-list-item\">Ortam modu: Ortam modunu a\u00e7\u0131n ve istasyonda veya ak\u015fam trafi\u011finde mesajlar gibi \u00f6nemli bildirimleri dinleyin.<\/span><\/li>\n<li><span class=\"a-list-item\">Dayan\u0131kl\u0131 pil: Tek bir \u015farjla 11 saate kadar m\u00fczik d\u00fcnyan\u0131za tamamen dal\u0131n.<\/span><\/li>\n<\/ul>","protected":false},"excerpt":{"rendered":"<p>M\u00fczi\u011finize dal\u0131n: \u0130lk komple kablosuz iki y\u00f6nl\u00fc hoparl\u00f6r sistemi ile muhte\u015fem sesin keyfini \u00e7\u0131kar\u0131n. Net ses kalitesi: D\u0131\u015fa do\u011fru y\u00f6nlendirilmi\u015f iki mikrofon sesinizi rahats\u0131z edici ortam g\u00fcr\u00fclt\u00fcs\u00fc olmadan net bir \u015fekilde ileti\u015fim arkada\u015f\u0131n\u0131za aktar\u0131r. Minimalist g\u00fczellik: \u0130nce, kompakt ve ergonomik \u015fekilli Galaxy Buds+ uzun s\u00fcreli m\u00fczik keyfi i\u00e7in y\u00fcksek ta\u015f\u0131ma konforu sunar. Ortam modu: Ortam [&hellip;]<\/p>","protected":false},"featured_media":3471,"comment_status":"open","ping_status":"closed","template":"","meta":{"_joinchat":[]},"yoast_head":"<!-- This site is optimized with the Yoast SEO plugin v19.2 - https:\/\/yoast.com\/wordpress\/plugins\/seo\/ -->\n<title>Samsung Galaxy R175 Buds+ - Market K\u0131br\u0131s<\/title>\n<meta name=\"robots\" content=\"index, follow, max-snippet:-1, max-image-preview:large, max-video-preview:-1\" \/>\n<link rel=\"canonical\" href=\"https:\/\/marketkibris.com\/en\/product\/samsung-galaxy-r175-buds\/\" \/>\n<meta property=\"og:locale\" content=\"en_GB\" \/>\n<meta property=\"og:type\" content=\"article\" \/>\n<meta property=\"og:title\" content=\"Samsung Galaxy R175 Buds+ - Market K\u0131br\u0131s\" \/>\n<meta property=\"og:description\" content=\"M\u00fczi\u011finize dal\u0131n: \u0130lk komple kablosuz iki y\u00f6nl\u00fc hoparl\u00f6r sistemi ile muhte\u015fem sesin keyfini \u00e7\u0131kar\u0131n. Net ses kalitesi: D\u0131\u015fa do\u011fru y\u00f6nlendirilmi\u015f iki mikrofon sesinizi rahats\u0131z edici ortam g\u00fcr\u00fclt\u00fcs\u00fc olmadan net bir \u015fekilde ileti\u015fim arkada\u015f\u0131n\u0131za aktar\u0131r. Minimalist g\u00fczellik: \u0130nce, kompakt ve ergonomik \u015fekilli Galaxy Buds+ uzun s\u00fcreli m\u00fczik keyfi i\u00e7in y\u00fcksek ta\u015f\u0131ma konforu sunar. Ortam modu: Ortam [&hellip;]\" \/>\n<meta property=\"og:url\" content=\"https:\/\/marketkibris.com\/en\/product\/samsung-galaxy-r175-buds\/\" \/>\n<meta property=\"og:site_name\" content=\"Market K\u0131br\u0131s\" \/>\n<meta property=\"og:image\" content=\"https:\/\/marketkibris.com\/wp-content\/uploads\/2022\/07\/samsung-r175-buds-02.jpg\" \/>\n\t<meta property=\"og:image:width\" content=\"1300\" \/>\n\t<meta property=\"og:image:height\" content=\"1430\" \/>\n\t<meta property=\"og:image:type\" content=\"image\/jpeg\" \/>\n<meta name=\"author\" content=\"erenus\" \/>\n<meta name=\"twitter:card\" content=\"summary_large_image\" \/>\n<meta name=\"twitter:label1\" content=\"Estimated reading time\" \/>\n\t<meta name=\"twitter:data1\" content=\"1 minute\" \/>\n<script type=\"application\/ld+json\" class=\"yoast-schema-graph\">{\"@context\":\"https:\/\/schema.org\",\"@graph\":[{\"@type\":\"WebSite\",\"@id\":\"https:\/\/marketkibris.com\/#website\",\"url\":\"https:\/\/marketkibris.com\/\",\"name\":\"Market K\u0131br\u0131s\",\"description\":\"K\u0131br\u0131s&#039;\u0131n Bir numaral\u0131 Online Elektronik Marketi\",\"potentialAction\":[{\"@type\":\"SearchAction\",\"target\":{\"@type\":\"EntryPoint\",\"urlTemplate\":\"https:\/\/marketkibris.com\/?s={search_term_string}\"},\"query-input\":\"required name=search_term_string\"}],\"inLanguage\":\"en-GB\"},{\"@type\":\"ImageObject\",\"inLanguage\":\"en-GB\",\"@id\":\"https:\/\/marketkibris.com\/urun\/samsung-galaxy-r175-buds\/#primaryimage\",\"url\":\"https:\/\/marketkibris.com\/wp-content\/uploads\/2022\/07\/samsung-r175-buds-02.jpg\",\"contentUrl\":\"https:\/\/marketkibris.com\/wp-content\/uploads\/2022\/07\/samsung-r175-buds-02.jpg\",\"width\":1300,\"height\":1430},{\"@type\":\"WebPage\",\"@id\":\"https:\/\/marketkibris.com\/urun\/samsung-galaxy-r175-buds\/#webpage\",\"url\":\"https:\/\/marketkibris.com\/urun\/samsung-galaxy-r175-buds\/\",\"name\":\"Samsung Galaxy R175 Buds+ - Market K\u0131br\u0131s\",\"isPartOf\":{\"@id\":\"https:\/\/marketkibris.com\/#website\"},\"primaryImageOfPage\":{\"@id\":\"https:\/\/marketkibris.com\/urun\/samsung-galaxy-r175-buds\/#primaryimage\"},\"datePublished\":\"2022-07-06T07:39:32+00:00\",\"dateModified\":\"2022-07-06T07:39:32+00:00\",\"breadcrumb\":{\"@id\":\"https:\/\/marketkibris.com\/urun\/samsung-galaxy-r175-buds\/#breadcrumb\"},\"inLanguage\":\"en-GB\",\"potentialAction\":[{\"@type\":\"ReadAction\",\"target\":[\"https:\/\/marketkibris.com\/urun\/samsung-galaxy-r175-buds\/\"]}]},{\"@type\":\"BreadcrumbList\",\"@id\":\"https:\/\/marketkibris.com\/urun\/samsung-galaxy-r175-buds\/#breadcrumb\",\"itemListElement\":[{\"@type\":\"ListItem\",\"position\":1,\"name\":\"Anasayfa\",\"item\":\"https:\/\/marketkibris.com\/\"},{\"@type\":\"ListItem\",\"position\":2,\"name\":\"Shop\",\"item\":\"https:\/\/marketkibris.com\/shop\/\"},{\"@type\":\"ListItem\",\"position\":3,\"name\":\"Samsung Galaxy R175 Buds+\"}]}]}<\/script>\n<!-- \/ Yoast SEO plugin. -->","yoast_head_json":{"title":"Samsung Galaxy R175 Buds+ - Market K\u0131br\u0131s","robots":{"index":"index","follow":"follow","max-snippet":"max-snippet:-1","max-image-preview":"max-image-preview:large","max-video-preview":"max-video-preview:-1"},"canonical":"https:\/\/marketkibris.com\/en\/product\/samsung-galaxy-r175-buds\/","og_locale":"en_GB","og_type":"article","og_title":"Samsung Galaxy R175 Buds+ - Market K\u0131br\u0131s","og_description":"M\u00fczi\u011finize dal\u0131n: \u0130lk komple kablosuz iki y\u00f6nl\u00fc hoparl\u00f6r sistemi ile muhte\u015fem sesin keyfini \u00e7\u0131kar\u0131n. Net ses kalitesi: D\u0131\u015fa do\u011fru y\u00f6nlendirilmi\u015f iki mikrofon sesinizi rahats\u0131z edici ortam g\u00fcr\u00fclt\u00fcs\u00fc olmadan net bir \u015fekilde ileti\u015fim arkada\u015f\u0131n\u0131za aktar\u0131r. Minimalist g\u00fczellik: \u0130nce, kompakt ve ergonomik \u015fekilli Galaxy Buds+ uzun s\u00fcreli m\u00fczik keyfi i\u00e7in y\u00fcksek ta\u015f\u0131ma konforu sunar. Ortam modu: Ortam [&hellip;]","og_url":"https:\/\/marketkibris.com\/en\/product\/samsung-galaxy-r175-buds\/","og_site_name":"Market K\u0131br\u0131s","og_image":[{"width":1300,"height":1430,"url":"https:\/\/marketkibris.com\/wp-content\/uploads\/2022\/07\/samsung-r175-buds-02.jpg","type":"image\/jpeg"}],"author":"erenus","twitter_card":"summary_large_image","twitter_misc":{"Estimated reading time":"1 minute"},"schema":{"@context":"https:\/\/schema.org","@graph":[{"@type":"WebSite","@id":"https:\/\/marketkibris.com\/#website","url":"https:\/\/marketkibris.com\/","name":"Market K\u0131br\u0131s","description":"K\u0131br\u0131s&#039;\u0131n Bir numaral\u0131 Online Elektronik Marketi","potentialAction":[{"@type":"SearchAction","target":{"@type":"EntryPoint","urlTemplate":"https:\/\/marketkibris.com\/?s={search_term_string}"},"query-input":"required name=search_term_string"}],"inLanguage":"en-GB"},{"@type":"ImageObject","inLanguage":"en-GB","@id":"https:\/\/marketkibris.com\/urun\/samsung-galaxy-r175-buds\/#primaryimage","url":"https:\/\/marketkibris.com\/wp-content\/uploads\/2022\/07\/samsung-r175-buds-02.jpg","contentUrl":"https:\/\/marketkibris.com\/wp-content\/uploads\/2022\/07\/samsung-r175-buds-02.jpg","width":1300,"height":1430},{"@type":"WebPage","@id":"https:\/\/marketkibris.com\/urun\/samsung-galaxy-r175-buds\/#webpage","url":"https:\/\/marketkibris.com\/urun\/samsung-galaxy-r175-buds\/","name":"Samsung Galaxy R175 Buds+ - Market K\u0131br\u0131s","isPartOf":{"@id":"https:\/\/marketkibris.com\/#website"},"primaryImageOfPage":{"@id":"https:\/\/marketkibris.com\/urun\/samsung-galaxy-r175-buds\/#primaryimage"},"datePublished":"2022-07-06T07:39:32+00:00","dateModified":"2022-07-06T07:39:32+00:00","breadcrumb":{"@id":"https:\/\/marketkibris.com\/urun\/samsung-galaxy-r175-buds\/#breadcrumb"},"inLanguage":"en-GB","potentialAction":[{"@type":"ReadAction","target":["https:\/\/marketkibris.com\/urun\/samsung-galaxy-r175-buds\/"]}]},{"@type":"BreadcrumbList","@id":"https:\/\/marketkibris.com\/urun\/samsung-galaxy-r175-buds\/#breadcrumb","itemListElement":[{"@type":"ListItem","position":1,"name":"Anasayfa","item":"https:\/\/marketkibris.com\/"},{"@type":"ListItem","position":2,"name":"Shop","item":"https:\/\/marketkibris.com\/shop\/"},{"@type":"ListItem","position":3,"name":"Samsung Galaxy R175 Buds+"}]}]}},"_links":{"self":[{"href":"https:\/\/marketkibris.com\/en\/wp-json\/wp\/v2\/product\/3470"}],"collection":[{"href":"https:\/\/marketkibris.com\/en\/wp-json\/wp\/v2\/product"}],"about":[{"href":"https:\/\/marketkibris.com\/en\/wp-json\/wp\/v2\/types\/product"}],"replies":[{"embeddable":true,"href":"https:\/\/marketkibris.com\/en\/wp-json\/wp\/v2\/comments?post=3470"}],"version-history":[{"count":1,"href":"https:\/\/marketkibris.com\/en\/wp-json\/wp\/v2\/product\/3470\/revisions"}],"predecessor-version":[{"id":3475,"href":"https:\/\/marketkibris.com\/en\/wp-json\/wp\/v2\/product\/3470\/revisions\/3475"}],"wp:featuredmedia":[{"embeddable":true,"href":"https:\/\/marketkibris.com\/en\/wp-json\/wp\/v2\/media\/3471"}],"wp:attachment":[{"href":"https:\/\/marketkibris.com\/en\/wp-json\/wp\/v2\/media?parent=3470"}],"curies":[{"name":"wp","href":"https:\/\/api.w.org\/{rel}","templated":true}]}}