{"id":3489,"date":"2022-07-06T11:58:23","date_gmt":"2022-07-06T08:58:23","guid":{"rendered":"https:\/\/marketkibris.com\/?post_type=product&#038;p=3489"},"modified":"2022-07-06T12:06:30","modified_gmt":"2022-07-06T09:06:30","slug":"samsung-galaxy-tab-a7-lite-t225","status":"publish","type":"product","link":"https:\/\/marketkibris.com\/en\/product\/samsung-galaxy-tab-a7-lite-t225\/","title":{"rendered":"Samsung Galaxy Tab A7 Lite (SM-T225)"},"content":{"rendered":"<ul class=\"a-unordered-list a-vertical a-spacing-mini\">\n<li><span class=\"a-list-item\">22,05 cm (8,7 in\u00e7) ekranla filmlerin ve oyunlar\u0131n keyfini \u00e7\u0131kar\u0131n. Minimum kenarlar, tabletinizi daha b\u00fcy\u00fck hale getirmeden daha b\u00fcy\u00fck bir ekran g\u00f6vdesi oran\u0131 sa\u011flar.<\/span><\/li>\n<li><span class=\"a-list-item\">Tabletinizi tek elle kolayca y\u00f6netin. Test tabanl\u0131 bir men\u00fc, size &#8220;geri&#8221;, &#8220;son kullan\u0131lan uygulamalar&#8221; ve &#8220;Ba\u015flatma men\u00fcs\u00fc&#8221; gibi \u00f6zellikler sunar \u2013 hepsi bir ba\u015fparmak hareketi ile.<\/span><\/li>\n<li><span class=\"a-list-item\">Parkta veya yatakta bir sonraki serinin tad\u0131n\u0131 \u00e7\u0131kar\u0131n, doygun stereo ses sa\u011flayan yatay formatta iki hoparl\u00f6rle birlikte.<\/span><\/li>\n<li><span class=\"a-list-item\">Galaxy Tab A7 Lite t\u00fcm y\u00fcksek \u00e7\u00f6z\u00fcn\u00fcrl\u00fckl\u00fc videolar, foto\u011fraflar ve dosyalar\u0131n\u0131z i\u00e7in 32 GB entegre haf\u0131za alan\u0131na sahiptir.<\/span><\/li>\n<li><span class=\"a-list-item\">5,100 mAh pil size yoldaysan\u0131z veya \u00e7ok \u015fey g\u00f6rmek istedi\u011finizde \u015farj cihaz\u0131n\u0131 uzun s\u00fcre unutma \u00f6zg\u00fcrl\u00fc\u011f\u00fc sa\u011flar.<\/span><\/li>\n<\/ul>","protected":false},"excerpt":{"rendered":"<p>22,05 cm (8,7 in\u00e7) ekranla filmlerin ve oyunlar\u0131n keyfini \u00e7\u0131kar\u0131n. Minimum kenarlar, tabletinizi daha b\u00fcy\u00fck hale getirmeden daha b\u00fcy\u00fck bir ekran g\u00f6vdesi oran\u0131 sa\u011flar. Tabletinizi tek elle kolayca y\u00f6netin. Test tabanl\u0131 bir men\u00fc, size &#8220;geri&#8221;, &#8220;son kullan\u0131lan uygulamalar&#8221; ve &#8220;Ba\u015flatma men\u00fcs\u00fc&#8221; gibi \u00f6zellikler sunar \u2013 hepsi bir ba\u015fparmak hareketi ile. Parkta veya yatakta bir sonraki [&hellip;]<\/p>","protected":false},"featured_media":3490,"comment_status":"open","ping_status":"closed","template":"","meta":{"_joinchat":[]},"yoast_head":"<!-- This site is optimized with the Yoast SEO plugin v19.2 - https:\/\/yoast.com\/wordpress\/plugins\/seo\/ -->\n<title>Samsung Galaxy Tab A7 Lite (SM-T225) - Market K\u0131br\u0131s<\/title>\n<meta name=\"robots\" content=\"index, follow, max-snippet:-1, max-image-preview:large, max-video-preview:-1\" \/>\n<link rel=\"canonical\" href=\"https:\/\/marketkibris.com\/en\/product\/samsung-galaxy-tab-a7-lite-t225\/\" \/>\n<meta property=\"og:locale\" content=\"en_GB\" \/>\n<meta property=\"og:type\" content=\"article\" \/>\n<meta property=\"og:title\" content=\"Samsung Galaxy Tab A7 Lite (SM-T225) - Market K\u0131br\u0131s\" \/>\n<meta property=\"og:description\" content=\"22,05 cm (8,7 in\u00e7) ekranla filmlerin ve oyunlar\u0131n keyfini \u00e7\u0131kar\u0131n. Minimum kenarlar, tabletinizi daha b\u00fcy\u00fck hale getirmeden daha b\u00fcy\u00fck bir ekran g\u00f6vdesi oran\u0131 sa\u011flar. Tabletinizi tek elle kolayca y\u00f6netin. Test tabanl\u0131 bir men\u00fc, size &#8220;geri&#8221;, &#8220;son kullan\u0131lan uygulamalar&#8221; ve &#8220;Ba\u015flatma men\u00fcs\u00fc&#8221; gibi \u00f6zellikler sunar \u2013 hepsi bir ba\u015fparmak hareketi ile. Parkta veya yatakta bir sonraki [&hellip;]\" \/>\n<meta property=\"og:url\" content=\"https:\/\/marketkibris.com\/en\/product\/samsung-galaxy-tab-a7-lite-t225\/\" \/>\n<meta property=\"og:site_name\" content=\"Market K\u0131br\u0131s\" \/>\n<meta property=\"article:modified_time\" content=\"2022-07-06T09:06:30+00:00\" \/>\n<meta property=\"og:image\" content=\"https:\/\/marketkibris.com\/wp-content\/uploads\/2022\/07\/samsung-galaxy-tab-t225-a7-lite-02.jpg\" \/>\n\t<meta property=\"og:image:width\" content=\"1440\" \/>\n\t<meta property=\"og:image:height\" content=\"809\" \/>\n\t<meta property=\"og:image:type\" content=\"image\/jpeg\" \/>\n<meta name=\"author\" content=\"erenus\" \/>\n<meta name=\"twitter:card\" content=\"summary_large_image\" \/>\n<meta name=\"twitter:label1\" content=\"Estimated reading time\" \/>\n\t<meta name=\"twitter:data1\" content=\"1 minute\" \/>\n<script type=\"application\/ld+json\" class=\"yoast-schema-graph\">{\"@context\":\"https:\/\/schema.org\",\"@graph\":[{\"@type\":\"WebSite\",\"@id\":\"https:\/\/marketkibris.com\/#website\",\"url\":\"https:\/\/marketkibris.com\/\",\"name\":\"Market K\u0131br\u0131s\",\"description\":\"K\u0131br\u0131s&#039;\u0131n Bir numaral\u0131 Online Elektronik Marketi\",\"potentialAction\":[{\"@type\":\"SearchAction\",\"target\":{\"@type\":\"EntryPoint\",\"urlTemplate\":\"https:\/\/marketkibris.com\/?s={search_term_string}\"},\"query-input\":\"required name=search_term_string\"}],\"inLanguage\":\"en-GB\"},{\"@type\":\"ImageObject\",\"inLanguage\":\"en-GB\",\"@id\":\"https:\/\/marketkibris.com\/urun\/samsung-galaxy-tab-a7-lite-t225\/#primaryimage\",\"url\":\"https:\/\/marketkibris.com\/wp-content\/uploads\/2022\/07\/samsung-galaxy-tab-t225-a7-lite-02.jpg\",\"contentUrl\":\"https:\/\/marketkibris.com\/wp-content\/uploads\/2022\/07\/samsung-galaxy-tab-t225-a7-lite-02.jpg\",\"width\":1440,\"height\":809},{\"@type\":\"WebPage\",\"@id\":\"https:\/\/marketkibris.com\/urun\/samsung-galaxy-tab-a7-lite-t225\/#webpage\",\"url\":\"https:\/\/marketkibris.com\/urun\/samsung-galaxy-tab-a7-lite-t225\/\",\"name\":\"Samsung Galaxy Tab A7 Lite (SM-T225) - Market K\u0131br\u0131s\",\"isPartOf\":{\"@id\":\"https:\/\/marketkibris.com\/#website\"},\"primaryImageOfPage\":{\"@id\":\"https:\/\/marketkibris.com\/urun\/samsung-galaxy-tab-a7-lite-t225\/#primaryimage\"},\"datePublished\":\"2022-07-06T08:58:23+00:00\",\"dateModified\":\"2022-07-06T09:06:30+00:00\",\"breadcrumb\":{\"@id\":\"https:\/\/marketkibris.com\/urun\/samsung-galaxy-tab-a7-lite-t225\/#breadcrumb\"},\"inLanguage\":\"en-GB\",\"potentialAction\":[{\"@type\":\"ReadAction\",\"target\":[\"https:\/\/marketkibris.com\/urun\/samsung-galaxy-tab-a7-lite-t225\/\"]}]},{\"@type\":\"BreadcrumbList\",\"@id\":\"https:\/\/marketkibris.com\/urun\/samsung-galaxy-tab-a7-lite-t225\/#breadcrumb\",\"itemListElement\":[{\"@type\":\"ListItem\",\"position\":1,\"name\":\"Anasayfa\",\"item\":\"https:\/\/marketkibris.com\/\"},{\"@type\":\"ListItem\",\"position\":2,\"name\":\"Shop\",\"item\":\"https:\/\/marketkibris.com\/shop\/\"},{\"@type\":\"ListItem\",\"position\":3,\"name\":\"Samsung Galaxy Tab A7 Lite (SM-T225)\"}]}]}<\/script>\n<!-- \/ Yoast SEO plugin. -->","yoast_head_json":{"title":"Samsung Galaxy Tab A7 Lite (SM-T225) - Market K\u0131br\u0131s","robots":{"index":"index","follow":"follow","max-snippet":"max-snippet:-1","max-image-preview":"max-image-preview:large","max-video-preview":"max-video-preview:-1"},"canonical":"https:\/\/marketkibris.com\/en\/product\/samsung-galaxy-tab-a7-lite-t225\/","og_locale":"en_GB","og_type":"article","og_title":"Samsung Galaxy Tab A7 Lite (SM-T225) - Market K\u0131br\u0131s","og_description":"22,05 cm (8,7 in\u00e7) ekranla filmlerin ve oyunlar\u0131n keyfini \u00e7\u0131kar\u0131n. Minimum kenarlar, tabletinizi daha b\u00fcy\u00fck hale getirmeden daha b\u00fcy\u00fck bir ekran g\u00f6vdesi oran\u0131 sa\u011flar. Tabletinizi tek elle kolayca y\u00f6netin. Test tabanl\u0131 bir men\u00fc, size &#8220;geri&#8221;, &#8220;son kullan\u0131lan uygulamalar&#8221; ve &#8220;Ba\u015flatma men\u00fcs\u00fc&#8221; gibi \u00f6zellikler sunar \u2013 hepsi bir ba\u015fparmak hareketi ile. Parkta veya yatakta bir sonraki [&hellip;]","og_url":"https:\/\/marketkibris.com\/en\/product\/samsung-galaxy-tab-a7-lite-t225\/","og_site_name":"Market K\u0131br\u0131s","article_modified_time":"2022-07-06T09:06:30+00:00","og_image":[{"width":1440,"height":809,"url":"https:\/\/marketkibris.com\/wp-content\/uploads\/2022\/07\/samsung-galaxy-tab-t225-a7-lite-02.jpg","type":"image\/jpeg"}],"author":"erenus","twitter_card":"summary_large_image","twitter_misc":{"Estimated reading time":"1 minute"},"schema":{"@context":"https:\/\/schema.org","@graph":[{"@type":"WebSite","@id":"https:\/\/marketkibris.com\/#website","url":"https:\/\/marketkibris.com\/","name":"Market K\u0131br\u0131s","description":"K\u0131br\u0131s&#039;\u0131n Bir numaral\u0131 Online Elektronik Marketi","potentialAction":[{"@type":"SearchAction","target":{"@type":"EntryPoint","urlTemplate":"https:\/\/marketkibris.com\/?s={search_term_string}"},"query-input":"required name=search_term_string"}],"inLanguage":"en-GB"},{"@type":"ImageObject","inLanguage":"en-GB","@id":"https:\/\/marketkibris.com\/urun\/samsung-galaxy-tab-a7-lite-t225\/#primaryimage","url":"https:\/\/marketkibris.com\/wp-content\/uploads\/2022\/07\/samsung-galaxy-tab-t225-a7-lite-02.jpg","contentUrl":"https:\/\/marketkibris.com\/wp-content\/uploads\/2022\/07\/samsung-galaxy-tab-t225-a7-lite-02.jpg","width":1440,"height":809},{"@type":"WebPage","@id":"https:\/\/marketkibris.com\/urun\/samsung-galaxy-tab-a7-lite-t225\/#webpage","url":"https:\/\/marketkibris.com\/urun\/samsung-galaxy-tab-a7-lite-t225\/","name":"Samsung Galaxy Tab A7 Lite (SM-T225) - Market K\u0131br\u0131s","isPartOf":{"@id":"https:\/\/marketkibris.com\/#website"},"primaryImageOfPage":{"@id":"https:\/\/marketkibris.com\/urun\/samsung-galaxy-tab-a7-lite-t225\/#primaryimage"},"datePublished":"2022-07-06T08:58:23+00:00","dateModified":"2022-07-06T09:06:30+00:00","breadcrumb":{"@id":"https:\/\/marketkibris.com\/urun\/samsung-galaxy-tab-a7-lite-t225\/#breadcrumb"},"inLanguage":"en-GB","potentialAction":[{"@type":"ReadAction","target":["https:\/\/marketkibris.com\/urun\/samsung-galaxy-tab-a7-lite-t225\/"]}]},{"@type":"BreadcrumbList","@id":"https:\/\/marketkibris.com\/urun\/samsung-galaxy-tab-a7-lite-t225\/#breadcrumb","itemListElement":[{"@type":"ListItem","position":1,"name":"Anasayfa","item":"https:\/\/marketkibris.com\/"},{"@type":"ListItem","position":2,"name":"Shop","item":"https:\/\/marketkibris.com\/shop\/"},{"@type":"ListItem","position":3,"name":"Samsung Galaxy Tab A7 Lite (SM-T225)"}]}]}},"_links":{"self":[{"href":"https:\/\/marketkibris.com\/en\/wp-json\/wp\/v2\/product\/3489"}],"collection":[{"href":"https:\/\/marketkibris.com\/en\/wp-json\/wp\/v2\/product"}],"about":[{"href":"https:\/\/marketkibris.com\/en\/wp-json\/wp\/v2\/types\/product"}],"replies":[{"embeddable":true,"href":"https:\/\/marketkibris.com\/en\/wp-json\/wp\/v2\/comments?post=3489"}],"version-history":[{"count":1,"href":"https:\/\/marketkibris.com\/en\/wp-json\/wp\/v2\/product\/3489\/revisions"}],"predecessor-version":[{"id":3493,"href":"https:\/\/marketkibris.com\/en\/wp-json\/wp\/v2\/product\/3489\/revisions\/3493"}],"wp:featuredmedia":[{"embeddable":true,"href":"https:\/\/marketkibris.com\/en\/wp-json\/wp\/v2\/media\/3490"}],"wp:attachment":[{"href":"https:\/\/marketkibris.com\/en\/wp-json\/wp\/v2\/media?parent=3489"}],"curies":[{"name":"wp","href":"https:\/\/api.w.org\/{rel}","templated":true}]}}