{"id":3503,"date":"2022-07-06T15:07:07","date_gmt":"2022-07-06T12:07:07","guid":{"rendered":"https:\/\/marketkibris.com\/?post_type=product&#038;p=3503"},"modified":"2022-07-06T15:07:07","modified_gmt":"2022-07-06T12:07:07","slug":"sony-playstation-5-disc-edition","status":"publish","type":"product","link":"https:\/\/marketkibris.com\/en\/product\/sony-playstation-5-disc-edition\/","title":{"rendered":"Sony PlayStation 5 Disc Edition"},"content":{"rendered":"<ul class=\"a-unordered-list a-vertical a-spacing-mini\">\n<li><span class=\"a-list-item\">PlayStation konsolunun neler yapabilece\u011fini ba\u015ftan yazan \u00f6zel CPU&#8217;nun, GPU&#8217;nun ve Entegre Giri\u015f\/\u00c7\u0131k\u0131\u015f \u00f6zellikli SSD&#8217;nin g\u00fcc\u00fcnden faydalan\u0131n.<\/span><\/li>\n<li><span class=\"a-list-item\">Konsolunuzdaki PS5 oyunlar\u0131n\u0131n neredeyse an\u0131nda y\u00fcklenme h\u0131z\u0131yla oyun deneyiminizi en \u00fcst d\u00fczeye \u00e7\u0131kar\u0131n.<\/span><\/li>\n<li><span class=\"a-list-item\">PS5 konsol sistemlerinin \u00f6zel entegrasyonu, i\u00e7erik \u00fcreticilerinin verileri SSD&#8217;den \u00e7ok y\u00fcksek h\u0131zlarda almalar\u0131n\u0131 sa\u011flayarak oyunlar\u0131 daha \u00f6nce m\u00fcmk\u00fcn olmayan y\u00f6ntemlerle tasarlamalar\u0131na olanak tan\u0131r.<\/span><\/li>\n<li><span class=\"a-list-item\">Desteklenen PS5 oyunlar\u0131nda, \u0131\u015f\u0131nlar\u0131n tek tek sim\u00fcle edildi\u011fi ve ger\u00e7e\u011finden ay\u0131rt edilemeyen g\u00f6lgelerin ve yans\u0131malar\u0131n olu\u015fturuldu\u011fu yepyeni bir ger\u00e7ek\u00e7ilik seviyesini ke\u015ffedin.<\/span><\/li>\n<li><span class=\"a-list-item\">4K \u00f6zellikli ekranlar i\u00e7in 120 Hz \u00e7\u0131k\u0131\u015f deste\u011fiyle, uyumlu oyunlarda 120 fps&#8217;ye kadar y\u00fcksek \u00e7er\u00e7eve h\u0131z\u0131nda p\u00fcr\u00fczs\u00fcz ve ak\u0131c\u0131 oyun deneyiminin keyfini \u00e7\u0131kar\u0131n.<\/span><\/li>\n<li><span class=\"a-list-item\">HDR TV ile, desteklenen PS5 oyunlar\u0131 inan\u0131lmaz derecede canl\u0131 ve ger\u00e7ek\u00e7i renkler sunar.<\/span><\/li>\n<li><span class=\"a-list-item\">PS5 konsollar\u0131 8K \u00c7\u0131k\u0131\u015f\u0131 destekler, b\u00f6ylelikle oyunlar\u0131n\u0131z\u0131 4320p \u00e7\u00f6z\u00fcn\u00fcrl\u00fckl\u00fc ekran\u0131n\u0131zda oynayabilirsiniz.<\/span><\/li>\n<\/ul>","protected":false},"excerpt":{"rendered":"<p>PlayStation konsolunun neler yapabilece\u011fini ba\u015ftan yazan \u00f6zel CPU&#8217;nun, GPU&#8217;nun ve Entegre Giri\u015f\/\u00c7\u0131k\u0131\u015f \u00f6zellikli SSD&#8217;nin g\u00fcc\u00fcnden faydalan\u0131n. Konsolunuzdaki PS5 oyunlar\u0131n\u0131n neredeyse an\u0131nda y\u00fcklenme h\u0131z\u0131yla oyun deneyiminizi en \u00fcst d\u00fczeye \u00e7\u0131kar\u0131n. PS5 konsol sistemlerinin \u00f6zel entegrasyonu, i\u00e7erik \u00fcreticilerinin verileri SSD&#8217;den \u00e7ok y\u00fcksek h\u0131zlarda almalar\u0131n\u0131 sa\u011flayarak oyunlar\u0131 daha \u00f6nce m\u00fcmk\u00fcn olmayan y\u00f6ntemlerle tasarlamalar\u0131na olanak tan\u0131r. Desteklenen PS5 oyunlar\u0131nda, [&hellip;]<\/p>","protected":false},"featured_media":3504,"comment_status":"open","ping_status":"closed","template":"","meta":{"_joinchat":[]},"yoast_head":"<!-- This site is optimized with the Yoast SEO plugin v19.2 - https:\/\/yoast.com\/wordpress\/plugins\/seo\/ -->\n<title>Sony PlayStation 5 Disc Edition - Market K\u0131br\u0131s<\/title>\n<meta name=\"robots\" content=\"index, follow, max-snippet:-1, max-image-preview:large, max-video-preview:-1\" \/>\n<link rel=\"canonical\" href=\"https:\/\/marketkibris.com\/en\/product\/sony-playstation-5-disc-edition\/\" \/>\n<meta property=\"og:locale\" content=\"en_GB\" \/>\n<meta property=\"og:type\" content=\"article\" \/>\n<meta property=\"og:title\" content=\"Sony PlayStation 5 Disc Edition - Market K\u0131br\u0131s\" \/>\n<meta property=\"og:description\" content=\"PlayStation konsolunun neler yapabilece\u011fini ba\u015ftan yazan \u00f6zel CPU&#8217;nun, GPU&#8217;nun ve Entegre Giri\u015f\/\u00c7\u0131k\u0131\u015f \u00f6zellikli SSD&#8217;nin g\u00fcc\u00fcnden faydalan\u0131n. Konsolunuzdaki PS5 oyunlar\u0131n\u0131n neredeyse an\u0131nda y\u00fcklenme h\u0131z\u0131yla oyun deneyiminizi en \u00fcst d\u00fczeye \u00e7\u0131kar\u0131n. PS5 konsol sistemlerinin \u00f6zel entegrasyonu, i\u00e7erik \u00fcreticilerinin verileri SSD&#8217;den \u00e7ok y\u00fcksek h\u0131zlarda almalar\u0131n\u0131 sa\u011flayarak oyunlar\u0131 daha \u00f6nce m\u00fcmk\u00fcn olmayan y\u00f6ntemlerle tasarlamalar\u0131na olanak tan\u0131r. Desteklenen PS5 oyunlar\u0131nda, [&hellip;]\" \/>\n<meta property=\"og:url\" content=\"https:\/\/marketkibris.com\/en\/product\/sony-playstation-5-disc-edition\/\" \/>\n<meta property=\"og:site_name\" content=\"Market K\u0131br\u0131s\" \/>\n<meta property=\"og:image\" content=\"https:\/\/marketkibris.com\/wp-content\/uploads\/2022\/07\/ps5-disc-edition-01.jpg\" \/>\n\t<meta property=\"og:image:width\" content=\"1072\" \/>\n\t<meta property=\"og:image:height\" content=\"601\" \/>\n\t<meta property=\"og:image:type\" content=\"image\/jpeg\" \/>\n<meta name=\"author\" content=\"erenus\" \/>\n<meta name=\"twitter:card\" content=\"summary_large_image\" \/>\n<meta name=\"twitter:label1\" content=\"Estimated reading time\" \/>\n\t<meta name=\"twitter:data1\" content=\"1 minute\" \/>\n<script type=\"application\/ld+json\" class=\"yoast-schema-graph\">{\"@context\":\"https:\/\/schema.org\",\"@graph\":[{\"@type\":\"WebSite\",\"@id\":\"https:\/\/marketkibris.com\/#website\",\"url\":\"https:\/\/marketkibris.com\/\",\"name\":\"Market K\u0131br\u0131s\",\"description\":\"K\u0131br\u0131s&#039;\u0131n Bir numaral\u0131 Online Elektronik Marketi\",\"potentialAction\":[{\"@type\":\"SearchAction\",\"target\":{\"@type\":\"EntryPoint\",\"urlTemplate\":\"https:\/\/marketkibris.com\/?s={search_term_string}\"},\"query-input\":\"required name=search_term_string\"}],\"inLanguage\":\"en-GB\"},{\"@type\":\"ImageObject\",\"inLanguage\":\"en-GB\",\"@id\":\"https:\/\/marketkibris.com\/urun\/sony-playstation-5-disc-edition\/#primaryimage\",\"url\":\"https:\/\/marketkibris.com\/wp-content\/uploads\/2022\/07\/ps5-disc-edition-01.jpg\",\"contentUrl\":\"https:\/\/marketkibris.com\/wp-content\/uploads\/2022\/07\/ps5-disc-edition-01.jpg\",\"width\":1072,\"height\":601},{\"@type\":\"WebPage\",\"@id\":\"https:\/\/marketkibris.com\/urun\/sony-playstation-5-disc-edition\/#webpage\",\"url\":\"https:\/\/marketkibris.com\/urun\/sony-playstation-5-disc-edition\/\",\"name\":\"Sony PlayStation 5 Disc Edition - Market K\u0131br\u0131s\",\"isPartOf\":{\"@id\":\"https:\/\/marketkibris.com\/#website\"},\"primaryImageOfPage\":{\"@id\":\"https:\/\/marketkibris.com\/urun\/sony-playstation-5-disc-edition\/#primaryimage\"},\"datePublished\":\"2022-07-06T12:07:07+00:00\",\"dateModified\":\"2022-07-06T12:07:07+00:00\",\"breadcrumb\":{\"@id\":\"https:\/\/marketkibris.com\/urun\/sony-playstation-5-disc-edition\/#breadcrumb\"},\"inLanguage\":\"en-GB\",\"potentialAction\":[{\"@type\":\"ReadAction\",\"target\":[\"https:\/\/marketkibris.com\/urun\/sony-playstation-5-disc-edition\/\"]}]},{\"@type\":\"BreadcrumbList\",\"@id\":\"https:\/\/marketkibris.com\/urun\/sony-playstation-5-disc-edition\/#breadcrumb\",\"itemListElement\":[{\"@type\":\"ListItem\",\"position\":1,\"name\":\"Anasayfa\",\"item\":\"https:\/\/marketkibris.com\/\"},{\"@type\":\"ListItem\",\"position\":2,\"name\":\"Shop\",\"item\":\"https:\/\/marketkibris.com\/shop\/\"},{\"@type\":\"ListItem\",\"position\":3,\"name\":\"Sony PlayStation 5 Disc Edition\"}]}]}<\/script>\n<!-- \/ Yoast SEO plugin. -->","yoast_head_json":{"title":"Sony PlayStation 5 Disc Edition - Market K\u0131br\u0131s","robots":{"index":"index","follow":"follow","max-snippet":"max-snippet:-1","max-image-preview":"max-image-preview:large","max-video-preview":"max-video-preview:-1"},"canonical":"https:\/\/marketkibris.com\/en\/product\/sony-playstation-5-disc-edition\/","og_locale":"en_GB","og_type":"article","og_title":"Sony PlayStation 5 Disc Edition - Market K\u0131br\u0131s","og_description":"PlayStation konsolunun neler yapabilece\u011fini ba\u015ftan yazan \u00f6zel CPU&#8217;nun, GPU&#8217;nun ve Entegre Giri\u015f\/\u00c7\u0131k\u0131\u015f \u00f6zellikli SSD&#8217;nin g\u00fcc\u00fcnden faydalan\u0131n. Konsolunuzdaki PS5 oyunlar\u0131n\u0131n neredeyse an\u0131nda y\u00fcklenme h\u0131z\u0131yla oyun deneyiminizi en \u00fcst d\u00fczeye \u00e7\u0131kar\u0131n. PS5 konsol sistemlerinin \u00f6zel entegrasyonu, i\u00e7erik \u00fcreticilerinin verileri SSD&#8217;den \u00e7ok y\u00fcksek h\u0131zlarda almalar\u0131n\u0131 sa\u011flayarak oyunlar\u0131 daha \u00f6nce m\u00fcmk\u00fcn olmayan y\u00f6ntemlerle tasarlamalar\u0131na olanak tan\u0131r. Desteklenen PS5 oyunlar\u0131nda, [&hellip;]","og_url":"https:\/\/marketkibris.com\/en\/product\/sony-playstation-5-disc-edition\/","og_site_name":"Market K\u0131br\u0131s","og_image":[{"width":1072,"height":601,"url":"https:\/\/marketkibris.com\/wp-content\/uploads\/2022\/07\/ps5-disc-edition-01.jpg","type":"image\/jpeg"}],"author":"erenus","twitter_card":"summary_large_image","twitter_misc":{"Estimated reading time":"1 minute"},"schema":{"@context":"https:\/\/schema.org","@graph":[{"@type":"WebSite","@id":"https:\/\/marketkibris.com\/#website","url":"https:\/\/marketkibris.com\/","name":"Market K\u0131br\u0131s","description":"K\u0131br\u0131s&#039;\u0131n Bir numaral\u0131 Online Elektronik Marketi","potentialAction":[{"@type":"SearchAction","target":{"@type":"EntryPoint","urlTemplate":"https:\/\/marketkibris.com\/?s={search_term_string}"},"query-input":"required name=search_term_string"}],"inLanguage":"en-GB"},{"@type":"ImageObject","inLanguage":"en-GB","@id":"https:\/\/marketkibris.com\/urun\/sony-playstation-5-disc-edition\/#primaryimage","url":"https:\/\/marketkibris.com\/wp-content\/uploads\/2022\/07\/ps5-disc-edition-01.jpg","contentUrl":"https:\/\/marketkibris.com\/wp-content\/uploads\/2022\/07\/ps5-disc-edition-01.jpg","width":1072,"height":601},{"@type":"WebPage","@id":"https:\/\/marketkibris.com\/urun\/sony-playstation-5-disc-edition\/#webpage","url":"https:\/\/marketkibris.com\/urun\/sony-playstation-5-disc-edition\/","name":"Sony PlayStation 5 Disc Edition - Market K\u0131br\u0131s","isPartOf":{"@id":"https:\/\/marketkibris.com\/#website"},"primaryImageOfPage":{"@id":"https:\/\/marketkibris.com\/urun\/sony-playstation-5-disc-edition\/#primaryimage"},"datePublished":"2022-07-06T12:07:07+00:00","dateModified":"2022-07-06T12:07:07+00:00","breadcrumb":{"@id":"https:\/\/marketkibris.com\/urun\/sony-playstation-5-disc-edition\/#breadcrumb"},"inLanguage":"en-GB","potentialAction":[{"@type":"ReadAction","target":["https:\/\/marketkibris.com\/urun\/sony-playstation-5-disc-edition\/"]}]},{"@type":"BreadcrumbList","@id":"https:\/\/marketkibris.com\/urun\/sony-playstation-5-disc-edition\/#breadcrumb","itemListElement":[{"@type":"ListItem","position":1,"name":"Anasayfa","item":"https:\/\/marketkibris.com\/"},{"@type":"ListItem","position":2,"name":"Shop","item":"https:\/\/marketkibris.com\/shop\/"},{"@type":"ListItem","position":3,"name":"Sony PlayStation 5 Disc Edition"}]}]}},"_links":{"self":[{"href":"https:\/\/marketkibris.com\/en\/wp-json\/wp\/v2\/product\/3503"}],"collection":[{"href":"https:\/\/marketkibris.com\/en\/wp-json\/wp\/v2\/product"}],"about":[{"href":"https:\/\/marketkibris.com\/en\/wp-json\/wp\/v2\/types\/product"}],"replies":[{"embeddable":true,"href":"https:\/\/marketkibris.com\/en\/wp-json\/wp\/v2\/comments?post=3503"}],"version-history":[{"count":1,"href":"https:\/\/marketkibris.com\/en\/wp-json\/wp\/v2\/product\/3503\/revisions"}],"predecessor-version":[{"id":3505,"href":"https:\/\/marketkibris.com\/en\/wp-json\/wp\/v2\/product\/3503\/revisions\/3505"}],"wp:featuredmedia":[{"embeddable":true,"href":"https:\/\/marketkibris.com\/en\/wp-json\/wp\/v2\/media\/3504"}],"wp:attachment":[{"href":"https:\/\/marketkibris.com\/en\/wp-json\/wp\/v2\/media?parent=3503"}],"curies":[{"name":"wp","href":"https:\/\/api.w.org\/{rel}","templated":true}]}}