{"id":3506,"date":"2022-07-06T15:17:32","date_gmt":"2022-07-06T12:17:32","guid":{"rendered":"https:\/\/marketkibris.com\/?post_type=product&#038;p=3506"},"modified":"2022-07-06T15:17:32","modified_gmt":"2022-07-06T12:17:32","slug":"jbl-charge-5-bluetooth-hoparlor","status":"publish","type":"product","link":"https:\/\/marketkibris.com\/en\/product\/jbl-charge-5-bluetooth-hoparlor\/","title":{"rendered":"JBL Charge 5 Bluetooth Hoparl\u00f6r"},"content":{"rendered":"<ul class=\"a-unordered-list a-vertical a-spacing-mini\">\n<li><span class=\"a-list-item\">Ergonomik ve \u015f\u0131k tasar\u0131m<\/span><\/li>\n<li><span class=\"a-list-item\">\u00dcst\u00fcn ses kalitesi<\/span><\/li>\n<li><span class=\"a-list-item\">Y\u00fcksek ses yal\u0131t\u0131m\u0131<\/span><\/li>\n<li><span class=\"a-list-item\">Dayan\u0131kl\u0131 malzeme<\/span><\/li>\n<li><span class=\"a-list-item\">Konferans g\u00f6r\u00fc\u015fmesi i\u00e7in mikrofon<\/span><\/li>\n<\/ul>","protected":false},"excerpt":{"rendered":"<p>Ergonomik ve \u015f\u0131k tasar\u0131m \u00dcst\u00fcn ses kalitesi Y\u00fcksek ses yal\u0131t\u0131m\u0131 Dayan\u0131kl\u0131 malzeme Konferans g\u00f6r\u00fc\u015fmesi i\u00e7in mikrofon<\/p>","protected":false},"featured_media":3507,"comment_status":"open","ping_status":"closed","template":"","meta":{"_joinchat":[]},"yoast_head":"<!-- This site is optimized with the Yoast SEO plugin v19.2 - https:\/\/yoast.com\/wordpress\/plugins\/seo\/ -->\n<title>JBL Charge 5 Bluetooth Hoparl\u00f6r - Market K\u0131br\u0131s<\/title>\n<meta name=\"robots\" content=\"index, follow, max-snippet:-1, max-image-preview:large, max-video-preview:-1\" \/>\n<link rel=\"canonical\" href=\"https:\/\/marketkibris.com\/en\/product\/jbl-charge-5-bluetooth-hoparlor\/\" \/>\n<meta property=\"og:locale\" content=\"en_GB\" \/>\n<meta property=\"og:type\" content=\"article\" \/>\n<meta property=\"og:title\" content=\"JBL Charge 5 Bluetooth Hoparl\u00f6r - Market K\u0131br\u0131s\" \/>\n<meta property=\"og:description\" content=\"Ergonomik ve \u015f\u0131k tasar\u0131m \u00dcst\u00fcn ses kalitesi Y\u00fcksek ses yal\u0131t\u0131m\u0131 Dayan\u0131kl\u0131 malzeme Konferans g\u00f6r\u00fc\u015fmesi i\u00e7in mikrofon\" \/>\n<meta property=\"og:url\" content=\"https:\/\/marketkibris.com\/en\/product\/jbl-charge-5-bluetooth-hoparlor\/\" \/>\n<meta property=\"og:site_name\" content=\"Market K\u0131br\u0131s\" \/>\n<meta property=\"og:image\" content=\"https:\/\/marketkibris.com\/wp-content\/uploads\/2022\/07\/jbl-charge-5-02.webp\" \/>\n\t<meta property=\"og:image:width\" content=\"1200\" \/>\n\t<meta property=\"og:image:height\" content=\"1645\" \/>\n\t<meta property=\"og:image:type\" content=\"image\/webp\" \/>\n<meta name=\"author\" content=\"erenus\" \/>\n<meta name=\"twitter:card\" content=\"summary_large_image\" \/>\n<meta name=\"twitter:label1\" content=\"Estimated reading time\" \/>\n\t<meta name=\"twitter:data1\" content=\"1 minute\" \/>\n<script type=\"application\/ld+json\" class=\"yoast-schema-graph\">{\"@context\":\"https:\/\/schema.org\",\"@graph\":[{\"@type\":\"WebSite\",\"@id\":\"https:\/\/marketkibris.com\/#website\",\"url\":\"https:\/\/marketkibris.com\/\",\"name\":\"Market K\u0131br\u0131s\",\"description\":\"K\u0131br\u0131s&#039;\u0131n Bir numaral\u0131 Online Elektronik Marketi\",\"potentialAction\":[{\"@type\":\"SearchAction\",\"target\":{\"@type\":\"EntryPoint\",\"urlTemplate\":\"https:\/\/marketkibris.com\/?s={search_term_string}\"},\"query-input\":\"required name=search_term_string\"}],\"inLanguage\":\"en-GB\"},{\"@type\":\"ImageObject\",\"inLanguage\":\"en-GB\",\"@id\":\"https:\/\/marketkibris.com\/urun\/jbl-charge-5-bluetooth-hoparlor\/#primaryimage\",\"url\":\"https:\/\/marketkibris.com\/wp-content\/uploads\/2022\/07\/jbl-charge-5-02.webp\",\"contentUrl\":\"https:\/\/marketkibris.com\/wp-content\/uploads\/2022\/07\/jbl-charge-5-02.webp\",\"width\":1200,\"height\":1645},{\"@type\":\"WebPage\",\"@id\":\"https:\/\/marketkibris.com\/urun\/jbl-charge-5-bluetooth-hoparlor\/#webpage\",\"url\":\"https:\/\/marketkibris.com\/urun\/jbl-charge-5-bluetooth-hoparlor\/\",\"name\":\"JBL Charge 5 Bluetooth Hoparl\u00f6r - Market K\u0131br\u0131s\",\"isPartOf\":{\"@id\":\"https:\/\/marketkibris.com\/#website\"},\"primaryImageOfPage\":{\"@id\":\"https:\/\/marketkibris.com\/urun\/jbl-charge-5-bluetooth-hoparlor\/#primaryimage\"},\"datePublished\":\"2022-07-06T12:17:32+00:00\",\"dateModified\":\"2022-07-06T12:17:32+00:00\",\"breadcrumb\":{\"@id\":\"https:\/\/marketkibris.com\/urun\/jbl-charge-5-bluetooth-hoparlor\/#breadcrumb\"},\"inLanguage\":\"en-GB\",\"potentialAction\":[{\"@type\":\"ReadAction\",\"target\":[\"https:\/\/marketkibris.com\/urun\/jbl-charge-5-bluetooth-hoparlor\/\"]}]},{\"@type\":\"BreadcrumbList\",\"@id\":\"https:\/\/marketkibris.com\/urun\/jbl-charge-5-bluetooth-hoparlor\/#breadcrumb\",\"itemListElement\":[{\"@type\":\"ListItem\",\"position\":1,\"name\":\"Anasayfa\",\"item\":\"https:\/\/marketkibris.com\/\"},{\"@type\":\"ListItem\",\"position\":2,\"name\":\"Shop\",\"item\":\"https:\/\/marketkibris.com\/shop\/\"},{\"@type\":\"ListItem\",\"position\":3,\"name\":\"JBL Charge 5 Bluetooth Hoparl\u00f6r\"}]}]}<\/script>\n<!-- \/ Yoast SEO plugin. -->","yoast_head_json":{"title":"JBL Charge 5 Bluetooth Hoparl\u00f6r - Market K\u0131br\u0131s","robots":{"index":"index","follow":"follow","max-snippet":"max-snippet:-1","max-image-preview":"max-image-preview:large","max-video-preview":"max-video-preview:-1"},"canonical":"https:\/\/marketkibris.com\/en\/product\/jbl-charge-5-bluetooth-hoparlor\/","og_locale":"en_GB","og_type":"article","og_title":"JBL Charge 5 Bluetooth Hoparl\u00f6r - Market K\u0131br\u0131s","og_description":"Ergonomik ve \u015f\u0131k tasar\u0131m \u00dcst\u00fcn ses kalitesi Y\u00fcksek ses yal\u0131t\u0131m\u0131 Dayan\u0131kl\u0131 malzeme Konferans g\u00f6r\u00fc\u015fmesi i\u00e7in mikrofon","og_url":"https:\/\/marketkibris.com\/en\/product\/jbl-charge-5-bluetooth-hoparlor\/","og_site_name":"Market K\u0131br\u0131s","og_image":[{"width":1200,"height":1645,"url":"https:\/\/marketkibris.com\/wp-content\/uploads\/2022\/07\/jbl-charge-5-02.webp","type":"image\/webp"}],"author":"erenus","twitter_card":"summary_large_image","twitter_misc":{"Estimated reading time":"1 minute"},"schema":{"@context":"https:\/\/schema.org","@graph":[{"@type":"WebSite","@id":"https:\/\/marketkibris.com\/#website","url":"https:\/\/marketkibris.com\/","name":"Market K\u0131br\u0131s","description":"K\u0131br\u0131s&#039;\u0131n Bir numaral\u0131 Online Elektronik Marketi","potentialAction":[{"@type":"SearchAction","target":{"@type":"EntryPoint","urlTemplate":"https:\/\/marketkibris.com\/?s={search_term_string}"},"query-input":"required name=search_term_string"}],"inLanguage":"en-GB"},{"@type":"ImageObject","inLanguage":"en-GB","@id":"https:\/\/marketkibris.com\/urun\/jbl-charge-5-bluetooth-hoparlor\/#primaryimage","url":"https:\/\/marketkibris.com\/wp-content\/uploads\/2022\/07\/jbl-charge-5-02.webp","contentUrl":"https:\/\/marketkibris.com\/wp-content\/uploads\/2022\/07\/jbl-charge-5-02.webp","width":1200,"height":1645},{"@type":"WebPage","@id":"https:\/\/marketkibris.com\/urun\/jbl-charge-5-bluetooth-hoparlor\/#webpage","url":"https:\/\/marketkibris.com\/urun\/jbl-charge-5-bluetooth-hoparlor\/","name":"JBL Charge 5 Bluetooth Hoparl\u00f6r - Market K\u0131br\u0131s","isPartOf":{"@id":"https:\/\/marketkibris.com\/#website"},"primaryImageOfPage":{"@id":"https:\/\/marketkibris.com\/urun\/jbl-charge-5-bluetooth-hoparlor\/#primaryimage"},"datePublished":"2022-07-06T12:17:32+00:00","dateModified":"2022-07-06T12:17:32+00:00","breadcrumb":{"@id":"https:\/\/marketkibris.com\/urun\/jbl-charge-5-bluetooth-hoparlor\/#breadcrumb"},"inLanguage":"en-GB","potentialAction":[{"@type":"ReadAction","target":["https:\/\/marketkibris.com\/urun\/jbl-charge-5-bluetooth-hoparlor\/"]}]},{"@type":"BreadcrumbList","@id":"https:\/\/marketkibris.com\/urun\/jbl-charge-5-bluetooth-hoparlor\/#breadcrumb","itemListElement":[{"@type":"ListItem","position":1,"name":"Anasayfa","item":"https:\/\/marketkibris.com\/"},{"@type":"ListItem","position":2,"name":"Shop","item":"https:\/\/marketkibris.com\/shop\/"},{"@type":"ListItem","position":3,"name":"JBL Charge 5 Bluetooth Hoparl\u00f6r"}]}]}},"_links":{"self":[{"href":"https:\/\/marketkibris.com\/en\/wp-json\/wp\/v2\/product\/3506"}],"collection":[{"href":"https:\/\/marketkibris.com\/en\/wp-json\/wp\/v2\/product"}],"about":[{"href":"https:\/\/marketkibris.com\/en\/wp-json\/wp\/v2\/types\/product"}],"replies":[{"embeddable":true,"href":"https:\/\/marketkibris.com\/en\/wp-json\/wp\/v2\/comments?post=3506"}],"version-history":[{"count":1,"href":"https:\/\/marketkibris.com\/en\/wp-json\/wp\/v2\/product\/3506\/revisions"}],"predecessor-version":[{"id":3510,"href":"https:\/\/marketkibris.com\/en\/wp-json\/wp\/v2\/product\/3506\/revisions\/3510"}],"wp:featuredmedia":[{"embeddable":true,"href":"https:\/\/marketkibris.com\/en\/wp-json\/wp\/v2\/media\/3507"}],"wp:attachment":[{"href":"https:\/\/marketkibris.com\/en\/wp-json\/wp\/v2\/media?parent=3506"}],"curies":[{"name":"wp","href":"https:\/\/api.w.org\/{rel}","templated":true}]}}