{"id":3511,"date":"2022-07-06T15:22:34","date_gmt":"2022-07-06T12:22:34","guid":{"rendered":"https:\/\/marketkibris.com\/?post_type=product&#038;p=3511"},"modified":"2022-07-06T15:26:10","modified_gmt":"2022-07-06T12:26:10","slug":"jbl-flip-5-tasinabilir-bluetooth-hoparlor","status":"publish","type":"product","link":"https:\/\/marketkibris.com\/en\/product\/jbl-flip-5-tasinabilir-bluetooth-hoparlor\/","title":{"rendered":"JBL Flip 5 Ta\u015f\u0131nabilir Bluetooth Hoparl\u00f6r"},"content":{"rendered":"<ul class=\"a-unordered-list a-vertical a-spacing-mini\">\n<li><span class=\"a-list-item\">Her zamankinden daha sa\u011flam<\/span><\/li>\n<li><span class=\"a-list-item\">IPX7 su ge\u00e7irmez tasar\u0131m\u0131yla s\u0131\u00e7rama yap\u0131n<\/span><\/li>\n<li><span class=\"a-list-item\">PartyBoost ile e\u011flenceyi art\u0131r\u0131n<\/span><\/li>\n<\/ul>","protected":false},"excerpt":{"rendered":"<p>Her zamankinden daha sa\u011flam IPX7 su ge\u00e7irmez tasar\u0131m\u0131yla s\u0131\u00e7rama yap\u0131n PartyBoost ile e\u011flenceyi art\u0131r\u0131n<\/p>","protected":false},"featured_media":3512,"comment_status":"open","ping_status":"closed","template":"","meta":{"_joinchat":[]},"yoast_head":"<!-- This site is optimized with the Yoast SEO plugin v19.2 - https:\/\/yoast.com\/wordpress\/plugins\/seo\/ -->\n<title>JBL Flip 5 Ta\u015f\u0131nabilir Bluetooth Hoparl\u00f6r - Market K\u0131br\u0131s<\/title>\n<meta name=\"robots\" content=\"index, follow, max-snippet:-1, max-image-preview:large, max-video-preview:-1\" \/>\n<link rel=\"canonical\" href=\"https:\/\/marketkibris.com\/en\/product\/jbl-flip-5-tasinabilir-bluetooth-hoparlor\/\" \/>\n<meta property=\"og:locale\" content=\"en_GB\" \/>\n<meta property=\"og:type\" content=\"article\" \/>\n<meta property=\"og:title\" content=\"JBL Flip 5 Ta\u015f\u0131nabilir Bluetooth Hoparl\u00f6r - Market K\u0131br\u0131s\" \/>\n<meta property=\"og:description\" content=\"Her zamankinden daha sa\u011flam IPX7 su ge\u00e7irmez tasar\u0131m\u0131yla s\u0131\u00e7rama yap\u0131n PartyBoost ile e\u011flenceyi art\u0131r\u0131n\" \/>\n<meta property=\"og:url\" content=\"https:\/\/marketkibris.com\/en\/product\/jbl-flip-5-tasinabilir-bluetooth-hoparlor\/\" \/>\n<meta property=\"og:site_name\" content=\"Market K\u0131br\u0131s\" \/>\n<meta property=\"article:modified_time\" content=\"2022-07-06T12:26:10+00:00\" \/>\n<meta property=\"og:image\" content=\"https:\/\/marketkibris.com\/wp-content\/uploads\/2022\/07\/jbl-flip-5-03.jpg\" \/>\n\t<meta property=\"og:image:width\" content=\"1000\" \/>\n\t<meta property=\"og:image:height\" content=\"1000\" \/>\n\t<meta property=\"og:image:type\" content=\"image\/jpeg\" \/>\n<meta name=\"author\" content=\"erenus\" \/>\n<meta name=\"twitter:card\" content=\"summary_large_image\" \/>\n<meta name=\"twitter:label1\" content=\"Estimated reading time\" \/>\n\t<meta name=\"twitter:data1\" content=\"1 minute\" \/>\n<script type=\"application\/ld+json\" class=\"yoast-schema-graph\">{\"@context\":\"https:\/\/schema.org\",\"@graph\":[{\"@type\":\"WebSite\",\"@id\":\"https:\/\/marketkibris.com\/#website\",\"url\":\"https:\/\/marketkibris.com\/\",\"name\":\"Market K\u0131br\u0131s\",\"description\":\"K\u0131br\u0131s&#039;\u0131n Bir numaral\u0131 Online Elektronik Marketi\",\"potentialAction\":[{\"@type\":\"SearchAction\",\"target\":{\"@type\":\"EntryPoint\",\"urlTemplate\":\"https:\/\/marketkibris.com\/?s={search_term_string}\"},\"query-input\":\"required name=search_term_string\"}],\"inLanguage\":\"en-GB\"},{\"@type\":\"ImageObject\",\"inLanguage\":\"en-GB\",\"@id\":\"https:\/\/marketkibris.com\/urun\/jbl-flip-5-tasinabilir-bluetooth-hoparlor\/#primaryimage\",\"url\":\"https:\/\/marketkibris.com\/wp-content\/uploads\/2022\/07\/jbl-flip-5-03.jpg\",\"contentUrl\":\"https:\/\/marketkibris.com\/wp-content\/uploads\/2022\/07\/jbl-flip-5-03.jpg\",\"width\":1000,\"height\":1000},{\"@type\":\"WebPage\",\"@id\":\"https:\/\/marketkibris.com\/urun\/jbl-flip-5-tasinabilir-bluetooth-hoparlor\/#webpage\",\"url\":\"https:\/\/marketkibris.com\/urun\/jbl-flip-5-tasinabilir-bluetooth-hoparlor\/\",\"name\":\"JBL Flip 5 Ta\u015f\u0131nabilir Bluetooth Hoparl\u00f6r - Market K\u0131br\u0131s\",\"isPartOf\":{\"@id\":\"https:\/\/marketkibris.com\/#website\"},\"primaryImageOfPage\":{\"@id\":\"https:\/\/marketkibris.com\/urun\/jbl-flip-5-tasinabilir-bluetooth-hoparlor\/#primaryimage\"},\"datePublished\":\"2022-07-06T12:22:34+00:00\",\"dateModified\":\"2022-07-06T12:26:10+00:00\",\"breadcrumb\":{\"@id\":\"https:\/\/marketkibris.com\/urun\/jbl-flip-5-tasinabilir-bluetooth-hoparlor\/#breadcrumb\"},\"inLanguage\":\"en-GB\",\"potentialAction\":[{\"@type\":\"ReadAction\",\"target\":[\"https:\/\/marketkibris.com\/urun\/jbl-flip-5-tasinabilir-bluetooth-hoparlor\/\"]}]},{\"@type\":\"BreadcrumbList\",\"@id\":\"https:\/\/marketkibris.com\/urun\/jbl-flip-5-tasinabilir-bluetooth-hoparlor\/#breadcrumb\",\"itemListElement\":[{\"@type\":\"ListItem\",\"position\":1,\"name\":\"Anasayfa\",\"item\":\"https:\/\/marketkibris.com\/\"},{\"@type\":\"ListItem\",\"position\":2,\"name\":\"Shop\",\"item\":\"https:\/\/marketkibris.com\/shop\/\"},{\"@type\":\"ListItem\",\"position\":3,\"name\":\"JBL Flip 5 Ta\u015f\u0131nabilir Bluetooth Hoparl\u00f6r\"}]}]}<\/script>\n<!-- \/ Yoast SEO plugin. -->","yoast_head_json":{"title":"JBL Flip 5 Ta\u015f\u0131nabilir Bluetooth Hoparl\u00f6r - Market K\u0131br\u0131s","robots":{"index":"index","follow":"follow","max-snippet":"max-snippet:-1","max-image-preview":"max-image-preview:large","max-video-preview":"max-video-preview:-1"},"canonical":"https:\/\/marketkibris.com\/en\/product\/jbl-flip-5-tasinabilir-bluetooth-hoparlor\/","og_locale":"en_GB","og_type":"article","og_title":"JBL Flip 5 Ta\u015f\u0131nabilir Bluetooth Hoparl\u00f6r - Market K\u0131br\u0131s","og_description":"Her zamankinden daha sa\u011flam IPX7 su ge\u00e7irmez tasar\u0131m\u0131yla s\u0131\u00e7rama yap\u0131n PartyBoost ile e\u011flenceyi art\u0131r\u0131n","og_url":"https:\/\/marketkibris.com\/en\/product\/jbl-flip-5-tasinabilir-bluetooth-hoparlor\/","og_site_name":"Market K\u0131br\u0131s","article_modified_time":"2022-07-06T12:26:10+00:00","og_image":[{"width":1000,"height":1000,"url":"https:\/\/marketkibris.com\/wp-content\/uploads\/2022\/07\/jbl-flip-5-03.jpg","type":"image\/jpeg"}],"author":"erenus","twitter_card":"summary_large_image","twitter_misc":{"Estimated reading time":"1 minute"},"schema":{"@context":"https:\/\/schema.org","@graph":[{"@type":"WebSite","@id":"https:\/\/marketkibris.com\/#website","url":"https:\/\/marketkibris.com\/","name":"Market K\u0131br\u0131s","description":"K\u0131br\u0131s&#039;\u0131n Bir numaral\u0131 Online Elektronik Marketi","potentialAction":[{"@type":"SearchAction","target":{"@type":"EntryPoint","urlTemplate":"https:\/\/marketkibris.com\/?s={search_term_string}"},"query-input":"required name=search_term_string"}],"inLanguage":"en-GB"},{"@type":"ImageObject","inLanguage":"en-GB","@id":"https:\/\/marketkibris.com\/urun\/jbl-flip-5-tasinabilir-bluetooth-hoparlor\/#primaryimage","url":"https:\/\/marketkibris.com\/wp-content\/uploads\/2022\/07\/jbl-flip-5-03.jpg","contentUrl":"https:\/\/marketkibris.com\/wp-content\/uploads\/2022\/07\/jbl-flip-5-03.jpg","width":1000,"height":1000},{"@type":"WebPage","@id":"https:\/\/marketkibris.com\/urun\/jbl-flip-5-tasinabilir-bluetooth-hoparlor\/#webpage","url":"https:\/\/marketkibris.com\/urun\/jbl-flip-5-tasinabilir-bluetooth-hoparlor\/","name":"JBL Flip 5 Ta\u015f\u0131nabilir Bluetooth Hoparl\u00f6r - Market K\u0131br\u0131s","isPartOf":{"@id":"https:\/\/marketkibris.com\/#website"},"primaryImageOfPage":{"@id":"https:\/\/marketkibris.com\/urun\/jbl-flip-5-tasinabilir-bluetooth-hoparlor\/#primaryimage"},"datePublished":"2022-07-06T12:22:34+00:00","dateModified":"2022-07-06T12:26:10+00:00","breadcrumb":{"@id":"https:\/\/marketkibris.com\/urun\/jbl-flip-5-tasinabilir-bluetooth-hoparlor\/#breadcrumb"},"inLanguage":"en-GB","potentialAction":[{"@type":"ReadAction","target":["https:\/\/marketkibris.com\/urun\/jbl-flip-5-tasinabilir-bluetooth-hoparlor\/"]}]},{"@type":"BreadcrumbList","@id":"https:\/\/marketkibris.com\/urun\/jbl-flip-5-tasinabilir-bluetooth-hoparlor\/#breadcrumb","itemListElement":[{"@type":"ListItem","position":1,"name":"Anasayfa","item":"https:\/\/marketkibris.com\/"},{"@type":"ListItem","position":2,"name":"Shop","item":"https:\/\/marketkibris.com\/shop\/"},{"@type":"ListItem","position":3,"name":"JBL Flip 5 Ta\u015f\u0131nabilir Bluetooth Hoparl\u00f6r"}]}]}},"_links":{"self":[{"href":"https:\/\/marketkibris.com\/en\/wp-json\/wp\/v2\/product\/3511"}],"collection":[{"href":"https:\/\/marketkibris.com\/en\/wp-json\/wp\/v2\/product"}],"about":[{"href":"https:\/\/marketkibris.com\/en\/wp-json\/wp\/v2\/types\/product"}],"replies":[{"embeddable":true,"href":"https:\/\/marketkibris.com\/en\/wp-json\/wp\/v2\/comments?post=3511"}],"version-history":[{"count":1,"href":"https:\/\/marketkibris.com\/en\/wp-json\/wp\/v2\/product\/3511\/revisions"}],"predecessor-version":[{"id":3516,"href":"https:\/\/marketkibris.com\/en\/wp-json\/wp\/v2\/product\/3511\/revisions\/3516"}],"wp:featuredmedia":[{"embeddable":true,"href":"https:\/\/marketkibris.com\/en\/wp-json\/wp\/v2\/media\/3512"}],"wp:attachment":[{"href":"https:\/\/marketkibris.com\/en\/wp-json\/wp\/v2\/media?parent=3511"}],"curies":[{"name":"wp","href":"https:\/\/api.w.org\/{rel}","templated":true}]}}